{"id":847,"date":"2023-09-27T14:21:20","date_gmt":"2023-09-27T11:21:20","guid":{"rendered":"https:\/\/beautyequipment.shop\/toode\/21-fragments-snellente\/"},"modified":"2023-09-27T14:21:20","modified_gmt":"2023-09-27T11:21:20","slug":"21-snellente","status":"publish","type":"product","link":"https:\/\/beautyequipment.shop\/lv\/toode\/21-snellente\/","title":{"rendered":"21 fragments Snellente"},"content":{"rendered":"<p><strong>Sast\u0101vs:<\/strong>  70 % augu: anan\u0101sa (Ananas comosus (L.) Merr.) k\u0101ta, niedru niedru niedres (Equisetum arvense L.) auga, gu\u0101ra (Cyamopsis tetragonoloba (L.) Taub.) s\u0113klu, pienenes (Taraxacum officinale (L.) Weber ex F.H.Wigg.) saknes, pienenes (Arctostaphylos uva ursi L.) saknes, \u016bdens ekstrakts. Spreng.) lapas, parast\u0101 asinsz\u0101les (Althaea officinalis L.) sakne, dilles (Anethum graveolens L.) aug\u013ci, parast\u0101 b\u0113rza (Betula pendula Roth.) lapas, parast\u0101 pela\u0161\u0137a (Anthriscus cerefolium (L.) Hoffm.) ziedpumpuri, \u016bdens kreses (Nasturtium officinale R. Brown) augs, Dami\u0101na (Turnera diffusa Wild. ex Schult.) lapas, Sib\u012brijas \u017ee\u0146\u0161e\u0146a (Eleutherocococcus senticosus (Rupr. et Maxim.) Maxim.) sakne, Sib\u012brijas \u017ee\u0146\u0161e\u0146a (Eleutherocococcus senticosus (Rupr. et Maxim.) Maxim.) sakne, Krabis (Fraxinus excelsior L.) miza, Alpu leduspu\u0137es (Artemisia glacialis L.) augs ar ziediem, Kadi\u0137is (Juniperus communis L.) galb\u0101ns, Muira purva (Ptychopetalum olacoides Benth.) miza, Lo\u017e\u0146u staipek\u0146a (Ononis spinosa L.) sakne, n\u0101tres (Urtica dioica L.) lapas, rozmar\u012bna (Rosmarinus officinalis L.) galotne ar ziediem, sarkanv\u012bna (Vitis vinifera L.) lapas. \u016adens, gar\u0161vielas. Kr\u0101sviela: parast\u0101 karamele.<\/p>\n<p><strong>Lieto\u0161anas instrukcija:<\/strong> iesak\u0101m 1-2 n\u016bji\u0146as iz\u0161\u0137\u012bdin\u0101t 1,5 litros \u016bdens un lietot dienas laik\u0101. Nelielas kr\u0101sas, gar\u0161as un iesp\u0113jamas nogulsn\u0113\u0161an\u0101s izmai\u0146as ir saist\u012btas ar norm\u0101l\u0101m augu izcelsmes sast\u0101vda\u013cu izmai\u0146\u0101m un nenor\u0101da uz produkta kvalit\u0101tes izmai\u0146\u0101m.<\/p>\n<p><strong>Br\u012bdin\u0101jums:<\/strong> pirms lieto\u0161anas sakrat\u012bt. Uzglab\u0101t v\u0113s\u0101 viet\u0101. Uzglab\u0101t b\u0113rniem l\u012bdz 3 gadu vecumam nepieejam\u0101 viet\u0101. Nep\u0101rsniedziet ieteicamo dienas devu. Nav ieteicams lietot gr\u016btniec\u012bbas un z\u012bd\u012b\u0161anas laik\u0101. Uztura bag\u0101tin\u0101t\u0101ji nevar aizst\u0101t daudzveid\u012bgu un sabalans\u0113tu uzturu un vesel\u012bgu dz\u012bvesveidu. Tas j\u0101lieto k\u0101 da\u013ca no atbilsto\u0161as di\u0113tas ar zemu kaloriju daudzumu, iev\u0113rojot vesel\u012bgu dz\u012bvesveidu un atbilsto\u0161u fizisko slodzi. Ilgsto\u0161u di\u0113tu gad\u012bjum\u0101, kas ilg\u0101kas par trim ned\u0113\u013c\u0101m, iesak\u0101m konsult\u0113ties ar \u0101rstu. Nelietot ilgsto\u0161i bez \u0101rsta konsult\u0101cijas. Nelietot, ja Jums ir nieru darb\u012bbas trauc\u0113jumi.<\/p>\n<p>Vid\u0113jais saturs vien\u0101 porcij\u0101 (2 n\u016bji\u0146as dien\u0101). Guarana a.e. 3,0 g, citronmelisa a.e. 3,0 g, alteja a.e. 1,8 g, dilles a.e. 1,8 g, savva\u013cas b\u0113rzs a.e. 1,8 g, sausser\u017ea a.e. 1,8 g, \u016bdensrozes a.e. 1,8 g, dami\u0101na a.e. 1,8 g, Sib\u012brijas \u017ee\u0146\u0161e\u0146s a.e. 1,8 g, parastais smilts\u0113rk\u0161\u0137is a.e. 1,8 g, Alpu smilts\u0113rk\u0161\u0137is a.e. 1,8 g, parastais kadi\u0137is a.e. 1,8 g, Muira puama a.e. 1,8 g, R\u0101pojo\u0161\u0101 skrejene a.e. 1,8 g, S\u0113kle\u0146u z\u0101le a.e. 1,8 g, Rozmar\u012bns a.e. 1,8 g, Sarkanv\u012bns a.e. 1,8 g, Alpu sausserdis a.e. 1,8 g.<\/p>\n<p>Der\u012bguma termi\u0146\u0161 attiecas uz neatv\u0113rtiem un pareizi uzglab\u0101tiem produktiem. Partijas un der\u012bguma termi\u0146\u0161: skat. aug\u0161\u0101.<\/p>\n<p>Ra\u017eot\u0101js, iepakot\u0101js un izplat\u012bt\u0101js: GIANLUCA MECH SPA Via Rodolfo Mech 80, 36020 Asigliano Veneto (VI), It\u0101lija 16 n\u016bji\u0146as pa 30 ml katr\u0101.<\/p>\n<p>BEZ ALKOHOLA &#8211; BEZ PIEDEV\u0100TIEM GAR\u0160VIELIEM* &#8211; BEZ KANABEILIEM &#8211; BEZ GLUT\u0112NA *CUKURS&lt;0,5g\/100ml<\/p>\n","protected":false},"excerpt":{"rendered":"<p>No \u0101rstniec\u012bbas augu \u016bdens ekstraktiem gatavots uztura bag\u0101tin\u0101t\u0101js. Fiziolo\u0123isk\u0101 ietekme. Anan\u0101si: c\u012bn\u0101s pret celul\u012bta izrais\u012btiem trauc\u0113jumiem; k\u0101posti: dren\u0101\u017eas \u012bpa\u0161\u012bbas \u0137erme\u0146a \u0161\u0137idrumiem; gu\u0101rs: ietekm\u0113\/uzlabo uzturvielu uzs\u016bk\u0161anos un veicina s\u0101ta saj\u016btu.<\/p>\n","protected":false},"featured_media":553,"template":"","meta":[],"product_brand":[],"product_cat":[65],"product_tag":[],"class_list":{"0":"post-847","1":"product","2":"type-product","3":"status-publish","4":"has-post-thumbnail","6":"product_cat-papildinajumi","8":"first","9":"instock","10":"taxable","11":"shipping-taxable","12":"purchasable","13":"product-type-simple"},"yoast_head":"<!-- This site is optimized with the Yoast SEO plugin v27.0 - https:\/\/yoast.com\/product\/yoast-seo-wordpress\/ -->\n<title>21 fragments Snellente - Beauty Equipment<\/title>\n<meta name=\"robots\" content=\"index, follow, max-snippet:-1, max-image-preview:large, max-video-preview:-1\" \/>\n<link rel=\"canonical\" href=\"https:\/\/beautyequipment.shop\/lv\/toode\/21-snellente\/\" \/>\n<meta property=\"og:locale\" content=\"lv_LV\" \/>\n<meta property=\"og:type\" content=\"article\" \/>\n<meta property=\"og:title\" content=\"21 fragments Snellente - Beauty Equipment\" \/>\n<meta property=\"og:description\" content=\"No \u0101rstniec\u012bbas augu \u016bdens ekstraktiem gatavots uztura bag\u0101tin\u0101t\u0101js. Fiziolo\u0123isk\u0101 ietekme. Anan\u0101si: c\u012bn\u0101s pret celul\u012bta izrais\u012btiem trauc\u0113jumiem; k\u0101posti: dren\u0101\u017eas \u012bpa\u0161\u012bbas \u0137erme\u0146a \u0161\u0137idrumiem; gu\u0101rs: ietekm\u0113\/uzlabo uzturvielu uzs\u016bk\u0161anos un veicina s\u0101ta saj\u016btu.\" \/>\n<meta property=\"og:url\" content=\"https:\/\/beautyequipment.shop\/lv\/toode\/21-snellente\/\" \/>\n<meta property=\"og:site_name\" content=\"Beauty Equipment\" \/>\n<meta property=\"article:publisher\" content=\"https:\/\/facebook.com\/beautyequipment.ou\" \/>\n<meta property=\"og:image\" content=\"https:\/\/beautyequipment.shop\/wp-content\/uploads\/2023\/09\/render_Decottopia_IT_21-min-scaled.jpg\" \/>\n\t<meta property=\"og:image:width\" content=\"2560\" \/>\n\t<meta property=\"og:image:height\" content=\"2560\" \/>\n\t<meta property=\"og:image:type\" content=\"image\/jpeg\" \/>\n<meta name=\"twitter:card\" content=\"summary_large_image\" \/>\n<meta name=\"twitter:label1\" content=\"Est. reading time\" \/>\n\t<meta name=\"twitter:data1\" content=\"3 minutes\" \/>\n<script type=\"application\/ld+json\" class=\"yoast-schema-graph\">{\"@context\":\"https:\/\/schema.org\",\"@graph\":[{\"@type\":\"WebPage\",\"@id\":\"https:\/\/beautyequipment.shop\/lv\/toode\/21-snellente\/\",\"url\":\"https:\/\/beautyequipment.shop\/lv\/toode\/21-snellente\/\",\"name\":\"21 fragments Snellente - Beauty Equipment\",\"isPartOf\":{\"@id\":\"https:\/\/beautyequipment.shop\/#website\"},\"primaryImageOfPage\":{\"@id\":\"https:\/\/beautyequipment.shop\/lv\/toode\/21-snellente\/#primaryimage\"},\"image\":{\"@id\":\"https:\/\/beautyequipment.shop\/lv\/toode\/21-snellente\/#primaryimage\"},\"thumbnailUrl\":\"https:\/\/beautyequipment.shop\/wp-content\/uploads\/2023\/09\/render_Decottopia_IT_21-min-scaled.jpg\",\"datePublished\":\"2023-09-27T11:21:20+00:00\",\"breadcrumb\":{\"@id\":\"https:\/\/beautyequipment.shop\/lv\/toode\/21-snellente\/#breadcrumb\"},\"inLanguage\":\"lv-LV\",\"potentialAction\":[{\"@type\":\"ReadAction\",\"target\":[\"https:\/\/beautyequipment.shop\/lv\/toode\/21-snellente\/\"]}]},{\"@type\":\"ImageObject\",\"inLanguage\":\"lv-LV\",\"@id\":\"https:\/\/beautyequipment.shop\/lv\/toode\/21-snellente\/#primaryimage\",\"url\":\"https:\/\/beautyequipment.shop\/wp-content\/uploads\/2023\/09\/render_Decottopia_IT_21-min-scaled.jpg\",\"contentUrl\":\"https:\/\/beautyequipment.shop\/wp-content\/uploads\/2023\/09\/render_Decottopia_IT_21-min-scaled.jpg\",\"width\":2560,\"height\":2560},{\"@type\":\"BreadcrumbList\",\"@id\":\"https:\/\/beautyequipment.shop\/lv\/toode\/21-snellente\/#breadcrumb\",\"itemListElement\":[{\"@type\":\"ListItem\",\"position\":1,\"name\":\"Home\",\"item\":\"https:\/\/beautyequipment.shop\/lv\/sakumlapa\/\"},{\"@type\":\"ListItem\",\"position\":2,\"name\":\"Veikals veikal\u0101\",\"item\":\"https:\/\/beautyequipment.shop\/lv\/shop\/\"},{\"@type\":\"ListItem\",\"position\":3,\"name\":\"21 fragments Snellente\"}]},{\"@type\":\"WebSite\",\"@id\":\"https:\/\/beautyequipment.shop\/#website\",\"url\":\"https:\/\/beautyequipment.shop\/\",\"name\":\"Beauty Equipment\",\"description\":\"Toidulisandid ilu ja tervise heaks\",\"publisher\":{\"@id\":\"https:\/\/beautyequipment.shop\/#organization\"},\"potentialAction\":[{\"@type\":\"SearchAction\",\"target\":{\"@type\":\"EntryPoint\",\"urlTemplate\":\"https:\/\/beautyequipment.shop\/?s={search_term_string}\"},\"query-input\":{\"@type\":\"PropertyValueSpecification\",\"valueRequired\":true,\"valueName\":\"search_term_string\"}}],\"inLanguage\":\"lv-LV\"},{\"@type\":\"Organization\",\"@id\":\"https:\/\/beautyequipment.shop\/#organization\",\"name\":\"Beauty Equipment\",\"url\":\"https:\/\/beautyequipment.shop\/\",\"logo\":{\"@type\":\"ImageObject\",\"inLanguage\":\"lv-LV\",\"@id\":\"https:\/\/beautyequipment.shop\/#\/schema\/logo\/image\/\",\"url\":\"https:\/\/beautyequipment.shop\/wp-content\/uploads\/2024\/09\/Beauty-Equipment-logo-300x109-1.webp\",\"contentUrl\":\"https:\/\/beautyequipment.shop\/wp-content\/uploads\/2024\/09\/Beauty-Equipment-logo-300x109-1.webp\",\"width\":300,\"height\":109,\"caption\":\"Beauty Equipment\"},\"image\":{\"@id\":\"https:\/\/beautyequipment.shop\/#\/schema\/logo\/image\/\"},\"sameAs\":[\"https:\/\/facebook.com\/beautyequipment.ou\",\"https:\/\/instagram.com\/tisanoreica.nord\"]}]}<\/script>\n<!-- \/ Yoast SEO plugin. -->","yoast_head_json":{"title":"21 fragments Snellente - Beauty Equipment","robots":{"index":"index","follow":"follow","max-snippet":"max-snippet:-1","max-image-preview":"max-image-preview:large","max-video-preview":"max-video-preview:-1"},"canonical":"https:\/\/beautyequipment.shop\/lv\/toode\/21-snellente\/","og_locale":"lv_LV","og_type":"article","og_title":"21 fragments Snellente - Beauty Equipment","og_description":"No \u0101rstniec\u012bbas augu \u016bdens ekstraktiem gatavots uztura bag\u0101tin\u0101t\u0101js. Fiziolo\u0123isk\u0101 ietekme. Anan\u0101si: c\u012bn\u0101s pret celul\u012bta izrais\u012btiem trauc\u0113jumiem; k\u0101posti: dren\u0101\u017eas \u012bpa\u0161\u012bbas \u0137erme\u0146a \u0161\u0137idrumiem; gu\u0101rs: ietekm\u0113\/uzlabo uzturvielu uzs\u016bk\u0161anos un veicina s\u0101ta saj\u016btu.","og_url":"https:\/\/beautyequipment.shop\/lv\/toode\/21-snellente\/","og_site_name":"Beauty Equipment","article_publisher":"https:\/\/facebook.com\/beautyequipment.ou","og_image":[{"width":2560,"height":2560,"url":"https:\/\/beautyequipment.shop\/wp-content\/uploads\/2023\/09\/render_Decottopia_IT_21-min-scaled.jpg","type":"image\/jpeg"}],"twitter_card":"summary_large_image","twitter_misc":{"Est. reading time":"3 minutes"},"schema":{"@context":"https:\/\/schema.org","@graph":[{"@type":"WebPage","@id":"https:\/\/beautyequipment.shop\/lv\/toode\/21-snellente\/","url":"https:\/\/beautyequipment.shop\/lv\/toode\/21-snellente\/","name":"21 fragments Snellente - Beauty Equipment","isPartOf":{"@id":"https:\/\/beautyequipment.shop\/#website"},"primaryImageOfPage":{"@id":"https:\/\/beautyequipment.shop\/lv\/toode\/21-snellente\/#primaryimage"},"image":{"@id":"https:\/\/beautyequipment.shop\/lv\/toode\/21-snellente\/#primaryimage"},"thumbnailUrl":"https:\/\/beautyequipment.shop\/wp-content\/uploads\/2023\/09\/render_Decottopia_IT_21-min-scaled.jpg","datePublished":"2023-09-27T11:21:20+00:00","breadcrumb":{"@id":"https:\/\/beautyequipment.shop\/lv\/toode\/21-snellente\/#breadcrumb"},"inLanguage":"lv-LV","potentialAction":[{"@type":"ReadAction","target":["https:\/\/beautyequipment.shop\/lv\/toode\/21-snellente\/"]}]},{"@type":"ImageObject","inLanguage":"lv-LV","@id":"https:\/\/beautyequipment.shop\/lv\/toode\/21-snellente\/#primaryimage","url":"https:\/\/beautyequipment.shop\/wp-content\/uploads\/2023\/09\/render_Decottopia_IT_21-min-scaled.jpg","contentUrl":"https:\/\/beautyequipment.shop\/wp-content\/uploads\/2023\/09\/render_Decottopia_IT_21-min-scaled.jpg","width":2560,"height":2560},{"@type":"BreadcrumbList","@id":"https:\/\/beautyequipment.shop\/lv\/toode\/21-snellente\/#breadcrumb","itemListElement":[{"@type":"ListItem","position":1,"name":"Home","item":"https:\/\/beautyequipment.shop\/lv\/sakumlapa\/"},{"@type":"ListItem","position":2,"name":"Veikals veikal\u0101","item":"https:\/\/beautyequipment.shop\/lv\/shop\/"},{"@type":"ListItem","position":3,"name":"21 fragments Snellente"}]},{"@type":"WebSite","@id":"https:\/\/beautyequipment.shop\/#website","url":"https:\/\/beautyequipment.shop\/","name":"Beauty Equipment","description":"Toidulisandid ilu ja tervise heaks","publisher":{"@id":"https:\/\/beautyequipment.shop\/#organization"},"potentialAction":[{"@type":"SearchAction","target":{"@type":"EntryPoint","urlTemplate":"https:\/\/beautyequipment.shop\/?s={search_term_string}"},"query-input":{"@type":"PropertyValueSpecification","valueRequired":true,"valueName":"search_term_string"}}],"inLanguage":"lv-LV"},{"@type":"Organization","@id":"https:\/\/beautyequipment.shop\/#organization","name":"Beauty Equipment","url":"https:\/\/beautyequipment.shop\/","logo":{"@type":"ImageObject","inLanguage":"lv-LV","@id":"https:\/\/beautyequipment.shop\/#\/schema\/logo\/image\/","url":"https:\/\/beautyequipment.shop\/wp-content\/uploads\/2024\/09\/Beauty-Equipment-logo-300x109-1.webp","contentUrl":"https:\/\/beautyequipment.shop\/wp-content\/uploads\/2024\/09\/Beauty-Equipment-logo-300x109-1.webp","width":300,"height":109,"caption":"Beauty Equipment"},"image":{"@id":"https:\/\/beautyequipment.shop\/#\/schema\/logo\/image\/"},"sameAs":["https:\/\/facebook.com\/beautyequipment.ou","https:\/\/instagram.com\/tisanoreica.nord"]}]}},"_links":{"self":[{"href":"https:\/\/beautyequipment.shop\/lv\/wp-json\/wp\/v2\/product\/847","targetHints":{"allow":["GET"]}}],"collection":[{"href":"https:\/\/beautyequipment.shop\/lv\/wp-json\/wp\/v2\/product"}],"about":[{"href":"https:\/\/beautyequipment.shop\/lv\/wp-json\/wp\/v2\/types\/product"}],"wp:featuredmedia":[{"embeddable":true,"href":"https:\/\/beautyequipment.shop\/lv\/wp-json\/wp\/v2\/media\/553"}],"wp:attachment":[{"href":"https:\/\/beautyequipment.shop\/lv\/wp-json\/wp\/v2\/media?parent=847"}],"wp:term":[{"taxonomy":"product_brand","embeddable":true,"href":"https:\/\/beautyequipment.shop\/lv\/wp-json\/wp\/v2\/product_brand?post=847"},{"taxonomy":"product_cat","embeddable":true,"href":"https:\/\/beautyequipment.shop\/lv\/wp-json\/wp\/v2\/product_cat?post=847"},{"taxonomy":"product_tag","embeddable":true,"href":"https:\/\/beautyequipment.shop\/lv\/wp-json\/wp\/v2\/product_tag?post=847"}],"curies":[{"name":"wp","href":"https:\/\/api.w.org\/{rel}","templated":true}]}}