{"id":841,"date":"2023-09-27T14:16:19","date_gmt":"2023-09-27T11:16:19","guid":{"rendered":"https:\/\/beautyequipment.shop\/toode\/izraksts-02-depurativo\/"},"modified":"2023-09-27T14:16:19","modified_gmt":"2023-09-27T11:16:19","slug":"02-depurativo","status":"publish","type":"product","link":"https:\/\/beautyequipment.shop\/lv\/toode\/02-depurativo\/","title":{"rendered":"Izraksts 02 Depurativo"},"content":{"rendered":"<p><span style=\"color: var(--ska-color-site); font-family: var(--ska-theme-font, var(--ska-font-sans)); font-size: var(--ska-theme-font-size, 16px); background-color: var(--ska-color-site-background, #fff);\">SAST\u0100VS. Augu \u016bdens ekstrakts 70%: an\u012bsa (Pimpinella anisum L.) aug\u013ci,  <\/span><span lang=\"ET\" style=\"color: var(--ska-color-site); font-family: var(--ska-theme-font, var(--ska-font-sans)); font-size: var(--ska-theme-font-size, 16px);\">Liels sm\u0113\u0137is<\/span><span style=\"color: var(--ska-color-site); font-family: var(--ska-theme-font, var(--ska-font-sans)); font-size: var(--ska-theme-font-size, 16px); background-color: var(--ska-color-site-background, #fff);\">(Arctium lappa L.) sakne, arti\u0161oks<\/span><span lang=\"ET\" style=\"color: var(--ska-color-site); font-family: var(--ska-theme-font, var(--ska-font-sans)); font-size: var(--ska-theme-font-size, 16px);\">i<\/span><span style=\"color: var(--ska-color-site); font-family: var(--ska-theme-font, var(--ska-font-sans)); font-size: var(--ska-theme-font-size, 16px); background-color: var(--ska-color-site-background, #fff);\">  (Cynara scolymus L.) lapas,  <\/span><span lang=\"ET\" style=\"color: var(--ska-color-site); font-family: var(--ska-theme-font, var(--ska-font-sans)); font-size: var(--ska-theme-font-size, 16px);\">Jap\u0101nas juka<\/span><span style=\"color: var(--ska-color-site); font-family: var(--ska-theme-font, var(--ska-font-sans)); font-size: var(--ska-theme-font-size, 16px); background-color: var(--ska-color-site-background, #fff);\">  (Ceratonia siliqua L.) zieds, z\u0101laugs<\/span><span lang=\"ET\" style=\"color: var(--ska-color-site); font-family: var(--ska-theme-font, var(--ska-font-sans)); font-size: var(--ska-theme-font-size, 16px);\">u  <\/span><span style=\"color: var(--ska-color-site); font-family: var(--ska-theme-font, var(--ska-font-sans)); font-size: var(--ska-theme-font-size, 16px); background-color: var(--ska-color-site-background, #fff);\">zieme\u013cbrie\u017eu ka\u0146epes<\/span><span lang=\"ET\" style=\"color: var(--ska-color-site); font-family: var(--ska-theme-font, var(--ska-font-sans)); font-size: var(--ska-theme-font-size, 16px);\">i<\/span><span style=\"color: var(--ska-color-site); font-family: var(--ska-theme-font, var(--ska-font-sans)); font-size: var(--ska-theme-font-size, 16px); background-color: var(--ska-color-site-background, #fff);\">(Centaurium erythraea Rafn) ar aug\u0161\u0113jiem ziediem,  <\/span><span lang=\"ET\" style=\"color: var(--ska-color-site); font-family: var(--ska-theme-font, var(--ska-font-sans)); font-size: var(--ska-theme-font-size, 16px);\">\u0136\u012bnas koks<\/span><span style=\"color: var(--ska-color-site); font-family: var(--ska-theme-font, var(--ska-font-sans)); font-size: var(--ska-theme-font-size, 16px); background-color: var(--ska-color-site-background, #fff);\">  (Cinchona pubescens Vahl) miza, \u016bdens kreses (Nasturtium officinale R. Brown) galotnes, spirul\u012bnas (Spirulina platensis (Gomont) Geitler) talis, kadi\u0137u (Juniperus communis L.) \u010diekuri, kadi\u0137u (Juniperus communis L.) \u010diekuri  <\/span><span lang=\"ET\" style=\"color: var(--ska-color-site); font-family: var(--ska-theme-font, var(--ska-font-sans)); font-size: var(--ska-theme-font-size, 16px);\">orashein<\/span><span style=\"color: var(--ska-color-site); font-family: var(--ska-theme-font, var(--ska-font-sans)); font-size: var(--ska-theme-font-size, 16px); background-color: var(--ska-color-site-background, #fff);\">  (Agropyron repens (L.) P.Beauv.) risoom, lagrits<\/span><span lang=\"ET\" style=\"color: var(--ska-color-site); font-family: var(--ska-theme-font, var(--ska-font-sans)); font-size: var(--ska-theme-font-size, 16px);\">a<\/span><span style=\"color: var(--ska-color-site); font-family: var(--ska-theme-font, var(--ska-font-sans)); font-size: var(--ska-theme-font-size, 16px); background-color: var(--ska-color-site-background, #fff);\">  (Glycyrrhiza glabra L.) sakne, kr\u016bms<\/span><span lang=\"ET\" style=\"color: var(--ska-color-site); font-family: var(--ska-theme-font, var(--ska-font-sans)); font-size: var(--ska-theme-font-size, 16px);\">  vai d\u0101rza z\u012bl\u012bte<\/span><span style=\"color: var(--ska-color-site); font-family: var(--ska-theme-font, var(--ska-font-sans)); font-size: var(--ska-theme-font-size, 16px); background-color: var(--ska-color-site-background, #fff);\">  (Marrubium vulgare L.) ar ziediem, kas zied citronmelisas ziediem.<\/span><span lang=\"ET\" style=\"color: var(--ska-color-site); font-family: var(--ska-theme-font, var(--ska-font-sans)); font-size: var(--ska-theme-font-size, 16px);\">i<\/span><span style=\"color: var(--ska-color-site); font-family: var(--ska-theme-font, var(--ska-font-sans)); font-size: var(--ska-theme-font-size, 16px); background-color: var(--ska-color-site-background, #fff);\">  (Melissa officinalis L.) lapas, piparm\u0113tras (Mentha x piperita L.) lapas,  <\/span><span lang=\"ET\" style=\"color: var(--ska-color-site); font-family: var(--ska-theme-font, var(--ska-font-sans)); font-size: var(--ska-theme-font-size, 16px);\">Sasmalcin\u0101ti rabarberi  <\/span><span style=\"color: var(--ska-color-site); font-family: var(--ska-theme-font, var(--ska-font-sans)); font-size: var(--ska-theme-font-size, 16px); background-color: var(--ska-color-site-background, #fff);\">(Rheum palmatum L.) sakne\u0146i, melni<\/span><span lang=\"ET\" style=\"color: var(--ska-color-site); font-family: var(--ska-theme-font, var(--ska-font-sans)); font-size: var(--ska-theme-font-size, 16px);\">a<\/span><span style=\"color: var(--ska-color-site); font-family: var(--ska-theme-font, var(--ska-font-sans)); font-size: var(--ska-theme-font-size, 16px); background-color: var(--ska-color-site-background, #fff);\">redis<\/span><span lang=\"ET\" style=\"color: var(--ska-color-site); font-family: var(--ska-theme-font, var(--ska-font-sans)); font-size: var(--ska-theme-font-size, 16px);\">e<\/span><span style=\"color: var(--ska-color-site); font-family: var(--ska-theme-font, var(--ska-font-sans)); font-size: var(--ska-theme-font-size, 16px); background-color: var(--ska-color-site-background, #fff);\">  (Raphanus sativus var. niger (Mill.) J.Kern.) sakne,  <\/span><span lang=\"ET\" style=\"color: var(--ska-color-site); font-family: var(--ska-theme-font, var(--ska-font-sans)); font-size: var(--ska-theme-font-size, 16px);\">Mu\u0161\u0137\u0113r\u0101js<\/span><span style=\"color: var(--ska-color-site); font-family: var(--ska-theme-font, var(--ska-font-sans)); font-size: var(--ska-theme-font-size, 16px); background-color: var(--ska-color-site-background, #fff);\">  (Rumex crispus L.) sakne,  <\/span><span lang=\"ET\" style=\"color: var(--ska-color-site); font-family: var(--ska-theme-font, var(--ska-font-sans)); font-size: var(--ska-theme-font-size, 16px);\">R<\/span><span style=\"color: var(--ska-color-site); font-family: var(--ska-theme-font, var(--ska-font-sans)); font-size: var(--ska-theme-font-size, 16px); background-color: var(--ska-color-site-background, #fff);\">osmar<\/span><span lang=\"ET\" style=\"color: var(--ska-color-site); font-family: var(--ska-theme-font, var(--ska-font-sans)); font-size: var(--ska-theme-font-size, 16px);\">i<\/span><span style=\"color: var(--ska-color-site); font-family: var(--ska-theme-font, var(--ska-font-sans)); font-size: var(--ska-theme-font-size, 16px); background-color: var(--ska-color-site-background, #fff);\">(Rosmarinus officinalis L.) aug\u0161\u0113j\u0101s lapas ar ziediem, salvijas (Salvia officinalis L.) lapas,  <\/span><span lang=\"ET\" style=\"color: var(--ska-color-site); font-family: var(--ska-theme-font, var(--ska-font-sans)); font-size: var(--ska-theme-font-size, 16px);\">Melna \u0101da<\/span><span style=\"color: var(--ska-color-site); font-family: var(--ska-theme-font, var(--ska-font-sans)); font-size: var(--ska-theme-font-size, 16px); background-color: var(--ska-color-site-background, #fff);\">  (Sambucus nigra L.) zieds,  <\/span><span lang=\"ET\" style=\"color: var(--ska-color-site); font-family: var(--ska-theme-font, var(--ska-font-sans)); font-size: var(--ska-theme-font-size, 16px);\">Parast\u0101 pienene<\/span><span style=\"color: var(--ska-color-site); font-family: var(--ska-theme-font, var(--ska-font-sans)); font-size: var(--ska-theme-font-size, 16px); background-color: var(--ska-color-site-background, #fff);\">  (Taraxacum officinale (L.) Weber ex F.H.Wigg.) sakne, citronv\u0101rbenas (Lippia citriodora (Lam.) Kunth) lapa, parast\u0101 m<\/span><span lang=\"ET\" style=\"color: var(--ska-color-site); font-family: var(--ska-theme-font, var(--ska-font-sans)); font-size: var(--ska-theme-font-size, 16px);\">ailane<\/span><span style=\"color: var(--ska-color-site); font-family: var(--ska-theme-font, var(--ska-font-sans)); font-size: var(--ska-theme-font-size, 16px); background-color: var(--ska-color-site-background, #fff);\">  (Veronica officinalis L.) ar aug\u0161\u0113jiem ziediem. \u016adens, gar\u0161vielas.  <\/span><\/p>\n<p><span style=\"color: var(--ska-color-site); font-family: var(--ska-theme-font, var(--ska-font-sans)); font-size: var(--ska-theme-font-size, 16px); background-color: var(--ska-color-site-background, #fff);\">Kr\u0101sviela: vienk\u0101r\u0161a karamele.<\/span><\/p>\n<p>Nelielas kr\u0101sas, gar\u0161as un iesp\u0113jam\u0101s nokri\u0161\u0146u izmai\u0146as ir saist\u012btas ar norm\u0101l\u0101m augu izcelsmes sast\u0101vda\u013cu izmai\u0146\u0101m un nenor\u0101da uz produkta kvalit\u0101tes izmai\u0146\u0101m.<\/p>\n<p>Br\u012bdin\u0101jums: pirms lieto\u0161anas sakrat\u012bt. Uzglab\u0101t v\u0113s\u0101 viet\u0101. Uzglab\u0101t b\u0113rniem l\u012bdz 3 gadu vecumam nepieejam\u0101 viet\u0101. Nep\u0101rsniedziet ieteicamo dienas devu. Uztura bag\u0101tin\u0101t\u0101ji nevar aizst\u0101t daudzveid\u012bgu, sabalans\u0113tu uzturu un vesel\u012bgu dz\u012bvesveidu. Nav ieteicams lietot gr\u016btniec\u012bbas un z\u012bd\u012b\u0161anas laik\u0101. Nelietot, ja Jums ir nieru darb\u012bbas trauc\u0113jumi. Nelietot b\u0113rniem l\u012bdz 12 gadu vecumam. Ilgsto\u0161a lieto\u0161ana bez \u0101rsta ieteikuma nav ieteicama.<\/p>\n<p>Ieteicam\u0101s devas vid\u0113jais saturs (1 n\u016bji\u0146a dien\u0101): an\u012bsa a.e. 1,20 g, piena saknes a.e. 1,05 g, arti\u0161oku a.e. 1,05 g, rutka a.e. 1,05 g, centaaria.e.. 0,90 g, hin\u012bns a.e. 0,90 g, adatas a.e. 0,90 g, spirul\u012bna a.e. 0,90 g, kadakas a.e. 0,90 g, adatas lapu t\u0113ja a.e. 0,90 g, lakrica a.e. 0,90 g, lakrica a.e. 0,90 g, v\u012bbotne a.e. 0,90 g, citronmelis a.e. 0,90 g, piparm\u0113tra a.e. 0,90 g, \u0136\u012bnas rabarberi a.e. 0,90 g, melnie red\u012bsi a.e. 0,90 g, parastie rabarberi a.e. 0,90 g, rozmar\u012bns a.e. 0,90 g, salvija e. 0,90 g, pl\u016b\u0161koks e. 0,90 g, pienene e. 0,75 g, citronv\u012bbene e. 0,75 g, citronmelis e. 0,75 g, citronmelis e. 0,75 g.<br \/>\nDer\u012bguma termi\u0146\u0161 attiecas uz neatv\u0113rtiem un pareizi uzglab\u0101tiem produktiem. Partijas un der\u012bguma termi\u0146\u0161: skat. aug\u0161\u0101.<\/p>\n<p>Ra\u017eot\u0101js, iepakot\u0101js un izplat\u012bt\u0101js: GIANLUCA MECH SPA Via Rodolfo Mech 80, 36020 Asigliano Veneto (VI), It\u0101lija.<\/p>\n<p>&nbsp;<\/p>\n","protected":false},"excerpt":{"rendered":"<p>No \u0101rstniec\u012bbas augu \u016bdens ekstraktiem gatavots uztura bag\u0101tin\u0101t\u0101js. Fiziolo\u0123isk\u0101 ietekme.<\/p>\n<p>An\u012bss: gremo\u0161anas funkcija, regul\u0101ra gremo\u0161anas trakta motorika un g\u0101zu izdal\u012b\u0161an\u0101s; Arti\u0161oki: aknu darb\u012bba, organisma att\u012br\u012b\u0161anas funkcija, lip\u012bdu vielmai\u0146a.<\/p>\n<p><strong>Lieto\u0161anas instrukcija:<\/strong> ieteicams lietot 30 ml dien\u0101, at\u0161\u0137aidot 1,5 L \u016bdens, no r\u012bta tuk\u0161\u0101 d\u016b\u0161\u0101 un\/vai p\u0113c galven\u0101s \u0113dienreizes. Antioksidants, ko izmanto k\u0101 s\u0101kotn\u0113jo vai prim\u0101ro detoksik\u0101cijas l\u012bdzekli visiem Tisanoreica l\u012bdzek\u013ciem. Pal\u012bdz mazin\u0101t pa\u0123iras.<\/p>\n","protected":false},"featured_media":529,"template":"","meta":[],"product_brand":[],"product_cat":[65],"product_tag":[],"class_list":{"0":"post-841","1":"product","2":"type-product","3":"status-publish","4":"has-post-thumbnail","6":"product_cat-papildinajumi","8":"first","9":"instock","10":"taxable","11":"shipping-taxable","12":"purchasable","13":"product-type-simple"},"yoast_head":"<!-- This site is optimized with the Yoast SEO plugin v27.0 - https:\/\/yoast.com\/product\/yoast-seo-wordpress\/ -->\n<title>Izraksts 02 Depurativo - Beauty Equipment<\/title>\n<meta name=\"robots\" content=\"index, follow, max-snippet:-1, max-image-preview:large, max-video-preview:-1\" \/>\n<link rel=\"canonical\" href=\"https:\/\/beautyequipment.shop\/lv\/toode\/02-depurativo\/\" \/>\n<meta property=\"og:locale\" content=\"lv_LV\" \/>\n<meta property=\"og:type\" content=\"article\" \/>\n<meta property=\"og:title\" content=\"Izraksts 02 Depurativo - Beauty Equipment\" \/>\n<meta property=\"og:description\" content=\"No \u0101rstniec\u012bbas augu \u016bdens ekstraktiem gatavots uztura bag\u0101tin\u0101t\u0101js. Fiziolo\u0123isk\u0101 ietekme. An\u012bss: gremo\u0161anas funkcija, regul\u0101ra gremo\u0161anas trakta motorika un g\u0101zu izdal\u012b\u0161an\u0101s; Arti\u0161oki: aknu darb\u012bba, organisma att\u012br\u012b\u0161anas funkcija, lip\u012bdu vielmai\u0146a. Lieto\u0161anas instrukcija: ieteicams lietot 30 ml dien\u0101, at\u0161\u0137aidot 1,5 L \u016bdens, no r\u012bta tuk\u0161\u0101 d\u016b\u0161\u0101 un\/vai p\u0113c galven\u0101s \u0113dienreizes. Antioksidants, ko izmanto k\u0101 s\u0101kotn\u0113jo vai prim\u0101ro detoksik\u0101cijas l\u012bdzekli visiem Tisanoreica l\u012bdzek\u013ciem. Pal\u012bdz mazin\u0101t pa\u0123iras.\" \/>\n<meta property=\"og:url\" content=\"https:\/\/beautyequipment.shop\/lv\/toode\/02-depurativo\/\" \/>\n<meta property=\"og:site_name\" content=\"Beauty Equipment\" \/>\n<meta property=\"article:publisher\" content=\"https:\/\/facebook.com\/beautyequipment.ou\" \/>\n<meta property=\"og:image\" content=\"https:\/\/beautyequipment.shop\/wp-content\/uploads\/2023\/09\/render_Decottopia_IT_02-min-scaled.jpg\" \/>\n\t<meta property=\"og:image:width\" content=\"2560\" \/>\n\t<meta property=\"og:image:height\" content=\"2560\" \/>\n\t<meta property=\"og:image:type\" content=\"image\/jpeg\" \/>\n<meta name=\"twitter:card\" content=\"summary_large_image\" \/>\n<meta name=\"twitter:label1\" content=\"Est. reading time\" \/>\n\t<meta name=\"twitter:data1\" content=\"2 minutes\" \/>\n<script type=\"application\/ld+json\" class=\"yoast-schema-graph\">{\"@context\":\"https:\/\/schema.org\",\"@graph\":[{\"@type\":\"WebPage\",\"@id\":\"https:\/\/beautyequipment.shop\/lv\/toode\/02-depurativo\/\",\"url\":\"https:\/\/beautyequipment.shop\/lv\/toode\/02-depurativo\/\",\"name\":\"Izraksts 02 Depurativo - Beauty Equipment\",\"isPartOf\":{\"@id\":\"https:\/\/beautyequipment.shop\/#website\"},\"primaryImageOfPage\":{\"@id\":\"https:\/\/beautyequipment.shop\/lv\/toode\/02-depurativo\/#primaryimage\"},\"image\":{\"@id\":\"https:\/\/beautyequipment.shop\/lv\/toode\/02-depurativo\/#primaryimage\"},\"thumbnailUrl\":\"https:\/\/beautyequipment.shop\/wp-content\/uploads\/2023\/09\/render_Decottopia_IT_02-min-scaled.jpg\",\"datePublished\":\"2023-09-27T11:16:19+00:00\",\"breadcrumb\":{\"@id\":\"https:\/\/beautyequipment.shop\/lv\/toode\/02-depurativo\/#breadcrumb\"},\"inLanguage\":\"lv-LV\",\"potentialAction\":[{\"@type\":\"ReadAction\",\"target\":[\"https:\/\/beautyequipment.shop\/lv\/toode\/02-depurativo\/\"]}]},{\"@type\":\"ImageObject\",\"inLanguage\":\"lv-LV\",\"@id\":\"https:\/\/beautyequipment.shop\/lv\/toode\/02-depurativo\/#primaryimage\",\"url\":\"https:\/\/beautyequipment.shop\/wp-content\/uploads\/2023\/09\/render_Decottopia_IT_02-min-scaled.jpg\",\"contentUrl\":\"https:\/\/beautyequipment.shop\/wp-content\/uploads\/2023\/09\/render_Decottopia_IT_02-min-scaled.jpg\",\"width\":2560,\"height\":2560},{\"@type\":\"BreadcrumbList\",\"@id\":\"https:\/\/beautyequipment.shop\/lv\/toode\/02-depurativo\/#breadcrumb\",\"itemListElement\":[{\"@type\":\"ListItem\",\"position\":1,\"name\":\"Home\",\"item\":\"https:\/\/beautyequipment.shop\/lv\/sakumlapa\/\"},{\"@type\":\"ListItem\",\"position\":2,\"name\":\"Veikals veikal\u0101\",\"item\":\"https:\/\/beautyequipment.shop\/lv\/shop\/\"},{\"@type\":\"ListItem\",\"position\":3,\"name\":\"Izraksts 02 Depurativo\"}]},{\"@type\":\"WebSite\",\"@id\":\"https:\/\/beautyequipment.shop\/#website\",\"url\":\"https:\/\/beautyequipment.shop\/\",\"name\":\"Beauty Equipment\",\"description\":\"Toidulisandid ilu ja tervise heaks\",\"publisher\":{\"@id\":\"https:\/\/beautyequipment.shop\/#organization\"},\"potentialAction\":[{\"@type\":\"SearchAction\",\"target\":{\"@type\":\"EntryPoint\",\"urlTemplate\":\"https:\/\/beautyequipment.shop\/?s={search_term_string}\"},\"query-input\":{\"@type\":\"PropertyValueSpecification\",\"valueRequired\":true,\"valueName\":\"search_term_string\"}}],\"inLanguage\":\"lv-LV\"},{\"@type\":\"Organization\",\"@id\":\"https:\/\/beautyequipment.shop\/#organization\",\"name\":\"Beauty Equipment\",\"url\":\"https:\/\/beautyequipment.shop\/\",\"logo\":{\"@type\":\"ImageObject\",\"inLanguage\":\"lv-LV\",\"@id\":\"https:\/\/beautyequipment.shop\/#\/schema\/logo\/image\/\",\"url\":\"https:\/\/beautyequipment.shop\/wp-content\/uploads\/2024\/09\/Beauty-Equipment-logo-300x109-1.webp\",\"contentUrl\":\"https:\/\/beautyequipment.shop\/wp-content\/uploads\/2024\/09\/Beauty-Equipment-logo-300x109-1.webp\",\"width\":300,\"height\":109,\"caption\":\"Beauty Equipment\"},\"image\":{\"@id\":\"https:\/\/beautyequipment.shop\/#\/schema\/logo\/image\/\"},\"sameAs\":[\"https:\/\/facebook.com\/beautyequipment.ou\",\"https:\/\/instagram.com\/tisanoreica.nord\"]}]}<\/script>\n<!-- \/ Yoast SEO plugin. -->","yoast_head_json":{"title":"Izraksts 02 Depurativo - Beauty Equipment","robots":{"index":"index","follow":"follow","max-snippet":"max-snippet:-1","max-image-preview":"max-image-preview:large","max-video-preview":"max-video-preview:-1"},"canonical":"https:\/\/beautyequipment.shop\/lv\/toode\/02-depurativo\/","og_locale":"lv_LV","og_type":"article","og_title":"Izraksts 02 Depurativo - Beauty Equipment","og_description":"No \u0101rstniec\u012bbas augu \u016bdens ekstraktiem gatavots uztura bag\u0101tin\u0101t\u0101js. Fiziolo\u0123isk\u0101 ietekme. An\u012bss: gremo\u0161anas funkcija, regul\u0101ra gremo\u0161anas trakta motorika un g\u0101zu izdal\u012b\u0161an\u0101s; Arti\u0161oki: aknu darb\u012bba, organisma att\u012br\u012b\u0161anas funkcija, lip\u012bdu vielmai\u0146a. Lieto\u0161anas instrukcija: ieteicams lietot 30 ml dien\u0101, at\u0161\u0137aidot 1,5 L \u016bdens, no r\u012bta tuk\u0161\u0101 d\u016b\u0161\u0101 un\/vai p\u0113c galven\u0101s \u0113dienreizes. Antioksidants, ko izmanto k\u0101 s\u0101kotn\u0113jo vai prim\u0101ro detoksik\u0101cijas l\u012bdzekli visiem Tisanoreica l\u012bdzek\u013ciem. Pal\u012bdz mazin\u0101t pa\u0123iras.","og_url":"https:\/\/beautyequipment.shop\/lv\/toode\/02-depurativo\/","og_site_name":"Beauty Equipment","article_publisher":"https:\/\/facebook.com\/beautyequipment.ou","og_image":[{"width":2560,"height":2560,"url":"https:\/\/beautyequipment.shop\/wp-content\/uploads\/2023\/09\/render_Decottopia_IT_02-min-scaled.jpg","type":"image\/jpeg"}],"twitter_card":"summary_large_image","twitter_misc":{"Est. reading time":"2 minutes"},"schema":{"@context":"https:\/\/schema.org","@graph":[{"@type":"WebPage","@id":"https:\/\/beautyequipment.shop\/lv\/toode\/02-depurativo\/","url":"https:\/\/beautyequipment.shop\/lv\/toode\/02-depurativo\/","name":"Izraksts 02 Depurativo - Beauty Equipment","isPartOf":{"@id":"https:\/\/beautyequipment.shop\/#website"},"primaryImageOfPage":{"@id":"https:\/\/beautyequipment.shop\/lv\/toode\/02-depurativo\/#primaryimage"},"image":{"@id":"https:\/\/beautyequipment.shop\/lv\/toode\/02-depurativo\/#primaryimage"},"thumbnailUrl":"https:\/\/beautyequipment.shop\/wp-content\/uploads\/2023\/09\/render_Decottopia_IT_02-min-scaled.jpg","datePublished":"2023-09-27T11:16:19+00:00","breadcrumb":{"@id":"https:\/\/beautyequipment.shop\/lv\/toode\/02-depurativo\/#breadcrumb"},"inLanguage":"lv-LV","potentialAction":[{"@type":"ReadAction","target":["https:\/\/beautyequipment.shop\/lv\/toode\/02-depurativo\/"]}]},{"@type":"ImageObject","inLanguage":"lv-LV","@id":"https:\/\/beautyequipment.shop\/lv\/toode\/02-depurativo\/#primaryimage","url":"https:\/\/beautyequipment.shop\/wp-content\/uploads\/2023\/09\/render_Decottopia_IT_02-min-scaled.jpg","contentUrl":"https:\/\/beautyequipment.shop\/wp-content\/uploads\/2023\/09\/render_Decottopia_IT_02-min-scaled.jpg","width":2560,"height":2560},{"@type":"BreadcrumbList","@id":"https:\/\/beautyequipment.shop\/lv\/toode\/02-depurativo\/#breadcrumb","itemListElement":[{"@type":"ListItem","position":1,"name":"Home","item":"https:\/\/beautyequipment.shop\/lv\/sakumlapa\/"},{"@type":"ListItem","position":2,"name":"Veikals veikal\u0101","item":"https:\/\/beautyequipment.shop\/lv\/shop\/"},{"@type":"ListItem","position":3,"name":"Izraksts 02 Depurativo"}]},{"@type":"WebSite","@id":"https:\/\/beautyequipment.shop\/#website","url":"https:\/\/beautyequipment.shop\/","name":"Beauty Equipment","description":"Toidulisandid ilu ja tervise heaks","publisher":{"@id":"https:\/\/beautyequipment.shop\/#organization"},"potentialAction":[{"@type":"SearchAction","target":{"@type":"EntryPoint","urlTemplate":"https:\/\/beautyequipment.shop\/?s={search_term_string}"},"query-input":{"@type":"PropertyValueSpecification","valueRequired":true,"valueName":"search_term_string"}}],"inLanguage":"lv-LV"},{"@type":"Organization","@id":"https:\/\/beautyequipment.shop\/#organization","name":"Beauty Equipment","url":"https:\/\/beautyequipment.shop\/","logo":{"@type":"ImageObject","inLanguage":"lv-LV","@id":"https:\/\/beautyequipment.shop\/#\/schema\/logo\/image\/","url":"https:\/\/beautyequipment.shop\/wp-content\/uploads\/2024\/09\/Beauty-Equipment-logo-300x109-1.webp","contentUrl":"https:\/\/beautyequipment.shop\/wp-content\/uploads\/2024\/09\/Beauty-Equipment-logo-300x109-1.webp","width":300,"height":109,"caption":"Beauty Equipment"},"image":{"@id":"https:\/\/beautyequipment.shop\/#\/schema\/logo\/image\/"},"sameAs":["https:\/\/facebook.com\/beautyequipment.ou","https:\/\/instagram.com\/tisanoreica.nord"]}]}},"_links":{"self":[{"href":"https:\/\/beautyequipment.shop\/lv\/wp-json\/wp\/v2\/product\/841","targetHints":{"allow":["GET"]}}],"collection":[{"href":"https:\/\/beautyequipment.shop\/lv\/wp-json\/wp\/v2\/product"}],"about":[{"href":"https:\/\/beautyequipment.shop\/lv\/wp-json\/wp\/v2\/types\/product"}],"wp:featuredmedia":[{"embeddable":true,"href":"https:\/\/beautyequipment.shop\/lv\/wp-json\/wp\/v2\/media\/529"}],"wp:attachment":[{"href":"https:\/\/beautyequipment.shop\/lv\/wp-json\/wp\/v2\/media?parent=841"}],"wp:term":[{"taxonomy":"product_brand","embeddable":true,"href":"https:\/\/beautyequipment.shop\/lv\/wp-json\/wp\/v2\/product_brand?post=841"},{"taxonomy":"product_cat","embeddable":true,"href":"https:\/\/beautyequipment.shop\/lv\/wp-json\/wp\/v2\/product_cat?post=841"},{"taxonomy":"product_tag","embeddable":true,"href":"https:\/\/beautyequipment.shop\/lv\/wp-json\/wp\/v2\/product_tag?post=841"}],"curies":[{"name":"wp","href":"https:\/\/api.w.org\/{rel}","templated":true}]}}