{"id":840,"date":"2023-09-27T13:59:29","date_gmt":"2023-09-27T10:59:29","guid":{"rendered":"https:\/\/beautyequipment.shop\/toode\/kolagena-dzeriens\/"},"modified":"2023-09-27T13:59:29","modified_gmt":"2023-09-27T10:59:29","slug":"kolagena-dzeriens","status":"publish","type":"product","link":"https:\/\/beautyequipment.shop\/lv\/toode\/kolagena-dzeriens\/","title":{"rendered":"Kolag\u0113na dz\u0113riens"},"content":{"rendered":"<p>Pal\u012bdz aizsarg\u0101t \u0161\u016bnas no oksidat\u012bv\u0101 stresa (E vitam\u012bns), pamat\u0101 VERISOL\u00ae (hidroliz\u0113ti kolag\u0113na pept\u012bdi), Lipowheat\u2122 (augu keram\u012bdi), hialuronsk\u0101be, vitam\u012bni ar saldin\u0101t\u0101jiem.<\/p>\n<p>AR KOLAG\u0112NU UN AUGU KERAM\u012aDIEM, KAS PIE\u0160\u0136IR PERSIKU UN OGU GAR\u0160U. Ar saldin\u0101t\u0101jiem.<\/p>\n<p><strong>Sast\u0101vs:<\/strong> \u016bdens, VERISOL\u00ae (hidroliz\u0113ti kolag\u0113na pept\u012bdi), stabilizators: glicer\u012bns; sk\u0101buma regulators: citronsk\u0101be; C vitam\u012bns (L-askorb\u012bnsk\u0101be), n\u0101trija hialuron\u0101ts, E vitam\u012bns (DL-alfa-tokoferila acet\u0101ts), Lipowheat\u2122 e\u013c\u013ca: ieg\u016bta no kvie\u0161iem (Triticum aestivum L.).) graudos titr\u0113ti 3% fitokeram\u012bdu, konservanti: n\u0101trija benzo\u0101ts, k\u0101lija sorb\u0101ts; emulgators: E 433; cinka citr\u0101ts, aromatiz\u0113t\u0101ji, saldin\u0101t\u0101js: sukralozes; biot\u012bns.<\/p>\n<p><strong>Uzglab\u0101\u0161ana:<\/strong> Uzglab\u0101t v\u0113s\u0101, saus\u0101 viet\u0101 istabas temperat\u016br\u0101; izvair\u012bties no viet\u0113jo siltuma avotu, saules gaismas un mitruma iedarb\u012bbas. Der\u012bguma termi\u0146\u0161 attiecas uz produktu neatv\u0113rt\u0101 iepakojum\u0101, pareizi uzglab\u0101tu.<\/p>\n<p><strong>Lieto\u0161anas instrukcija:<\/strong> Ieteicams lietot vienu n\u016bji\u0146u dien\u0101 t\u012bru vai at\u0161\u0137aid\u012btu ar gl\u0101zi \u016bdens.<\/p>\n<p><strong>Br\u012bdin\u0101jumi:<\/strong> Glab\u0101t b\u0113rniem l\u012bdz tr\u012bs gadu vecumam nepieejam\u0101 viet\u0101. Uztura bag\u0101tin\u0101t\u0101jiem nevajadz\u0113tu aizst\u0101t daudzveid\u012bgu un sabalans\u0113tu uzturu un vesel\u012bgu dz\u012bvesveidu. Nep\u0101rsniedziet ieteicamo dienas devu. Nelietot, ja Jums ir paaugstin\u0101ta jut\u012bba pret vienu vai vair\u0101k\u0101m produkta sast\u0101vda\u013c\u0101m.<\/p>\n<p>&nbsp;<\/p>\n<p><strong>VERISOL\u00ae ir Gelita AG re\u0123istr\u0113ta pre\u010du z\u012bme. Lipowheat\u2122 ir re\u0123istr\u0113ta Robertet Health &amp; Beauty pre\u010du z\u012bme.<\/strong><\/p>\n<p>&nbsp;<\/p>\n<p>Partijas un der\u012bguma termi\u0146\u0161: skat\u012bt uz iepakojuma.<\/p>\n<p>Vid\u0113jais saturs ieteicamaj\u0101 dev\u0101 (1 n\u016bji\u0146a): VERISOL\u00ae 5 g Hialuronsk\u0101be 100 mg Lipowheat\u2122 50 mg, no tiem fitokeram\u012bdi 1,5 mg C vitam\u012bns 80 mg 100%* E vitam\u012bns 18 mg 150%* Biot\u012bns 100 \u03bcg 200%* Cinks 7,5 mg 75%* *NRV = uzturvielu atsauces v\u0113rt\u012bbas.<\/p>\n<p>20 n\u016bji\u0146as (20 ml\/ gab.)<\/p>\n","protected":false},"excerpt":{"rendered":"<p>Uztura bag\u0101tin\u0101t\u0101js, kas pal\u012bdz uztur\u0113t norm\u0101lu \u0101das st\u0101vokli (biot\u012bns un cinks) un norm\u0101lu kolag\u0113na veido\u0161anos, lai nodro\u0161in\u0101tu norm\u0101lu \u0101das funkciju (C vitam\u012bns).<\/p>\n","protected":false},"featured_media":520,"template":"","meta":[],"product_brand":[],"product_cat":[65],"product_tag":[],"class_list":{"0":"post-840","1":"product","2":"type-product","3":"status-publish","4":"has-post-thumbnail","6":"product_cat-papildinajumi","8":"first","9":"instock","10":"taxable","11":"shipping-taxable","12":"purchasable","13":"product-type-simple"},"yoast_head":"<!-- This site is optimized with the Yoast SEO plugin v27.0 - https:\/\/yoast.com\/product\/yoast-seo-wordpress\/ -->\n<title>Kolag\u0113na dz\u0113riens - Beauty Equipment<\/title>\n<meta name=\"robots\" content=\"index, follow, max-snippet:-1, max-image-preview:large, max-video-preview:-1\" \/>\n<link rel=\"canonical\" href=\"https:\/\/beautyequipment.shop\/lv\/toode\/kolagena-dzeriens\/\" \/>\n<meta property=\"og:locale\" content=\"lv_LV\" \/>\n<meta property=\"og:type\" content=\"article\" \/>\n<meta property=\"og:title\" content=\"Kolag\u0113na dz\u0113riens - Beauty Equipment\" \/>\n<meta property=\"og:description\" content=\"Uztura bag\u0101tin\u0101t\u0101js, kas pal\u012bdz uztur\u0113t norm\u0101lu \u0101das st\u0101vokli (biot\u012bns un cinks) un norm\u0101lu kolag\u0113na veido\u0161anos, lai nodro\u0161in\u0101tu norm\u0101lu \u0101das funkciju (C vitam\u012bns).\" \/>\n<meta property=\"og:url\" content=\"https:\/\/beautyequipment.shop\/lv\/toode\/kolagena-dzeriens\/\" \/>\n<meta property=\"og:site_name\" content=\"Beauty Equipment\" \/>\n<meta property=\"article:publisher\" content=\"https:\/\/facebook.com\/beautyequipment.ou\" \/>\n<meta property=\"og:image\" content=\"https:\/\/beautyequipment.shop\/wp-content\/uploads\/2023\/09\/collagen_drink-min-scaled.jpg\" \/>\n\t<meta property=\"og:image:width\" content=\"2560\" \/>\n\t<meta property=\"og:image:height\" content=\"2560\" \/>\n\t<meta property=\"og:image:type\" content=\"image\/jpeg\" \/>\n<meta name=\"twitter:card\" content=\"summary_large_image\" \/>\n<meta name=\"twitter:label1\" content=\"Est. reading time\" \/>\n\t<meta name=\"twitter:data1\" content=\"2 minutes\" \/>\n<script type=\"application\/ld+json\" class=\"yoast-schema-graph\">{\"@context\":\"https:\/\/schema.org\",\"@graph\":[{\"@type\":\"WebPage\",\"@id\":\"https:\/\/beautyequipment.shop\/lv\/toode\/kolagena-dzeriens\/\",\"url\":\"https:\/\/beautyequipment.shop\/lv\/toode\/kolagena-dzeriens\/\",\"name\":\"Kolag\u0113na dz\u0113riens - Beauty Equipment\",\"isPartOf\":{\"@id\":\"https:\/\/beautyequipment.shop\/#website\"},\"primaryImageOfPage\":{\"@id\":\"https:\/\/beautyequipment.shop\/lv\/toode\/kolagena-dzeriens\/#primaryimage\"},\"image\":{\"@id\":\"https:\/\/beautyequipment.shop\/lv\/toode\/kolagena-dzeriens\/#primaryimage\"},\"thumbnailUrl\":\"https:\/\/beautyequipment.shop\/wp-content\/uploads\/2023\/09\/collagen_drink-min-scaled.jpg\",\"datePublished\":\"2023-09-27T10:59:29+00:00\",\"breadcrumb\":{\"@id\":\"https:\/\/beautyequipment.shop\/lv\/toode\/kolagena-dzeriens\/#breadcrumb\"},\"inLanguage\":\"lv-LV\",\"potentialAction\":[{\"@type\":\"ReadAction\",\"target\":[\"https:\/\/beautyequipment.shop\/lv\/toode\/kolagena-dzeriens\/\"]}]},{\"@type\":\"ImageObject\",\"inLanguage\":\"lv-LV\",\"@id\":\"https:\/\/beautyequipment.shop\/lv\/toode\/kolagena-dzeriens\/#primaryimage\",\"url\":\"https:\/\/beautyequipment.shop\/wp-content\/uploads\/2023\/09\/collagen_drink-min-scaled.jpg\",\"contentUrl\":\"https:\/\/beautyequipment.shop\/wp-content\/uploads\/2023\/09\/collagen_drink-min-scaled.jpg\",\"width\":2560,\"height\":2560,\"caption\":\"Kolag\u0113na dz\u0113riens\"},{\"@type\":\"BreadcrumbList\",\"@id\":\"https:\/\/beautyequipment.shop\/lv\/toode\/kolagena-dzeriens\/#breadcrumb\",\"itemListElement\":[{\"@type\":\"ListItem\",\"position\":1,\"name\":\"Home\",\"item\":\"https:\/\/beautyequipment.shop\/lv\/sakumlapa\/\"},{\"@type\":\"ListItem\",\"position\":2,\"name\":\"Veikals veikal\u0101\",\"item\":\"https:\/\/beautyequipment.shop\/lv\/shop\/\"},{\"@type\":\"ListItem\",\"position\":3,\"name\":\"Kolag\u0113na dz\u0113riens\"}]},{\"@type\":\"WebSite\",\"@id\":\"https:\/\/beautyequipment.shop\/#website\",\"url\":\"https:\/\/beautyequipment.shop\/\",\"name\":\"Beauty Equipment\",\"description\":\"Toidulisandid ilu ja tervise heaks\",\"publisher\":{\"@id\":\"https:\/\/beautyequipment.shop\/#organization\"},\"potentialAction\":[{\"@type\":\"SearchAction\",\"target\":{\"@type\":\"EntryPoint\",\"urlTemplate\":\"https:\/\/beautyequipment.shop\/?s={search_term_string}\"},\"query-input\":{\"@type\":\"PropertyValueSpecification\",\"valueRequired\":true,\"valueName\":\"search_term_string\"}}],\"inLanguage\":\"lv-LV\"},{\"@type\":\"Organization\",\"@id\":\"https:\/\/beautyequipment.shop\/#organization\",\"name\":\"Beauty Equipment\",\"url\":\"https:\/\/beautyequipment.shop\/\",\"logo\":{\"@type\":\"ImageObject\",\"inLanguage\":\"lv-LV\",\"@id\":\"https:\/\/beautyequipment.shop\/#\/schema\/logo\/image\/\",\"url\":\"https:\/\/beautyequipment.shop\/wp-content\/uploads\/2024\/09\/Beauty-Equipment-logo-300x109-1.webp\",\"contentUrl\":\"https:\/\/beautyequipment.shop\/wp-content\/uploads\/2024\/09\/Beauty-Equipment-logo-300x109-1.webp\",\"width\":300,\"height\":109,\"caption\":\"Beauty Equipment\"},\"image\":{\"@id\":\"https:\/\/beautyequipment.shop\/#\/schema\/logo\/image\/\"},\"sameAs\":[\"https:\/\/facebook.com\/beautyequipment.ou\",\"https:\/\/instagram.com\/tisanoreica.nord\"]}]}<\/script>\n<!-- \/ Yoast SEO plugin. -->","yoast_head_json":{"title":"Kolag\u0113na dz\u0113riens - Beauty Equipment","robots":{"index":"index","follow":"follow","max-snippet":"max-snippet:-1","max-image-preview":"max-image-preview:large","max-video-preview":"max-video-preview:-1"},"canonical":"https:\/\/beautyequipment.shop\/lv\/toode\/kolagena-dzeriens\/","og_locale":"lv_LV","og_type":"article","og_title":"Kolag\u0113na dz\u0113riens - Beauty Equipment","og_description":"Uztura bag\u0101tin\u0101t\u0101js, kas pal\u012bdz uztur\u0113t norm\u0101lu \u0101das st\u0101vokli (biot\u012bns un cinks) un norm\u0101lu kolag\u0113na veido\u0161anos, lai nodro\u0161in\u0101tu norm\u0101lu \u0101das funkciju (C vitam\u012bns).","og_url":"https:\/\/beautyequipment.shop\/lv\/toode\/kolagena-dzeriens\/","og_site_name":"Beauty Equipment","article_publisher":"https:\/\/facebook.com\/beautyequipment.ou","og_image":[{"width":2560,"height":2560,"url":"https:\/\/beautyequipment.shop\/wp-content\/uploads\/2023\/09\/collagen_drink-min-scaled.jpg","type":"image\/jpeg"}],"twitter_card":"summary_large_image","twitter_misc":{"Est. reading time":"2 minutes"},"schema":{"@context":"https:\/\/schema.org","@graph":[{"@type":"WebPage","@id":"https:\/\/beautyequipment.shop\/lv\/toode\/kolagena-dzeriens\/","url":"https:\/\/beautyequipment.shop\/lv\/toode\/kolagena-dzeriens\/","name":"Kolag\u0113na dz\u0113riens - Beauty Equipment","isPartOf":{"@id":"https:\/\/beautyequipment.shop\/#website"},"primaryImageOfPage":{"@id":"https:\/\/beautyequipment.shop\/lv\/toode\/kolagena-dzeriens\/#primaryimage"},"image":{"@id":"https:\/\/beautyequipment.shop\/lv\/toode\/kolagena-dzeriens\/#primaryimage"},"thumbnailUrl":"https:\/\/beautyequipment.shop\/wp-content\/uploads\/2023\/09\/collagen_drink-min-scaled.jpg","datePublished":"2023-09-27T10:59:29+00:00","breadcrumb":{"@id":"https:\/\/beautyequipment.shop\/lv\/toode\/kolagena-dzeriens\/#breadcrumb"},"inLanguage":"lv-LV","potentialAction":[{"@type":"ReadAction","target":["https:\/\/beautyequipment.shop\/lv\/toode\/kolagena-dzeriens\/"]}]},{"@type":"ImageObject","inLanguage":"lv-LV","@id":"https:\/\/beautyequipment.shop\/lv\/toode\/kolagena-dzeriens\/#primaryimage","url":"https:\/\/beautyequipment.shop\/wp-content\/uploads\/2023\/09\/collagen_drink-min-scaled.jpg","contentUrl":"https:\/\/beautyequipment.shop\/wp-content\/uploads\/2023\/09\/collagen_drink-min-scaled.jpg","width":2560,"height":2560,"caption":"Kolag\u0113na dz\u0113riens"},{"@type":"BreadcrumbList","@id":"https:\/\/beautyequipment.shop\/lv\/toode\/kolagena-dzeriens\/#breadcrumb","itemListElement":[{"@type":"ListItem","position":1,"name":"Home","item":"https:\/\/beautyequipment.shop\/lv\/sakumlapa\/"},{"@type":"ListItem","position":2,"name":"Veikals veikal\u0101","item":"https:\/\/beautyequipment.shop\/lv\/shop\/"},{"@type":"ListItem","position":3,"name":"Kolag\u0113na dz\u0113riens"}]},{"@type":"WebSite","@id":"https:\/\/beautyequipment.shop\/#website","url":"https:\/\/beautyequipment.shop\/","name":"Beauty Equipment","description":"Toidulisandid ilu ja tervise heaks","publisher":{"@id":"https:\/\/beautyequipment.shop\/#organization"},"potentialAction":[{"@type":"SearchAction","target":{"@type":"EntryPoint","urlTemplate":"https:\/\/beautyequipment.shop\/?s={search_term_string}"},"query-input":{"@type":"PropertyValueSpecification","valueRequired":true,"valueName":"search_term_string"}}],"inLanguage":"lv-LV"},{"@type":"Organization","@id":"https:\/\/beautyequipment.shop\/#organization","name":"Beauty Equipment","url":"https:\/\/beautyequipment.shop\/","logo":{"@type":"ImageObject","inLanguage":"lv-LV","@id":"https:\/\/beautyequipment.shop\/#\/schema\/logo\/image\/","url":"https:\/\/beautyequipment.shop\/wp-content\/uploads\/2024\/09\/Beauty-Equipment-logo-300x109-1.webp","contentUrl":"https:\/\/beautyequipment.shop\/wp-content\/uploads\/2024\/09\/Beauty-Equipment-logo-300x109-1.webp","width":300,"height":109,"caption":"Beauty Equipment"},"image":{"@id":"https:\/\/beautyequipment.shop\/#\/schema\/logo\/image\/"},"sameAs":["https:\/\/facebook.com\/beautyequipment.ou","https:\/\/instagram.com\/tisanoreica.nord"]}]}},"_links":{"self":[{"href":"https:\/\/beautyequipment.shop\/lv\/wp-json\/wp\/v2\/product\/840","targetHints":{"allow":["GET"]}}],"collection":[{"href":"https:\/\/beautyequipment.shop\/lv\/wp-json\/wp\/v2\/product"}],"about":[{"href":"https:\/\/beautyequipment.shop\/lv\/wp-json\/wp\/v2\/types\/product"}],"wp:featuredmedia":[{"embeddable":true,"href":"https:\/\/beautyequipment.shop\/lv\/wp-json\/wp\/v2\/media\/520"}],"wp:attachment":[{"href":"https:\/\/beautyequipment.shop\/lv\/wp-json\/wp\/v2\/media?parent=840"}],"wp:term":[{"taxonomy":"product_brand","embeddable":true,"href":"https:\/\/beautyequipment.shop\/lv\/wp-json\/wp\/v2\/product_brand?post=840"},{"taxonomy":"product_cat","embeddable":true,"href":"https:\/\/beautyequipment.shop\/lv\/wp-json\/wp\/v2\/product_cat?post=840"},{"taxonomy":"product_tag","embeddable":true,"href":"https:\/\/beautyequipment.shop\/lv\/wp-json\/wp\/v2\/product_tag?post=840"}],"curies":[{"name":"wp","href":"https:\/\/api.w.org\/{rel}","templated":true}]}}