{"id":839,"date":"2023-10-03T00:57:01","date_gmt":"2023-10-02T21:57:01","guid":{"rendered":"https:\/\/beautyequipment.shop\/toode\/cell-s-o-d\/"},"modified":"2023-10-03T00:57:01","modified_gmt":"2023-10-02T21:57:01","slug":"sunas-sod","status":"publish","type":"product","link":"https:\/\/beautyequipment.shop\/lv\/toode\/sunas-sod\/","title":{"rendered":"Cell S.O.D."},"content":{"rendered":"<p>CELL SOD DIET ar cukuru un saldin\u0101t\u0101jiem<\/p>\n<p><strong>Sast\u0101vs:<\/strong>  Kvie\u0161u ciete, fruktoze, anan\u0101su sulas pulveris (Ananas comosus (L.) Merr.) k\u0101ti\u0146\u0161 ar fermentat\u012bvo aktivit\u0101ti 2400 GDU\/d, sk\u0101buma regulatori: \u0101bolsk\u0101be un citronsk\u0101be, gar\u0161vielas, kofe\u012bns, Vidus\u0101zijas \u016bdensz\u0101le (Centella asiatica (L.) Urb.) lapu sausais ekstrakts ar 45 % triterp\u0113nu, pretsalipes viela: sil\u012bcija dioks\u012bds (nano), p\u0101rkl\u0101ta sald\u0113ta melone (Cucumis melo L.) sula (maltodekstr\u012bns, sald\u0113ta melo\u0146u sula, pul\u0113\u0161anas l\u012bdzeklis: laka ar SOD aktivit\u0101ti 1200 SV\/100 g), cinka glikon\u0101ts, saldin\u0101t\u0101ji: sukralozes un k\u0101lija acet\u0101ta sulf\u0101ts, j\u016bras priedes (Pinus pinaster Ait.) mizas sausais ekstrakts ar procianid\u012bna saturu 67 %, kr\u0101sviela: betakarot\u012bns.<\/p>\n<p><strong>Fiziolo\u0123isk\u0101 ietekme:<\/strong> (anan\u0101si, Vidus\u0101zijas \u016bdensz\u0101le) MIKROVERSE RING FUNKCIONALIT\u0100TE &#8211; k\u0101ju stipr\u012bba (Vidus\u0101zijas \u016bdensz\u0101le) NAHA TROFIJA (melones) ANTIOKSIDANTS (piej\u016bras priede).<\/p>\n<p><strong>Lieto\u0161anas instrukcija:<\/strong> ieteicams lietot vienu paci\u0146u (5 g) dien\u0101. 5 g pulvera p\u0101rlej ar 150 ml \u016bdens un maisot uzlej, l\u012bdz tas piln\u012bb\u0101 iz\u0161\u0137\u012bst. Ieteicams to lietot t\u016bl\u012bt p\u0113c pagatavo\u0161anas.<\/p>\n<p><strong>Br\u012bdin\u0101jums: <\/strong>Nep\u0101rsniedziet maksim\u0101lo ieteicamo dienas devu. Uzglab\u0101t b\u0113rniem l\u012bdz 3 gadu vecumam nepieejam\u0101 viet\u0101. Uztura bag\u0101tin\u0101t\u0101ji nevar aizst\u0101t daudzveid\u012bgu un sabalans\u0113tu uzturu un vesel\u012bgu dz\u012bvesveidu. Satur kofe\u012bnu (80 mg\/ieteicam\u0101 deva). Nav ieteicams lietot b\u0113rniem, gr\u016btniec\u012bbas un z\u012bd\u012b\u0161anas laik\u0101. Uztur\u0113\u0161ana. Uzglab\u0101t v\u0113s\u0101, saus\u0101 viet\u0101 istabas temperat\u016br\u0101 &lt;25\u00b0C. Izvairieties no karstuma avotu un saules gaismas iedarb\u012bbas.<\/p>\n<p>Der\u012bguma termi\u0146\u0161 ir der\u012bgs neatv\u0113rtam produktam neatv\u0113rt\u0101 iepakojum\u0101, ja tas ir pareizi aizv\u0113rts un uzglab\u0101ts.<\/p>\n<p>Partijas un der\u012bguma termi\u0146\u0161: skat\u012bt lodzi\u0146u.<\/p>\n<p><span style=\"background-color: var(--ska-color-site-background, #fff); color: var(--ska-color-site); font-family: var(--ska-theme-font, var(--ska-font-sans)); font-size: var(--ska-theme-font-size, 16px);\">KOPSAVILKUMS SAST\u0100VUMS MAKSIM\u0100L\u0100 IETEIKT\u0100 DIENAS DOR\u0100\u017d\u0100 (1 maisi\u0146\u0161) uz 5 g Melones sula ar SOD aktivit\u0101ti Anan\u0101su sausais ekstrakts ar procianid\u012bna saturu Kofe\u012bns Vidus\u0101zijas og\u013c\u016bde\u0146ra\u017eu ekstrakts ar triterp\u0113nu saturu Anan\u0101su sula ar fermentat\u012bvo aktivit\u0101ti Cinks<\/span><\/p>\n","protected":false},"excerpt":{"rendered":"<p>Samazina celul\u012bta izskatu un uzlabo mikrocirkul\u0101cijas funkcijas.<\/p>\n","protected":false},"featured_media":523,"template":"","meta":[],"product_brand":[],"product_cat":[63],"product_tag":[],"class_list":{"0":"post-839","1":"product","2":"type-product","3":"status-publish","4":"has-post-thumbnail","6":"product_cat-kermenim","8":"first","9":"instock","10":"taxable","11":"shipping-taxable","12":"purchasable","13":"product-type-simple"},"yoast_head":"<!-- This site is optimized with the Yoast SEO plugin v27.0 - https:\/\/yoast.com\/product\/yoast-seo-wordpress\/ -->\n<title>Cell S.O.D. - Beauty Equipment<\/title>\n<meta name=\"robots\" content=\"index, follow, max-snippet:-1, max-image-preview:large, max-video-preview:-1\" \/>\n<link rel=\"canonical\" href=\"https:\/\/beautyequipment.shop\/lv\/toode\/sunas-sod\/\" \/>\n<meta property=\"og:locale\" content=\"lv_LV\" \/>\n<meta property=\"og:type\" content=\"article\" \/>\n<meta property=\"og:title\" content=\"Cell S.O.D. - Beauty Equipment\" \/>\n<meta property=\"og:description\" content=\"Samazina celul\u012bta izskatu un uzlabo mikrocirkul\u0101cijas funkcijas.\" \/>\n<meta property=\"og:url\" content=\"https:\/\/beautyequipment.shop\/lv\/toode\/sunas-sod\/\" \/>\n<meta property=\"og:site_name\" content=\"Beauty Equipment\" \/>\n<meta property=\"article:publisher\" content=\"https:\/\/facebook.com\/beautyequipment.ou\" \/>\n<meta property=\"og:image\" content=\"https:\/\/beautyequipment.shop\/wp-content\/uploads\/2023\/09\/CELL_SOD_NEW-min-scaled.jpg\" \/>\n\t<meta property=\"og:image:width\" content=\"2560\" \/>\n\t<meta property=\"og:image:height\" content=\"2560\" \/>\n\t<meta property=\"og:image:type\" content=\"image\/jpeg\" \/>\n<meta name=\"twitter:card\" content=\"summary_large_image\" \/>\n<meta name=\"twitter:label1\" content=\"Est. reading time\" \/>\n\t<meta name=\"twitter:data1\" content=\"2 minutes\" \/>\n<script type=\"application\/ld+json\" class=\"yoast-schema-graph\">{\"@context\":\"https:\/\/schema.org\",\"@graph\":[{\"@type\":\"WebPage\",\"@id\":\"https:\/\/beautyequipment.shop\/lv\/toode\/sunas-sod\/\",\"url\":\"https:\/\/beautyequipment.shop\/lv\/toode\/sunas-sod\/\",\"name\":\"Cell S.O.D. - Beauty Equipment\",\"isPartOf\":{\"@id\":\"https:\/\/beautyequipment.shop\/#website\"},\"primaryImageOfPage\":{\"@id\":\"https:\/\/beautyequipment.shop\/lv\/toode\/sunas-sod\/#primaryimage\"},\"image\":{\"@id\":\"https:\/\/beautyequipment.shop\/lv\/toode\/sunas-sod\/#primaryimage\"},\"thumbnailUrl\":\"https:\/\/beautyequipment.shop\/wp-content\/uploads\/2023\/09\/CELL_SOD_NEW-min-scaled.jpg\",\"datePublished\":\"2023-10-02T21:57:01+00:00\",\"breadcrumb\":{\"@id\":\"https:\/\/beautyequipment.shop\/lv\/toode\/sunas-sod\/#breadcrumb\"},\"inLanguage\":\"lv-LV\",\"potentialAction\":[{\"@type\":\"ReadAction\",\"target\":[\"https:\/\/beautyequipment.shop\/lv\/toode\/sunas-sod\/\"]}]},{\"@type\":\"ImageObject\",\"inLanguage\":\"lv-LV\",\"@id\":\"https:\/\/beautyequipment.shop\/lv\/toode\/sunas-sod\/#primaryimage\",\"url\":\"https:\/\/beautyequipment.shop\/wp-content\/uploads\/2023\/09\/CELL_SOD_NEW-min-scaled.jpg\",\"contentUrl\":\"https:\/\/beautyequipment.shop\/wp-content\/uploads\/2023\/09\/CELL_SOD_NEW-min-scaled.jpg\",\"width\":2560,\"height\":2560,\"caption\":\"\u0161\u016bnu n\u0101trija uztura bag\u0101tin\u0101t\u0101js\"},{\"@type\":\"BreadcrumbList\",\"@id\":\"https:\/\/beautyequipment.shop\/lv\/toode\/sunas-sod\/#breadcrumb\",\"itemListElement\":[{\"@type\":\"ListItem\",\"position\":1,\"name\":\"Home\",\"item\":\"https:\/\/beautyequipment.shop\/lv\/sakumlapa\/\"},{\"@type\":\"ListItem\",\"position\":2,\"name\":\"Veikals veikal\u0101\",\"item\":\"https:\/\/beautyequipment.shop\/lv\/shop\/\"},{\"@type\":\"ListItem\",\"position\":3,\"name\":\"Cell S.O.D.\"}]},{\"@type\":\"WebSite\",\"@id\":\"https:\/\/beautyequipment.shop\/#website\",\"url\":\"https:\/\/beautyequipment.shop\/\",\"name\":\"Beauty Equipment\",\"description\":\"Toidulisandid ilu ja tervise heaks\",\"publisher\":{\"@id\":\"https:\/\/beautyequipment.shop\/#organization\"},\"potentialAction\":[{\"@type\":\"SearchAction\",\"target\":{\"@type\":\"EntryPoint\",\"urlTemplate\":\"https:\/\/beautyequipment.shop\/?s={search_term_string}\"},\"query-input\":{\"@type\":\"PropertyValueSpecification\",\"valueRequired\":true,\"valueName\":\"search_term_string\"}}],\"inLanguage\":\"lv-LV\"},{\"@type\":\"Organization\",\"@id\":\"https:\/\/beautyequipment.shop\/#organization\",\"name\":\"Beauty Equipment\",\"url\":\"https:\/\/beautyequipment.shop\/\",\"logo\":{\"@type\":\"ImageObject\",\"inLanguage\":\"lv-LV\",\"@id\":\"https:\/\/beautyequipment.shop\/#\/schema\/logo\/image\/\",\"url\":\"https:\/\/beautyequipment.shop\/wp-content\/uploads\/2024\/09\/Beauty-Equipment-logo-300x109-1.webp\",\"contentUrl\":\"https:\/\/beautyequipment.shop\/wp-content\/uploads\/2024\/09\/Beauty-Equipment-logo-300x109-1.webp\",\"width\":300,\"height\":109,\"caption\":\"Beauty Equipment\"},\"image\":{\"@id\":\"https:\/\/beautyequipment.shop\/#\/schema\/logo\/image\/\"},\"sameAs\":[\"https:\/\/facebook.com\/beautyequipment.ou\",\"https:\/\/instagram.com\/tisanoreica.nord\"]}]}<\/script>\n<!-- \/ Yoast SEO plugin. -->","yoast_head_json":{"title":"Cell S.O.D. - Beauty Equipment","robots":{"index":"index","follow":"follow","max-snippet":"max-snippet:-1","max-image-preview":"max-image-preview:large","max-video-preview":"max-video-preview:-1"},"canonical":"https:\/\/beautyequipment.shop\/lv\/toode\/sunas-sod\/","og_locale":"lv_LV","og_type":"article","og_title":"Cell S.O.D. - Beauty Equipment","og_description":"Samazina celul\u012bta izskatu un uzlabo mikrocirkul\u0101cijas funkcijas.","og_url":"https:\/\/beautyequipment.shop\/lv\/toode\/sunas-sod\/","og_site_name":"Beauty Equipment","article_publisher":"https:\/\/facebook.com\/beautyequipment.ou","og_image":[{"width":2560,"height":2560,"url":"https:\/\/beautyequipment.shop\/wp-content\/uploads\/2023\/09\/CELL_SOD_NEW-min-scaled.jpg","type":"image\/jpeg"}],"twitter_card":"summary_large_image","twitter_misc":{"Est. reading time":"2 minutes"},"schema":{"@context":"https:\/\/schema.org","@graph":[{"@type":"WebPage","@id":"https:\/\/beautyequipment.shop\/lv\/toode\/sunas-sod\/","url":"https:\/\/beautyequipment.shop\/lv\/toode\/sunas-sod\/","name":"Cell S.O.D. - Beauty Equipment","isPartOf":{"@id":"https:\/\/beautyequipment.shop\/#website"},"primaryImageOfPage":{"@id":"https:\/\/beautyequipment.shop\/lv\/toode\/sunas-sod\/#primaryimage"},"image":{"@id":"https:\/\/beautyequipment.shop\/lv\/toode\/sunas-sod\/#primaryimage"},"thumbnailUrl":"https:\/\/beautyequipment.shop\/wp-content\/uploads\/2023\/09\/CELL_SOD_NEW-min-scaled.jpg","datePublished":"2023-10-02T21:57:01+00:00","breadcrumb":{"@id":"https:\/\/beautyequipment.shop\/lv\/toode\/sunas-sod\/#breadcrumb"},"inLanguage":"lv-LV","potentialAction":[{"@type":"ReadAction","target":["https:\/\/beautyequipment.shop\/lv\/toode\/sunas-sod\/"]}]},{"@type":"ImageObject","inLanguage":"lv-LV","@id":"https:\/\/beautyequipment.shop\/lv\/toode\/sunas-sod\/#primaryimage","url":"https:\/\/beautyequipment.shop\/wp-content\/uploads\/2023\/09\/CELL_SOD_NEW-min-scaled.jpg","contentUrl":"https:\/\/beautyequipment.shop\/wp-content\/uploads\/2023\/09\/CELL_SOD_NEW-min-scaled.jpg","width":2560,"height":2560,"caption":"\u0161\u016bnu n\u0101trija uztura bag\u0101tin\u0101t\u0101js"},{"@type":"BreadcrumbList","@id":"https:\/\/beautyequipment.shop\/lv\/toode\/sunas-sod\/#breadcrumb","itemListElement":[{"@type":"ListItem","position":1,"name":"Home","item":"https:\/\/beautyequipment.shop\/lv\/sakumlapa\/"},{"@type":"ListItem","position":2,"name":"Veikals veikal\u0101","item":"https:\/\/beautyequipment.shop\/lv\/shop\/"},{"@type":"ListItem","position":3,"name":"Cell S.O.D."}]},{"@type":"WebSite","@id":"https:\/\/beautyequipment.shop\/#website","url":"https:\/\/beautyequipment.shop\/","name":"Beauty Equipment","description":"Toidulisandid ilu ja tervise heaks","publisher":{"@id":"https:\/\/beautyequipment.shop\/#organization"},"potentialAction":[{"@type":"SearchAction","target":{"@type":"EntryPoint","urlTemplate":"https:\/\/beautyequipment.shop\/?s={search_term_string}"},"query-input":{"@type":"PropertyValueSpecification","valueRequired":true,"valueName":"search_term_string"}}],"inLanguage":"lv-LV"},{"@type":"Organization","@id":"https:\/\/beautyequipment.shop\/#organization","name":"Beauty Equipment","url":"https:\/\/beautyequipment.shop\/","logo":{"@type":"ImageObject","inLanguage":"lv-LV","@id":"https:\/\/beautyequipment.shop\/#\/schema\/logo\/image\/","url":"https:\/\/beautyequipment.shop\/wp-content\/uploads\/2024\/09\/Beauty-Equipment-logo-300x109-1.webp","contentUrl":"https:\/\/beautyequipment.shop\/wp-content\/uploads\/2024\/09\/Beauty-Equipment-logo-300x109-1.webp","width":300,"height":109,"caption":"Beauty Equipment"},"image":{"@id":"https:\/\/beautyequipment.shop\/#\/schema\/logo\/image\/"},"sameAs":["https:\/\/facebook.com\/beautyequipment.ou","https:\/\/instagram.com\/tisanoreica.nord"]}]}},"_links":{"self":[{"href":"https:\/\/beautyequipment.shop\/lv\/wp-json\/wp\/v2\/product\/839","targetHints":{"allow":["GET"]}}],"collection":[{"href":"https:\/\/beautyequipment.shop\/lv\/wp-json\/wp\/v2\/product"}],"about":[{"href":"https:\/\/beautyequipment.shop\/lv\/wp-json\/wp\/v2\/types\/product"}],"wp:featuredmedia":[{"embeddable":true,"href":"https:\/\/beautyequipment.shop\/lv\/wp-json\/wp\/v2\/media\/523"}],"wp:attachment":[{"href":"https:\/\/beautyequipment.shop\/lv\/wp-json\/wp\/v2\/media?parent=839"}],"wp:term":[{"taxonomy":"product_brand","embeddable":true,"href":"https:\/\/beautyequipment.shop\/lv\/wp-json\/wp\/v2\/product_brand?post=839"},{"taxonomy":"product_cat","embeddable":true,"href":"https:\/\/beautyequipment.shop\/lv\/wp-json\/wp\/v2\/product_cat?post=839"},{"taxonomy":"product_tag","embeddable":true,"href":"https:\/\/beautyequipment.shop\/lv\/wp-json\/wp\/v2\/product_tag?post=839"}],"curies":[{"name":"wp","href":"https:\/\/api.w.org\/{rel}","templated":true}]}}