{"id":833,"date":"2023-09-27T14:18:51","date_gmt":"2023-09-27T11:18:51","guid":{"rendered":"https:\/\/beautyequipment.shop\/toode\/ekstrakts-05-depurativo-derma\/"},"modified":"2023-09-27T14:18:51","modified_gmt":"2023-09-27T11:18:51","slug":"05-depurative-derma","status":"publish","type":"product","link":"https:\/\/beautyequipment.shop\/lv\/toode\/05-depurative-derma\/","title":{"rendered":"Ekstrakts 05 Depurativo derma"},"content":{"rendered":"<p>Sast\u0101vs: z\u0101\u013cu \u016bdens ekstrakts 70%: meln\u0101 ciedra (Sambucus nigra L.) ziedi, kli\u0146\u0123er\u012b\u0161u (Calendula officinalis L.) ziedkopas, pienenes (Taraxacum officinale (L.) Weber ex F.H.Wigg.) sakne, an\u012bsa (Pimpinella anisum L.) auglis, arti\u0161oka (Cynara scolymus L.) lapa, lavandas (Lavandula hybrida Balb. ex Ging) lapas ar ziediem, lakrica (Glycyrrhiza glabra L.) sakne, \u0101rstniec\u012bbas rasenes (Althaea officinalis L.) sakne, kli\u0146\u0123er\u012btes (Bellis perennis L.) ziedkopas, parast\u0101s margriezes (Marrubium vulgare L.) seglapas ar ziediem, melisas (Melissa officinalis L.) lapa, plau\u0161u p\u013cavziedes (Pulmonaria officinalis L.) lapa, sarsaparillas (Smilax medica Schltdl. et Cham.) sakne, plankumain\u0101s liepas (Tilia platyphyllos Scop.) ziedi, l\u0101ce\u0146u (Arctostaphylos uva ursi L. Spreng.) lapa. \u016adens, gar\u0161vielas. Kr\u0101sviela: parast\u0101 karamele.<\/p>\n<p>Lieto\u0161anas instrukcija: m\u0113s iesak\u0101m iz\u0161\u0137\u012bdin\u0101t n\u016bji\u0146u vismaz 500 ml \u016bdens un izdzert dienas laik\u0101. To ieteicams lietot ar\u012b pirms un sau\u013co\u0161an\u0101s laik\u0101.<\/p>\n<p>Nelielas kr\u0101sas, gar\u0161as un iesp\u0113jam\u0101s nokri\u0161\u0146u izmai\u0146as ir saist\u012btas ar norm\u0101l\u0101m augu izcelsmes sast\u0101vda\u013cu izmai\u0146\u0101m un nenor\u0101da uz produkta kvalit\u0101tes izmai\u0146\u0101m.<\/p>\n<p>Br\u012bdin\u0101jums: pirms lieto\u0161anas sakrat\u012bt. Uzglab\u0101t v\u0113s\u0101 viet\u0101. Uzglab\u0101t b\u0113rniem l\u012bdz 3 gadu vecumam nepieejam\u0101 viet\u0101. Nep\u0101rsniedziet ieteicamo dienas devu. Uztura bag\u0101tin\u0101t\u0101ji nevar aizst\u0101t daudzveid\u012bgu, sabalans\u0113tu uzturu un vesel\u012bgu dz\u012bvesveidu. Nav ieteicams lietot gr\u016btniec\u012bbas un z\u012bd\u012b\u0161anas laik\u0101!<\/p>\n<p>Average content in one serving (1 stick per day): black cedar a.e. 2,4 g, lily of the valley a.e. 1,8 g, dandelion a.e. 1,8 g, anise a.e. 1,5 g, artichoke a.e. 1,5 g, lavender a.e. 1,2 g, liquorice a.e. 1,2 g, kasin\u0101rija a.e. 1,2 g, rudzupu\u0137es a.e. 1,2 g, kr\u016bm\u0101ji a.e. 1,2 g, citronmelis a.e. 1,2 g, lapu sal\u0101ti a.e. 1,2 g, sarsaparilla a.e. 1,2 g, balzamkoks a.e. 1,2 g, j\u0101\u0146ogas a.e. 1,2 g.<\/p>\n<p>Der\u012bguma termi\u0146\u0161 ir der\u012bgs neatv\u0113rtam un pareizi uzglab\u0101tam produktam. Partijas un der\u012bguma termi\u0146\u0161: skat. aug\u0161\u0101.<\/p>\n<p>Ra\u017eot\u0101js, iepakot\u0101js un izplat\u012bt\u0101js: GIANLUCA MECH SPA, Via Rodolfo Mech 80, 36020 Asigliano Veneto (VI), It\u0101lija.<\/p>\n<p>16 n\u016bji\u0146as, 30 ml katra<\/p>\n<p>BEZ ALKOHOLSALKAS &#8211; BEZ SALDA* &#8211; BEZ KONSERVATORIJA &#8211; BEZ GLUKURA *CUKURS&lt;0,5 g\/100 ml<\/p>\n","protected":false},"excerpt":{"rendered":"<p>No \u0101rstniec\u012bbas augu \u016bdens ekstraktiem gatavots uztura bag\u0101tin\u0101t\u0101js. Fiziolo\u0123isk\u0101 ietekme. Saialilla: \u0101das tropisms un funkcionalit\u0101te; Sarsaparilla: organisma att\u012bro\u0161\u0101s funkcijas (\u0101das labsaj\u016bta).<\/p>\n","protected":false},"featured_media":532,"template":"","meta":[],"product_brand":[],"product_cat":[65],"product_tag":[],"class_list":{"0":"post-833","1":"product","2":"type-product","3":"status-publish","4":"has-post-thumbnail","6":"product_cat-papildinajumi","8":"first","9":"instock","10":"taxable","11":"shipping-taxable","12":"purchasable","13":"product-type-simple"},"yoast_head":"<!-- This site is optimized with the Yoast SEO plugin v27.0 - https:\/\/yoast.com\/product\/yoast-seo-wordpress\/ -->\n<title>Ekstrakts 05 Depurativo derma - Beauty Equipment<\/title>\n<meta name=\"robots\" content=\"index, follow, max-snippet:-1, max-image-preview:large, max-video-preview:-1\" \/>\n<link rel=\"canonical\" href=\"https:\/\/beautyequipment.shop\/lv\/toode\/05-depurative-derma\/\" \/>\n<meta property=\"og:locale\" content=\"lv_LV\" \/>\n<meta property=\"og:type\" content=\"article\" \/>\n<meta property=\"og:title\" content=\"Ekstrakts 05 Depurativo derma - Beauty Equipment\" \/>\n<meta property=\"og:description\" content=\"No \u0101rstniec\u012bbas augu \u016bdens ekstraktiem gatavots uztura bag\u0101tin\u0101t\u0101js. Fiziolo\u0123isk\u0101 ietekme. Saialilla: \u0101das tropisms un funkcionalit\u0101te; Sarsaparilla: organisma att\u012bro\u0161\u0101s funkcijas (\u0101das labsaj\u016bta).\" \/>\n<meta property=\"og:url\" content=\"https:\/\/beautyequipment.shop\/lv\/toode\/05-depurative-derma\/\" \/>\n<meta property=\"og:site_name\" content=\"Beauty Equipment\" \/>\n<meta property=\"article:publisher\" content=\"https:\/\/facebook.com\/beautyequipment.ou\" \/>\n<meta property=\"og:image\" content=\"https:\/\/beautyequipment.shop\/wp-content\/uploads\/2023\/09\/render_Decottopia_IT_05-min-scaled.jpg\" \/>\n\t<meta property=\"og:image:width\" content=\"2560\" \/>\n\t<meta property=\"og:image:height\" content=\"2560\" \/>\n\t<meta property=\"og:image:type\" content=\"image\/jpeg\" \/>\n<meta name=\"twitter:card\" content=\"summary_large_image\" \/>\n<meta name=\"twitter:label1\" content=\"Est. reading time\" \/>\n\t<meta name=\"twitter:data1\" content=\"2 minutes\" \/>\n<script type=\"application\/ld+json\" class=\"yoast-schema-graph\">{\"@context\":\"https:\/\/schema.org\",\"@graph\":[{\"@type\":\"WebPage\",\"@id\":\"https:\/\/beautyequipment.shop\/lv\/toode\/05-depurative-derma\/\",\"url\":\"https:\/\/beautyequipment.shop\/lv\/toode\/05-depurative-derma\/\",\"name\":\"Ekstrakts 05 Depurativo derma - Beauty Equipment\",\"isPartOf\":{\"@id\":\"https:\/\/beautyequipment.shop\/#website\"},\"primaryImageOfPage\":{\"@id\":\"https:\/\/beautyequipment.shop\/lv\/toode\/05-depurative-derma\/#primaryimage\"},\"image\":{\"@id\":\"https:\/\/beautyequipment.shop\/lv\/toode\/05-depurative-derma\/#primaryimage\"},\"thumbnailUrl\":\"https:\/\/beautyequipment.shop\/wp-content\/uploads\/2023\/09\/render_Decottopia_IT_05-min-scaled.jpg\",\"datePublished\":\"2023-09-27T11:18:51+00:00\",\"breadcrumb\":{\"@id\":\"https:\/\/beautyequipment.shop\/lv\/toode\/05-depurative-derma\/#breadcrumb\"},\"inLanguage\":\"lv-LV\",\"potentialAction\":[{\"@type\":\"ReadAction\",\"target\":[\"https:\/\/beautyequipment.shop\/lv\/toode\/05-depurative-derma\/\"]}]},{\"@type\":\"ImageObject\",\"inLanguage\":\"lv-LV\",\"@id\":\"https:\/\/beautyequipment.shop\/lv\/toode\/05-depurative-derma\/#primaryimage\",\"url\":\"https:\/\/beautyequipment.shop\/wp-content\/uploads\/2023\/09\/render_Decottopia_IT_05-min-scaled.jpg\",\"contentUrl\":\"https:\/\/beautyequipment.shop\/wp-content\/uploads\/2023\/09\/render_Decottopia_IT_05-min-scaled.jpg\",\"width\":2560,\"height\":2560},{\"@type\":\"BreadcrumbList\",\"@id\":\"https:\/\/beautyequipment.shop\/lv\/toode\/05-depurative-derma\/#breadcrumb\",\"itemListElement\":[{\"@type\":\"ListItem\",\"position\":1,\"name\":\"Home\",\"item\":\"https:\/\/beautyequipment.shop\/lv\/sakumlapa\/\"},{\"@type\":\"ListItem\",\"position\":2,\"name\":\"Veikals veikal\u0101\",\"item\":\"https:\/\/beautyequipment.shop\/lv\/shop\/\"},{\"@type\":\"ListItem\",\"position\":3,\"name\":\"Ekstrakts 05 Depurativo derma\"}]},{\"@type\":\"WebSite\",\"@id\":\"https:\/\/beautyequipment.shop\/#website\",\"url\":\"https:\/\/beautyequipment.shop\/\",\"name\":\"Beauty Equipment\",\"description\":\"Toidulisandid ilu ja tervise heaks\",\"publisher\":{\"@id\":\"https:\/\/beautyequipment.shop\/#organization\"},\"potentialAction\":[{\"@type\":\"SearchAction\",\"target\":{\"@type\":\"EntryPoint\",\"urlTemplate\":\"https:\/\/beautyequipment.shop\/?s={search_term_string}\"},\"query-input\":{\"@type\":\"PropertyValueSpecification\",\"valueRequired\":true,\"valueName\":\"search_term_string\"}}],\"inLanguage\":\"lv-LV\"},{\"@type\":\"Organization\",\"@id\":\"https:\/\/beautyequipment.shop\/#organization\",\"name\":\"Beauty Equipment\",\"url\":\"https:\/\/beautyequipment.shop\/\",\"logo\":{\"@type\":\"ImageObject\",\"inLanguage\":\"lv-LV\",\"@id\":\"https:\/\/beautyequipment.shop\/#\/schema\/logo\/image\/\",\"url\":\"https:\/\/beautyequipment.shop\/wp-content\/uploads\/2024\/09\/Beauty-Equipment-logo-300x109-1.webp\",\"contentUrl\":\"https:\/\/beautyequipment.shop\/wp-content\/uploads\/2024\/09\/Beauty-Equipment-logo-300x109-1.webp\",\"width\":300,\"height\":109,\"caption\":\"Beauty Equipment\"},\"image\":{\"@id\":\"https:\/\/beautyequipment.shop\/#\/schema\/logo\/image\/\"},\"sameAs\":[\"https:\/\/facebook.com\/beautyequipment.ou\",\"https:\/\/instagram.com\/tisanoreica.nord\"]}]}<\/script>\n<!-- \/ Yoast SEO plugin. -->","yoast_head_json":{"title":"Ekstrakts 05 Depurativo derma - Beauty Equipment","robots":{"index":"index","follow":"follow","max-snippet":"max-snippet:-1","max-image-preview":"max-image-preview:large","max-video-preview":"max-video-preview:-1"},"canonical":"https:\/\/beautyequipment.shop\/lv\/toode\/05-depurative-derma\/","og_locale":"lv_LV","og_type":"article","og_title":"Ekstrakts 05 Depurativo derma - Beauty Equipment","og_description":"No \u0101rstniec\u012bbas augu \u016bdens ekstraktiem gatavots uztura bag\u0101tin\u0101t\u0101js. Fiziolo\u0123isk\u0101 ietekme. Saialilla: \u0101das tropisms un funkcionalit\u0101te; Sarsaparilla: organisma att\u012bro\u0161\u0101s funkcijas (\u0101das labsaj\u016bta).","og_url":"https:\/\/beautyequipment.shop\/lv\/toode\/05-depurative-derma\/","og_site_name":"Beauty Equipment","article_publisher":"https:\/\/facebook.com\/beautyequipment.ou","og_image":[{"width":2560,"height":2560,"url":"https:\/\/beautyequipment.shop\/wp-content\/uploads\/2023\/09\/render_Decottopia_IT_05-min-scaled.jpg","type":"image\/jpeg"}],"twitter_card":"summary_large_image","twitter_misc":{"Est. reading time":"2 minutes"},"schema":{"@context":"https:\/\/schema.org","@graph":[{"@type":"WebPage","@id":"https:\/\/beautyequipment.shop\/lv\/toode\/05-depurative-derma\/","url":"https:\/\/beautyequipment.shop\/lv\/toode\/05-depurative-derma\/","name":"Ekstrakts 05 Depurativo derma - Beauty Equipment","isPartOf":{"@id":"https:\/\/beautyequipment.shop\/#website"},"primaryImageOfPage":{"@id":"https:\/\/beautyequipment.shop\/lv\/toode\/05-depurative-derma\/#primaryimage"},"image":{"@id":"https:\/\/beautyequipment.shop\/lv\/toode\/05-depurative-derma\/#primaryimage"},"thumbnailUrl":"https:\/\/beautyequipment.shop\/wp-content\/uploads\/2023\/09\/render_Decottopia_IT_05-min-scaled.jpg","datePublished":"2023-09-27T11:18:51+00:00","breadcrumb":{"@id":"https:\/\/beautyequipment.shop\/lv\/toode\/05-depurative-derma\/#breadcrumb"},"inLanguage":"lv-LV","potentialAction":[{"@type":"ReadAction","target":["https:\/\/beautyequipment.shop\/lv\/toode\/05-depurative-derma\/"]}]},{"@type":"ImageObject","inLanguage":"lv-LV","@id":"https:\/\/beautyequipment.shop\/lv\/toode\/05-depurative-derma\/#primaryimage","url":"https:\/\/beautyequipment.shop\/wp-content\/uploads\/2023\/09\/render_Decottopia_IT_05-min-scaled.jpg","contentUrl":"https:\/\/beautyequipment.shop\/wp-content\/uploads\/2023\/09\/render_Decottopia_IT_05-min-scaled.jpg","width":2560,"height":2560},{"@type":"BreadcrumbList","@id":"https:\/\/beautyequipment.shop\/lv\/toode\/05-depurative-derma\/#breadcrumb","itemListElement":[{"@type":"ListItem","position":1,"name":"Home","item":"https:\/\/beautyequipment.shop\/lv\/sakumlapa\/"},{"@type":"ListItem","position":2,"name":"Veikals veikal\u0101","item":"https:\/\/beautyequipment.shop\/lv\/shop\/"},{"@type":"ListItem","position":3,"name":"Ekstrakts 05 Depurativo derma"}]},{"@type":"WebSite","@id":"https:\/\/beautyequipment.shop\/#website","url":"https:\/\/beautyequipment.shop\/","name":"Beauty Equipment","description":"Toidulisandid ilu ja tervise heaks","publisher":{"@id":"https:\/\/beautyequipment.shop\/#organization"},"potentialAction":[{"@type":"SearchAction","target":{"@type":"EntryPoint","urlTemplate":"https:\/\/beautyequipment.shop\/?s={search_term_string}"},"query-input":{"@type":"PropertyValueSpecification","valueRequired":true,"valueName":"search_term_string"}}],"inLanguage":"lv-LV"},{"@type":"Organization","@id":"https:\/\/beautyequipment.shop\/#organization","name":"Beauty Equipment","url":"https:\/\/beautyequipment.shop\/","logo":{"@type":"ImageObject","inLanguage":"lv-LV","@id":"https:\/\/beautyequipment.shop\/#\/schema\/logo\/image\/","url":"https:\/\/beautyequipment.shop\/wp-content\/uploads\/2024\/09\/Beauty-Equipment-logo-300x109-1.webp","contentUrl":"https:\/\/beautyequipment.shop\/wp-content\/uploads\/2024\/09\/Beauty-Equipment-logo-300x109-1.webp","width":300,"height":109,"caption":"Beauty Equipment"},"image":{"@id":"https:\/\/beautyequipment.shop\/#\/schema\/logo\/image\/"},"sameAs":["https:\/\/facebook.com\/beautyequipment.ou","https:\/\/instagram.com\/tisanoreica.nord"]}]}},"_links":{"self":[{"href":"https:\/\/beautyequipment.shop\/lv\/wp-json\/wp\/v2\/product\/833","targetHints":{"allow":["GET"]}}],"collection":[{"href":"https:\/\/beautyequipment.shop\/lv\/wp-json\/wp\/v2\/product"}],"about":[{"href":"https:\/\/beautyequipment.shop\/lv\/wp-json\/wp\/v2\/types\/product"}],"wp:featuredmedia":[{"embeddable":true,"href":"https:\/\/beautyequipment.shop\/lv\/wp-json\/wp\/v2\/media\/532"}],"wp:attachment":[{"href":"https:\/\/beautyequipment.shop\/lv\/wp-json\/wp\/v2\/media?parent=833"}],"wp:term":[{"taxonomy":"product_brand","embeddable":true,"href":"https:\/\/beautyequipment.shop\/lv\/wp-json\/wp\/v2\/product_brand?post=833"},{"taxonomy":"product_cat","embeddable":true,"href":"https:\/\/beautyequipment.shop\/lv\/wp-json\/wp\/v2\/product_cat?post=833"},{"taxonomy":"product_tag","embeddable":true,"href":"https:\/\/beautyequipment.shop\/lv\/wp-json\/wp\/v2\/product_tag?post=833"}],"curies":[{"name":"wp","href":"https:\/\/api.w.org\/{rel}","templated":true}]}}