{"id":832,"date":"2023-09-27T14:11:42","date_gmt":"2023-09-27T11:11:42","guid":{"rendered":"https:\/\/beautyequipment.shop\/toode\/nutriderm\/"},"modified":"2023-09-27T14:11:42","modified_gmt":"2023-09-27T11:11:42","slug":"nutriderm-papildinajums-adai","status":"publish","type":"product","link":"https:\/\/beautyequipment.shop\/lv\/toode\/nutriderm-papildinajums-adai\/","title":{"rendered":"Nutriderm"},"content":{"rendered":"<p><strong>Sast\u0101vs:<\/strong> n\u0101trija hialuron\u0101ts, smilts\u0113rk\u0161\u0137u \u0137irsis ar C vitam\u012bna piedevu (Malpighia glabra L. aug\u013cu sausais ekstrakts, L-askorb\u012bnsk\u0101be) tituli. 50% kop\u0113j\u0101 C vitam\u012bna, god\u017ei ogu (Lycium barbarum L.) sausais ekstrakts. titr\u0113ts ar 40% polisahar\u012bdu, alfa-liposk\u0101be, pildviela: celuloze; D-alfa-tokoferilacet\u0101ts (E vitam\u012bns), pretsalipes vielas: tauksk\u0101bju magnija s\u0101\u013ci, sil\u012bcija dioks\u012bds.<\/p>\n<p><strong>Uzglab\u0101\u0161ana:<\/strong> uzglab\u0101t v\u0113s\u0101, saus\u0101 viet\u0101 istabas temperat\u016br\u0101. Izvairieties no karstuma avotu un saules gaismas iedarb\u012bbas. Minim\u0101lais der\u012bguma termi\u0146\u0161 attiecas uz produktu, kas pareizi uzglab\u0101ts pien\u0101c\u012bgi nosl\u0113gt\u0101 iepakojum\u0101.<\/p>\n<p><strong>Lieto\u0161ana:<\/strong> 1 tablete dien\u0101, uzdzerot nedaudz \u016bdens, v\u0113lams tuk\u0161\u0101 d\u016b\u0161\u0101 un pirms brokast\u012bm.<\/p>\n<p><strong>Br\u012bdin\u0101jumi:<\/strong> nep\u0101rsniedziet ieteicamo dienas devu. Uzglab\u0101t b\u0113rniem l\u012bdz 3 gadu vecumam nepieejam\u0101 viet\u0101. Uztura bag\u0101tin\u0101t\u0101jiem nevajadz\u0113tu aizst\u0101t daudzveid\u012bgu un sabalans\u0113tu uzturu un vesel\u012bgu dz\u012bvesveidu. Ja esat \u0101rsta uzraudz\u012bb\u0101, pirms lieto\u0161anas konsult\u0113jieties ar \u0101rstu vai vesel\u012bbas apr\u016bpes speci\u0101listu. Produktu nav ieteicams lietot gr\u016btniec\u012bbas un z\u012bd\u012b\u0161anas laik\u0101. Satur liposk\u0101bi: pirms \u0161\u012b produkta lieto\u0161anas ieteicams konsult\u0113ties ar \u0101rstu. Retos gad\u012bjumos liposk\u0101be var izrais\u012bt hipoglik\u0113miju.<\/p>\n<p>Partijas un der\u012bguma termi\u0146\u0161: skat\u012bt uz iepakojuma.<\/p>\n<p>Ieteicam\u0101s devas (1 tablete) vid\u0113jais saturs: hialuronsk\u0101be 240 mg; smilts\u0113rk\u0161\u0137u \u0137ir\u0161u sausais ekstrakts 200 mg, no tiem C vitam\u012bns 100 mg 125%*; liposk\u0101be 150 mg; god\u017ei ogu sausais ekstrakts 150 mg; polisahar\u012bdu rezerves 60 mg; E vitam\u012bns 12 mg 100%*.<\/p>\n<p>*Pie\u013caujam\u0101 dienas devas da\u013ca pieaugu\u0161ajiem.<\/p>\n","protected":false},"excerpt":{"rendered":"<p>Uztura bag\u0101tin\u0101t\u0101js ar hialuronsk\u0101bi, smilts\u0113rk\u0161\u0137u \u0137ir\u0161iem, liposk\u0101bi, god\u017ei og\u0101m, e vitam\u012bnu. Veicina kolag\u0113na veido\u0161anos norm\u0101lai \u0101das darb\u012bbai (c vitam\u012bns) un aizsarg\u0101 \u0161\u016bnas no oksidat\u012bv\u0101 stresa (e vitam\u012bns). Bez lipek\u013ca. 30 tabletes.<\/p>\n","protected":false},"featured_media":526,"template":"","meta":[],"product_brand":[],"product_cat":[70,65],"product_tag":[],"class_list":{"0":"post-832","1":"product","2":"type-product","3":"status-publish","4":"has-post-thumbnail","6":"product_cat-nahale-lv","7":"product_cat-papildinajumi","9":"first","10":"instock","11":"taxable","12":"shipping-taxable","13":"purchasable","14":"product-type-simple"},"yoast_head":"<!-- This site is optimized with the Yoast SEO plugin v27.0 - https:\/\/yoast.com\/product\/yoast-seo-wordpress\/ -->\n<title>Nutriderm - Beauty Equipment<\/title>\n<meta name=\"robots\" content=\"index, follow, max-snippet:-1, max-image-preview:large, max-video-preview:-1\" \/>\n<link rel=\"canonical\" href=\"https:\/\/beautyequipment.shop\/lv\/toode\/nutriderm-papildinajums-adai\/\" \/>\n<meta property=\"og:locale\" content=\"lv_LV\" \/>\n<meta property=\"og:type\" content=\"article\" \/>\n<meta property=\"og:title\" content=\"Nutriderm - Beauty Equipment\" \/>\n<meta property=\"og:description\" content=\"Uztura bag\u0101tin\u0101t\u0101js ar hialuronsk\u0101bi, smilts\u0113rk\u0161\u0137u \u0137ir\u0161iem, liposk\u0101bi, god\u017ei og\u0101m, e vitam\u012bnu. Veicina kolag\u0113na veido\u0161anos norm\u0101lai \u0101das darb\u012bbai (c vitam\u012bns) un aizsarg\u0101 \u0161\u016bnas no oksidat\u012bv\u0101 stresa (e vitam\u012bns). Bez lipek\u013ca. 30 tabletes.\" \/>\n<meta property=\"og:url\" content=\"https:\/\/beautyequipment.shop\/lv\/toode\/nutriderm-papildinajums-adai\/\" \/>\n<meta property=\"og:site_name\" content=\"Beauty Equipment\" \/>\n<meta property=\"article:publisher\" content=\"https:\/\/facebook.com\/beautyequipment.ou\" \/>\n<meta property=\"og:image\" content=\"https:\/\/beautyequipment.shop\/wp-content\/uploads\/2023\/09\/NUTRIDERM_cps30-min-scaled.jpg\" \/>\n\t<meta property=\"og:image:width\" content=\"1656\" \/>\n\t<meta property=\"og:image:height\" content=\"2560\" \/>\n\t<meta property=\"og:image:type\" content=\"image\/jpeg\" \/>\n<meta name=\"twitter:card\" content=\"summary_large_image\" \/>\n<meta name=\"twitter:label1\" content=\"Est. reading time\" \/>\n\t<meta name=\"twitter:data1\" content=\"1 minute\" \/>\n<script type=\"application\/ld+json\" class=\"yoast-schema-graph\">{\"@context\":\"https:\/\/schema.org\",\"@graph\":[{\"@type\":\"WebPage\",\"@id\":\"https:\/\/beautyequipment.shop\/lv\/toode\/nutriderm-papildinajums-adai\/\",\"url\":\"https:\/\/beautyequipment.shop\/lv\/toode\/nutriderm-papildinajums-adai\/\",\"name\":\"Nutriderm - Beauty Equipment\",\"isPartOf\":{\"@id\":\"https:\/\/beautyequipment.shop\/#website\"},\"primaryImageOfPage\":{\"@id\":\"https:\/\/beautyequipment.shop\/lv\/toode\/nutriderm-papildinajums-adai\/#primaryimage\"},\"image\":{\"@id\":\"https:\/\/beautyequipment.shop\/lv\/toode\/nutriderm-papildinajums-adai\/#primaryimage\"},\"thumbnailUrl\":\"https:\/\/beautyequipment.shop\/wp-content\/uploads\/2023\/09\/NUTRIDERM_cps30-min-scaled.jpg\",\"datePublished\":\"2023-09-27T11:11:42+00:00\",\"breadcrumb\":{\"@id\":\"https:\/\/beautyequipment.shop\/lv\/toode\/nutriderm-papildinajums-adai\/#breadcrumb\"},\"inLanguage\":\"lv-LV\",\"potentialAction\":[{\"@type\":\"ReadAction\",\"target\":[\"https:\/\/beautyequipment.shop\/lv\/toode\/nutriderm-papildinajums-adai\/\"]}]},{\"@type\":\"ImageObject\",\"inLanguage\":\"lv-LV\",\"@id\":\"https:\/\/beautyequipment.shop\/lv\/toode\/nutriderm-papildinajums-adai\/#primaryimage\",\"url\":\"https:\/\/beautyequipment.shop\/wp-content\/uploads\/2023\/09\/NUTRIDERM_cps30-min-scaled.jpg\",\"contentUrl\":\"https:\/\/beautyequipment.shop\/wp-content\/uploads\/2023\/09\/NUTRIDERM_cps30-min-scaled.jpg\",\"width\":1656,\"height\":2560,\"caption\":\"Nutriderm \u0101das uztura bag\u0101tin\u0101t\u0101js\"},{\"@type\":\"BreadcrumbList\",\"@id\":\"https:\/\/beautyequipment.shop\/lv\/toode\/nutriderm-papildinajums-adai\/#breadcrumb\",\"itemListElement\":[{\"@type\":\"ListItem\",\"position\":1,\"name\":\"Home\",\"item\":\"https:\/\/beautyequipment.shop\/lv\/sakumlapa\/\"},{\"@type\":\"ListItem\",\"position\":2,\"name\":\"Veikals veikal\u0101\",\"item\":\"https:\/\/beautyequipment.shop\/lv\/shop\/\"},{\"@type\":\"ListItem\",\"position\":3,\"name\":\"Nutriderm\"}]},{\"@type\":\"WebSite\",\"@id\":\"https:\/\/beautyequipment.shop\/#website\",\"url\":\"https:\/\/beautyequipment.shop\/\",\"name\":\"Beauty Equipment\",\"description\":\"Toidulisandid ilu ja tervise heaks\",\"publisher\":{\"@id\":\"https:\/\/beautyequipment.shop\/#organization\"},\"potentialAction\":[{\"@type\":\"SearchAction\",\"target\":{\"@type\":\"EntryPoint\",\"urlTemplate\":\"https:\/\/beautyequipment.shop\/?s={search_term_string}\"},\"query-input\":{\"@type\":\"PropertyValueSpecification\",\"valueRequired\":true,\"valueName\":\"search_term_string\"}}],\"inLanguage\":\"lv-LV\"},{\"@type\":\"Organization\",\"@id\":\"https:\/\/beautyequipment.shop\/#organization\",\"name\":\"Beauty Equipment\",\"url\":\"https:\/\/beautyequipment.shop\/\",\"logo\":{\"@type\":\"ImageObject\",\"inLanguage\":\"lv-LV\",\"@id\":\"https:\/\/beautyequipment.shop\/#\/schema\/logo\/image\/\",\"url\":\"https:\/\/beautyequipment.shop\/wp-content\/uploads\/2024\/09\/Beauty-Equipment-logo-300x109-1.webp\",\"contentUrl\":\"https:\/\/beautyequipment.shop\/wp-content\/uploads\/2024\/09\/Beauty-Equipment-logo-300x109-1.webp\",\"width\":300,\"height\":109,\"caption\":\"Beauty Equipment\"},\"image\":{\"@id\":\"https:\/\/beautyequipment.shop\/#\/schema\/logo\/image\/\"},\"sameAs\":[\"https:\/\/facebook.com\/beautyequipment.ou\",\"https:\/\/instagram.com\/tisanoreica.nord\"]}]}<\/script>\n<!-- \/ Yoast SEO plugin. -->","yoast_head_json":{"title":"Nutriderm - Beauty Equipment","robots":{"index":"index","follow":"follow","max-snippet":"max-snippet:-1","max-image-preview":"max-image-preview:large","max-video-preview":"max-video-preview:-1"},"canonical":"https:\/\/beautyequipment.shop\/lv\/toode\/nutriderm-papildinajums-adai\/","og_locale":"lv_LV","og_type":"article","og_title":"Nutriderm - Beauty Equipment","og_description":"Uztura bag\u0101tin\u0101t\u0101js ar hialuronsk\u0101bi, smilts\u0113rk\u0161\u0137u \u0137ir\u0161iem, liposk\u0101bi, god\u017ei og\u0101m, e vitam\u012bnu. Veicina kolag\u0113na veido\u0161anos norm\u0101lai \u0101das darb\u012bbai (c vitam\u012bns) un aizsarg\u0101 \u0161\u016bnas no oksidat\u012bv\u0101 stresa (e vitam\u012bns). Bez lipek\u013ca. 30 tabletes.","og_url":"https:\/\/beautyequipment.shop\/lv\/toode\/nutriderm-papildinajums-adai\/","og_site_name":"Beauty Equipment","article_publisher":"https:\/\/facebook.com\/beautyequipment.ou","og_image":[{"width":1656,"height":2560,"url":"https:\/\/beautyequipment.shop\/wp-content\/uploads\/2023\/09\/NUTRIDERM_cps30-min-scaled.jpg","type":"image\/jpeg"}],"twitter_card":"summary_large_image","twitter_misc":{"Est. reading time":"1 minute"},"schema":{"@context":"https:\/\/schema.org","@graph":[{"@type":"WebPage","@id":"https:\/\/beautyequipment.shop\/lv\/toode\/nutriderm-papildinajums-adai\/","url":"https:\/\/beautyequipment.shop\/lv\/toode\/nutriderm-papildinajums-adai\/","name":"Nutriderm - Beauty Equipment","isPartOf":{"@id":"https:\/\/beautyequipment.shop\/#website"},"primaryImageOfPage":{"@id":"https:\/\/beautyequipment.shop\/lv\/toode\/nutriderm-papildinajums-adai\/#primaryimage"},"image":{"@id":"https:\/\/beautyequipment.shop\/lv\/toode\/nutriderm-papildinajums-adai\/#primaryimage"},"thumbnailUrl":"https:\/\/beautyequipment.shop\/wp-content\/uploads\/2023\/09\/NUTRIDERM_cps30-min-scaled.jpg","datePublished":"2023-09-27T11:11:42+00:00","breadcrumb":{"@id":"https:\/\/beautyequipment.shop\/lv\/toode\/nutriderm-papildinajums-adai\/#breadcrumb"},"inLanguage":"lv-LV","potentialAction":[{"@type":"ReadAction","target":["https:\/\/beautyequipment.shop\/lv\/toode\/nutriderm-papildinajums-adai\/"]}]},{"@type":"ImageObject","inLanguage":"lv-LV","@id":"https:\/\/beautyequipment.shop\/lv\/toode\/nutriderm-papildinajums-adai\/#primaryimage","url":"https:\/\/beautyequipment.shop\/wp-content\/uploads\/2023\/09\/NUTRIDERM_cps30-min-scaled.jpg","contentUrl":"https:\/\/beautyequipment.shop\/wp-content\/uploads\/2023\/09\/NUTRIDERM_cps30-min-scaled.jpg","width":1656,"height":2560,"caption":"Nutriderm \u0101das uztura bag\u0101tin\u0101t\u0101js"},{"@type":"BreadcrumbList","@id":"https:\/\/beautyequipment.shop\/lv\/toode\/nutriderm-papildinajums-adai\/#breadcrumb","itemListElement":[{"@type":"ListItem","position":1,"name":"Home","item":"https:\/\/beautyequipment.shop\/lv\/sakumlapa\/"},{"@type":"ListItem","position":2,"name":"Veikals veikal\u0101","item":"https:\/\/beautyequipment.shop\/lv\/shop\/"},{"@type":"ListItem","position":3,"name":"Nutriderm"}]},{"@type":"WebSite","@id":"https:\/\/beautyequipment.shop\/#website","url":"https:\/\/beautyequipment.shop\/","name":"Beauty Equipment","description":"Toidulisandid ilu ja tervise heaks","publisher":{"@id":"https:\/\/beautyequipment.shop\/#organization"},"potentialAction":[{"@type":"SearchAction","target":{"@type":"EntryPoint","urlTemplate":"https:\/\/beautyequipment.shop\/?s={search_term_string}"},"query-input":{"@type":"PropertyValueSpecification","valueRequired":true,"valueName":"search_term_string"}}],"inLanguage":"lv-LV"},{"@type":"Organization","@id":"https:\/\/beautyequipment.shop\/#organization","name":"Beauty Equipment","url":"https:\/\/beautyequipment.shop\/","logo":{"@type":"ImageObject","inLanguage":"lv-LV","@id":"https:\/\/beautyequipment.shop\/#\/schema\/logo\/image\/","url":"https:\/\/beautyequipment.shop\/wp-content\/uploads\/2024\/09\/Beauty-Equipment-logo-300x109-1.webp","contentUrl":"https:\/\/beautyequipment.shop\/wp-content\/uploads\/2024\/09\/Beauty-Equipment-logo-300x109-1.webp","width":300,"height":109,"caption":"Beauty Equipment"},"image":{"@id":"https:\/\/beautyequipment.shop\/#\/schema\/logo\/image\/"},"sameAs":["https:\/\/facebook.com\/beautyequipment.ou","https:\/\/instagram.com\/tisanoreica.nord"]}]}},"_links":{"self":[{"href":"https:\/\/beautyequipment.shop\/lv\/wp-json\/wp\/v2\/product\/832","targetHints":{"allow":["GET"]}}],"collection":[{"href":"https:\/\/beautyequipment.shop\/lv\/wp-json\/wp\/v2\/product"}],"about":[{"href":"https:\/\/beautyequipment.shop\/lv\/wp-json\/wp\/v2\/types\/product"}],"wp:featuredmedia":[{"embeddable":true,"href":"https:\/\/beautyequipment.shop\/lv\/wp-json\/wp\/v2\/media\/526"}],"wp:attachment":[{"href":"https:\/\/beautyequipment.shop\/lv\/wp-json\/wp\/v2\/media?parent=832"}],"wp:term":[{"taxonomy":"product_brand","embeddable":true,"href":"https:\/\/beautyequipment.shop\/lv\/wp-json\/wp\/v2\/product_brand?post=832"},{"taxonomy":"product_cat","embeddable":true,"href":"https:\/\/beautyequipment.shop\/lv\/wp-json\/wp\/v2\/product_cat?post=832"},{"taxonomy":"product_tag","embeddable":true,"href":"https:\/\/beautyequipment.shop\/lv\/wp-json\/wp\/v2\/product_tag?post=832"}],"curies":[{"name":"wp","href":"https:\/\/api.w.org\/{rel}","templated":true}]}}