{"id":830,"date":"2023-10-03T01:08:50","date_gmt":"2023-10-02T22:08:50","guid":{"rendered":"https:\/\/beautyequipment.shop\/toode\/21-menopauze\/"},"modified":"2023-10-03T01:08:50","modified_gmt":"2023-10-02T22:08:50","slug":"menopausnel","status":"publish","type":"product","link":"https:\/\/beautyequipment.shop\/lv\/toode\/menopausnel\/","title":{"rendered":"21 Menopauze"},"content":{"rendered":"<p>Menopauzes uztura bag\u0101tin\u0101t\u0101js ir izgatavots no \u0101rstniec\u012bbas augu \u016bdens ekstraktiem.<\/p>\n<p><strong>Sast\u0101vs:<\/strong>  70 % \u0161\u0101du augu \u016bdens ekstrakti: Humulus lupulus L. ziedu, Serenoa repens (W.Bartram) Small aug\u013cu, Salvia officinalis L. lapu, Betula pendula Roth. lapu, Damiana (Turnera diffusa Wild. ex Schult.) lapas, anan\u0101sa (Ananas comosus (L.) Merr.) stubl\u0101js, Spirulina (Spirulina platensis (Gomont) Geitler) a\u013c\u0123es, Lespedeza (Lespedeza capitata Michx.) lapas, melno m\u0101rrutku (Raphanus sativus var. niger (Mill.) J.Kern.) sakne. \u016adens, gar\u0161vielas, kr\u0101sviela (parast\u0101 karamele), saldin\u0101t\u0101js: steviolglikoz\u012bdi no Stevia lap\u0101m. Fiziolo\u0123isk\u0101 iedarb\u012bba. Salvija: mazina menopauzes trauc\u0113jumus, antioksidants; anan\u0101ss: mazina celul\u012bta izpausmes; Lespedeza: ietekm\u0113 tauku vielmai\u0146u.<\/p>\n<p><strong>Lieto\u0161anas instrukcija:<\/strong> iesak\u0101m 1-2 n\u016bji\u0146as iz\u0161\u0137\u012bdin\u0101t 1,5 litros \u016bdens un lietot dienas laik\u0101. Nelielas kr\u0101sas, gar\u0161as un iesp\u0113jamas nogulsn\u0113\u0161an\u0101s izmai\u0146as ir saist\u012btas ar norm\u0101l\u0101m augu izcelsmes sast\u0101vda\u013cu izmai\u0146\u0101m un nenor\u0101da uz produkta kvalit\u0101tes izmai\u0146\u0101m.<\/p>\n<p><strong>Br\u012bdin\u0101jums:<\/strong> pirms lieto\u0161anas sakrat\u012bt. Uzglab\u0101t v\u0113s\u0101 viet\u0101. Uzglab\u0101t b\u0113rniem l\u012bdz 3 gadu vecumam nepieejam\u0101 viet\u0101. Nep\u0101rsniedziet ieteicamo dienas devu. Nav ieteicams lietot gr\u016btniec\u012bbas un z\u012bd\u012b\u0161anas laik\u0101. Uztura bag\u0101tin\u0101t\u0101ji nevar aizst\u0101t daudzveid\u012bgu un sabalans\u0113tu uzturu un vesel\u012bgu dz\u012bvesveidu. Tas j\u0101lieto k\u0101 da\u013ca no atbilsto\u0161as di\u0113tas ar zemu kaloriju daudzumu, iev\u0113rojot vesel\u012bgu dz\u012bvesveidu un atbilsto\u0161u fizisko slodzi. Ilgsto\u0161u di\u0113tu gad\u012bjum\u0101, kas ilg\u0101kas par trim ned\u0113\u013c\u0101m, iesak\u0101m konsult\u0113ties ar \u0101rstu. Nav ieteicams lietot sieviet\u0113m reprodukt\u012bv\u0101 vecum\u0101 un abu dzimumu sieviet\u0113m pirms dzimumgatav\u012bbas vecum\u0101.<\/p>\n<p>Ieteicam\u0101s sast\u0101vda\u013cas (2 n\u016bji\u0146as dien\u0101): api\u0146i a.e. 7,20 g, p\u012bl\u0101d\u017ei a.e. 6,00 g, salvija a.e. 6,00 g, b\u0113rzs a.e. 6,00 g, dami\u0101na a.e. 4,80 g, anan\u0101si a.e. 4,80 g, spirul\u012bna a.e. 3,60 g, lespedeza a.e. 2,40 g, melnie m\u0101rrutki a.e. 1,20 g.<\/p>\n<p>Der\u012bguma termi\u0146\u0161 attiecas uz neatv\u0113rtiem un pareizi uzglab\u0101tiem produktiem.<\/p>\n<p>Partijas un der\u012bguma termi\u0146\u0161: skat. aug\u0161\u0101.<\/p>\n<p>Ra\u017eot\u0101js, iepakot\u0101js un izplat\u012bt\u0101js: GIANLUCA MECH SPA Via Rodolfo Mech 80, 36020 Asigliano Veneto (VI), It\u0101lija.<\/p>\n<p>16 n\u016bji\u0146as, 30 ml katra<\/p>\n<p>BEZ ALKOHOLA &#8211; BEZ CUKURA* &#8211; BEZ KONSERVANTIEM &#8211; BEZ LIPEK\u013bA. SALD\u012aT\u012aBU SADARBO ST\u0112VIJAS LAPU CUKURA *CUKURA&lt;0,5g\/100ml<\/p>\n","protected":false},"excerpt":{"rendered":"<p>mazina menopauzes trauc\u0113jumus un uzlabo tauku vielmai\u0146u.<\/p>\n","protected":false},"featured_media":544,"template":"","meta":[],"product_brand":[],"product_cat":[65,63],"product_tag":[],"class_list":{"0":"post-830","1":"product","2":"type-product","3":"status-publish","4":"has-post-thumbnail","6":"product_cat-papildinajumi","7":"product_cat-kermenim","9":"first","10":"instock","11":"taxable","12":"shipping-taxable","13":"purchasable","14":"product-type-simple"},"yoast_head":"<!-- This site is optimized with the Yoast SEO plugin v27.0 - https:\/\/yoast.com\/product\/yoast-seo-wordpress\/ -->\n<title>21 Menopauze - Beauty Equipment<\/title>\n<meta name=\"robots\" content=\"index, follow, max-snippet:-1, max-image-preview:large, max-video-preview:-1\" \/>\n<link rel=\"canonical\" href=\"https:\/\/beautyequipment.shop\/lv\/toode\/menopausnel\/\" \/>\n<meta property=\"og:locale\" content=\"lv_LV\" \/>\n<meta property=\"og:type\" content=\"article\" \/>\n<meta property=\"og:title\" content=\"21 Menopauze - Beauty Equipment\" \/>\n<meta property=\"og:description\" content=\"mazina menopauzes trauc\u0113jumus un uzlabo tauku vielmai\u0146u.\" \/>\n<meta property=\"og:url\" content=\"https:\/\/beautyequipment.shop\/lv\/toode\/menopausnel\/\" \/>\n<meta property=\"og:site_name\" content=\"Beauty Equipment\" \/>\n<meta property=\"article:publisher\" content=\"https:\/\/facebook.com\/beautyequipment.ou\" \/>\n<meta property=\"og:image\" content=\"https:\/\/beautyequipment.shop\/wp-content\/uploads\/2023\/09\/render_Decottopia_IT_21-MENOPAUSNEL-min-scaled.jpg\" \/>\n\t<meta property=\"og:image:width\" content=\"2560\" \/>\n\t<meta property=\"og:image:height\" content=\"2560\" \/>\n\t<meta property=\"og:image:type\" content=\"image\/jpeg\" \/>\n<meta name=\"twitter:card\" content=\"summary_large_image\" \/>\n<meta name=\"twitter:label1\" content=\"Est. reading time\" \/>\n\t<meta name=\"twitter:data1\" content=\"2 minutes\" \/>\n<script type=\"application\/ld+json\" class=\"yoast-schema-graph\">{\"@context\":\"https:\/\/schema.org\",\"@graph\":[{\"@type\":\"WebPage\",\"@id\":\"https:\/\/beautyequipment.shop\/lv\/toode\/menopausnel\/\",\"url\":\"https:\/\/beautyequipment.shop\/lv\/toode\/menopausnel\/\",\"name\":\"21 Menopauze - Beauty Equipment\",\"isPartOf\":{\"@id\":\"https:\/\/beautyequipment.shop\/#website\"},\"primaryImageOfPage\":{\"@id\":\"https:\/\/beautyequipment.shop\/lv\/toode\/menopausnel\/#primaryimage\"},\"image\":{\"@id\":\"https:\/\/beautyequipment.shop\/lv\/toode\/menopausnel\/#primaryimage\"},\"thumbnailUrl\":\"https:\/\/beautyequipment.shop\/wp-content\/uploads\/2023\/09\/render_Decottopia_IT_21-MENOPAUSNEL-min-scaled.jpg\",\"datePublished\":\"2023-10-02T22:08:50+00:00\",\"breadcrumb\":{\"@id\":\"https:\/\/beautyequipment.shop\/lv\/toode\/menopausnel\/#breadcrumb\"},\"inLanguage\":\"lv-LV\",\"potentialAction\":[{\"@type\":\"ReadAction\",\"target\":[\"https:\/\/beautyequipment.shop\/lv\/toode\/menopausnel\/\"]}]},{\"@type\":\"ImageObject\",\"inLanguage\":\"lv-LV\",\"@id\":\"https:\/\/beautyequipment.shop\/lv\/toode\/menopausnel\/#primaryimage\",\"url\":\"https:\/\/beautyequipment.shop\/wp-content\/uploads\/2023\/09\/render_Decottopia_IT_21-MENOPAUSNEL-min-scaled.jpg\",\"contentUrl\":\"https:\/\/beautyequipment.shop\/wp-content\/uploads\/2023\/09\/render_Decottopia_IT_21-MENOPAUSNEL-min-scaled.jpg\",\"width\":2560,\"height\":2560,\"caption\":\"gianluca mech menopauze\"},{\"@type\":\"BreadcrumbList\",\"@id\":\"https:\/\/beautyequipment.shop\/lv\/toode\/menopausnel\/#breadcrumb\",\"itemListElement\":[{\"@type\":\"ListItem\",\"position\":1,\"name\":\"Home\",\"item\":\"https:\/\/beautyequipment.shop\/lv\/sakumlapa\/\"},{\"@type\":\"ListItem\",\"position\":2,\"name\":\"Veikals veikal\u0101\",\"item\":\"https:\/\/beautyequipment.shop\/lv\/shop\/\"},{\"@type\":\"ListItem\",\"position\":3,\"name\":\"21 Menopauze\"}]},{\"@type\":\"WebSite\",\"@id\":\"https:\/\/beautyequipment.shop\/#website\",\"url\":\"https:\/\/beautyequipment.shop\/\",\"name\":\"Beauty Equipment\",\"description\":\"Toidulisandid ilu ja tervise heaks\",\"publisher\":{\"@id\":\"https:\/\/beautyequipment.shop\/#organization\"},\"potentialAction\":[{\"@type\":\"SearchAction\",\"target\":{\"@type\":\"EntryPoint\",\"urlTemplate\":\"https:\/\/beautyequipment.shop\/?s={search_term_string}\"},\"query-input\":{\"@type\":\"PropertyValueSpecification\",\"valueRequired\":true,\"valueName\":\"search_term_string\"}}],\"inLanguage\":\"lv-LV\"},{\"@type\":\"Organization\",\"@id\":\"https:\/\/beautyequipment.shop\/#organization\",\"name\":\"Beauty Equipment\",\"url\":\"https:\/\/beautyequipment.shop\/\",\"logo\":{\"@type\":\"ImageObject\",\"inLanguage\":\"lv-LV\",\"@id\":\"https:\/\/beautyequipment.shop\/#\/schema\/logo\/image\/\",\"url\":\"https:\/\/beautyequipment.shop\/wp-content\/uploads\/2024\/09\/Beauty-Equipment-logo-300x109-1.webp\",\"contentUrl\":\"https:\/\/beautyequipment.shop\/wp-content\/uploads\/2024\/09\/Beauty-Equipment-logo-300x109-1.webp\",\"width\":300,\"height\":109,\"caption\":\"Beauty Equipment\"},\"image\":{\"@id\":\"https:\/\/beautyequipment.shop\/#\/schema\/logo\/image\/\"},\"sameAs\":[\"https:\/\/facebook.com\/beautyequipment.ou\",\"https:\/\/instagram.com\/tisanoreica.nord\"]}]}<\/script>\n<!-- \/ Yoast SEO plugin. -->","yoast_head_json":{"title":"21 Menopauze - Beauty Equipment","robots":{"index":"index","follow":"follow","max-snippet":"max-snippet:-1","max-image-preview":"max-image-preview:large","max-video-preview":"max-video-preview:-1"},"canonical":"https:\/\/beautyequipment.shop\/lv\/toode\/menopausnel\/","og_locale":"lv_LV","og_type":"article","og_title":"21 Menopauze - Beauty Equipment","og_description":"mazina menopauzes trauc\u0113jumus un uzlabo tauku vielmai\u0146u.","og_url":"https:\/\/beautyequipment.shop\/lv\/toode\/menopausnel\/","og_site_name":"Beauty Equipment","article_publisher":"https:\/\/facebook.com\/beautyequipment.ou","og_image":[{"width":2560,"height":2560,"url":"https:\/\/beautyequipment.shop\/wp-content\/uploads\/2023\/09\/render_Decottopia_IT_21-MENOPAUSNEL-min-scaled.jpg","type":"image\/jpeg"}],"twitter_card":"summary_large_image","twitter_misc":{"Est. reading time":"2 minutes"},"schema":{"@context":"https:\/\/schema.org","@graph":[{"@type":"WebPage","@id":"https:\/\/beautyequipment.shop\/lv\/toode\/menopausnel\/","url":"https:\/\/beautyequipment.shop\/lv\/toode\/menopausnel\/","name":"21 Menopauze - Beauty Equipment","isPartOf":{"@id":"https:\/\/beautyequipment.shop\/#website"},"primaryImageOfPage":{"@id":"https:\/\/beautyequipment.shop\/lv\/toode\/menopausnel\/#primaryimage"},"image":{"@id":"https:\/\/beautyequipment.shop\/lv\/toode\/menopausnel\/#primaryimage"},"thumbnailUrl":"https:\/\/beautyequipment.shop\/wp-content\/uploads\/2023\/09\/render_Decottopia_IT_21-MENOPAUSNEL-min-scaled.jpg","datePublished":"2023-10-02T22:08:50+00:00","breadcrumb":{"@id":"https:\/\/beautyequipment.shop\/lv\/toode\/menopausnel\/#breadcrumb"},"inLanguage":"lv-LV","potentialAction":[{"@type":"ReadAction","target":["https:\/\/beautyequipment.shop\/lv\/toode\/menopausnel\/"]}]},{"@type":"ImageObject","inLanguage":"lv-LV","@id":"https:\/\/beautyequipment.shop\/lv\/toode\/menopausnel\/#primaryimage","url":"https:\/\/beautyequipment.shop\/wp-content\/uploads\/2023\/09\/render_Decottopia_IT_21-MENOPAUSNEL-min-scaled.jpg","contentUrl":"https:\/\/beautyequipment.shop\/wp-content\/uploads\/2023\/09\/render_Decottopia_IT_21-MENOPAUSNEL-min-scaled.jpg","width":2560,"height":2560,"caption":"gianluca mech menopauze"},{"@type":"BreadcrumbList","@id":"https:\/\/beautyequipment.shop\/lv\/toode\/menopausnel\/#breadcrumb","itemListElement":[{"@type":"ListItem","position":1,"name":"Home","item":"https:\/\/beautyequipment.shop\/lv\/sakumlapa\/"},{"@type":"ListItem","position":2,"name":"Veikals veikal\u0101","item":"https:\/\/beautyequipment.shop\/lv\/shop\/"},{"@type":"ListItem","position":3,"name":"21 Menopauze"}]},{"@type":"WebSite","@id":"https:\/\/beautyequipment.shop\/#website","url":"https:\/\/beautyequipment.shop\/","name":"Beauty Equipment","description":"Toidulisandid ilu ja tervise heaks","publisher":{"@id":"https:\/\/beautyequipment.shop\/#organization"},"potentialAction":[{"@type":"SearchAction","target":{"@type":"EntryPoint","urlTemplate":"https:\/\/beautyequipment.shop\/?s={search_term_string}"},"query-input":{"@type":"PropertyValueSpecification","valueRequired":true,"valueName":"search_term_string"}}],"inLanguage":"lv-LV"},{"@type":"Organization","@id":"https:\/\/beautyequipment.shop\/#organization","name":"Beauty Equipment","url":"https:\/\/beautyequipment.shop\/","logo":{"@type":"ImageObject","inLanguage":"lv-LV","@id":"https:\/\/beautyequipment.shop\/#\/schema\/logo\/image\/","url":"https:\/\/beautyequipment.shop\/wp-content\/uploads\/2024\/09\/Beauty-Equipment-logo-300x109-1.webp","contentUrl":"https:\/\/beautyequipment.shop\/wp-content\/uploads\/2024\/09\/Beauty-Equipment-logo-300x109-1.webp","width":300,"height":109,"caption":"Beauty Equipment"},"image":{"@id":"https:\/\/beautyequipment.shop\/#\/schema\/logo\/image\/"},"sameAs":["https:\/\/facebook.com\/beautyequipment.ou","https:\/\/instagram.com\/tisanoreica.nord"]}]}},"_links":{"self":[{"href":"https:\/\/beautyequipment.shop\/lv\/wp-json\/wp\/v2\/product\/830","targetHints":{"allow":["GET"]}}],"collection":[{"href":"https:\/\/beautyequipment.shop\/lv\/wp-json\/wp\/v2\/product"}],"about":[{"href":"https:\/\/beautyequipment.shop\/lv\/wp-json\/wp\/v2\/types\/product"}],"wp:featuredmedia":[{"embeddable":true,"href":"https:\/\/beautyequipment.shop\/lv\/wp-json\/wp\/v2\/media\/544"}],"wp:attachment":[{"href":"https:\/\/beautyequipment.shop\/lv\/wp-json\/wp\/v2\/media?parent=830"}],"wp:term":[{"taxonomy":"product_brand","embeddable":true,"href":"https:\/\/beautyequipment.shop\/lv\/wp-json\/wp\/v2\/product_brand?post=830"},{"taxonomy":"product_cat","embeddable":true,"href":"https:\/\/beautyequipment.shop\/lv\/wp-json\/wp\/v2\/product_cat?post=830"},{"taxonomy":"product_tag","embeddable":true,"href":"https:\/\/beautyequipment.shop\/lv\/wp-json\/wp\/v2\/product_tag?post=830"}],"curies":[{"name":"wp","href":"https:\/\/api.w.org\/{rel}","templated":true}]}}