{"id":829,"date":"2023-10-24T00:08:06","date_gmt":"2023-10-23T21:08:06","guid":{"rendered":"https:\/\/beautyequipment.shop\/toode\/iepakojums-celulits\/"},"modified":"2023-10-24T00:08:06","modified_gmt":"2023-10-23T21:08:06","slug":"pakete-celulita","status":"publish","type":"product","link":"https:\/\/beautyequipment.shop\/lv\/toode\/pakete-celulita\/","title":{"rendered":"Iepakojums &#8211; Celul\u012bts"},"content":{"rendered":"<p>Piem\u0113rots: celul\u012btam vis\u0101s t\u0101 stadij\u0101s, apels\u012bna mizas \u0101dai, fibroz\u0113tiskam \/ fibrosklerotiskam celul\u012btam, asinsrites probl\u0113m\u0101m, smagai \u016bdens aizturei.<\/p>\n<p>Ko klients j\u016bt: samazin\u0101s s\u0101pes, no k\u0101j\u0101m un pot\u012bt\u0113m tiek izvad\u012bts liekais \u0161\u0137idrums, \u0101da k\u013c\u016bst glud\u0101ka, kas ietekm\u0113 ar\u012b taukus, iek\u0161\u0113jo aug\u0161stilbu da\u013cu un g\u016b\u017eas padzi\u013cin\u0101jumu.<\/p>\n<p>Lieto\u0161anas laiks: to var lietot ar\u012b visu gadu, lai \u0101rst\u0113tu iepriek\u0161 min\u0113t\u0101s probl\u0113mas. Autoim\u016bno slim\u012bbu gad\u012bjum\u0101 jaut\u0101jiet \u0101rstam par akt\u012bvaj\u0101m sast\u0101vda\u013c\u0101m.<\/p>\n<p><strong>11 Gambe in Forma &#8211;<\/strong> satur da\u017e\u0101dus gar\u0161augus, kas veicina da\u017e\u0101du asinsrites probl\u0113mu, tostarp iekaisuma, \u0101rst\u0113\u0161anu.<\/p>\n<p>K\u0101p\u0113c pat\u0113r\u0113t:<\/p>\n<p>To var izmantot jebkur\u0101 protokol\u0101 vai atsevi\u0161\u0137i.<\/p>\n<p>Ide\u0101li piem\u0113rots tiem, kuri p\u0101r\u0101k daudz s\u0113\u017e (biroja darbinieki, a\u0123enti u. c.) vai p\u0101r\u0101k daudz st\u0101v (kosmetolo\u0123es, veikala p\u0101rdev\u0113jas u. c.).<\/p>\n<p><strong>21 EDEMCELL<\/strong> Paredz\u0113ts c\u012b\u0146ai pret celul\u012bta izpausm\u0113m, \u012bpa\u0161i pret t\u016bskaino celul\u012btu.<\/p>\n<p>K\u0101p\u0113c pat\u0113r\u0113t:<\/p>\n<p>Tas ir ide\u0101li piem\u0113rots svara kontrolei, ja ir apgr\u016btin\u0101ta og\u013chidr\u0101tu vielmai\u0146a un slikta asinsrite.<\/p>\n<p>Efekt\u012bvs celul\u012bta \u0101rst\u0113\u0161anas laik\u0101 un limfod\u0113mas gad\u012bjum\u0101 (klasisk\u0101 Vidusj\u016bras smil\u0161u pulkste\u0146a\/bumbiera formas \u0137ermenis).<\/p>\n<p>Kad un k\u0101p\u0113c: dren\u0101\u017eas iedarb\u012bba Vienreiz\u0113js celul\u012bts Meitenes vai jaunas sievietes Limf\u0101tisk\u0101 un venoz\u0101 cirkul\u0101cija Glikozes kontrole Asins glikozes kontrole Bada kontrole Di\u0113tas re\u017e\u012bms, k\u0101 pal\u012bgl\u012bdzeklis.<\/p>\n<p><strong>&#8220;CELL SOD stick&#8221;<\/strong> ir vispiln\u012bg\u0101kais produkts celul\u012bta produktu kl\u0101st\u0101. Piem\u0113rots visiem celul\u012bta tipiem un vis\u0101m celul\u012bta stadij\u0101m.<\/p>\n<p>K\u0101p\u0113c to pat\u0113r\u0113t:<\/p>\n<p>Gandr\u012bz t\u016bl\u012bt\u0113ja labsaj\u016btas saj\u016bta.<\/p>\n<p>Fibrinol\u012btiska iedarb\u012bba uz visiztur\u012bg\u0101kajiem celul\u012bta veidiem, piem\u0113ram, fibrozo celul\u012btu.<\/p>\n<p>Eksfoli\u0113jo\u0161a iedarb\u012bba, kas samazina tauku nogulsn\u0113jumus.<\/p>\n<p>Aizsarg\u0101 mikrocirkul\u0101ciju k\u0101 antioksidants.<\/p>\n<p>Kad un k\u0101p\u0113c lietot:<\/p>\n<p>S\u0101p\u012bgs celul\u012bts<\/p>\n<p>Edematozais celul\u012bts<\/p>\n<p>\u0160\u0137iedru vai fibrosklerotiskais celul\u012bts<\/p>\n<p>S\u0113klenes zonas taukaudi &#8211; iek\u0161\u0113j\u0101 aug\u0161stilba un apak\u0161stilba zona<\/p>\n<p>Antioksidants un aizsarg\u0101jo\u0161s<\/p>\n<p>Uzlabo mikrocirkul\u0101ciju<\/p>\n<p>&nbsp;<\/p>\n","protected":false},"excerpt":{"rendered":"<p>Piem\u0113rots: celul\u012btam vis\u0101s t\u0101 stadij\u0101s, apels\u012bna mizas \u0101dai, fibroz\u0113tiskam \/ fibrosklerotiskam celul\u012btam, asinsrites probl\u0113m\u0101m, smagai \u016bdens aizturei.<\/p>\n<p>Ko klients j\u016bt: samazin\u0101s s\u0101pes, no k\u0101j\u0101m un pot\u012bt\u0113m tiek izvad\u012bts liekais \u0161\u0137idrums, \u0101da k\u013c\u016bst glud\u0101ka, kas ietekm\u0113 ar\u012b taukus, iek\u0161\u0113jo aug\u0161stilbu da\u013cu un g\u016b\u017eas padzi\u013cin\u0101jumu.<\/p>\n<p>Lieto\u0161anas laiks: to var lietot ar\u012b visu gadu, lai \u0101rst\u0113tu iepriek\u0161 min\u0113t\u0101s probl\u0113mas. Autoim\u016bno slim\u012bbu gad\u012bjum\u0101 jaut\u0101jiet \u0101rstam par akt\u012bvaj\u0101m sast\u0101vda\u013c\u0101m.<\/p>\n","protected":false},"featured_media":909,"template":"","meta":[],"product_brand":[],"product_cat":[63],"product_tag":[64],"class_list":{"0":"post-829","1":"product","2":"type-product","3":"status-publish","4":"has-post-thumbnail","6":"product_cat-kermenim","7":"product_tag-iepakojumi","9":"first","10":"onbackorder","11":"taxable","12":"shipping-taxable","13":"purchasable","14":"product-type-simple"},"yoast_head":"<!-- This site is optimized with the Yoast SEO plugin v27.0 - https:\/\/yoast.com\/product\/yoast-seo-wordpress\/ -->\n<title>Iepakojums - Celul\u012bts - Beauty Equipment<\/title>\n<meta name=\"robots\" content=\"index, follow, max-snippet:-1, max-image-preview:large, max-video-preview:-1\" \/>\n<link rel=\"canonical\" href=\"https:\/\/beautyequipment.shop\/lv\/toode\/pakete-celulita\/\" \/>\n<meta property=\"og:locale\" content=\"lv_LV\" \/>\n<meta property=\"og:type\" content=\"article\" \/>\n<meta property=\"og:title\" content=\"Iepakojums - Celul\u012bts - Beauty Equipment\" \/>\n<meta property=\"og:description\" content=\"Piem\u0113rots: celul\u012btam vis\u0101s t\u0101 stadij\u0101s, apels\u012bna mizas \u0101dai, fibroz\u0113tiskam \/ fibrosklerotiskam celul\u012btam, asinsrites probl\u0113m\u0101m, smagai \u016bdens aizturei. Ko klients j\u016bt: samazin\u0101s s\u0101pes, no k\u0101j\u0101m un pot\u012bt\u0113m tiek izvad\u012bts liekais \u0161\u0137idrums, \u0101da k\u013c\u016bst glud\u0101ka, kas ietekm\u0113 ar\u012b taukus, iek\u0161\u0113jo aug\u0161stilbu da\u013cu un g\u016b\u017eas padzi\u013cin\u0101jumu. Lieto\u0161anas laiks: to var lietot ar\u012b visu gadu, lai \u0101rst\u0113tu iepriek\u0161 min\u0113t\u0101s probl\u0113mas. Autoim\u016bno slim\u012bbu gad\u012bjum\u0101 jaut\u0101jiet \u0101rstam par akt\u012bvaj\u0101m sast\u0101vda\u013c\u0101m.\" \/>\n<meta property=\"og:url\" content=\"https:\/\/beautyequipment.shop\/lv\/toode\/pakete-celulita\/\" \/>\n<meta property=\"og:site_name\" content=\"Beauty Equipment\" \/>\n<meta property=\"article:publisher\" content=\"https:\/\/facebook.com\/beautyequipment.ou\" \/>\n<meta property=\"og:image\" content=\"https:\/\/beautyequipment.shop\/wp-content\/uploads\/2023\/10\/IMG_1818.jpg\" \/>\n\t<meta property=\"og:image:width\" content=\"2461\" \/>\n\t<meta property=\"og:image:height\" content=\"2461\" \/>\n\t<meta property=\"og:image:type\" content=\"image\/jpeg\" \/>\n<meta name=\"twitter:card\" content=\"summary_large_image\" \/>\n<meta name=\"twitter:label1\" content=\"Est. reading time\" \/>\n\t<meta name=\"twitter:data1\" content=\"2 minutes\" \/>\n<script type=\"application\/ld+json\" class=\"yoast-schema-graph\">{\"@context\":\"https:\/\/schema.org\",\"@graph\":[{\"@type\":\"WebPage\",\"@id\":\"https:\/\/beautyequipment.shop\/lv\/toode\/pakete-celulita\/\",\"url\":\"https:\/\/beautyequipment.shop\/lv\/toode\/pakete-celulita\/\",\"name\":\"Iepakojums - Celul\u012bts - Beauty Equipment\",\"isPartOf\":{\"@id\":\"https:\/\/beautyequipment.shop\/#website\"},\"primaryImageOfPage\":{\"@id\":\"https:\/\/beautyequipment.shop\/lv\/toode\/pakete-celulita\/#primaryimage\"},\"image\":{\"@id\":\"https:\/\/beautyequipment.shop\/lv\/toode\/pakete-celulita\/#primaryimage\"},\"thumbnailUrl\":\"https:\/\/beautyequipment.shop\/wp-content\/uploads\/2023\/10\/IMG_1818.jpg\",\"datePublished\":\"2023-10-23T21:08:06+00:00\",\"breadcrumb\":{\"@id\":\"https:\/\/beautyequipment.shop\/lv\/toode\/pakete-celulita\/#breadcrumb\"},\"inLanguage\":\"lv-LV\",\"potentialAction\":[{\"@type\":\"ReadAction\",\"target\":[\"https:\/\/beautyequipment.shop\/lv\/toode\/pakete-celulita\/\"]}]},{\"@type\":\"ImageObject\",\"inLanguage\":\"lv-LV\",\"@id\":\"https:\/\/beautyequipment.shop\/lv\/toode\/pakete-celulita\/#primaryimage\",\"url\":\"https:\/\/beautyequipment.shop\/wp-content\/uploads\/2023\/10\/IMG_1818.jpg\",\"contentUrl\":\"https:\/\/beautyequipment.shop\/wp-content\/uploads\/2023\/10\/IMG_1818.jpg\",\"width\":2461,\"height\":2461},{\"@type\":\"BreadcrumbList\",\"@id\":\"https:\/\/beautyequipment.shop\/lv\/toode\/pakete-celulita\/#breadcrumb\",\"itemListElement\":[{\"@type\":\"ListItem\",\"position\":1,\"name\":\"Home\",\"item\":\"https:\/\/beautyequipment.shop\/lv\/sakumlapa\/\"},{\"@type\":\"ListItem\",\"position\":2,\"name\":\"Veikals veikal\u0101\",\"item\":\"https:\/\/beautyequipment.shop\/lv\/shop\/\"},{\"@type\":\"ListItem\",\"position\":3,\"name\":\"Iepakojums &#8211; Celul\u012bts\"}]},{\"@type\":\"WebSite\",\"@id\":\"https:\/\/beautyequipment.shop\/#website\",\"url\":\"https:\/\/beautyequipment.shop\/\",\"name\":\"Beauty Equipment\",\"description\":\"Toidulisandid ilu ja tervise heaks\",\"publisher\":{\"@id\":\"https:\/\/beautyequipment.shop\/#organization\"},\"potentialAction\":[{\"@type\":\"SearchAction\",\"target\":{\"@type\":\"EntryPoint\",\"urlTemplate\":\"https:\/\/beautyequipment.shop\/?s={search_term_string}\"},\"query-input\":{\"@type\":\"PropertyValueSpecification\",\"valueRequired\":true,\"valueName\":\"search_term_string\"}}],\"inLanguage\":\"lv-LV\"},{\"@type\":\"Organization\",\"@id\":\"https:\/\/beautyequipment.shop\/#organization\",\"name\":\"Beauty Equipment\",\"url\":\"https:\/\/beautyequipment.shop\/\",\"logo\":{\"@type\":\"ImageObject\",\"inLanguage\":\"lv-LV\",\"@id\":\"https:\/\/beautyequipment.shop\/#\/schema\/logo\/image\/\",\"url\":\"https:\/\/beautyequipment.shop\/wp-content\/uploads\/2024\/09\/Beauty-Equipment-logo-300x109-1.webp\",\"contentUrl\":\"https:\/\/beautyequipment.shop\/wp-content\/uploads\/2024\/09\/Beauty-Equipment-logo-300x109-1.webp\",\"width\":300,\"height\":109,\"caption\":\"Beauty Equipment\"},\"image\":{\"@id\":\"https:\/\/beautyequipment.shop\/#\/schema\/logo\/image\/\"},\"sameAs\":[\"https:\/\/facebook.com\/beautyequipment.ou\",\"https:\/\/instagram.com\/tisanoreica.nord\"]}]}<\/script>\n<!-- \/ Yoast SEO plugin. -->","yoast_head_json":{"title":"Iepakojums - Celul\u012bts - Beauty Equipment","robots":{"index":"index","follow":"follow","max-snippet":"max-snippet:-1","max-image-preview":"max-image-preview:large","max-video-preview":"max-video-preview:-1"},"canonical":"https:\/\/beautyequipment.shop\/lv\/toode\/pakete-celulita\/","og_locale":"lv_LV","og_type":"article","og_title":"Iepakojums - Celul\u012bts - Beauty Equipment","og_description":"Piem\u0113rots: celul\u012btam vis\u0101s t\u0101 stadij\u0101s, apels\u012bna mizas \u0101dai, fibroz\u0113tiskam \/ fibrosklerotiskam celul\u012btam, asinsrites probl\u0113m\u0101m, smagai \u016bdens aizturei. Ko klients j\u016bt: samazin\u0101s s\u0101pes, no k\u0101j\u0101m un pot\u012bt\u0113m tiek izvad\u012bts liekais \u0161\u0137idrums, \u0101da k\u013c\u016bst glud\u0101ka, kas ietekm\u0113 ar\u012b taukus, iek\u0161\u0113jo aug\u0161stilbu da\u013cu un g\u016b\u017eas padzi\u013cin\u0101jumu. Lieto\u0161anas laiks: to var lietot ar\u012b visu gadu, lai \u0101rst\u0113tu iepriek\u0161 min\u0113t\u0101s probl\u0113mas. Autoim\u016bno slim\u012bbu gad\u012bjum\u0101 jaut\u0101jiet \u0101rstam par akt\u012bvaj\u0101m sast\u0101vda\u013c\u0101m.","og_url":"https:\/\/beautyequipment.shop\/lv\/toode\/pakete-celulita\/","og_site_name":"Beauty Equipment","article_publisher":"https:\/\/facebook.com\/beautyequipment.ou","og_image":[{"width":2461,"height":2461,"url":"https:\/\/beautyequipment.shop\/wp-content\/uploads\/2023\/10\/IMG_1818.jpg","type":"image\/jpeg"}],"twitter_card":"summary_large_image","twitter_misc":{"Est. reading time":"2 minutes"},"schema":{"@context":"https:\/\/schema.org","@graph":[{"@type":"WebPage","@id":"https:\/\/beautyequipment.shop\/lv\/toode\/pakete-celulita\/","url":"https:\/\/beautyequipment.shop\/lv\/toode\/pakete-celulita\/","name":"Iepakojums - Celul\u012bts - Beauty Equipment","isPartOf":{"@id":"https:\/\/beautyequipment.shop\/#website"},"primaryImageOfPage":{"@id":"https:\/\/beautyequipment.shop\/lv\/toode\/pakete-celulita\/#primaryimage"},"image":{"@id":"https:\/\/beautyequipment.shop\/lv\/toode\/pakete-celulita\/#primaryimage"},"thumbnailUrl":"https:\/\/beautyequipment.shop\/wp-content\/uploads\/2023\/10\/IMG_1818.jpg","datePublished":"2023-10-23T21:08:06+00:00","breadcrumb":{"@id":"https:\/\/beautyequipment.shop\/lv\/toode\/pakete-celulita\/#breadcrumb"},"inLanguage":"lv-LV","potentialAction":[{"@type":"ReadAction","target":["https:\/\/beautyequipment.shop\/lv\/toode\/pakete-celulita\/"]}]},{"@type":"ImageObject","inLanguage":"lv-LV","@id":"https:\/\/beautyequipment.shop\/lv\/toode\/pakete-celulita\/#primaryimage","url":"https:\/\/beautyequipment.shop\/wp-content\/uploads\/2023\/10\/IMG_1818.jpg","contentUrl":"https:\/\/beautyequipment.shop\/wp-content\/uploads\/2023\/10\/IMG_1818.jpg","width":2461,"height":2461},{"@type":"BreadcrumbList","@id":"https:\/\/beautyequipment.shop\/lv\/toode\/pakete-celulita\/#breadcrumb","itemListElement":[{"@type":"ListItem","position":1,"name":"Home","item":"https:\/\/beautyequipment.shop\/lv\/sakumlapa\/"},{"@type":"ListItem","position":2,"name":"Veikals veikal\u0101","item":"https:\/\/beautyequipment.shop\/lv\/shop\/"},{"@type":"ListItem","position":3,"name":"Iepakojums &#8211; Celul\u012bts"}]},{"@type":"WebSite","@id":"https:\/\/beautyequipment.shop\/#website","url":"https:\/\/beautyequipment.shop\/","name":"Beauty Equipment","description":"Toidulisandid ilu ja tervise heaks","publisher":{"@id":"https:\/\/beautyequipment.shop\/#organization"},"potentialAction":[{"@type":"SearchAction","target":{"@type":"EntryPoint","urlTemplate":"https:\/\/beautyequipment.shop\/?s={search_term_string}"},"query-input":{"@type":"PropertyValueSpecification","valueRequired":true,"valueName":"search_term_string"}}],"inLanguage":"lv-LV"},{"@type":"Organization","@id":"https:\/\/beautyequipment.shop\/#organization","name":"Beauty Equipment","url":"https:\/\/beautyequipment.shop\/","logo":{"@type":"ImageObject","inLanguage":"lv-LV","@id":"https:\/\/beautyequipment.shop\/#\/schema\/logo\/image\/","url":"https:\/\/beautyequipment.shop\/wp-content\/uploads\/2024\/09\/Beauty-Equipment-logo-300x109-1.webp","contentUrl":"https:\/\/beautyequipment.shop\/wp-content\/uploads\/2024\/09\/Beauty-Equipment-logo-300x109-1.webp","width":300,"height":109,"caption":"Beauty Equipment"},"image":{"@id":"https:\/\/beautyequipment.shop\/#\/schema\/logo\/image\/"},"sameAs":["https:\/\/facebook.com\/beautyequipment.ou","https:\/\/instagram.com\/tisanoreica.nord"]}]}},"_links":{"self":[{"href":"https:\/\/beautyequipment.shop\/lv\/wp-json\/wp\/v2\/product\/829","targetHints":{"allow":["GET"]}}],"collection":[{"href":"https:\/\/beautyequipment.shop\/lv\/wp-json\/wp\/v2\/product"}],"about":[{"href":"https:\/\/beautyequipment.shop\/lv\/wp-json\/wp\/v2\/types\/product"}],"wp:featuredmedia":[{"embeddable":true,"href":"https:\/\/beautyequipment.shop\/lv\/wp-json\/wp\/v2\/media\/909"}],"wp:attachment":[{"href":"https:\/\/beautyequipment.shop\/lv\/wp-json\/wp\/v2\/media?parent=829"}],"wp:term":[{"taxonomy":"product_brand","embeddable":true,"href":"https:\/\/beautyequipment.shop\/lv\/wp-json\/wp\/v2\/product_brand?post=829"},{"taxonomy":"product_cat","embeddable":true,"href":"https:\/\/beautyequipment.shop\/lv\/wp-json\/wp\/v2\/product_cat?post=829"},{"taxonomy":"product_tag","embeddable":true,"href":"https:\/\/beautyequipment.shop\/lv\/wp-json\/wp\/v2\/product_tag?post=829"}],"curies":[{"name":"wp","href":"https:\/\/api.w.org\/{rel}","templated":true}]}}