{"id":826,"date":"2023-10-24T00:08:06","date_gmt":"2023-10-23T21:08:06","guid":{"rendered":"https:\/\/beautyequipment.shop\/toode\/komplekts-adas-mitrinasana-un-grumbu-arstesana\/"},"modified":"2023-10-24T00:08:06","modified_gmt":"2023-10-23T21:08:06","slug":"iepakojums-adas-adas-un-virves","status":"publish","type":"product","link":"https:\/\/beautyequipment.shop\/lv\/toode\/iepakojums-adas-adas-un-virves\/","title":{"rendered":"Komplekts &#8211; \u0101das mitrin\u0101\u0161ana un grumbu \u0101rst\u0113\u0161ana"},"content":{"rendered":"<p>Komplekts \u0101das mitrin\u0101\u0161anai un grumbu nov\u0113r\u0161anai &#8211;<\/p>\n<p>Piem\u0113rots: pilnv\u0113rt\u012bga proced\u016bra pret grumb\u0101m un noveco\u0161an\u0101s paz\u012bm\u0113m, k\u0101 ar\u012b \u0101das mitruma l\u012bme\u0146a paaugstin\u0101\u0161anai gan sieviet\u0113m, gan v\u012brie\u0161iem.<\/p>\n<p>Ko klients sajut\u012bs: elast\u012bbu, tvirtumu, mitrin\u0101\u0161anu, mirdzumu un krunci\u0146u samazin\u0101\u0161anos katr\u0101 posm\u0101.<\/p>\n<p>Dermat\u012bta, psori\u0101zes vai smagas dehidrat\u0101cijas gad\u012bjum\u0101, lai mazin\u0101tu niezi un aps\u0101rtumu.<\/p>\n<p><strong>05 Depurativo Derma<\/strong><\/p>\n<p>K\u0101 jau, iesp\u0113jams, esat sapratu\u0161i, m\u016bsu produktu sast\u0101v\u0101 ir daudz augu, t\u0101p\u0113c tie ir piem\u0113roti visda\u017e\u0101d\u0101kajiem izmanto\u0161anas veidiem.<\/p>\n<p>K\u0101p\u0113c lietot \u0161o produktu :<\/p>\n<p>Vis\u0101m sejas proced\u016br\u0101m, jo tas nomierina un mitrina \u0101du, nov\u0113r\u0161 \u0101das noveco\u0161anos.<\/p>\n<p>T\u0101 vienm\u0113r att\u012bra, bet 90 % t\u0101s iedarb\u012bbas ir uz \u0101du un maz\u0101k uz iek\u0161\u0113jiem org\u0101niem. (sal\u012bdzin\u0101jum\u0101 ar Depurativo 02, kas ietekm\u0113 iek\u0161\u0113jos org\u0101nus).<\/p>\n<p>Ilgsto\u0161ai lieto\u0161anai, taukainai, uz pinn\u0113m tend\u0113tai vai \u013coti net\u012brai \u0101dai, dermat\u012btam, psori\u0101zei un plankumiem.<\/p>\n<p><strong>NUTRIDERM<\/strong><\/p>\n<p>Hialuronsk\u0101bes koncentr\u0101ts ar pildvielas efektu, kas iev\u0113rojami uzlabo \u0101das strukt\u016bru un mitrin\u0101\u0161anu.<\/p>\n<p>K\u0101p\u0113c to pat\u0113r\u0113t:<\/p>\n<p>\u013boti noder\u012bgs ar\u012b jaunai, dehidr\u0113tai \u0101dai.<\/p>\n<p>Piem\u0113rots tiem, kas daudz sau\u013cojas.<\/p>\n<p>Veicina \u0101das aizsardz\u012bbu pret br\u012bvajiem radik\u0101\u013ciem, ko rada god\u017ei ogas un alfa-liposk\u0101be.<\/p>\n<p style=\"text-align: left;\">Kad un k\u0101p\u0113c:<\/p>\n<ul style=\"text-align: left;\">\n<li>Mitrina un nostiprina \u0101du.<\/li>\n<li>Pildvielas efekts.<\/li>\n<li>Veicina kolag\u0113na veido\u0161anos.<\/li>\n<li>Antioksidanta iedarb\u012bba.<\/li>\n<li>Atjauno E un C vitam\u012bnus.<\/li>\n<li>Sinovi\u0101lo kapsulu uzglab\u0101\u0161ana<\/li>\n<\/ul>\n<p style=\"text-align: left;\"><strong>KOLLAG\u0112NA DZ\u0112RIENS<\/strong><\/p>\n<p style=\"text-align: left;\">Kad un k\u0101p\u0113c:<\/p>\n<p>Nodro\u0161ina \u0101das strukt\u016bru un aizsardz\u012bbu pret pirmaj\u0101m noveco\u0161an\u0101s paz\u012bm\u0113m. Pal\u012bdz samazin\u0101t grumbu dzi\u013cumu un uztur optim\u0101lu lip\u012bdu koncentr\u0101ciju \u0101d\u0101, nov\u0113r\u0161ot p\u0101rm\u0113r\u012bgu sausumu un lob\u012b\u0161anos. Kolag\u0113ns ir galvenais da\u017e\u0101du audu struktur\u0101lais prote\u012bns, kas veido l\u012bdz pat 35 % no m\u016bsu \u0137erme\u0146a olbaltumviel\u0101m un 90 % no m\u016bsu \u0101das. Kolag\u0113ns un elast\u012bns laika gait\u0101, \u012bpa\u0161i menopauzes laik\u0101, dabiski izz\u016bd, t\u0101p\u0113c tie ir j\u0101ievada organism\u0101 no jauna.<\/p>\n<p>Tas ir izgatavots no liellopu kolag\u0113na, kas ir visl\u012bdz\u012bg\u0101kais cilv\u0113ka kolag\u0113nam un ko organisms visviegl\u0101k absorb\u0113.<\/p>\n<p>Bioakt\u012bvie pept\u012bdi Izv\u0113l\u0113ts kolag\u0113ns I un III, prec\u012bza hidrol\u012bzes pak\u0101pe un molekulmasa: 100% derma (2,5 g Verisol = 10 g j\u016bras kolag\u0113na).<\/p>\n<p>Fitoceram\u012bdi, kas darbojas k\u0101 \u0161\u016bnu betons.<\/p>\n<p>Kad un k\u0101p\u0113c:<\/p>\n<p>Mitrina un nostiepj \u0101du, Mazina raupjumu, niezi un aps\u0101rtumu, Padzi\u013cina grumbas, br\u016bces, Antioksidants, Stimul\u0113 kolag\u0113na veido\u0161anos, Redzami nagu stipruma un aug\u0161anas rezult\u0101ti.<\/p>\n<p>AKT\u012aVS P\u0112C 60 LIETO\u0160ANAS DIEN\u0100M<\/p>\n<p style=\"text-align: left;\">\n","protected":false},"excerpt":{"rendered":"<p>Piem\u0113rots: pilnv\u0113rt\u012bgai \u0101das kop\u0161anai, lai c\u012bn\u012btos pret grumb\u0101m un noveco\u0161an\u0101s paz\u012bm\u0113m un palielin\u0101tu \u0101das mitruma l\u012bmeni. Piem\u0113rots ar\u012b v\u012brie\u0161iem.<\/p>\n<p>Ko klients sajut\u012bs: elast\u012bbu, tvirtumu, mitrin\u0101\u0161anu, mirdzumu un krunci\u0146u samazin\u0101\u0161anos katr\u0101 posm\u0101.<\/p>\n<p>Dermat\u012bta, psori\u0101zes vai smagas dehidrat\u0101cijas gad\u012bjumos tas pal\u012bdz mazin\u0101t niezi un aps\u0101rtumu.<\/p>\n<p>Lieto\u0161anas laiks: var lietot visu gadu. Profilaksei jaunie\u0161iem ieteicams \u0101rst\u0113\u0161anas kurss reizi gad\u0101. Jo vair\u0101k boj\u0101ta \u0101da, jo bie\u017e\u0101k proced\u016bra ir j\u0101atk\u0101rto.<\/p>\n","protected":false},"featured_media":873,"template":"","meta":[],"product_brand":[],"product_cat":[70],"product_tag":[64],"class_list":{"0":"post-826","1":"product","2":"type-product","3":"status-publish","4":"has-post-thumbnail","6":"product_cat-nahale-lv","7":"product_tag-iepakojumi","9":"first","10":"onbackorder","11":"taxable","12":"shipping-taxable","13":"purchasable","14":"product-type-simple"},"yoast_head":"<!-- This site is optimized with the Yoast SEO plugin v27.0 - https:\/\/yoast.com\/product\/yoast-seo-wordpress\/ -->\n<title>Komplekts - \u0101das mitrin\u0101\u0161ana un grumbu \u0101rst\u0113\u0161ana - Beauty Equipment<\/title>\n<meta name=\"robots\" content=\"index, follow, max-snippet:-1, max-image-preview:large, max-video-preview:-1\" \/>\n<link rel=\"canonical\" href=\"https:\/\/beautyequipment.shop\/lv\/toode\/iepakojums-adas-adas-un-virves\/\" \/>\n<meta property=\"og:locale\" content=\"lv_LV\" \/>\n<meta property=\"og:type\" content=\"article\" \/>\n<meta property=\"og:title\" content=\"Komplekts - \u0101das mitrin\u0101\u0161ana un grumbu \u0101rst\u0113\u0161ana - Beauty Equipment\" \/>\n<meta property=\"og:description\" content=\"Piem\u0113rots: pilnv\u0113rt\u012bgai \u0101das kop\u0161anai, lai c\u012bn\u012btos pret grumb\u0101m un noveco\u0161an\u0101s paz\u012bm\u0113m un palielin\u0101tu \u0101das mitruma l\u012bmeni. Piem\u0113rots ar\u012b v\u012brie\u0161iem. Ko klients sajut\u012bs: elast\u012bbu, tvirtumu, mitrin\u0101\u0161anu, mirdzumu un krunci\u0146u samazin\u0101\u0161anos katr\u0101 posm\u0101. Dermat\u012bta, psori\u0101zes vai smagas dehidrat\u0101cijas gad\u012bjumos tas pal\u012bdz mazin\u0101t niezi un aps\u0101rtumu. Lieto\u0161anas laiks: var lietot visu gadu. Profilaksei jaunie\u0161iem ieteicams \u0101rst\u0113\u0161anas kurss reizi gad\u0101. Jo vair\u0101k boj\u0101ta \u0101da, jo bie\u017e\u0101k proced\u016bra ir j\u0101atk\u0101rto.\" \/>\n<meta property=\"og:url\" content=\"https:\/\/beautyequipment.shop\/lv\/toode\/iepakojums-adas-adas-un-virves\/\" \/>\n<meta property=\"og:site_name\" content=\"Beauty Equipment\" \/>\n<meta property=\"article:publisher\" content=\"https:\/\/facebook.com\/beautyequipment.ou\" \/>\n<meta property=\"og:image\" content=\"https:\/\/beautyequipment.shop\/wp-content\/uploads\/2023\/10\/IMG_1803.jpg\" \/>\n\t<meta property=\"og:image:width\" content=\"2334\" \/>\n\t<meta property=\"og:image:height\" content=\"2334\" \/>\n\t<meta property=\"og:image:type\" content=\"image\/jpeg\" \/>\n<meta name=\"twitter:card\" content=\"summary_large_image\" \/>\n<meta name=\"twitter:label1\" content=\"Est. reading time\" \/>\n\t<meta name=\"twitter:data1\" content=\"2 minutes\" \/>\n<script type=\"application\/ld+json\" class=\"yoast-schema-graph\">{\"@context\":\"https:\/\/schema.org\",\"@graph\":[{\"@type\":\"WebPage\",\"@id\":\"https:\/\/beautyequipment.shop\/lv\/toode\/iepakojums-adas-adas-un-virves\/\",\"url\":\"https:\/\/beautyequipment.shop\/lv\/toode\/iepakojums-adas-adas-un-virves\/\",\"name\":\"Komplekts - \u0101das mitrin\u0101\u0161ana un grumbu \u0101rst\u0113\u0161ana - Beauty Equipment\",\"isPartOf\":{\"@id\":\"https:\/\/beautyequipment.shop\/#website\"},\"primaryImageOfPage\":{\"@id\":\"https:\/\/beautyequipment.shop\/lv\/toode\/iepakojums-adas-adas-un-virves\/#primaryimage\"},\"image\":{\"@id\":\"https:\/\/beautyequipment.shop\/lv\/toode\/iepakojums-adas-adas-un-virves\/#primaryimage\"},\"thumbnailUrl\":\"https:\/\/beautyequipment.shop\/wp-content\/uploads\/2023\/10\/IMG_1803.jpg\",\"datePublished\":\"2023-10-23T21:08:06+00:00\",\"breadcrumb\":{\"@id\":\"https:\/\/beautyequipment.shop\/lv\/toode\/iepakojums-adas-adas-un-virves\/#breadcrumb\"},\"inLanguage\":\"lv-LV\",\"potentialAction\":[{\"@type\":\"ReadAction\",\"target\":[\"https:\/\/beautyequipment.shop\/lv\/toode\/iepakojums-adas-adas-un-virves\/\"]}]},{\"@type\":\"ImageObject\",\"inLanguage\":\"lv-LV\",\"@id\":\"https:\/\/beautyequipment.shop\/lv\/toode\/iepakojums-adas-adas-un-virves\/#primaryimage\",\"url\":\"https:\/\/beautyequipment.shop\/wp-content\/uploads\/2023\/10\/IMG_1803.jpg\",\"contentUrl\":\"https:\/\/beautyequipment.shop\/wp-content\/uploads\/2023\/10\/IMG_1803.jpg\",\"width\":2334,\"height\":2334},{\"@type\":\"BreadcrumbList\",\"@id\":\"https:\/\/beautyequipment.shop\/lv\/toode\/iepakojums-adas-adas-un-virves\/#breadcrumb\",\"itemListElement\":[{\"@type\":\"ListItem\",\"position\":1,\"name\":\"Home\",\"item\":\"https:\/\/beautyequipment.shop\/lv\/sakumlapa\/\"},{\"@type\":\"ListItem\",\"position\":2,\"name\":\"Veikals veikal\u0101\",\"item\":\"https:\/\/beautyequipment.shop\/lv\/shop\/\"},{\"@type\":\"ListItem\",\"position\":3,\"name\":\"Komplekts &#8211; \u0101das mitrin\u0101\u0161ana un grumbu \u0101rst\u0113\u0161ana\"}]},{\"@type\":\"WebSite\",\"@id\":\"https:\/\/beautyequipment.shop\/#website\",\"url\":\"https:\/\/beautyequipment.shop\/\",\"name\":\"Beauty Equipment\",\"description\":\"Toidulisandid ilu ja tervise heaks\",\"publisher\":{\"@id\":\"https:\/\/beautyequipment.shop\/#organization\"},\"potentialAction\":[{\"@type\":\"SearchAction\",\"target\":{\"@type\":\"EntryPoint\",\"urlTemplate\":\"https:\/\/beautyequipment.shop\/?s={search_term_string}\"},\"query-input\":{\"@type\":\"PropertyValueSpecification\",\"valueRequired\":true,\"valueName\":\"search_term_string\"}}],\"inLanguage\":\"lv-LV\"},{\"@type\":\"Organization\",\"@id\":\"https:\/\/beautyequipment.shop\/#organization\",\"name\":\"Beauty Equipment\",\"url\":\"https:\/\/beautyequipment.shop\/\",\"logo\":{\"@type\":\"ImageObject\",\"inLanguage\":\"lv-LV\",\"@id\":\"https:\/\/beautyequipment.shop\/#\/schema\/logo\/image\/\",\"url\":\"https:\/\/beautyequipment.shop\/wp-content\/uploads\/2024\/09\/Beauty-Equipment-logo-300x109-1.webp\",\"contentUrl\":\"https:\/\/beautyequipment.shop\/wp-content\/uploads\/2024\/09\/Beauty-Equipment-logo-300x109-1.webp\",\"width\":300,\"height\":109,\"caption\":\"Beauty Equipment\"},\"image\":{\"@id\":\"https:\/\/beautyequipment.shop\/#\/schema\/logo\/image\/\"},\"sameAs\":[\"https:\/\/facebook.com\/beautyequipment.ou\",\"https:\/\/instagram.com\/tisanoreica.nord\"]}]}<\/script>\n<!-- \/ Yoast SEO plugin. -->","yoast_head_json":{"title":"Komplekts - \u0101das mitrin\u0101\u0161ana un grumbu \u0101rst\u0113\u0161ana - Beauty Equipment","robots":{"index":"index","follow":"follow","max-snippet":"max-snippet:-1","max-image-preview":"max-image-preview:large","max-video-preview":"max-video-preview:-1"},"canonical":"https:\/\/beautyequipment.shop\/lv\/toode\/iepakojums-adas-adas-un-virves\/","og_locale":"lv_LV","og_type":"article","og_title":"Komplekts - \u0101das mitrin\u0101\u0161ana un grumbu \u0101rst\u0113\u0161ana - Beauty Equipment","og_description":"Piem\u0113rots: pilnv\u0113rt\u012bgai \u0101das kop\u0161anai, lai c\u012bn\u012btos pret grumb\u0101m un noveco\u0161an\u0101s paz\u012bm\u0113m un palielin\u0101tu \u0101das mitruma l\u012bmeni. Piem\u0113rots ar\u012b v\u012brie\u0161iem. Ko klients sajut\u012bs: elast\u012bbu, tvirtumu, mitrin\u0101\u0161anu, mirdzumu un krunci\u0146u samazin\u0101\u0161anos katr\u0101 posm\u0101. Dermat\u012bta, psori\u0101zes vai smagas dehidrat\u0101cijas gad\u012bjumos tas pal\u012bdz mazin\u0101t niezi un aps\u0101rtumu. Lieto\u0161anas laiks: var lietot visu gadu. Profilaksei jaunie\u0161iem ieteicams \u0101rst\u0113\u0161anas kurss reizi gad\u0101. Jo vair\u0101k boj\u0101ta \u0101da, jo bie\u017e\u0101k proced\u016bra ir j\u0101atk\u0101rto.","og_url":"https:\/\/beautyequipment.shop\/lv\/toode\/iepakojums-adas-adas-un-virves\/","og_site_name":"Beauty Equipment","article_publisher":"https:\/\/facebook.com\/beautyequipment.ou","og_image":[{"width":2334,"height":2334,"url":"https:\/\/beautyequipment.shop\/wp-content\/uploads\/2023\/10\/IMG_1803.jpg","type":"image\/jpeg"}],"twitter_card":"summary_large_image","twitter_misc":{"Est. reading time":"2 minutes"},"schema":{"@context":"https:\/\/schema.org","@graph":[{"@type":"WebPage","@id":"https:\/\/beautyequipment.shop\/lv\/toode\/iepakojums-adas-adas-un-virves\/","url":"https:\/\/beautyequipment.shop\/lv\/toode\/iepakojums-adas-adas-un-virves\/","name":"Komplekts - \u0101das mitrin\u0101\u0161ana un grumbu \u0101rst\u0113\u0161ana - Beauty Equipment","isPartOf":{"@id":"https:\/\/beautyequipment.shop\/#website"},"primaryImageOfPage":{"@id":"https:\/\/beautyequipment.shop\/lv\/toode\/iepakojums-adas-adas-un-virves\/#primaryimage"},"image":{"@id":"https:\/\/beautyequipment.shop\/lv\/toode\/iepakojums-adas-adas-un-virves\/#primaryimage"},"thumbnailUrl":"https:\/\/beautyequipment.shop\/wp-content\/uploads\/2023\/10\/IMG_1803.jpg","datePublished":"2023-10-23T21:08:06+00:00","breadcrumb":{"@id":"https:\/\/beautyequipment.shop\/lv\/toode\/iepakojums-adas-adas-un-virves\/#breadcrumb"},"inLanguage":"lv-LV","potentialAction":[{"@type":"ReadAction","target":["https:\/\/beautyequipment.shop\/lv\/toode\/iepakojums-adas-adas-un-virves\/"]}]},{"@type":"ImageObject","inLanguage":"lv-LV","@id":"https:\/\/beautyequipment.shop\/lv\/toode\/iepakojums-adas-adas-un-virves\/#primaryimage","url":"https:\/\/beautyequipment.shop\/wp-content\/uploads\/2023\/10\/IMG_1803.jpg","contentUrl":"https:\/\/beautyequipment.shop\/wp-content\/uploads\/2023\/10\/IMG_1803.jpg","width":2334,"height":2334},{"@type":"BreadcrumbList","@id":"https:\/\/beautyequipment.shop\/lv\/toode\/iepakojums-adas-adas-un-virves\/#breadcrumb","itemListElement":[{"@type":"ListItem","position":1,"name":"Home","item":"https:\/\/beautyequipment.shop\/lv\/sakumlapa\/"},{"@type":"ListItem","position":2,"name":"Veikals veikal\u0101","item":"https:\/\/beautyequipment.shop\/lv\/shop\/"},{"@type":"ListItem","position":3,"name":"Komplekts &#8211; \u0101das mitrin\u0101\u0161ana un grumbu \u0101rst\u0113\u0161ana"}]},{"@type":"WebSite","@id":"https:\/\/beautyequipment.shop\/#website","url":"https:\/\/beautyequipment.shop\/","name":"Beauty Equipment","description":"Toidulisandid ilu ja tervise heaks","publisher":{"@id":"https:\/\/beautyequipment.shop\/#organization"},"potentialAction":[{"@type":"SearchAction","target":{"@type":"EntryPoint","urlTemplate":"https:\/\/beautyequipment.shop\/?s={search_term_string}"},"query-input":{"@type":"PropertyValueSpecification","valueRequired":true,"valueName":"search_term_string"}}],"inLanguage":"lv-LV"},{"@type":"Organization","@id":"https:\/\/beautyequipment.shop\/#organization","name":"Beauty Equipment","url":"https:\/\/beautyequipment.shop\/","logo":{"@type":"ImageObject","inLanguage":"lv-LV","@id":"https:\/\/beautyequipment.shop\/#\/schema\/logo\/image\/","url":"https:\/\/beautyequipment.shop\/wp-content\/uploads\/2024\/09\/Beauty-Equipment-logo-300x109-1.webp","contentUrl":"https:\/\/beautyequipment.shop\/wp-content\/uploads\/2024\/09\/Beauty-Equipment-logo-300x109-1.webp","width":300,"height":109,"caption":"Beauty Equipment"},"image":{"@id":"https:\/\/beautyequipment.shop\/#\/schema\/logo\/image\/"},"sameAs":["https:\/\/facebook.com\/beautyequipment.ou","https:\/\/instagram.com\/tisanoreica.nord"]}]}},"_links":{"self":[{"href":"https:\/\/beautyequipment.shop\/lv\/wp-json\/wp\/v2\/product\/826","targetHints":{"allow":["GET"]}}],"collection":[{"href":"https:\/\/beautyequipment.shop\/lv\/wp-json\/wp\/v2\/product"}],"about":[{"href":"https:\/\/beautyequipment.shop\/lv\/wp-json\/wp\/v2\/types\/product"}],"wp:featuredmedia":[{"embeddable":true,"href":"https:\/\/beautyequipment.shop\/lv\/wp-json\/wp\/v2\/media\/873"}],"wp:attachment":[{"href":"https:\/\/beautyequipment.shop\/lv\/wp-json\/wp\/v2\/media?parent=826"}],"wp:term":[{"taxonomy":"product_brand","embeddable":true,"href":"https:\/\/beautyequipment.shop\/lv\/wp-json\/wp\/v2\/product_brand?post=826"},{"taxonomy":"product_cat","embeddable":true,"href":"https:\/\/beautyequipment.shop\/lv\/wp-json\/wp\/v2\/product_cat?post=826"},{"taxonomy":"product_tag","embeddable":true,"href":"https:\/\/beautyequipment.shop\/lv\/wp-json\/wp\/v2\/product_tag?post=826"}],"curies":[{"name":"wp","href":"https:\/\/api.w.org\/{rel}","templated":true}]}}