{"id":824,"date":"2023-10-03T01:41:05","date_gmt":"2023-10-02T22:41:05","guid":{"rendered":"https:\/\/beautyequipment.shop\/toode\/estratto-21-edemcell\/"},"modified":"2023-10-03T01:41:05","modified_gmt":"2023-10-02T22:41:05","slug":"21-edemcell","status":"publish","type":"product","link":"https:\/\/beautyequipment.shop\/lv\/toode\/21-edemcell\/","title":{"rendered":"Estratto 21 Edemcell"},"content":{"rendered":"<p>21 Edemcell uztura bag\u0101tin\u0101t\u0101js, izgatavots no \u0101rstniec\u012bbas augu \u016bdens ekstraktiem, ar saldin\u0101t\u0101ja piedevu<\/p>\n<p><strong>Sast\u0101vs:<\/strong>  Augu 70 % \u016bdens ekstrakts: kan\u0113\u013ca (Cinnamomum zeylanicum Blume) miza, Orthosiphon (Orthosiphon stamineus Benth.) galotnes ar ziediem, raganu lazdas (Hamamelis virginiana L.) lapas, \u0136\u012bnas t\u0113jas kr\u016bma (Camellia sinensis (L.) Kuntze) lapas, mate (Ilex paraguariensis A. St.-Hil.) lapa, Gymnema (Gymnema sylvestre (Retz) R.Br.) lapa, Pupas (Phaseolus vulgaris L.) auglis, Dzelten\u0101 sausser\u017ea (Melilotus officinalis (L.) Pall.) virszemes da\u013ca ar ziediem, Anan\u0101sa (Ananas comosus (L.) Merr.) stubl\u0101js, Liel\u0101 ambrozija (Lithospermum officinale L.) lapa, pl\u016b\u0161koka (Equisetum arvense L.) zemes da\u013ca, timi\u0101na (Rumex crispus L.) sakne, spar\u0123e\u013ca (Asparagus officinalis L.) sakne, fenhe\u013ca (Foeniculum vulgare Mill.) auglis, b\u0113rza (Betula pendula Roth.) lapa. \u016adens, gar\u0161vielas, kr\u0101sviela (parast\u0101 karamele), saldin\u0101t\u0101js: steviolglikoz\u012bdi no Stevia lap\u0101m.<\/p>\n<p><strong>Fiziolo\u0123isk\u0101 ietekme: <\/strong>Kan\u0113lis: og\u013chidr\u0101tu vielmai\u0146a; dzeltenais sausserdis: mikrocirkul\u0101cijas funkcija, \u0137erme\u0146a \u0161\u0137idruma dren\u0101\u017ea; anan\u0101ss: c\u012b\u0146a ar celul\u012bta izrais\u012btiem tr\u016bkumiem.<\/p>\n<p><strong>Lieto\u0161anas instrukcija:<\/strong> iesak\u0101m at\u0161\u0137aid\u012bt 1 l\u012bdz 2 n\u016bji\u0146as 1,5 litros \u016bdens dzer\u0161anai dienas laik\u0101.<\/p>\n<p>Nelielas kr\u0101sas, gar\u0161as un iesp\u0113jam\u0101s nogulsn\u0113\u0161an\u0101s at\u0161\u0137ir\u012bbas ir saist\u012btas ar augu sast\u0101vda\u013cu dabisko main\u012bgumu un nenor\u0101da uz produkta kvalit\u0101tes izmai\u0146\u0101m.<\/p>\n<p><strong>Br\u012bdin\u0101jums:<\/strong> pirms lieto\u0161anas sakrat\u012bt. Uzglab\u0101t v\u0113s\u0101 viet\u0101. Uzglab\u0101t b\u0113rniem l\u012bdz 3 gadu vecumam nepieejam\u0101 viet\u0101. Nep\u0101rsniedziet ieteicamo dienas devu. Nav ieteicams lietot gr\u016btniec\u012bbas un z\u012bd\u012b\u0161anas laik\u0101. Uztura bag\u0101tin\u0101t\u0101ji nevar aizst\u0101t daudzveid\u012bgu, sabalans\u0113tu uzturu un vesel\u012bgu dz\u012bvesveidu. Tas j\u0101lieto k\u0101 da\u013ca no atbilsto\u0161as di\u0113tas ar samazin\u0101tu kaloriju daudzumu, iev\u0113rojot vesel\u012bgu dz\u012bvesveidu ar m\u0113renu fizisku slodzi. Ilgsto\u0161\u0101m di\u0113t\u0101m, kas ilg\u0101kas par trim ned\u0113\u013c\u0101m, iesak\u0101m konsult\u0113ties ar \u0101rstu.<\/p>\n<p>Ieteicam\u0101s sast\u0101vda\u013cas ieteicamaj\u0101 dev\u0101 (2 n\u016bji\u0146as dien\u0101): kan\u0113lis a.e. 5,40 g, orthosiphons a.e. 5,40 g, v\u012bgrieze a.e. 4,80 g, \u0136\u012bnas t\u0113jas kr\u016bms a.e. 3,60 g, mate a.e. 3,60 g, gymnema a.e. 2,40 g, uba a.e.. 2,40 g, dzeltenais sausserdis a.e. 2,40 g, anan\u0101ss a.e. 2,40 g, parastais v\u012bgrieze a.e. 2,40 g, pl\u016b\u0161koks a.e. 2,40 g, d\u0101rza pl\u016b\u0161koks a.e. 1,20 g, spar\u0123e\u013ci a.e. 1,20 g, fenhe\u013ci a.e. 1,20 g, m\u0101rrutki a.e. 1,20 g.<\/p>\n<p>Der\u012bguma termi\u0146\u0161 der\u012bguma termi\u0146\u0161 attiecas uz neatv\u0113rtiem un pareizi uzglab\u0101tiem produktiem. Partijas un der\u012bguma termi\u0146\u0161: skat. aug\u0161\u0101.<\/p>\n<p>Ra\u017eot\u0101js, iepakot\u0101js un izplat\u012bt\u0101js: GIANLUCA MECH SPA, Via Rodolfo Mech 80, 36020 Asigliano Veneto (VI), It\u0101lija.<\/p>\n<p>16 n\u016bji\u0146as, 30 ml katra<\/p>\n<p>BEZ ALKOHOLA &#8211; BEZ CUKURA* &#8211; BEZ KONSERVANTIEM &#8211; BEZ LIPEK\u013bA<\/p>\n<p>STEVIOLA VEGET\u0100B\u013bU KOKOS\u012aDA ZIN\u0100\u0160ANA NO ST\u0112VIJAS LAP\u0100M *SUGAR&lt;0,5 g\/100 ml<\/p>\n","protected":false},"excerpt":{"rendered":"<p>Stimul\u0113 og\u013chidr\u0101tu vielmai\u0146u un \u0137erme\u0146a \u0161\u0137idruma dren\u0101\u017eu.<\/p>\n","protected":false},"featured_media":547,"template":"","meta":[],"product_brand":[],"product_cat":[65],"product_tag":[],"class_list":{"0":"post-824","1":"product","2":"type-product","3":"status-publish","4":"has-post-thumbnail","6":"product_cat-papildinajumi","8":"first","9":"instock","10":"taxable","11":"shipping-taxable","12":"purchasable","13":"product-type-simple"},"yoast_head":"<!-- This site is optimized with the Yoast SEO plugin v27.0 - https:\/\/yoast.com\/product\/yoast-seo-wordpress\/ -->\n<title>Estratto 21 Edemcell - Beauty Equipment<\/title>\n<meta name=\"robots\" content=\"index, follow, max-snippet:-1, max-image-preview:large, max-video-preview:-1\" \/>\n<link rel=\"canonical\" href=\"https:\/\/beautyequipment.shop\/lv\/toode\/21-edemcell\/\" \/>\n<meta property=\"og:locale\" content=\"lv_LV\" \/>\n<meta property=\"og:type\" content=\"article\" \/>\n<meta property=\"og:title\" content=\"Estratto 21 Edemcell - Beauty Equipment\" \/>\n<meta property=\"og:description\" content=\"Stimul\u0113 og\u013chidr\u0101tu vielmai\u0146u un \u0137erme\u0146a \u0161\u0137idruma dren\u0101\u017eu.\" \/>\n<meta property=\"og:url\" content=\"https:\/\/beautyequipment.shop\/lv\/toode\/21-edemcell\/\" \/>\n<meta property=\"og:site_name\" content=\"Beauty Equipment\" \/>\n<meta property=\"article:publisher\" content=\"https:\/\/facebook.com\/beautyequipment.ou\" \/>\n<meta property=\"og:image\" content=\"https:\/\/beautyequipment.shop\/wp-content\/uploads\/2023\/09\/render_Decottopia_IT_21_EDEMCELL-min-scaled.jpg\" \/>\n\t<meta property=\"og:image:width\" content=\"2560\" \/>\n\t<meta property=\"og:image:height\" content=\"2560\" \/>\n\t<meta property=\"og:image:type\" content=\"image\/jpeg\" \/>\n<meta name=\"twitter:card\" content=\"summary_large_image\" \/>\n<meta name=\"twitter:label1\" content=\"Est. reading time\" \/>\n\t<meta name=\"twitter:data1\" content=\"2 minutes\" \/>\n<script type=\"application\/ld+json\" class=\"yoast-schema-graph\">{\"@context\":\"https:\/\/schema.org\",\"@graph\":[{\"@type\":\"WebPage\",\"@id\":\"https:\/\/beautyequipment.shop\/lv\/toode\/21-edemcell\/\",\"url\":\"https:\/\/beautyequipment.shop\/lv\/toode\/21-edemcell\/\",\"name\":\"Estratto 21 Edemcell - Beauty Equipment\",\"isPartOf\":{\"@id\":\"https:\/\/beautyequipment.shop\/#website\"},\"primaryImageOfPage\":{\"@id\":\"https:\/\/beautyequipment.shop\/lv\/toode\/21-edemcell\/#primaryimage\"},\"image\":{\"@id\":\"https:\/\/beautyequipment.shop\/lv\/toode\/21-edemcell\/#primaryimage\"},\"thumbnailUrl\":\"https:\/\/beautyequipment.shop\/wp-content\/uploads\/2023\/09\/render_Decottopia_IT_21_EDEMCELL-min-scaled.jpg\",\"datePublished\":\"2023-10-02T22:41:05+00:00\",\"breadcrumb\":{\"@id\":\"https:\/\/beautyequipment.shop\/lv\/toode\/21-edemcell\/#breadcrumb\"},\"inLanguage\":\"lv-LV\",\"potentialAction\":[{\"@type\":\"ReadAction\",\"target\":[\"https:\/\/beautyequipment.shop\/lv\/toode\/21-edemcell\/\"]}]},{\"@type\":\"ImageObject\",\"inLanguage\":\"lv-LV\",\"@id\":\"https:\/\/beautyequipment.shop\/lv\/toode\/21-edemcell\/#primaryimage\",\"url\":\"https:\/\/beautyequipment.shop\/wp-content\/uploads\/2023\/09\/render_Decottopia_IT_21_EDEMCELL-min-scaled.jpg\",\"contentUrl\":\"https:\/\/beautyequipment.shop\/wp-content\/uploads\/2023\/09\/render_Decottopia_IT_21_EDEMCELL-min-scaled.jpg\",\"width\":2560,\"height\":2560,\"caption\":\"Gianluca mech edemcell p\u0101rtikas piedeva\"},{\"@type\":\"BreadcrumbList\",\"@id\":\"https:\/\/beautyequipment.shop\/lv\/toode\/21-edemcell\/#breadcrumb\",\"itemListElement\":[{\"@type\":\"ListItem\",\"position\":1,\"name\":\"Home\",\"item\":\"https:\/\/beautyequipment.shop\/lv\/sakumlapa\/\"},{\"@type\":\"ListItem\",\"position\":2,\"name\":\"Veikals veikal\u0101\",\"item\":\"https:\/\/beautyequipment.shop\/lv\/shop\/\"},{\"@type\":\"ListItem\",\"position\":3,\"name\":\"Estratto 21 Edemcell\"}]},{\"@type\":\"WebSite\",\"@id\":\"https:\/\/beautyequipment.shop\/#website\",\"url\":\"https:\/\/beautyequipment.shop\/\",\"name\":\"Beauty Equipment\",\"description\":\"Toidulisandid ilu ja tervise heaks\",\"publisher\":{\"@id\":\"https:\/\/beautyequipment.shop\/#organization\"},\"potentialAction\":[{\"@type\":\"SearchAction\",\"target\":{\"@type\":\"EntryPoint\",\"urlTemplate\":\"https:\/\/beautyequipment.shop\/?s={search_term_string}\"},\"query-input\":{\"@type\":\"PropertyValueSpecification\",\"valueRequired\":true,\"valueName\":\"search_term_string\"}}],\"inLanguage\":\"lv-LV\"},{\"@type\":\"Organization\",\"@id\":\"https:\/\/beautyequipment.shop\/#organization\",\"name\":\"Beauty Equipment\",\"url\":\"https:\/\/beautyequipment.shop\/\",\"logo\":{\"@type\":\"ImageObject\",\"inLanguage\":\"lv-LV\",\"@id\":\"https:\/\/beautyequipment.shop\/#\/schema\/logo\/image\/\",\"url\":\"https:\/\/beautyequipment.shop\/wp-content\/uploads\/2024\/09\/Beauty-Equipment-logo-300x109-1.webp\",\"contentUrl\":\"https:\/\/beautyequipment.shop\/wp-content\/uploads\/2024\/09\/Beauty-Equipment-logo-300x109-1.webp\",\"width\":300,\"height\":109,\"caption\":\"Beauty Equipment\"},\"image\":{\"@id\":\"https:\/\/beautyequipment.shop\/#\/schema\/logo\/image\/\"},\"sameAs\":[\"https:\/\/facebook.com\/beautyequipment.ou\",\"https:\/\/instagram.com\/tisanoreica.nord\"]}]}<\/script>\n<!-- \/ Yoast SEO plugin. -->","yoast_head_json":{"title":"Estratto 21 Edemcell - Beauty Equipment","robots":{"index":"index","follow":"follow","max-snippet":"max-snippet:-1","max-image-preview":"max-image-preview:large","max-video-preview":"max-video-preview:-1"},"canonical":"https:\/\/beautyequipment.shop\/lv\/toode\/21-edemcell\/","og_locale":"lv_LV","og_type":"article","og_title":"Estratto 21 Edemcell - Beauty Equipment","og_description":"Stimul\u0113 og\u013chidr\u0101tu vielmai\u0146u un \u0137erme\u0146a \u0161\u0137idruma dren\u0101\u017eu.","og_url":"https:\/\/beautyequipment.shop\/lv\/toode\/21-edemcell\/","og_site_name":"Beauty Equipment","article_publisher":"https:\/\/facebook.com\/beautyequipment.ou","og_image":[{"width":2560,"height":2560,"url":"https:\/\/beautyequipment.shop\/wp-content\/uploads\/2023\/09\/render_Decottopia_IT_21_EDEMCELL-min-scaled.jpg","type":"image\/jpeg"}],"twitter_card":"summary_large_image","twitter_misc":{"Est. reading time":"2 minutes"},"schema":{"@context":"https:\/\/schema.org","@graph":[{"@type":"WebPage","@id":"https:\/\/beautyequipment.shop\/lv\/toode\/21-edemcell\/","url":"https:\/\/beautyequipment.shop\/lv\/toode\/21-edemcell\/","name":"Estratto 21 Edemcell - Beauty Equipment","isPartOf":{"@id":"https:\/\/beautyequipment.shop\/#website"},"primaryImageOfPage":{"@id":"https:\/\/beautyequipment.shop\/lv\/toode\/21-edemcell\/#primaryimage"},"image":{"@id":"https:\/\/beautyequipment.shop\/lv\/toode\/21-edemcell\/#primaryimage"},"thumbnailUrl":"https:\/\/beautyequipment.shop\/wp-content\/uploads\/2023\/09\/render_Decottopia_IT_21_EDEMCELL-min-scaled.jpg","datePublished":"2023-10-02T22:41:05+00:00","breadcrumb":{"@id":"https:\/\/beautyequipment.shop\/lv\/toode\/21-edemcell\/#breadcrumb"},"inLanguage":"lv-LV","potentialAction":[{"@type":"ReadAction","target":["https:\/\/beautyequipment.shop\/lv\/toode\/21-edemcell\/"]}]},{"@type":"ImageObject","inLanguage":"lv-LV","@id":"https:\/\/beautyequipment.shop\/lv\/toode\/21-edemcell\/#primaryimage","url":"https:\/\/beautyequipment.shop\/wp-content\/uploads\/2023\/09\/render_Decottopia_IT_21_EDEMCELL-min-scaled.jpg","contentUrl":"https:\/\/beautyequipment.shop\/wp-content\/uploads\/2023\/09\/render_Decottopia_IT_21_EDEMCELL-min-scaled.jpg","width":2560,"height":2560,"caption":"Gianluca mech edemcell p\u0101rtikas piedeva"},{"@type":"BreadcrumbList","@id":"https:\/\/beautyequipment.shop\/lv\/toode\/21-edemcell\/#breadcrumb","itemListElement":[{"@type":"ListItem","position":1,"name":"Home","item":"https:\/\/beautyequipment.shop\/lv\/sakumlapa\/"},{"@type":"ListItem","position":2,"name":"Veikals veikal\u0101","item":"https:\/\/beautyequipment.shop\/lv\/shop\/"},{"@type":"ListItem","position":3,"name":"Estratto 21 Edemcell"}]},{"@type":"WebSite","@id":"https:\/\/beautyequipment.shop\/#website","url":"https:\/\/beautyequipment.shop\/","name":"Beauty Equipment","description":"Toidulisandid ilu ja tervise heaks","publisher":{"@id":"https:\/\/beautyequipment.shop\/#organization"},"potentialAction":[{"@type":"SearchAction","target":{"@type":"EntryPoint","urlTemplate":"https:\/\/beautyequipment.shop\/?s={search_term_string}"},"query-input":{"@type":"PropertyValueSpecification","valueRequired":true,"valueName":"search_term_string"}}],"inLanguage":"lv-LV"},{"@type":"Organization","@id":"https:\/\/beautyequipment.shop\/#organization","name":"Beauty Equipment","url":"https:\/\/beautyequipment.shop\/","logo":{"@type":"ImageObject","inLanguage":"lv-LV","@id":"https:\/\/beautyequipment.shop\/#\/schema\/logo\/image\/","url":"https:\/\/beautyequipment.shop\/wp-content\/uploads\/2024\/09\/Beauty-Equipment-logo-300x109-1.webp","contentUrl":"https:\/\/beautyequipment.shop\/wp-content\/uploads\/2024\/09\/Beauty-Equipment-logo-300x109-1.webp","width":300,"height":109,"caption":"Beauty Equipment"},"image":{"@id":"https:\/\/beautyequipment.shop\/#\/schema\/logo\/image\/"},"sameAs":["https:\/\/facebook.com\/beautyequipment.ou","https:\/\/instagram.com\/tisanoreica.nord"]}]}},"_links":{"self":[{"href":"https:\/\/beautyequipment.shop\/lv\/wp-json\/wp\/v2\/product\/824","targetHints":{"allow":["GET"]}}],"collection":[{"href":"https:\/\/beautyequipment.shop\/lv\/wp-json\/wp\/v2\/product"}],"about":[{"href":"https:\/\/beautyequipment.shop\/lv\/wp-json\/wp\/v2\/types\/product"}],"wp:featuredmedia":[{"embeddable":true,"href":"https:\/\/beautyequipment.shop\/lv\/wp-json\/wp\/v2\/media\/547"}],"wp:attachment":[{"href":"https:\/\/beautyequipment.shop\/lv\/wp-json\/wp\/v2\/media?parent=824"}],"wp:term":[{"taxonomy":"product_brand","embeddable":true,"href":"https:\/\/beautyequipment.shop\/lv\/wp-json\/wp\/v2\/product_brand?post=824"},{"taxonomy":"product_cat","embeddable":true,"href":"https:\/\/beautyequipment.shop\/lv\/wp-json\/wp\/v2\/product_cat?post=824"},{"taxonomy":"product_tag","embeddable":true,"href":"https:\/\/beautyequipment.shop\/lv\/wp-json\/wp\/v2\/product_tag?post=824"}],"curies":[{"name":"wp","href":"https:\/\/api.w.org\/{rel}","templated":true}]}}