{"id":820,"date":"2023-10-24T00:08:06","date_gmt":"2023-10-23T21:08:06","guid":{"rendered":"https:\/\/beautyequipment.shop\/toode\/package-svara-zudums-sievietem\/"},"modified":"2023-10-24T00:08:06","modified_gmt":"2023-10-23T21:08:06","slug":"pakete-weight-loss-for-women","status":"publish","type":"product","link":"https:\/\/beautyequipment.shop\/lv\/toode\/pakete-weight-loss-for-women\/","title":{"rendered":"Package- Svara zudums sieviet\u0113m"},"content":{"rendered":"<p>Piem\u0113rots vis\u0101m sieviet\u0113m, kas v\u0113las zaud\u0113t vai saglab\u0101t svaru bez liel\u0101m p\u016bl\u0113m.<\/p>\n<p>Ko klients j\u016bt: vielmai\u0146as stimul\u0101cija, vieglums un sp\u0113c\u012bgs gremo\u0161anas efekts p\u0113c \u0113\u0161anas.<\/p>\n<p>Lieto\u0161anas laiks: var lietot visu gadu. \u012apa\u0161i piem\u0113rots br\u012bvdien\u0101s vai pirms &#8220;t\u0113rpu mont\u0101\u017eas&#8221;. T\u0101 k\u0101 tas neprasa nek\u0101dus \u012bpa\u0161us upurus, to var lietot ned\u0113\u013c\u0101 un br\u012bvdien\u0101s, lai ierobe\u017eotu svara pieaugumu.<\/p>\n<p><strong>13 Tonico<\/strong> &#8211; k\u0101p\u0113c to iesaka:<\/p>\n<p>Tas ir ener\u0123isks toniks, bet bez nevienas kalorijas!<\/p>\n<p>Piem\u0113rots tiem, kas apmekl\u0113 sporta z\u0101li vai sporto.<\/p>\n<p>Tas uzlabo \u0101das tonusu kop\u0101 ar kolag\u0113na dz\u0113rienu vai PAT (Tisanoreica p\u0101rtikas produkti ar augst\u0101k\u0101s kvalit\u0101tes prote\u012bniem un ekskluz\u012bvu aktivatoru, kam ir pasaules patents) (Tisanoreica p\u0101rtikas produkti dr\u012bzum\u0101 b\u016bs pieejami Igaunij\u0101).<\/p>\n<p>Kad un k\u0101p\u0113c<\/p>\n<p>Nogurums, nogurums, nogurums, ap\u0101tija, ener\u0123ijas tr\u016bkums zieme\u013cu kamufl\u0101\u017e\u0101<\/p>\n<p>Nepiecie\u0161am\u012bba lab\u0101k koncentr\u0113ties<\/p>\n<p>Lieliski piem\u0113rots sporta aktivit\u0101\u0161u laik\u0101<\/p>\n<p>Kombin\u0101cij\u0101 ar jebkuru svara zaud\u0113\u0161anas di\u0113tas strat\u0113\u0123iju.<\/p>\n<p>Cilv\u0113kiem ar zemu vielmai\u0146u<\/p>\n<p><strong>28 Riducente &#8211; <\/strong>atbalsta kaloriju samazin\u0101\u0161anu p\u0113c pusdien\u0101m un vakari\u0146\u0101m.<\/p>\n<p>K\u0101p\u0113c to pat\u0113r\u0113t:<\/p>\n<p>Tas nodro\u0161ina sader\u012bgu siner\u0123isku iedarb\u012bbu, ko var integr\u0113t ar visiem \u0161aj\u0101 kl\u0101st\u0101 iek\u013cautajiem nov\u0101j\u0113\u0161anas produktiem.<\/p>\n<p>Vienlaikus aktiviz\u0113 glik\u0113mijas kontroli un gremo\u0161anu.<\/p>\n<p>Piem\u0113rots tiem, kas nev\u0113las atteikties no galda baudas.<\/p>\n<p>Ieteikts, kad un k\u0101p\u0113c:<\/p>\n<p>Uzraugiet glikozes l\u012bmeni asin\u012bs p\u0113c \u0113\u0161anas ar \u0161o produktu.<\/p>\n<p>Kontrol\u0113 izsalkumu.<\/p>\n<p>Samazina pat\u0113r\u0113to kaloriju daudzumu.<\/p>\n<p>Pa\u0101trina gremo\u0161anas procesus un ku\u0146\u0123a iztuk\u0161o\u0161anos.<\/p>\n<p>Kop\u0101 ar jebkuru svara zudums di\u0113tas strat\u0113\u0123iju.<\/p>\n<p>Cilv\u0113kiem, kuri v\u0113las saglab\u0101t savu svaru.<\/p>\n<p>Kad un k\u0101p\u0113c:<\/p>\n<p>Efekt\u012bvs svara uztur\u0113\u0161anai un svara zuduma veicin\u0101\u0161anai, stimul\u0113jot vielmai\u0146u un termo\u0123en\u0113zi.<\/p>\n<p>To ieteicams lietot ar\u012b fibroz\u0101 celul\u012bta gad\u012bjum\u0101, piem\u0113ram, sieviet\u0113m, kuras ir tiev\u0101kas un kur\u0101m ir \u0161\u0101da veida celul\u012bts.<\/p>\n<p>Pateicoties t\u0101 att\u012bro\u0161aj\u0101m, toniz\u0113jo\u0161aj\u0101m un prets\u0113n\u012b\u0161u \u012bpa\u0161\u012bb\u0101m, tas var b\u016bt vien\u012bgais l\u012bdzeklis tiem, kuri v\u0113las izm\u0113\u0123in\u0101t produktu bez pilna protokola.<\/p>\n<p><strong>21 Snellente &#8211;<\/strong> Efekt\u012bvs l\u012bdzeklis svara uztur\u0113\u0161anai un svara zuduma veicin\u0101\u0161anai, izmantojot metabolisma un termog\u0113nas stimul\u0101ciju.<\/p>\n<p>K\u0101p\u0113c pat\u0113r\u0113t:<\/p>\n<p>Piem\u0113rots ar\u012b \u0161\u0137iedrain\u0101 celul\u012bta gad\u012bjum\u0101, piem\u0113ram, sieviet\u0113m, kuras p\u0113c dabas ir tievas un kur\u0101m ir tendence saskarties ar \u0161\u0101da veida probl\u0113m\u0101m.<\/p>\n<p>Pateicoties t\u0101 att\u012bro\u0161aj\u0101m, toniz\u0113jo\u0161aj\u0101m un nov\u0101j\u0113\u0161anas \u012bpa\u0161\u012bb\u0101m, tas var b\u016bt vien\u012bgais l\u012bdzeklis tiem, kuri v\u0113las izm\u0113\u0123in\u0101t produktu bez pilna protokola.<\/p>\n<p>&nbsp;<\/p>\n<p>&nbsp;<\/p>\n<p>&nbsp;<\/p>\n<p>&nbsp;<\/p>\n","protected":false},"excerpt":{"rendered":"<p>Piem\u0113rots vis\u0101m sieviet\u0113m, kas v\u0113las zaud\u0113t vai saglab\u0101t svaru bez liel\u0101m p\u016bl\u0113m.<\/p>\n<p>Ko klients j\u016bt: vielmai\u0146as stimul\u0101cija, vieglums un sp\u0113c\u012bgs gremo\u0161anas efekts p\u0113c \u0113\u0161anas.<\/p>\n<p>Lieto\u0161anas laiks: var lietot visu gadu. \u012apa\u0161i piem\u0113rots br\u012bvdien\u0101s vai pirms &#8220;t\u0113rpu mont\u0101\u017eas&#8221;. T\u0101 k\u0101 tas neprasa nek\u0101dus \u012bpa\u0161us upurus, to var lietot ned\u0113\u013c\u0101 un br\u012bvdien\u0101s, lai ierobe\u017eotu svara pieaugumu.<\/p>\n","protected":false},"featured_media":897,"template":"","meta":[],"product_brand":[],"product_cat":[63],"product_tag":[64],"class_list":{"0":"post-820","1":"product","2":"type-product","3":"status-publish","4":"has-post-thumbnail","6":"product_cat-kermenim","7":"product_tag-iepakojumi","9":"first","10":"onbackorder","11":"taxable","12":"shipping-taxable","13":"purchasable","14":"product-type-simple"},"yoast_head":"<!-- This site is optimized with the Yoast SEO plugin v27.0 - https:\/\/yoast.com\/product\/yoast-seo-wordpress\/ -->\n<title>Package- Svara zudums sieviet\u0113m - Beauty Equipment<\/title>\n<meta name=\"robots\" content=\"index, follow, max-snippet:-1, max-image-preview:large, max-video-preview:-1\" \/>\n<link rel=\"canonical\" href=\"https:\/\/beautyequipment.shop\/lv\/toode\/pakete-weight-loss-for-women\/\" \/>\n<meta property=\"og:locale\" content=\"lv_LV\" \/>\n<meta property=\"og:type\" content=\"article\" \/>\n<meta property=\"og:title\" content=\"Package- Svara zudums sieviet\u0113m - Beauty Equipment\" \/>\n<meta property=\"og:description\" content=\"Piem\u0113rots vis\u0101m sieviet\u0113m, kas v\u0113las zaud\u0113t vai saglab\u0101t svaru bez liel\u0101m p\u016bl\u0113m. Ko klients j\u016bt: vielmai\u0146as stimul\u0101cija, vieglums un sp\u0113c\u012bgs gremo\u0161anas efekts p\u0113c \u0113\u0161anas. Lieto\u0161anas laiks: var lietot visu gadu. \u012apa\u0161i piem\u0113rots br\u012bvdien\u0101s vai pirms &quot;t\u0113rpu mont\u0101\u017eas&quot;. T\u0101 k\u0101 tas neprasa nek\u0101dus \u012bpa\u0161us upurus, to var lietot ned\u0113\u013c\u0101 un br\u012bvdien\u0101s, lai ierobe\u017eotu svara pieaugumu.\" \/>\n<meta property=\"og:url\" content=\"https:\/\/beautyequipment.shop\/lv\/toode\/pakete-weight-loss-for-women\/\" \/>\n<meta property=\"og:site_name\" content=\"Beauty Equipment\" \/>\n<meta property=\"article:publisher\" content=\"https:\/\/facebook.com\/beautyequipment.ou\" \/>\n<meta property=\"og:image\" content=\"https:\/\/beautyequipment.shop\/wp-content\/uploads\/2023\/10\/IMG_1812.jpg\" \/>\n\t<meta property=\"og:image:width\" content=\"2438\" \/>\n\t<meta property=\"og:image:height\" content=\"2438\" \/>\n\t<meta property=\"og:image:type\" content=\"image\/jpeg\" \/>\n<meta name=\"twitter:card\" content=\"summary_large_image\" \/>\n<meta name=\"twitter:label1\" content=\"Est. reading time\" \/>\n\t<meta name=\"twitter:data1\" content=\"2 minutes\" \/>\n<script type=\"application\/ld+json\" class=\"yoast-schema-graph\">{\"@context\":\"https:\/\/schema.org\",\"@graph\":[{\"@type\":\"WebPage\",\"@id\":\"https:\/\/beautyequipment.shop\/lv\/toode\/pakete-weight-loss-for-women\/\",\"url\":\"https:\/\/beautyequipment.shop\/lv\/toode\/pakete-weight-loss-for-women\/\",\"name\":\"Package- Svara zudums sieviet\u0113m - Beauty Equipment\",\"isPartOf\":{\"@id\":\"https:\/\/beautyequipment.shop\/#website\"},\"primaryImageOfPage\":{\"@id\":\"https:\/\/beautyequipment.shop\/lv\/toode\/pakete-weight-loss-for-women\/#primaryimage\"},\"image\":{\"@id\":\"https:\/\/beautyequipment.shop\/lv\/toode\/pakete-weight-loss-for-women\/#primaryimage\"},\"thumbnailUrl\":\"https:\/\/beautyequipment.shop\/wp-content\/uploads\/2023\/10\/IMG_1812.jpg\",\"datePublished\":\"2023-10-23T21:08:06+00:00\",\"breadcrumb\":{\"@id\":\"https:\/\/beautyequipment.shop\/lv\/toode\/pakete-weight-loss-for-women\/#breadcrumb\"},\"inLanguage\":\"lv-LV\",\"potentialAction\":[{\"@type\":\"ReadAction\",\"target\":[\"https:\/\/beautyequipment.shop\/lv\/toode\/pakete-weight-loss-for-women\/\"]}]},{\"@type\":\"ImageObject\",\"inLanguage\":\"lv-LV\",\"@id\":\"https:\/\/beautyequipment.shop\/lv\/toode\/pakete-weight-loss-for-women\/#primaryimage\",\"url\":\"https:\/\/beautyequipment.shop\/wp-content\/uploads\/2023\/10\/IMG_1812.jpg\",\"contentUrl\":\"https:\/\/beautyequipment.shop\/wp-content\/uploads\/2023\/10\/IMG_1812.jpg\",\"width\":2438,\"height\":2438},{\"@type\":\"BreadcrumbList\",\"@id\":\"https:\/\/beautyequipment.shop\/lv\/toode\/pakete-weight-loss-for-women\/#breadcrumb\",\"itemListElement\":[{\"@type\":\"ListItem\",\"position\":1,\"name\":\"Home\",\"item\":\"https:\/\/beautyequipment.shop\/lv\/sakumlapa\/\"},{\"@type\":\"ListItem\",\"position\":2,\"name\":\"Veikals veikal\u0101\",\"item\":\"https:\/\/beautyequipment.shop\/lv\/shop\/\"},{\"@type\":\"ListItem\",\"position\":3,\"name\":\"Package- Svara zudums sieviet\u0113m\"}]},{\"@type\":\"WebSite\",\"@id\":\"https:\/\/beautyequipment.shop\/#website\",\"url\":\"https:\/\/beautyequipment.shop\/\",\"name\":\"Beauty Equipment\",\"description\":\"Toidulisandid ilu ja tervise heaks\",\"publisher\":{\"@id\":\"https:\/\/beautyequipment.shop\/#organization\"},\"potentialAction\":[{\"@type\":\"SearchAction\",\"target\":{\"@type\":\"EntryPoint\",\"urlTemplate\":\"https:\/\/beautyequipment.shop\/?s={search_term_string}\"},\"query-input\":{\"@type\":\"PropertyValueSpecification\",\"valueRequired\":true,\"valueName\":\"search_term_string\"}}],\"inLanguage\":\"lv-LV\"},{\"@type\":\"Organization\",\"@id\":\"https:\/\/beautyequipment.shop\/#organization\",\"name\":\"Beauty Equipment\",\"url\":\"https:\/\/beautyequipment.shop\/\",\"logo\":{\"@type\":\"ImageObject\",\"inLanguage\":\"lv-LV\",\"@id\":\"https:\/\/beautyequipment.shop\/#\/schema\/logo\/image\/\",\"url\":\"https:\/\/beautyequipment.shop\/wp-content\/uploads\/2024\/09\/Beauty-Equipment-logo-300x109-1.webp\",\"contentUrl\":\"https:\/\/beautyequipment.shop\/wp-content\/uploads\/2024\/09\/Beauty-Equipment-logo-300x109-1.webp\",\"width\":300,\"height\":109,\"caption\":\"Beauty Equipment\"},\"image\":{\"@id\":\"https:\/\/beautyequipment.shop\/#\/schema\/logo\/image\/\"},\"sameAs\":[\"https:\/\/facebook.com\/beautyequipment.ou\",\"https:\/\/instagram.com\/tisanoreica.nord\"]}]}<\/script>\n<!-- \/ Yoast SEO plugin. -->","yoast_head_json":{"title":"Package- Svara zudums sieviet\u0113m - Beauty Equipment","robots":{"index":"index","follow":"follow","max-snippet":"max-snippet:-1","max-image-preview":"max-image-preview:large","max-video-preview":"max-video-preview:-1"},"canonical":"https:\/\/beautyequipment.shop\/lv\/toode\/pakete-weight-loss-for-women\/","og_locale":"lv_LV","og_type":"article","og_title":"Package- Svara zudums sieviet\u0113m - Beauty Equipment","og_description":"Piem\u0113rots vis\u0101m sieviet\u0113m, kas v\u0113las zaud\u0113t vai saglab\u0101t svaru bez liel\u0101m p\u016bl\u0113m. Ko klients j\u016bt: vielmai\u0146as stimul\u0101cija, vieglums un sp\u0113c\u012bgs gremo\u0161anas efekts p\u0113c \u0113\u0161anas. Lieto\u0161anas laiks: var lietot visu gadu. \u012apa\u0161i piem\u0113rots br\u012bvdien\u0101s vai pirms \"t\u0113rpu mont\u0101\u017eas\". T\u0101 k\u0101 tas neprasa nek\u0101dus \u012bpa\u0161us upurus, to var lietot ned\u0113\u013c\u0101 un br\u012bvdien\u0101s, lai ierobe\u017eotu svara pieaugumu.","og_url":"https:\/\/beautyequipment.shop\/lv\/toode\/pakete-weight-loss-for-women\/","og_site_name":"Beauty Equipment","article_publisher":"https:\/\/facebook.com\/beautyequipment.ou","og_image":[{"width":2438,"height":2438,"url":"https:\/\/beautyequipment.shop\/wp-content\/uploads\/2023\/10\/IMG_1812.jpg","type":"image\/jpeg"}],"twitter_card":"summary_large_image","twitter_misc":{"Est. reading time":"2 minutes"},"schema":{"@context":"https:\/\/schema.org","@graph":[{"@type":"WebPage","@id":"https:\/\/beautyequipment.shop\/lv\/toode\/pakete-weight-loss-for-women\/","url":"https:\/\/beautyequipment.shop\/lv\/toode\/pakete-weight-loss-for-women\/","name":"Package- Svara zudums sieviet\u0113m - Beauty Equipment","isPartOf":{"@id":"https:\/\/beautyequipment.shop\/#website"},"primaryImageOfPage":{"@id":"https:\/\/beautyequipment.shop\/lv\/toode\/pakete-weight-loss-for-women\/#primaryimage"},"image":{"@id":"https:\/\/beautyequipment.shop\/lv\/toode\/pakete-weight-loss-for-women\/#primaryimage"},"thumbnailUrl":"https:\/\/beautyequipment.shop\/wp-content\/uploads\/2023\/10\/IMG_1812.jpg","datePublished":"2023-10-23T21:08:06+00:00","breadcrumb":{"@id":"https:\/\/beautyequipment.shop\/lv\/toode\/pakete-weight-loss-for-women\/#breadcrumb"},"inLanguage":"lv-LV","potentialAction":[{"@type":"ReadAction","target":["https:\/\/beautyequipment.shop\/lv\/toode\/pakete-weight-loss-for-women\/"]}]},{"@type":"ImageObject","inLanguage":"lv-LV","@id":"https:\/\/beautyequipment.shop\/lv\/toode\/pakete-weight-loss-for-women\/#primaryimage","url":"https:\/\/beautyequipment.shop\/wp-content\/uploads\/2023\/10\/IMG_1812.jpg","contentUrl":"https:\/\/beautyequipment.shop\/wp-content\/uploads\/2023\/10\/IMG_1812.jpg","width":2438,"height":2438},{"@type":"BreadcrumbList","@id":"https:\/\/beautyequipment.shop\/lv\/toode\/pakete-weight-loss-for-women\/#breadcrumb","itemListElement":[{"@type":"ListItem","position":1,"name":"Home","item":"https:\/\/beautyequipment.shop\/lv\/sakumlapa\/"},{"@type":"ListItem","position":2,"name":"Veikals veikal\u0101","item":"https:\/\/beautyequipment.shop\/lv\/shop\/"},{"@type":"ListItem","position":3,"name":"Package- Svara zudums sieviet\u0113m"}]},{"@type":"WebSite","@id":"https:\/\/beautyequipment.shop\/#website","url":"https:\/\/beautyequipment.shop\/","name":"Beauty Equipment","description":"Toidulisandid ilu ja tervise heaks","publisher":{"@id":"https:\/\/beautyequipment.shop\/#organization"},"potentialAction":[{"@type":"SearchAction","target":{"@type":"EntryPoint","urlTemplate":"https:\/\/beautyequipment.shop\/?s={search_term_string}"},"query-input":{"@type":"PropertyValueSpecification","valueRequired":true,"valueName":"search_term_string"}}],"inLanguage":"lv-LV"},{"@type":"Organization","@id":"https:\/\/beautyequipment.shop\/#organization","name":"Beauty Equipment","url":"https:\/\/beautyequipment.shop\/","logo":{"@type":"ImageObject","inLanguage":"lv-LV","@id":"https:\/\/beautyequipment.shop\/#\/schema\/logo\/image\/","url":"https:\/\/beautyequipment.shop\/wp-content\/uploads\/2024\/09\/Beauty-Equipment-logo-300x109-1.webp","contentUrl":"https:\/\/beautyequipment.shop\/wp-content\/uploads\/2024\/09\/Beauty-Equipment-logo-300x109-1.webp","width":300,"height":109,"caption":"Beauty Equipment"},"image":{"@id":"https:\/\/beautyequipment.shop\/#\/schema\/logo\/image\/"},"sameAs":["https:\/\/facebook.com\/beautyequipment.ou","https:\/\/instagram.com\/tisanoreica.nord"]}]}},"_links":{"self":[{"href":"https:\/\/beautyequipment.shop\/lv\/wp-json\/wp\/v2\/product\/820","targetHints":{"allow":["GET"]}}],"collection":[{"href":"https:\/\/beautyequipment.shop\/lv\/wp-json\/wp\/v2\/product"}],"about":[{"href":"https:\/\/beautyequipment.shop\/lv\/wp-json\/wp\/v2\/types\/product"}],"wp:featuredmedia":[{"embeddable":true,"href":"https:\/\/beautyequipment.shop\/lv\/wp-json\/wp\/v2\/media\/897"}],"wp:attachment":[{"href":"https:\/\/beautyequipment.shop\/lv\/wp-json\/wp\/v2\/media?parent=820"}],"wp:term":[{"taxonomy":"product_brand","embeddable":true,"href":"https:\/\/beautyequipment.shop\/lv\/wp-json\/wp\/v2\/product_brand?post=820"},{"taxonomy":"product_cat","embeddable":true,"href":"https:\/\/beautyequipment.shop\/lv\/wp-json\/wp\/v2\/product_cat?post=820"},{"taxonomy":"product_tag","embeddable":true,"href":"https:\/\/beautyequipment.shop\/lv\/wp-json\/wp\/v2\/product_tag?post=820"}],"curies":[{"name":"wp","href":"https:\/\/api.w.org\/{rel}","templated":true}]}}