{"id":819,"date":"2023-10-24T00:08:06","date_gmt":"2023-10-23T21:08:06","guid":{"rendered":"https:\/\/beautyequipment.shop\/toode\/iepakojums-svara-zudums-viriesiem\/"},"modified":"2023-10-24T00:08:06","modified_gmt":"2023-10-23T21:08:06","slug":"pakete-weight-loss-for-men","status":"publish","type":"product","link":"https:\/\/beautyequipment.shop\/lv\/toode\/pakete-weight-loss-for-men\/","title":{"rendered":"Iepakojums &#8211; Svara zudums v\u012brie\u0161iem"},"content":{"rendered":"<p>Piem\u0113rots: v\u012brie\u0161iem, lai zaud\u0113tu vai saglab\u0101tu svaru bez lieliem upuriem. Tas ir efekt\u012bvs ar\u012b sieviet\u0113m reprodukt\u012bv\u0101 vecum\u0101 ar \u0101bolu formu.<\/p>\n<p>Ko klients j\u016bt: viegluma saj\u016bta, \u012bpa\u0161i viduk\u013ca un v\u0113dera apvid\u016b, kas stimul\u0113 vielmai\u0146u, rada viegluma saj\u016btu un sp\u0113c\u012bgu gremo\u0161anas efektu p\u0113c \u0113\u0161anas.<\/p>\n<p>Lieto\u0161anas laiks: var lietot ar\u012b visu gadu, \u0101rstnieciskajos l\u012bdzek\u013cos.<\/p>\n<p><strong>13 Tonico<\/strong> &#8211; k\u0101p\u0113c to iesaka:<\/p>\n<p>Tas ir ener\u0123isks toniks, bet bez nevienas kalorijas!<\/p>\n<p>Piem\u0113rots tiem, kas apmekl\u0113 sporta z\u0101li vai sporto.<\/p>\n<p>Tas uzlabo \u0101das tonusu kop\u0101 ar kolag\u0113na dz\u0113rienu vai PAT (Tisanoreica p\u0101rtikas produkti ar augst\u0101k\u0101s kvalit\u0101tes prote\u012bniem un ekskluz\u012bvu aktivatoru, kam ir pasaules patents) (Tisanoreica p\u0101rtikas produkti dr\u012bzum\u0101 b\u016bs pieejami Igaunij\u0101).<\/p>\n<p>Kad un k\u0101p\u0113c<\/p>\n<p>Nogurums, nogurums, nogurums, ap\u0101tija, ener\u0123ijas tr\u016bkums zieme\u013cu kamufl\u0101\u017e\u0101<\/p>\n<p>Nepiecie\u0161am\u012bba lab\u0101k koncentr\u0113ties<\/p>\n<p>Lieliski piem\u0113rots sporta aktivit\u0101\u0161u laik\u0101<\/p>\n<p>Kombin\u0101cij\u0101 ar jebkuru svara zaud\u0113\u0161anas di\u0113tas strat\u0113\u0123iju.<\/p>\n<p>Cilv\u0113kiem ar zemu vielmai\u0146u<\/p>\n<p><strong>28 Riducente &#8211; <\/strong>atbalsta kaloriju samazin\u0101\u0161anu p\u0113c pusdien\u0101m un vakari\u0146\u0101m.<\/p>\n<p>K\u0101p\u0113c to pat\u0113r\u0113t:<\/p>\n<p>Tas nodro\u0161ina sader\u012bgu siner\u0123isku iedarb\u012bbu, ko var integr\u0113t ar visiem \u0161aj\u0101 kl\u0101st\u0101 iek\u013cautajiem nov\u0101j\u0113\u0161anas produktiem.<\/p>\n<p>Vienlaikus aktiviz\u0113 glik\u0113mijas kontroli un gremo\u0161anu.<\/p>\n<p>Piem\u0113rots tiem, kas nev\u0113las atteikties no galda baudas.<\/p>\n<p>Ieteikts, kad un k\u0101p\u0113c:<\/p>\n<p>Uzraugiet glikozes l\u012bmeni asin\u012bs p\u0113c \u0113\u0161anas ar \u0161o produktu.<\/p>\n<p>Kontrol\u0113 izsalkumu.<\/p>\n<p>Samazina pat\u0113r\u0113to kaloriju daudzumu.<\/p>\n<p>Pa\u0101trina gremo\u0161anas procesus un ku\u0146\u0123a iztuk\u0161o\u0161anos.<\/p>\n<p>Kop\u0101 ar jebkuru svara zudums di\u0113tas strat\u0113\u0123iju.<\/p>\n<p>Cilv\u0113kiem, kuri v\u0113las saglab\u0101t savu svaru.<\/p>\n<p>Kad un k\u0101p\u0113c:<\/p>\n<p>Efekt\u012bvs svara uztur\u0113\u0161anai un svara zuduma veicin\u0101\u0161anai, stimul\u0113jot vielmai\u0146u un termo\u0123en\u0113zi.<\/p>\n<p>To ieteicams lietot ar\u012b fibroz\u0101 celul\u012bta gad\u012bjum\u0101, piem\u0113ram, sieviet\u0113m, kuras ir tiev\u0101kas un kur\u0101m ir \u0161\u0101da veida celul\u012bts.<\/p>\n<p>Pateicoties t\u0101 att\u012bro\u0161aj\u0101m, toniz\u0113jo\u0161aj\u0101m un prets\u0113n\u012b\u0161u \u012bpa\u0161\u012bb\u0101m, tas var b\u016bt vien\u012bgais l\u012bdzeklis tiem, kuri v\u0113las izm\u0113\u0123in\u0101t produktu bez pilna protokola.<\/p>\n<p><strong>21 Snellente UOMO<\/strong><\/p>\n<p>Svara zaud\u0113\u0161anas r\u012bks v\u012brie\u0161iem vis\u0101s vecuma grup\u0101s. Piem\u0113rots ar\u012b \u0101bolu formas sieviet\u0113m. Viens produkts ar vair\u0101kiem efektiem. Piem\u0113rots sieviet\u0113m menopauzes period\u0101.<\/p>\n<p>K\u0101p\u0113c ieteicams:<\/p>\n<p>Tam piem\u012bt slaidino\u0161a, att\u012bro\u0161a, vielmai\u0146u un hormonus stimul\u0113jo\u0161a iedarb\u012bba.<\/p>\n<p>\u012apa\u0161i labi iedarbojas viduk\u013ca apvid\u016b un ir \u013coti efekt\u012bvs aknu att\u012br\u012b\u0161anas zi\u0146\u0101.<\/p>\n<p>Kad un k\u0101p\u0113c lietot:<\/p>\n<p>V\u0113dera un v\u0113dera lejasda\u013cas aptauko\u0161an\u0101s<\/p>\n<p>Treni\u0146iem, lai uzlabotu tonusu<\/p>\n<p>Seksu\u0101lais pastiprin\u0101t\u0101js v\u012brie\u0161iem<\/p>\n<p>Prostatas un matu vesel\u012bbas atbalstam<\/p>\n<p>Kombin\u0101cij\u0101 ar jebkuru svara zuduma m\u0113r\u0137tiec\u012bgu di\u0113tas strat\u0113\u0123iju<\/p>\n<p>Tiem, kas v\u0113las saglab\u0101t svaru bez lieliem upuriem.<\/p>\n<p>&nbsp;<\/p>\n<p>&nbsp;<\/p>\n<p>&nbsp;<\/p>\n","protected":false},"excerpt":{"rendered":"<p>Piem\u0113rots: v\u012brie\u0161iem, lai zaud\u0113tu vai saglab\u0101tu svaru bez lieliem upuriem. Tas ir efekt\u012bvs ar\u012b sieviet\u0113m reprodukt\u012bv\u0101 vecum\u0101 ar \u0101bolu formu. Ko klients j\u016bt: viegluma saj\u016bta, \u012bpa\u0161i viduk\u013ca un v\u0113dera apvid\u016b, kas stimul\u0113 vielmai\u0146u, rada viegluma saj\u016btu un sp\u0113c\u012bgu gremo\u0161anas efektu p\u0113c \u0113\u0161anas. Lieto\u0161anas laiks: var lietot ar\u012b visu gadu, \u0101rstnieciskajos l\u012bdzek\u013cos. 13 Tonico &#8211; k\u0101p\u0113c&hellip;<\/p>\n","protected":false},"featured_media":865,"template":"","meta":[],"product_brand":[],"product_cat":[63],"product_tag":[64],"class_list":{"0":"post-819","1":"product","2":"type-product","3":"status-publish","4":"has-post-thumbnail","6":"product_cat-kermenim","7":"product_tag-iepakojumi","9":"first","10":"onbackorder","11":"taxable","12":"shipping-taxable","13":"purchasable","14":"product-type-simple"},"yoast_head":"<!-- This site is optimized with the Yoast SEO plugin v27.0 - https:\/\/yoast.com\/product\/yoast-seo-wordpress\/ -->\n<title>Iepakojums - Svara zudums v\u012brie\u0161iem - Beauty Equipment<\/title>\n<meta name=\"robots\" content=\"index, follow, max-snippet:-1, max-image-preview:large, max-video-preview:-1\" \/>\n<link rel=\"canonical\" href=\"https:\/\/beautyequipment.shop\/lv\/toode\/pakete-weight-loss-for-men\/\" \/>\n<meta property=\"og:locale\" content=\"lv_LV\" \/>\n<meta property=\"og:type\" content=\"article\" \/>\n<meta property=\"og:title\" content=\"Iepakojums - Svara zudums v\u012brie\u0161iem - Beauty Equipment\" \/>\n<meta property=\"og:description\" content=\"Piem\u0113rots: v\u012brie\u0161iem, lai zaud\u0113tu vai saglab\u0101tu svaru bez lieliem upuriem. Tas ir efekt\u012bvs ar\u012b sieviet\u0113m reprodukt\u012bv\u0101 vecum\u0101 ar \u0101bolu formu. Ko klients j\u016bt: viegluma saj\u016bta, \u012bpa\u0161i viduk\u013ca un v\u0113dera apvid\u016b, kas stimul\u0113 vielmai\u0146u, rada viegluma saj\u016btu un sp\u0113c\u012bgu gremo\u0161anas efektu p\u0113c \u0113\u0161anas. Lieto\u0161anas laiks: var lietot ar\u012b visu gadu, \u0101rstnieciskajos l\u012bdzek\u013cos. 13 Tonico &#8211; k\u0101p\u0113c&hellip;\" \/>\n<meta property=\"og:url\" content=\"https:\/\/beautyequipment.shop\/lv\/toode\/pakete-weight-loss-for-men\/\" \/>\n<meta property=\"og:site_name\" content=\"Beauty Equipment\" \/>\n<meta property=\"article:publisher\" content=\"https:\/\/facebook.com\/beautyequipment.ou\" \/>\n<meta property=\"og:image\" content=\"https:\/\/beautyequipment.shop\/wp-content\/uploads\/2023\/10\/IMG_1814.jpg\" \/>\n\t<meta property=\"og:image:width\" content=\"2437\" \/>\n\t<meta property=\"og:image:height\" content=\"2437\" \/>\n\t<meta property=\"og:image:type\" content=\"image\/jpeg\" \/>\n<meta name=\"twitter:card\" content=\"summary_large_image\" \/>\n<meta name=\"twitter:label1\" content=\"Est. reading time\" \/>\n\t<meta name=\"twitter:data1\" content=\"3 minutes\" \/>\n<script type=\"application\/ld+json\" class=\"yoast-schema-graph\">{\"@context\":\"https:\/\/schema.org\",\"@graph\":[{\"@type\":\"WebPage\",\"@id\":\"https:\/\/beautyequipment.shop\/lv\/toode\/pakete-weight-loss-for-men\/\",\"url\":\"https:\/\/beautyequipment.shop\/lv\/toode\/pakete-weight-loss-for-men\/\",\"name\":\"Iepakojums - Svara zudums v\u012brie\u0161iem - Beauty Equipment\",\"isPartOf\":{\"@id\":\"https:\/\/beautyequipment.shop\/#website\"},\"primaryImageOfPage\":{\"@id\":\"https:\/\/beautyequipment.shop\/lv\/toode\/pakete-weight-loss-for-men\/#primaryimage\"},\"image\":{\"@id\":\"https:\/\/beautyequipment.shop\/lv\/toode\/pakete-weight-loss-for-men\/#primaryimage\"},\"thumbnailUrl\":\"https:\/\/beautyequipment.shop\/wp-content\/uploads\/2023\/10\/IMG_1814.jpg\",\"datePublished\":\"2023-10-23T21:08:06+00:00\",\"breadcrumb\":{\"@id\":\"https:\/\/beautyequipment.shop\/lv\/toode\/pakete-weight-loss-for-men\/#breadcrumb\"},\"inLanguage\":\"lv-LV\",\"potentialAction\":[{\"@type\":\"ReadAction\",\"target\":[\"https:\/\/beautyequipment.shop\/lv\/toode\/pakete-weight-loss-for-men\/\"]}]},{\"@type\":\"ImageObject\",\"inLanguage\":\"lv-LV\",\"@id\":\"https:\/\/beautyequipment.shop\/lv\/toode\/pakete-weight-loss-for-men\/#primaryimage\",\"url\":\"https:\/\/beautyequipment.shop\/wp-content\/uploads\/2023\/10\/IMG_1814.jpg\",\"contentUrl\":\"https:\/\/beautyequipment.shop\/wp-content\/uploads\/2023\/10\/IMG_1814.jpg\",\"width\":2437,\"height\":2437},{\"@type\":\"BreadcrumbList\",\"@id\":\"https:\/\/beautyequipment.shop\/lv\/toode\/pakete-weight-loss-for-men\/#breadcrumb\",\"itemListElement\":[{\"@type\":\"ListItem\",\"position\":1,\"name\":\"Home\",\"item\":\"https:\/\/beautyequipment.shop\/lv\/sakumlapa\/\"},{\"@type\":\"ListItem\",\"position\":2,\"name\":\"Veikals veikal\u0101\",\"item\":\"https:\/\/beautyequipment.shop\/lv\/shop\/\"},{\"@type\":\"ListItem\",\"position\":3,\"name\":\"Iepakojums &#8211; Svara zudums v\u012brie\u0161iem\"}]},{\"@type\":\"WebSite\",\"@id\":\"https:\/\/beautyequipment.shop\/#website\",\"url\":\"https:\/\/beautyequipment.shop\/\",\"name\":\"Beauty Equipment\",\"description\":\"Toidulisandid ilu ja tervise heaks\",\"publisher\":{\"@id\":\"https:\/\/beautyequipment.shop\/#organization\"},\"potentialAction\":[{\"@type\":\"SearchAction\",\"target\":{\"@type\":\"EntryPoint\",\"urlTemplate\":\"https:\/\/beautyequipment.shop\/?s={search_term_string}\"},\"query-input\":{\"@type\":\"PropertyValueSpecification\",\"valueRequired\":true,\"valueName\":\"search_term_string\"}}],\"inLanguage\":\"lv-LV\"},{\"@type\":\"Organization\",\"@id\":\"https:\/\/beautyequipment.shop\/#organization\",\"name\":\"Beauty Equipment\",\"url\":\"https:\/\/beautyequipment.shop\/\",\"logo\":{\"@type\":\"ImageObject\",\"inLanguage\":\"lv-LV\",\"@id\":\"https:\/\/beautyequipment.shop\/#\/schema\/logo\/image\/\",\"url\":\"https:\/\/beautyequipment.shop\/wp-content\/uploads\/2024\/09\/Beauty-Equipment-logo-300x109-1.webp\",\"contentUrl\":\"https:\/\/beautyequipment.shop\/wp-content\/uploads\/2024\/09\/Beauty-Equipment-logo-300x109-1.webp\",\"width\":300,\"height\":109,\"caption\":\"Beauty Equipment\"},\"image\":{\"@id\":\"https:\/\/beautyequipment.shop\/#\/schema\/logo\/image\/\"},\"sameAs\":[\"https:\/\/facebook.com\/beautyequipment.ou\",\"https:\/\/instagram.com\/tisanoreica.nord\"]}]}<\/script>\n<!-- \/ Yoast SEO plugin. -->","yoast_head_json":{"title":"Iepakojums - Svara zudums v\u012brie\u0161iem - Beauty Equipment","robots":{"index":"index","follow":"follow","max-snippet":"max-snippet:-1","max-image-preview":"max-image-preview:large","max-video-preview":"max-video-preview:-1"},"canonical":"https:\/\/beautyequipment.shop\/lv\/toode\/pakete-weight-loss-for-men\/","og_locale":"lv_LV","og_type":"article","og_title":"Iepakojums - Svara zudums v\u012brie\u0161iem - Beauty Equipment","og_description":"Piem\u0113rots: v\u012brie\u0161iem, lai zaud\u0113tu vai saglab\u0101tu svaru bez lieliem upuriem. Tas ir efekt\u012bvs ar\u012b sieviet\u0113m reprodukt\u012bv\u0101 vecum\u0101 ar \u0101bolu formu. Ko klients j\u016bt: viegluma saj\u016bta, \u012bpa\u0161i viduk\u013ca un v\u0113dera apvid\u016b, kas stimul\u0113 vielmai\u0146u, rada viegluma saj\u016btu un sp\u0113c\u012bgu gremo\u0161anas efektu p\u0113c \u0113\u0161anas. Lieto\u0161anas laiks: var lietot ar\u012b visu gadu, \u0101rstnieciskajos l\u012bdzek\u013cos. 13 Tonico &#8211; k\u0101p\u0113c&hellip;","og_url":"https:\/\/beautyequipment.shop\/lv\/toode\/pakete-weight-loss-for-men\/","og_site_name":"Beauty Equipment","article_publisher":"https:\/\/facebook.com\/beautyequipment.ou","og_image":[{"width":2437,"height":2437,"url":"https:\/\/beautyequipment.shop\/wp-content\/uploads\/2023\/10\/IMG_1814.jpg","type":"image\/jpeg"}],"twitter_card":"summary_large_image","twitter_misc":{"Est. reading time":"3 minutes"},"schema":{"@context":"https:\/\/schema.org","@graph":[{"@type":"WebPage","@id":"https:\/\/beautyequipment.shop\/lv\/toode\/pakete-weight-loss-for-men\/","url":"https:\/\/beautyequipment.shop\/lv\/toode\/pakete-weight-loss-for-men\/","name":"Iepakojums - Svara zudums v\u012brie\u0161iem - Beauty Equipment","isPartOf":{"@id":"https:\/\/beautyequipment.shop\/#website"},"primaryImageOfPage":{"@id":"https:\/\/beautyequipment.shop\/lv\/toode\/pakete-weight-loss-for-men\/#primaryimage"},"image":{"@id":"https:\/\/beautyequipment.shop\/lv\/toode\/pakete-weight-loss-for-men\/#primaryimage"},"thumbnailUrl":"https:\/\/beautyequipment.shop\/wp-content\/uploads\/2023\/10\/IMG_1814.jpg","datePublished":"2023-10-23T21:08:06+00:00","breadcrumb":{"@id":"https:\/\/beautyequipment.shop\/lv\/toode\/pakete-weight-loss-for-men\/#breadcrumb"},"inLanguage":"lv-LV","potentialAction":[{"@type":"ReadAction","target":["https:\/\/beautyequipment.shop\/lv\/toode\/pakete-weight-loss-for-men\/"]}]},{"@type":"ImageObject","inLanguage":"lv-LV","@id":"https:\/\/beautyequipment.shop\/lv\/toode\/pakete-weight-loss-for-men\/#primaryimage","url":"https:\/\/beautyequipment.shop\/wp-content\/uploads\/2023\/10\/IMG_1814.jpg","contentUrl":"https:\/\/beautyequipment.shop\/wp-content\/uploads\/2023\/10\/IMG_1814.jpg","width":2437,"height":2437},{"@type":"BreadcrumbList","@id":"https:\/\/beautyequipment.shop\/lv\/toode\/pakete-weight-loss-for-men\/#breadcrumb","itemListElement":[{"@type":"ListItem","position":1,"name":"Home","item":"https:\/\/beautyequipment.shop\/lv\/sakumlapa\/"},{"@type":"ListItem","position":2,"name":"Veikals veikal\u0101","item":"https:\/\/beautyequipment.shop\/lv\/shop\/"},{"@type":"ListItem","position":3,"name":"Iepakojums &#8211; Svara zudums v\u012brie\u0161iem"}]},{"@type":"WebSite","@id":"https:\/\/beautyequipment.shop\/#website","url":"https:\/\/beautyequipment.shop\/","name":"Beauty Equipment","description":"Toidulisandid ilu ja tervise heaks","publisher":{"@id":"https:\/\/beautyequipment.shop\/#organization"},"potentialAction":[{"@type":"SearchAction","target":{"@type":"EntryPoint","urlTemplate":"https:\/\/beautyequipment.shop\/?s={search_term_string}"},"query-input":{"@type":"PropertyValueSpecification","valueRequired":true,"valueName":"search_term_string"}}],"inLanguage":"lv-LV"},{"@type":"Organization","@id":"https:\/\/beautyequipment.shop\/#organization","name":"Beauty Equipment","url":"https:\/\/beautyequipment.shop\/","logo":{"@type":"ImageObject","inLanguage":"lv-LV","@id":"https:\/\/beautyequipment.shop\/#\/schema\/logo\/image\/","url":"https:\/\/beautyequipment.shop\/wp-content\/uploads\/2024\/09\/Beauty-Equipment-logo-300x109-1.webp","contentUrl":"https:\/\/beautyequipment.shop\/wp-content\/uploads\/2024\/09\/Beauty-Equipment-logo-300x109-1.webp","width":300,"height":109,"caption":"Beauty Equipment"},"image":{"@id":"https:\/\/beautyequipment.shop\/#\/schema\/logo\/image\/"},"sameAs":["https:\/\/facebook.com\/beautyequipment.ou","https:\/\/instagram.com\/tisanoreica.nord"]}]}},"_links":{"self":[{"href":"https:\/\/beautyequipment.shop\/lv\/wp-json\/wp\/v2\/product\/819","targetHints":{"allow":["GET"]}}],"collection":[{"href":"https:\/\/beautyequipment.shop\/lv\/wp-json\/wp\/v2\/product"}],"about":[{"href":"https:\/\/beautyequipment.shop\/lv\/wp-json\/wp\/v2\/types\/product"}],"wp:featuredmedia":[{"embeddable":true,"href":"https:\/\/beautyequipment.shop\/lv\/wp-json\/wp\/v2\/media\/865"}],"wp:attachment":[{"href":"https:\/\/beautyequipment.shop\/lv\/wp-json\/wp\/v2\/media?parent=819"}],"wp:term":[{"taxonomy":"product_brand","embeddable":true,"href":"https:\/\/beautyequipment.shop\/lv\/wp-json\/wp\/v2\/product_brand?post=819"},{"taxonomy":"product_cat","embeddable":true,"href":"https:\/\/beautyequipment.shop\/lv\/wp-json\/wp\/v2\/product_cat?post=819"},{"taxonomy":"product_tag","embeddable":true,"href":"https:\/\/beautyequipment.shop\/lv\/wp-json\/wp\/v2\/product_tag?post=819"}],"curies":[{"name":"wp","href":"https:\/\/api.w.org\/{rel}","templated":true}]}}