{"id":813,"date":"2023-10-03T01:36:32","date_gmt":"2023-10-02T22:36:32","guid":{"rendered":"https:\/\/beautyequipment.shop\/toode\/13-tonico-fragments\/"},"modified":"2023-10-03T01:36:32","modified_gmt":"2023-10-02T22:36:32","slug":"13-tonico","status":"publish","type":"product","link":"https:\/\/beautyequipment.shop\/lv\/toode\/13-tonico\/","title":{"rendered":"13 Tonico fragments"},"content":{"rendered":"<p>13 Tonico uztura bag\u0101tin\u0101t\u0101js ir izgatavots no \u0101rstniec\u012bbas augu \u016bdens ekstraktiem.<\/p>\n<p><strong>Sast\u0101vs:<\/strong>  70 % gar\u0161augu \u016bdens ekstrakti: l\u0101ce\u0146ogu (Heracleum sphondylium L.), Sib\u012brijas \u017ee\u0146\u0161e\u0146a (Eleutherocococcus senticosus (Rupr. et Maxim.) Maxim) sakne, Muira Puama (Ptychopetalum olacoides Benth.) miza, guaranas (Paullinia cupana Kunth) s\u0113klas, dami\u0101nas (Turnera diffusa Wild. ex Schult.) lapas, Korejas \u017ee\u0146\u0161e\u0146a (Panax ginseng C.A.) miza. ) lapa, piparm\u0113tras (Mentha x piperita L.) lapa, an\u012bsa (Pimpinella anisum L.) auglis, lakrica (Glycyrrhiza glabra L.) sakne, kafijas (Coffea arabica L.) s\u0113kla. \u016adens, gar\u0161vielas. Kr\u0101sviela: vienk\u0101r\u0161a karamele.<\/p>\n<p><strong>Fiziolo\u0123isk\u0101 ietekme:<\/strong> Sib\u012brijas \u017ee\u0146\u0161e\u0146s: toniz\u0113jo\u0161s adaptog\u0113ns, dabiskie organisma aizsardz\u012bbas meh\u0101nismi, atmi\u0146as un kognit\u012bv\u0101s funkcijas. Ikdienas toniks ziemas mazg\u0101\u0161anai.<\/p>\n<p><strong>Lieto\u0161anas instrukcija:<\/strong> iesak\u0101m lietot 1 l\u012bdz 2 n\u016bji\u0146as dien\u0101 \u016bden\u012b, no r\u012bta tuk\u0161\u0101 d\u016b\u0161\u0101 un\/vai p\u0113c pusdien\u0101m. Varat ar\u012b iz\u0161\u0137\u012bdin\u0101t 1 l\u012bdz 2 n\u016bji\u0146as 500 ml \u016bdens, ko dzert treni\u0146a laik\u0101. Nelielas kr\u0101sas, gar\u0161as un iesp\u0113jam\u0101s nokri\u0161\u0146u izmai\u0146as ir saist\u012btas ar norm\u0101l\u0101m augu izcelsmes sast\u0101vda\u013cu izmai\u0146\u0101m un nenor\u0101da uz produkta kvalit\u0101tes izmai\u0146\u0101m.<\/p>\n<p><strong>Br\u012bdin\u0101jums: <\/strong>pirms lieto\u0161anas sakrat\u012bt. Uzglab\u0101t v\u0113s\u0101 viet\u0101. Uzglab\u0101t b\u0113rniem l\u012bdz 3 gadu vecumam nepieejam\u0101 viet\u0101. Nep\u0101rsniedziet ieteicamo dienas devu. Uztura bag\u0101tin\u0101t\u0101ji nevar aizst\u0101t daudzveid\u012bgu, sabalans\u0113tu uzturu un vesel\u012bgu dz\u012bvesveidu. Satur kofe\u012bnu (4,5 mg ieteicamaj\u0101 dev\u0101). Nav ieteicams lietot b\u0113rniem, gr\u016btniec\u012bbas un z\u012bd\u012b\u0161anas laik\u0101.<\/p>\n<p>\u012aPA\u0160S SAST\u0100VUMS IETEIKT\u0100 DOR\u0100\u017d\u0100 (2 n\u016bji\u0146as dien\u0101): l\u0101\u010da galva 9,00 g, Sib\u012brijas \u017ee\u0146\u0161e\u0146s 7,50 g, Muira puama 3,00 g, Guarana 2,25 g, Dami\u0101na 2,25 g, Korejas \u017ee\u0146\u0161e\u0146s 2,25 g.2,25 g, t\u0113jas kr\u016bms 2,25 g, hibiskus 2,25 g, rozmar\u012bns 2,25 g, arti\u0161oks 2,25 g, piparm\u0113tra 2,25 g, an\u012bss 1,50 g, lakrica 1,50 g, kafija 1,50 g.<\/p>\n<p>Der\u012bguma termi\u0146\u0161 ir der\u012bgs neatv\u0113rtam un pareizi uzglab\u0101tam produktam. Partijas un der\u012bguma termi\u0146\u0161: skat. aug\u0161\u0101.<\/p>\n<p>Ra\u017eot\u0101js, iepakot\u0101js un izplat\u012bt\u0101js: GIANLUCA MECH SPA, Via Rodolfo Mech 80, 36020 Asigliano Veneto (VI), It\u0101lija.<\/p>\n<p>16 n\u016bji\u0146as, 30 ml katra<\/p>\n<p>BEZ ALKOHOLSALKAS &#8211; BEZ SALDA* &#8211; BEZ KONSERVATORIJA &#8211; BEZ GLUKURA *CUKURS&lt;0,5 g\/100 ml<\/p>\n","protected":false},"excerpt":{"rendered":"<p>Atbalsta vielmai\u0146u, organisma dabisko aizsargsp\u0113ju, atmi\u0146u un kognit\u012bv\u0101s funkcijas.<\/p>\n","protected":false},"featured_media":541,"template":"","meta":[],"product_brand":[],"product_cat":[65],"product_tag":[],"class_list":{"0":"post-813","1":"product","2":"type-product","3":"status-publish","4":"has-post-thumbnail","6":"product_cat-papildinajumi","8":"first","9":"instock","10":"taxable","11":"shipping-taxable","12":"purchasable","13":"product-type-simple"},"yoast_head":"<!-- This site is optimized with the Yoast SEO plugin v27.0 - https:\/\/yoast.com\/product\/yoast-seo-wordpress\/ -->\n<title>13 Tonico fragments - Beauty Equipment<\/title>\n<meta name=\"robots\" content=\"index, follow, max-snippet:-1, max-image-preview:large, max-video-preview:-1\" \/>\n<link rel=\"canonical\" href=\"https:\/\/beautyequipment.shop\/lv\/toode\/13-tonico\/\" \/>\n<meta property=\"og:locale\" content=\"lv_LV\" \/>\n<meta property=\"og:type\" content=\"article\" \/>\n<meta property=\"og:title\" content=\"13 Tonico fragments - Beauty Equipment\" \/>\n<meta property=\"og:description\" content=\"Atbalsta vielmai\u0146u, organisma dabisko aizsargsp\u0113ju, atmi\u0146u un kognit\u012bv\u0101s funkcijas.\" \/>\n<meta property=\"og:url\" content=\"https:\/\/beautyequipment.shop\/lv\/toode\/13-tonico\/\" \/>\n<meta property=\"og:site_name\" content=\"Beauty Equipment\" \/>\n<meta property=\"article:publisher\" content=\"https:\/\/facebook.com\/beautyequipment.ou\" \/>\n<meta property=\"og:image\" content=\"https:\/\/beautyequipment.shop\/wp-content\/uploads\/2023\/09\/render_Decottopia_IT_13-min-scaled.jpg\" \/>\n\t<meta property=\"og:image:width\" content=\"2560\" \/>\n\t<meta property=\"og:image:height\" content=\"2560\" \/>\n\t<meta property=\"og:image:type\" content=\"image\/jpeg\" \/>\n<meta name=\"twitter:card\" content=\"summary_large_image\" \/>\n<meta name=\"twitter:label1\" content=\"Est. reading time\" \/>\n\t<meta name=\"twitter:data1\" content=\"2 minutes\" \/>\n<script type=\"application\/ld+json\" class=\"yoast-schema-graph\">{\"@context\":\"https:\/\/schema.org\",\"@graph\":[{\"@type\":\"WebPage\",\"@id\":\"https:\/\/beautyequipment.shop\/lv\/toode\/13-tonico\/\",\"url\":\"https:\/\/beautyequipment.shop\/lv\/toode\/13-tonico\/\",\"name\":\"13 Tonico fragments - Beauty Equipment\",\"isPartOf\":{\"@id\":\"https:\/\/beautyequipment.shop\/#website\"},\"primaryImageOfPage\":{\"@id\":\"https:\/\/beautyequipment.shop\/lv\/toode\/13-tonico\/#primaryimage\"},\"image\":{\"@id\":\"https:\/\/beautyequipment.shop\/lv\/toode\/13-tonico\/#primaryimage\"},\"thumbnailUrl\":\"https:\/\/beautyequipment.shop\/wp-content\/uploads\/2023\/09\/render_Decottopia_IT_13-min-scaled.jpg\",\"datePublished\":\"2023-10-02T22:36:32+00:00\",\"breadcrumb\":{\"@id\":\"https:\/\/beautyequipment.shop\/lv\/toode\/13-tonico\/#breadcrumb\"},\"inLanguage\":\"lv-LV\",\"potentialAction\":[{\"@type\":\"ReadAction\",\"target\":[\"https:\/\/beautyequipment.shop\/lv\/toode\/13-tonico\/\"]}]},{\"@type\":\"ImageObject\",\"inLanguage\":\"lv-LV\",\"@id\":\"https:\/\/beautyequipment.shop\/lv\/toode\/13-tonico\/#primaryimage\",\"url\":\"https:\/\/beautyequipment.shop\/wp-content\/uploads\/2023\/09\/render_Decottopia_IT_13-min-scaled.jpg\",\"contentUrl\":\"https:\/\/beautyequipment.shop\/wp-content\/uploads\/2023\/09\/render_Decottopia_IT_13-min-scaled.jpg\",\"width\":2560,\"height\":2560,\"caption\":\"Gianluca mech tonico p\u0101rtikas piedeva\"},{\"@type\":\"BreadcrumbList\",\"@id\":\"https:\/\/beautyequipment.shop\/lv\/toode\/13-tonico\/#breadcrumb\",\"itemListElement\":[{\"@type\":\"ListItem\",\"position\":1,\"name\":\"Home\",\"item\":\"https:\/\/beautyequipment.shop\/lv\/sakumlapa\/\"},{\"@type\":\"ListItem\",\"position\":2,\"name\":\"Veikals veikal\u0101\",\"item\":\"https:\/\/beautyequipment.shop\/lv\/shop\/\"},{\"@type\":\"ListItem\",\"position\":3,\"name\":\"13 Tonico fragments\"}]},{\"@type\":\"WebSite\",\"@id\":\"https:\/\/beautyequipment.shop\/#website\",\"url\":\"https:\/\/beautyequipment.shop\/\",\"name\":\"Beauty Equipment\",\"description\":\"Toidulisandid ilu ja tervise heaks\",\"publisher\":{\"@id\":\"https:\/\/beautyequipment.shop\/#organization\"},\"potentialAction\":[{\"@type\":\"SearchAction\",\"target\":{\"@type\":\"EntryPoint\",\"urlTemplate\":\"https:\/\/beautyequipment.shop\/?s={search_term_string}\"},\"query-input\":{\"@type\":\"PropertyValueSpecification\",\"valueRequired\":true,\"valueName\":\"search_term_string\"}}],\"inLanguage\":\"lv-LV\"},{\"@type\":\"Organization\",\"@id\":\"https:\/\/beautyequipment.shop\/#organization\",\"name\":\"Beauty Equipment\",\"url\":\"https:\/\/beautyequipment.shop\/\",\"logo\":{\"@type\":\"ImageObject\",\"inLanguage\":\"lv-LV\",\"@id\":\"https:\/\/beautyequipment.shop\/#\/schema\/logo\/image\/\",\"url\":\"https:\/\/beautyequipment.shop\/wp-content\/uploads\/2024\/09\/Beauty-Equipment-logo-300x109-1.webp\",\"contentUrl\":\"https:\/\/beautyequipment.shop\/wp-content\/uploads\/2024\/09\/Beauty-Equipment-logo-300x109-1.webp\",\"width\":300,\"height\":109,\"caption\":\"Beauty Equipment\"},\"image\":{\"@id\":\"https:\/\/beautyequipment.shop\/#\/schema\/logo\/image\/\"},\"sameAs\":[\"https:\/\/facebook.com\/beautyequipment.ou\",\"https:\/\/instagram.com\/tisanoreica.nord\"]}]}<\/script>\n<!-- \/ Yoast SEO plugin. -->","yoast_head_json":{"title":"13 Tonico fragments - Beauty Equipment","robots":{"index":"index","follow":"follow","max-snippet":"max-snippet:-1","max-image-preview":"max-image-preview:large","max-video-preview":"max-video-preview:-1"},"canonical":"https:\/\/beautyequipment.shop\/lv\/toode\/13-tonico\/","og_locale":"lv_LV","og_type":"article","og_title":"13 Tonico fragments - Beauty Equipment","og_description":"Atbalsta vielmai\u0146u, organisma dabisko aizsargsp\u0113ju, atmi\u0146u un kognit\u012bv\u0101s funkcijas.","og_url":"https:\/\/beautyequipment.shop\/lv\/toode\/13-tonico\/","og_site_name":"Beauty Equipment","article_publisher":"https:\/\/facebook.com\/beautyequipment.ou","og_image":[{"width":2560,"height":2560,"url":"https:\/\/beautyequipment.shop\/wp-content\/uploads\/2023\/09\/render_Decottopia_IT_13-min-scaled.jpg","type":"image\/jpeg"}],"twitter_card":"summary_large_image","twitter_misc":{"Est. reading time":"2 minutes"},"schema":{"@context":"https:\/\/schema.org","@graph":[{"@type":"WebPage","@id":"https:\/\/beautyequipment.shop\/lv\/toode\/13-tonico\/","url":"https:\/\/beautyequipment.shop\/lv\/toode\/13-tonico\/","name":"13 Tonico fragments - Beauty Equipment","isPartOf":{"@id":"https:\/\/beautyequipment.shop\/#website"},"primaryImageOfPage":{"@id":"https:\/\/beautyequipment.shop\/lv\/toode\/13-tonico\/#primaryimage"},"image":{"@id":"https:\/\/beautyequipment.shop\/lv\/toode\/13-tonico\/#primaryimage"},"thumbnailUrl":"https:\/\/beautyequipment.shop\/wp-content\/uploads\/2023\/09\/render_Decottopia_IT_13-min-scaled.jpg","datePublished":"2023-10-02T22:36:32+00:00","breadcrumb":{"@id":"https:\/\/beautyequipment.shop\/lv\/toode\/13-tonico\/#breadcrumb"},"inLanguage":"lv-LV","potentialAction":[{"@type":"ReadAction","target":["https:\/\/beautyequipment.shop\/lv\/toode\/13-tonico\/"]}]},{"@type":"ImageObject","inLanguage":"lv-LV","@id":"https:\/\/beautyequipment.shop\/lv\/toode\/13-tonico\/#primaryimage","url":"https:\/\/beautyequipment.shop\/wp-content\/uploads\/2023\/09\/render_Decottopia_IT_13-min-scaled.jpg","contentUrl":"https:\/\/beautyequipment.shop\/wp-content\/uploads\/2023\/09\/render_Decottopia_IT_13-min-scaled.jpg","width":2560,"height":2560,"caption":"Gianluca mech tonico p\u0101rtikas piedeva"},{"@type":"BreadcrumbList","@id":"https:\/\/beautyequipment.shop\/lv\/toode\/13-tonico\/#breadcrumb","itemListElement":[{"@type":"ListItem","position":1,"name":"Home","item":"https:\/\/beautyequipment.shop\/lv\/sakumlapa\/"},{"@type":"ListItem","position":2,"name":"Veikals veikal\u0101","item":"https:\/\/beautyequipment.shop\/lv\/shop\/"},{"@type":"ListItem","position":3,"name":"13 Tonico fragments"}]},{"@type":"WebSite","@id":"https:\/\/beautyequipment.shop\/#website","url":"https:\/\/beautyequipment.shop\/","name":"Beauty Equipment","description":"Toidulisandid ilu ja tervise heaks","publisher":{"@id":"https:\/\/beautyequipment.shop\/#organization"},"potentialAction":[{"@type":"SearchAction","target":{"@type":"EntryPoint","urlTemplate":"https:\/\/beautyequipment.shop\/?s={search_term_string}"},"query-input":{"@type":"PropertyValueSpecification","valueRequired":true,"valueName":"search_term_string"}}],"inLanguage":"lv-LV"},{"@type":"Organization","@id":"https:\/\/beautyequipment.shop\/#organization","name":"Beauty Equipment","url":"https:\/\/beautyequipment.shop\/","logo":{"@type":"ImageObject","inLanguage":"lv-LV","@id":"https:\/\/beautyequipment.shop\/#\/schema\/logo\/image\/","url":"https:\/\/beautyequipment.shop\/wp-content\/uploads\/2024\/09\/Beauty-Equipment-logo-300x109-1.webp","contentUrl":"https:\/\/beautyequipment.shop\/wp-content\/uploads\/2024\/09\/Beauty-Equipment-logo-300x109-1.webp","width":300,"height":109,"caption":"Beauty Equipment"},"image":{"@id":"https:\/\/beautyequipment.shop\/#\/schema\/logo\/image\/"},"sameAs":["https:\/\/facebook.com\/beautyequipment.ou","https:\/\/instagram.com\/tisanoreica.nord"]}]}},"_links":{"self":[{"href":"https:\/\/beautyequipment.shop\/lv\/wp-json\/wp\/v2\/product\/813","targetHints":{"allow":["GET"]}}],"collection":[{"href":"https:\/\/beautyequipment.shop\/lv\/wp-json\/wp\/v2\/product"}],"about":[{"href":"https:\/\/beautyequipment.shop\/lv\/wp-json\/wp\/v2\/types\/product"}],"wp:featuredmedia":[{"embeddable":true,"href":"https:\/\/beautyequipment.shop\/lv\/wp-json\/wp\/v2\/media\/541"}],"wp:attachment":[{"href":"https:\/\/beautyequipment.shop\/lv\/wp-json\/wp\/v2\/media?parent=813"}],"wp:term":[{"taxonomy":"product_brand","embeddable":true,"href":"https:\/\/beautyequipment.shop\/lv\/wp-json\/wp\/v2\/product_brand?post=813"},{"taxonomy":"product_cat","embeddable":true,"href":"https:\/\/beautyequipment.shop\/lv\/wp-json\/wp\/v2\/product_cat?post=813"},{"taxonomy":"product_tag","embeddable":true,"href":"https:\/\/beautyequipment.shop\/lv\/wp-json\/wp\/v2\/product_tag?post=813"}],"curies":[{"name":"wp","href":"https:\/\/api.w.org\/{rel}","templated":true}]}}