{"id":812,"date":"2023-10-26T21:15:15","date_gmt":"2023-10-26T18:15:15","guid":{"rendered":"https:\/\/beautyequipment.shop\/toode\/iepakojuma-detoksikacija\/"},"modified":"2023-10-26T21:15:15","modified_gmt":"2023-10-26T18:15:15","slug":"pakete-detox","status":"publish","type":"product","link":"https:\/\/beautyequipment.shop\/lv\/toode\/pakete-detox\/","title":{"rendered":"Iepakojuma detoksik\u0101cija"},"content":{"rendered":"<p>Piem\u0113rots: organisma un \u0101das att\u012br\u012b\u0161anai no toks\u012bniem, taukainas \u0101das att\u012br\u012b\u0161anai, pinn\u0113m, sasitumiem, v\u0113dera piet\u016bkumam un l\u0113nai vielmai\u0146ai, holester\u012bna un triglicer\u012bdu vielmai\u0146as procesiem.<\/p>\n<p>Klientu pieredze: pat\u012bkama pa\u0161saj\u016bta, vieglums, viegl\u0101ka \u0101da, plakan\u0101ka v\u0113dera un v\u0113dera zona.<\/p>\n<p>Lieto\u0161ana: pirms skaistumkop\u0161anas proced\u016br\u0101m, mainoties gadalaikam, p\u0113c atva\u013cin\u0101juma un p\u0113c atva\u013cin\u0101juma, p\u0113c alkohola lieto\u0161anas.<\/p>\n<p><strong>02 Depurativo<\/strong> &#8211; t\u0101 att\u012bra organismu no atkritumproduktiem &#8211; visa, ko m\u0113s ieelpojam, ap\u0113dam un izdzeram, k\u0101 ar\u012b no tiem, ko organisms parasti ra\u017eo.<\/p>\n<p>K\u0101p\u0113c pat\u0113r\u0113t?<\/p>\n<p>\u0160o nov\u0101r\u012bjumu vai z\u0101\u013cu terapiju m\u0113s iesak\u0101m lietot pirms jebkuras \u0101rst\u0113\u0161anas, jo t\u0101 ir saska\u0146\u0101 ar lo\u0123iku, kas jau tiek piem\u0113rota kosm\u0113tikas l\u012bdzek\u013ciem: vispirms &#8220;att\u012briet&#8221; un p\u0113c tam apstr\u0101d\u0101jiet plankumus. Tas pats ir ar\u012b pie mums: vispirms &#8220;att\u012br\u0101mies&#8221; un tad p\u0101riet uz konkr\u0113tu uztura bag\u0101tin\u0101t\u0101ju.<\/p>\n<p>Iek\u0161\u0113jo org\u0101nu (aknu, zarnu un asins) att\u012br\u012b\u0161anai.<\/p>\n<p>To ir viegli ieteikt, jo att\u012br\u012b\u0161an\u0101s ir nepiecie\u0161ama ikvienam, pat tiem, kas \u0113d vesel\u012bgi un iev\u0113ro vesel\u012bgu dz\u012bvesveidu.<\/p>\n<p style=\"text-align: left;\"><strong>05 Depurativo Derma<\/strong> &#8211; \u0101da ir liel\u0101kais cilv\u0113ka \u0137erme\u0146a org\u0101ns, un t\u0101s labsaj\u016btai ir svar\u012bgi lietot \u012bpa\u0161i tai paredz\u0113tu t\u012br\u012b\u0161anas l\u012bdzekli. L\u012bdzek\u013ca sast\u0101v\u0101 eso\u0161ie augi nodro\u0161ina \u0101das att\u012br\u012b\u0161anu, k\u0101 ar\u012b mitrin\u0101\u0161anu un nomierin\u0101\u0161anu.<\/p>\n<p style=\"text-align: left;\">K\u0101p\u0113c to pat\u0113r\u0113t?<\/p>\n<p>Tas vienm\u0113r ir att\u012bro\u0161s l\u012bdzeklis, bet 90 % t\u0101 iedarb\u012bbas ir uz \u0101du un maz\u0101k uz iek\u0161\u0113jiem org\u0101niem.<\/p>\n<p>Vis\u0101m sejas proced\u016br\u0101m, ar pretnoveco\u0161an\u0101s iedarb\u012bbu, pateicoties nomierino\u0161\u0101m un mitrino\u0161\u0101m \u012bpa\u0161\u012bb\u0101m.<\/p>\n<p>Pat ilgsto\u0161i, taukainai, pinn\u0113m vai \u013coti net\u012brai \u0101dai, dermat\u012btam, psori\u0101zei un plankumiem. Lieliski piem\u0113rots sausai, bet net\u012brai \u0101dai<\/p>\n<p>Kad un k\u0101p\u0113c:<\/p>\n<ul>\n<li>Jut\u012bgai vai viegli kairin\u0101tai \u0101dai<\/li>\n<li>Pirms sejas\/\u0137erme\u0146a t\u012br\u012b\u0161anas pie kosmetologa<\/li>\n<li>Pirms agres\u012bv\u0101m proced\u016br\u0101m (p\u012blings, proced\u016bras uz sk\u0101bes b\u0101zes, vaks\u0101cija u. c.).<\/li>\n<li>Tiem, kas bie\u017ei uzturas saul\u0113<\/li>\n<li>Erit\u0113ma, \u0101das kairin\u0101jumi, psori\u0101ze, dermat\u012bts, saules plankumi.<\/li>\n<li>Atbalsta Anti-Age proced\u016bras<\/li>\n<\/ul>\n<p>&nbsp;<\/p>\n","protected":false},"excerpt":{"rendered":"<p>Piem\u0113rots: organisma un \u0101das att\u012br\u012b\u0161anai no toks\u012bniem, taukainas \u0101das att\u012br\u012b\u0161anai, pinn\u0113m, sasitumiem, v\u0113dera piet\u016bkumam un l\u0113nai vielmai\u0146ai, holester\u012bna un triglicer\u012bdu vielmai\u0146as procesiem.<\/p>\n<p>Klientu pieredze: pat\u012bkama pa\u0161saj\u016bta, vieglums, gai\u0161\u0101ka \u0101da, plakan\u0101ka v\u0113dera un v\u0113dera zona.<\/p>\n<p>Lieto\u0161ana: pirms skaistumkop\u0161anas proced\u016br\u0101m, gada nogal\u0113, p\u0113c atva\u013cin\u0101juma un p\u0113c atva\u013cin\u0101juma, p\u0113c alkohola lieto\u0161anas.<\/p>\n","protected":false},"featured_media":881,"template":"","meta":[],"product_brand":[],"product_cat":[63],"product_tag":[64],"class_list":{"0":"post-812","1":"product","2":"type-product","3":"status-publish","4":"has-post-thumbnail","6":"product_cat-kermenim","7":"product_tag-iepakojumi","9":"first","10":"outofstock","11":"taxable","12":"shipping-taxable","13":"purchasable","14":"product-type-simple"},"yoast_head":"<!-- This site is optimized with the Yoast SEO plugin v27.0 - https:\/\/yoast.com\/product\/yoast-seo-wordpress\/ -->\n<title>Iepakojuma detoksik\u0101cija - Beauty Equipment<\/title>\n<meta name=\"robots\" content=\"index, follow, max-snippet:-1, max-image-preview:large, max-video-preview:-1\" \/>\n<link rel=\"canonical\" href=\"https:\/\/beautyequipment.shop\/lv\/toode\/pakete-detox\/\" \/>\n<meta property=\"og:locale\" content=\"lv_LV\" \/>\n<meta property=\"og:type\" content=\"article\" \/>\n<meta property=\"og:title\" content=\"Iepakojuma detoksik\u0101cija - Beauty Equipment\" \/>\n<meta property=\"og:description\" content=\"Piem\u0113rots: organisma un \u0101das att\u012br\u012b\u0161anai no toks\u012bniem, taukainas \u0101das att\u012br\u012b\u0161anai, pinn\u0113m, sasitumiem, v\u0113dera piet\u016bkumam un l\u0113nai vielmai\u0146ai, holester\u012bna un triglicer\u012bdu vielmai\u0146as procesiem. Klientu pieredze: pat\u012bkama pa\u0161saj\u016bta, vieglums, gai\u0161\u0101ka \u0101da, plakan\u0101ka v\u0113dera un v\u0113dera zona. Lieto\u0161ana: pirms skaistumkop\u0161anas proced\u016br\u0101m, gada nogal\u0113, p\u0113c atva\u013cin\u0101juma un p\u0113c atva\u013cin\u0101juma, p\u0113c alkohola lieto\u0161anas.\" \/>\n<meta property=\"og:url\" content=\"https:\/\/beautyequipment.shop\/lv\/toode\/pakete-detox\/\" \/>\n<meta property=\"og:site_name\" content=\"Beauty Equipment\" \/>\n<meta property=\"article:publisher\" content=\"https:\/\/facebook.com\/beautyequipment.ou\" \/>\n<meta property=\"og:image\" content=\"https:\/\/beautyequipment.shop\/wp-content\/uploads\/2023\/10\/IMG_1820.jpg\" \/>\n\t<meta property=\"og:image:width\" content=\"2480\" \/>\n\t<meta property=\"og:image:height\" content=\"2480\" \/>\n\t<meta property=\"og:image:type\" content=\"image\/jpeg\" \/>\n<meta name=\"twitter:card\" content=\"summary_large_image\" \/>\n<meta name=\"twitter:label1\" content=\"Est. reading time\" \/>\n\t<meta name=\"twitter:data1\" content=\"2 minutes\" \/>\n<script type=\"application\/ld+json\" class=\"yoast-schema-graph\">{\"@context\":\"https:\/\/schema.org\",\"@graph\":[{\"@type\":\"WebPage\",\"@id\":\"https:\/\/beautyequipment.shop\/lv\/toode\/pakete-detox\/\",\"url\":\"https:\/\/beautyequipment.shop\/lv\/toode\/pakete-detox\/\",\"name\":\"Iepakojuma detoksik\u0101cija - Beauty Equipment\",\"isPartOf\":{\"@id\":\"https:\/\/beautyequipment.shop\/#website\"},\"primaryImageOfPage\":{\"@id\":\"https:\/\/beautyequipment.shop\/lv\/toode\/pakete-detox\/#primaryimage\"},\"image\":{\"@id\":\"https:\/\/beautyequipment.shop\/lv\/toode\/pakete-detox\/#primaryimage\"},\"thumbnailUrl\":\"https:\/\/beautyequipment.shop\/wp-content\/uploads\/2023\/10\/IMG_1820.jpg\",\"datePublished\":\"2023-10-26T18:15:15+00:00\",\"breadcrumb\":{\"@id\":\"https:\/\/beautyequipment.shop\/lv\/toode\/pakete-detox\/#breadcrumb\"},\"inLanguage\":\"lv-LV\",\"potentialAction\":[{\"@type\":\"ReadAction\",\"target\":[\"https:\/\/beautyequipment.shop\/lv\/toode\/pakete-detox\/\"]}]},{\"@type\":\"ImageObject\",\"inLanguage\":\"lv-LV\",\"@id\":\"https:\/\/beautyequipment.shop\/lv\/toode\/pakete-detox\/#primaryimage\",\"url\":\"https:\/\/beautyequipment.shop\/wp-content\/uploads\/2023\/10\/IMG_1820.jpg\",\"contentUrl\":\"https:\/\/beautyequipment.shop\/wp-content\/uploads\/2023\/10\/IMG_1820.jpg\",\"width\":2480,\"height\":2480},{\"@type\":\"BreadcrumbList\",\"@id\":\"https:\/\/beautyequipment.shop\/lv\/toode\/pakete-detox\/#breadcrumb\",\"itemListElement\":[{\"@type\":\"ListItem\",\"position\":1,\"name\":\"Home\",\"item\":\"https:\/\/beautyequipment.shop\/lv\/sakumlapa\/\"},{\"@type\":\"ListItem\",\"position\":2,\"name\":\"Veikals veikal\u0101\",\"item\":\"https:\/\/beautyequipment.shop\/lv\/shop\/\"},{\"@type\":\"ListItem\",\"position\":3,\"name\":\"Iepakojuma detoksik\u0101cija\"}]},{\"@type\":\"WebSite\",\"@id\":\"https:\/\/beautyequipment.shop\/#website\",\"url\":\"https:\/\/beautyequipment.shop\/\",\"name\":\"Beauty Equipment\",\"description\":\"Toidulisandid ilu ja tervise heaks\",\"publisher\":{\"@id\":\"https:\/\/beautyequipment.shop\/#organization\"},\"potentialAction\":[{\"@type\":\"SearchAction\",\"target\":{\"@type\":\"EntryPoint\",\"urlTemplate\":\"https:\/\/beautyequipment.shop\/?s={search_term_string}\"},\"query-input\":{\"@type\":\"PropertyValueSpecification\",\"valueRequired\":true,\"valueName\":\"search_term_string\"}}],\"inLanguage\":\"lv-LV\"},{\"@type\":\"Organization\",\"@id\":\"https:\/\/beautyequipment.shop\/#organization\",\"name\":\"Beauty Equipment\",\"url\":\"https:\/\/beautyequipment.shop\/\",\"logo\":{\"@type\":\"ImageObject\",\"inLanguage\":\"lv-LV\",\"@id\":\"https:\/\/beautyequipment.shop\/#\/schema\/logo\/image\/\",\"url\":\"https:\/\/beautyequipment.shop\/wp-content\/uploads\/2024\/09\/Beauty-Equipment-logo-300x109-1.webp\",\"contentUrl\":\"https:\/\/beautyequipment.shop\/wp-content\/uploads\/2024\/09\/Beauty-Equipment-logo-300x109-1.webp\",\"width\":300,\"height\":109,\"caption\":\"Beauty Equipment\"},\"image\":{\"@id\":\"https:\/\/beautyequipment.shop\/#\/schema\/logo\/image\/\"},\"sameAs\":[\"https:\/\/facebook.com\/beautyequipment.ou\",\"https:\/\/instagram.com\/tisanoreica.nord\"]}]}<\/script>\n<!-- \/ Yoast SEO plugin. -->","yoast_head_json":{"title":"Iepakojuma detoksik\u0101cija - Beauty Equipment","robots":{"index":"index","follow":"follow","max-snippet":"max-snippet:-1","max-image-preview":"max-image-preview:large","max-video-preview":"max-video-preview:-1"},"canonical":"https:\/\/beautyequipment.shop\/lv\/toode\/pakete-detox\/","og_locale":"lv_LV","og_type":"article","og_title":"Iepakojuma detoksik\u0101cija - Beauty Equipment","og_description":"Piem\u0113rots: organisma un \u0101das att\u012br\u012b\u0161anai no toks\u012bniem, taukainas \u0101das att\u012br\u012b\u0161anai, pinn\u0113m, sasitumiem, v\u0113dera piet\u016bkumam un l\u0113nai vielmai\u0146ai, holester\u012bna un triglicer\u012bdu vielmai\u0146as procesiem. Klientu pieredze: pat\u012bkama pa\u0161saj\u016bta, vieglums, gai\u0161\u0101ka \u0101da, plakan\u0101ka v\u0113dera un v\u0113dera zona. Lieto\u0161ana: pirms skaistumkop\u0161anas proced\u016br\u0101m, gada nogal\u0113, p\u0113c atva\u013cin\u0101juma un p\u0113c atva\u013cin\u0101juma, p\u0113c alkohola lieto\u0161anas.","og_url":"https:\/\/beautyequipment.shop\/lv\/toode\/pakete-detox\/","og_site_name":"Beauty Equipment","article_publisher":"https:\/\/facebook.com\/beautyequipment.ou","og_image":[{"width":2480,"height":2480,"url":"https:\/\/beautyequipment.shop\/wp-content\/uploads\/2023\/10\/IMG_1820.jpg","type":"image\/jpeg"}],"twitter_card":"summary_large_image","twitter_misc":{"Est. reading time":"2 minutes"},"schema":{"@context":"https:\/\/schema.org","@graph":[{"@type":"WebPage","@id":"https:\/\/beautyequipment.shop\/lv\/toode\/pakete-detox\/","url":"https:\/\/beautyequipment.shop\/lv\/toode\/pakete-detox\/","name":"Iepakojuma detoksik\u0101cija - Beauty Equipment","isPartOf":{"@id":"https:\/\/beautyequipment.shop\/#website"},"primaryImageOfPage":{"@id":"https:\/\/beautyequipment.shop\/lv\/toode\/pakete-detox\/#primaryimage"},"image":{"@id":"https:\/\/beautyequipment.shop\/lv\/toode\/pakete-detox\/#primaryimage"},"thumbnailUrl":"https:\/\/beautyequipment.shop\/wp-content\/uploads\/2023\/10\/IMG_1820.jpg","datePublished":"2023-10-26T18:15:15+00:00","breadcrumb":{"@id":"https:\/\/beautyequipment.shop\/lv\/toode\/pakete-detox\/#breadcrumb"},"inLanguage":"lv-LV","potentialAction":[{"@type":"ReadAction","target":["https:\/\/beautyequipment.shop\/lv\/toode\/pakete-detox\/"]}]},{"@type":"ImageObject","inLanguage":"lv-LV","@id":"https:\/\/beautyequipment.shop\/lv\/toode\/pakete-detox\/#primaryimage","url":"https:\/\/beautyequipment.shop\/wp-content\/uploads\/2023\/10\/IMG_1820.jpg","contentUrl":"https:\/\/beautyequipment.shop\/wp-content\/uploads\/2023\/10\/IMG_1820.jpg","width":2480,"height":2480},{"@type":"BreadcrumbList","@id":"https:\/\/beautyequipment.shop\/lv\/toode\/pakete-detox\/#breadcrumb","itemListElement":[{"@type":"ListItem","position":1,"name":"Home","item":"https:\/\/beautyequipment.shop\/lv\/sakumlapa\/"},{"@type":"ListItem","position":2,"name":"Veikals veikal\u0101","item":"https:\/\/beautyequipment.shop\/lv\/shop\/"},{"@type":"ListItem","position":3,"name":"Iepakojuma detoksik\u0101cija"}]},{"@type":"WebSite","@id":"https:\/\/beautyequipment.shop\/#website","url":"https:\/\/beautyequipment.shop\/","name":"Beauty Equipment","description":"Toidulisandid ilu ja tervise heaks","publisher":{"@id":"https:\/\/beautyequipment.shop\/#organization"},"potentialAction":[{"@type":"SearchAction","target":{"@type":"EntryPoint","urlTemplate":"https:\/\/beautyequipment.shop\/?s={search_term_string}"},"query-input":{"@type":"PropertyValueSpecification","valueRequired":true,"valueName":"search_term_string"}}],"inLanguage":"lv-LV"},{"@type":"Organization","@id":"https:\/\/beautyequipment.shop\/#organization","name":"Beauty Equipment","url":"https:\/\/beautyequipment.shop\/","logo":{"@type":"ImageObject","inLanguage":"lv-LV","@id":"https:\/\/beautyequipment.shop\/#\/schema\/logo\/image\/","url":"https:\/\/beautyequipment.shop\/wp-content\/uploads\/2024\/09\/Beauty-Equipment-logo-300x109-1.webp","contentUrl":"https:\/\/beautyequipment.shop\/wp-content\/uploads\/2024\/09\/Beauty-Equipment-logo-300x109-1.webp","width":300,"height":109,"caption":"Beauty Equipment"},"image":{"@id":"https:\/\/beautyequipment.shop\/#\/schema\/logo\/image\/"},"sameAs":["https:\/\/facebook.com\/beautyequipment.ou","https:\/\/instagram.com\/tisanoreica.nord"]}]}},"_links":{"self":[{"href":"https:\/\/beautyequipment.shop\/lv\/wp-json\/wp\/v2\/product\/812","targetHints":{"allow":["GET"]}}],"collection":[{"href":"https:\/\/beautyequipment.shop\/lv\/wp-json\/wp\/v2\/product"}],"about":[{"href":"https:\/\/beautyequipment.shop\/lv\/wp-json\/wp\/v2\/types\/product"}],"wp:featuredmedia":[{"embeddable":true,"href":"https:\/\/beautyequipment.shop\/lv\/wp-json\/wp\/v2\/media\/881"}],"wp:attachment":[{"href":"https:\/\/beautyequipment.shop\/lv\/wp-json\/wp\/v2\/media?parent=812"}],"wp:term":[{"taxonomy":"product_brand","embeddable":true,"href":"https:\/\/beautyequipment.shop\/lv\/wp-json\/wp\/v2\/product_brand?post=812"},{"taxonomy":"product_cat","embeddable":true,"href":"https:\/\/beautyequipment.shop\/lv\/wp-json\/wp\/v2\/product_cat?post=812"},{"taxonomy":"product_tag","embeddable":true,"href":"https:\/\/beautyequipment.shop\/lv\/wp-json\/wp\/v2\/product_tag?post=812"}],"curies":[{"name":"wp","href":"https:\/\/api.w.org\/{rel}","templated":true}]}}