{"id":2233,"date":"2024-12-05T16:35:01","date_gmt":"2024-12-05T14:35:01","guid":{"rendered":"https:\/\/beautyequipment.shop\/?post_type=product&#038;p=2233"},"modified":"2024-12-05T16:35:48","modified_gmt":"2024-12-05T14:35:48","slug":"homotsusteiin-alfalipoehape-30-tabletti","status":"publish","type":"product","link":"https:\/\/beautyequipment.shop\/lv\/toode\/homotsusteiin-alfalipoehape-30-tabletti\/","title":{"rendered":"Homots\u00fcsteiin-alfalipoehape (30 tabletti)"},"content":{"rendered":"<p>LIPOEHAPE<\/p>\n<p>Tugevate antioks\u00fcdantsete omadustega orgaaniline hape ja ens\u00fc\u00fcmi kofaktor, aktiivne nii rakusiseste kui ka rakuv\u00e4liste vabade radikaalide vastu. Seda kasutatakse ka s\u00fcsivesikute kasutamise edendamiseks energiaallikana.<\/p>\n<p>&nbsp;<\/p>\n<p>MIO-INOSITOOL<\/p>\n<p>V\u00e4ga oluline molekul, kuna see m\u00e4ngib keha tasandil teise s\u00f5numitooja rolli, h\u00f5lbustades raku reaktsiooni teatud ainetele, nagu insuliin ja folliikuleid stimuleeriv hormoon (FSH).<\/p>\n<p>Lisaks on insuliiniresistentsuse ja pol\u00fcts\u00fcstiliste munasarjade s\u00fcndroomiga (PCOS) patsientidel leitud m\u00fcoinositooli puudulikkust.<\/p>\n<p>&nbsp;<\/p>\n<p>KOENS\u00dc\u00dcM Q10<\/p>\n<p>Molekul on kehas f\u00fcsioloogiliselt olemas, eriti s\u00fcdames, maksas, neerudes ja k\u00f5hun\u00e4\u00e4rmes. Osaleb paljudes orgaanilistes keemilistes reaktsioonides, sealhulgas energiatootmises mitokondriaalsel tasemel. Kasutatakse antioks\u00fcdandina ja k\u00f5rge verer\u00f5hu korral.<\/p>\n<p>&nbsp;<\/p>\n<p>FOOLHAPE<\/p>\n<p>Tuntud ka kui vitamiin B9, on see v\u00e4ga oluline rasedatele naistele, kuna see kaitseb ja soodustab embr\u00fco arengut. Foolhape on vajalik ka normaalseks homots\u00fcsteiini metabolismiks. Tegelikult n\u00e4itab k\u00f5rge homots\u00fcsteiini sisaldus veres kardiovaskulaarset riski.<\/p>\n<p>&nbsp;<\/p>\n<p>N\u00f5uanded kasutamiseks:<\/p>\n<p>2 tabletti p\u00e4evas koos klaasi veega, \u00fcks iga kahe p\u00f5hitoidukorra ajal.<\/p>\n<p>&nbsp;<\/p>\n<p>Hoiatused: \u00c4rge \u00fcletage soovitatavat \u00f6\u00f6p\u00e4evast annust. Hoida alla 3-aastastele lastele k\u00e4ttesaamatus kohas. Toidulisandid ei ole m\u00f5eldud mitmek\u00fclgse ja tasakaalustatud toitumise ning tervislike eluviiside asendamiseks. Toote kasutamise osas on soovitatav konsulteerida arstiga. Harvadel juhtudel v\u00f5ib lipoehape p\u00f5hjustada h\u00fcpogl\u00fckeemiat.<\/p>\n<p>&nbsp;<\/p>\n<p>Toitev\u00e4\u00e4rtus &#8211; 2 CPR keskmised v\u00e4\u00e4rtused:<\/p>\n<p>Lipoehape 600 mg.<\/p>\n<p>Myo-inositool 500 mg.<\/p>\n<p>Koens\u00fc\u00fcm Q10 20 mg.<\/p>\n<p>Foolhape 200 mcg.<\/p>\n<p>&nbsp;<\/p>\n<p>Koostis:<\/p>\n<p>T\u00e4iteaine: tselluloos; lipoehape, m\u00fcoinositool, paakumisvastased ained: r\u00e4nidioksiid, rasvhapete magneesiumisoolad; Koens\u00fc\u00fcm Q10 (ubidakarenoon), ptero\u00fc\u00fclmonoglutamiinhape (foolhape).<\/p>\n<p>&nbsp;<\/p>\n<p><strong>\u00a0<\/strong><\/p>\n","protected":false},"excerpt":{"rendered":"<p>Toidulisand, mis aitab tasakaalustada v\u00e4\u00e4rtusi, mis on seotud m\u00f5ningate metaboolset s\u00fcndroomi iseloomustavate riskiteguritega. Kasulik ka pol\u00fcts\u00fcstiliste munasarjade s\u00fcndroomi ja k\u00f5rgenenud homots\u00fcsteiini taseme korral.<\/p>\n<p>&nbsp;<\/p>\n<p>METABOOLNE S\u00dcNDROOM<\/p>\n<p>M\u00f5iste &#8220;metaboolne s\u00fcndroom&#8221; viitab riskifaktoritele, mis v\u00f5ivad kaasa aidata s\u00fcdame-veresoonkonna haigustele ja diabeedile. Metaboolsele s\u00fcndroomile on iseloomulikud: suur v\u00f6\u00f6\u00fcmberm\u00f5\u00f5t, arteriaalne h\u00fcpertensioon, t\u00fchja k\u00f5hu veresuhkru langus (insuliiniresistentsus), d\u00fcslipideemia.<\/p>\n<p>&nbsp;<\/p>\n<p>POL\u00dcTS\u00dcSTILISTE MUNASARJADE S\u00dcNDROOM<\/p>\n<p>Pol\u00fcts\u00fcstiliste munasarjade s\u00fcndroomi (PCOS) peetakse reproduktiivses eas naiste k\u00f5ige levinumaks endokriinseks haiguseks. PCOS-iga naistel esineb sageli menstruaalts\u00fckli h\u00e4ireid, h\u00fcperandrogenismi (hirsutismi) ja viljatust, samuti insuliiniresistentsust, FSH\/LH suhte inversioon, d\u00fcslipideemiat ja rasvumist.<\/p>\n","protected":false},"featured_media":2234,"template":"","meta":[],"product_brand":[],"product_cat":[37],"product_tag":[],"class_list":{"0":"post-2233","1":"product","2":"type-product","3":"status-publish","4":"has-post-thumbnail","6":"product_cat-lisandid","8":"first","9":"instock","10":"taxable","11":"shipping-taxable","12":"purchasable","13":"product-type-simple"},"yoast_head":"<!-- This site is optimized with the Yoast SEO plugin v27.0 - https:\/\/yoast.com\/product\/yoast-seo-wordpress\/ -->\n<title>Homots\u00fcsteiin-alfalipoehape (30 tabletti) - Beauty Equipment<\/title>\n<meta name=\"robots\" content=\"index, follow, max-snippet:-1, max-image-preview:large, max-video-preview:-1\" \/>\n<link rel=\"canonical\" href=\"https:\/\/beautyequipment.shop\/toode\/homotsusteiin-alfalipoehape-30-tabletti\/\" \/>\n<meta property=\"og:locale\" content=\"lv_LV\" \/>\n<meta property=\"og:type\" content=\"article\" \/>\n<meta property=\"og:title\" content=\"Homots\u00fcsteiin-alfalipoehape (30 tabletti) - Beauty Equipment\" \/>\n<meta property=\"og:description\" content=\"Toidulisand, mis aitab tasakaalustada v\u00e4\u00e4rtusi, mis on seotud m\u00f5ningate metaboolset s\u00fcndroomi iseloomustavate riskiteguritega. Kasulik ka pol\u00fcts\u00fcstiliste munasarjade s\u00fcndroomi ja k\u00f5rgenenud homots\u00fcsteiini taseme korral.  &nbsp;  METABOOLNE S\u00dcNDROOM  M\u00f5iste &quot;metaboolne s\u00fcndroom&quot; viitab riskifaktoritele, mis v\u00f5ivad kaasa aidata s\u00fcdame-veresoonkonna haigustele ja diabeedile. Metaboolsele s\u00fcndroomile on iseloomulikud: suur v\u00f6\u00f6\u00fcmberm\u00f5\u00f5t, arteriaalne h\u00fcpertensioon, t\u00fchja k\u00f5hu veresuhkru langus (insuliiniresistentsus), d\u00fcslipideemia.  &nbsp;  POL\u00dcTS\u00dcSTILISTE MUNASARJADE S\u00dcNDROOM  Pol\u00fcts\u00fcstiliste munasarjade s\u00fcndroomi (PCOS) peetakse reproduktiivses eas naiste k\u00f5ige levinumaks endokriinseks haiguseks. PCOS-iga naistel esineb sageli menstruaalts\u00fckli h\u00e4ireid, h\u00fcperandrogenismi (hirsutismi) ja viljatust, samuti insuliiniresistentsust, FSH\/LH suhte inversioon, d\u00fcslipideemiat ja rasvumist.\" \/>\n<meta property=\"og:url\" content=\"https:\/\/beautyequipment.shop\/toode\/homotsusteiin-alfalipoehape-30-tabletti\/\" \/>\n<meta property=\"og:site_name\" content=\"Beauty Equipment\" \/>\n<meta property=\"article:publisher\" content=\"https:\/\/facebook.com\/beautyequipment.ou\" \/>\n<meta property=\"article:modified_time\" content=\"2024-12-05T14:35:48+00:00\" \/>\n<meta property=\"og:image\" content=\"https:\/\/beautyequipment.shop\/wp-content\/uploads\/2024\/12\/omocisteina-ACIDO-ALFALIPOICO.jpg\" \/>\n\t<meta property=\"og:image:width\" content=\"1080\" \/>\n\t<meta property=\"og:image:height\" content=\"1080\" \/>\n\t<meta property=\"og:image:type\" content=\"image\/jpeg\" \/>\n<meta name=\"twitter:card\" content=\"summary_large_image\" \/>\n<meta name=\"twitter:label1\" content=\"Est. reading time\" \/>\n\t<meta name=\"twitter:data1\" content=\"1 minute\" \/>\n<script type=\"application\/ld+json\" class=\"yoast-schema-graph\">{\"@context\":\"https:\/\/schema.org\",\"@graph\":[{\"@type\":\"WebPage\",\"@id\":\"https:\/\/beautyequipment.shop\/toode\/homotsusteiin-alfalipoehape-30-tabletti\/\",\"url\":\"https:\/\/beautyequipment.shop\/toode\/homotsusteiin-alfalipoehape-30-tabletti\/\",\"name\":\"Homots\u00fcsteiin-alfalipoehape (30 tabletti) - Beauty Equipment\",\"isPartOf\":{\"@id\":\"https:\/\/beautyequipment.shop\/#website\"},\"primaryImageOfPage\":{\"@id\":\"https:\/\/beautyequipment.shop\/toode\/homotsusteiin-alfalipoehape-30-tabletti\/#primaryimage\"},\"image\":{\"@id\":\"https:\/\/beautyequipment.shop\/toode\/homotsusteiin-alfalipoehape-30-tabletti\/#primaryimage\"},\"thumbnailUrl\":\"https:\/\/beautyequipment.shop\/wp-content\/uploads\/2024\/12\/omocisteina-ACIDO-ALFALIPOICO.jpg\",\"datePublished\":\"2024-12-05T14:35:01+00:00\",\"dateModified\":\"2024-12-05T14:35:48+00:00\",\"breadcrumb\":{\"@id\":\"https:\/\/beautyequipment.shop\/toode\/homotsusteiin-alfalipoehape-30-tabletti\/#breadcrumb\"},\"inLanguage\":\"lv-LV\",\"potentialAction\":[{\"@type\":\"ReadAction\",\"target\":[\"https:\/\/beautyequipment.shop\/toode\/homotsusteiin-alfalipoehape-30-tabletti\/\"]}]},{\"@type\":\"ImageObject\",\"inLanguage\":\"lv-LV\",\"@id\":\"https:\/\/beautyequipment.shop\/toode\/homotsusteiin-alfalipoehape-30-tabletti\/#primaryimage\",\"url\":\"https:\/\/beautyequipment.shop\/wp-content\/uploads\/2024\/12\/omocisteina-ACIDO-ALFALIPOICO.jpg\",\"contentUrl\":\"https:\/\/beautyequipment.shop\/wp-content\/uploads\/2024\/12\/omocisteina-ACIDO-ALFALIPOICO.jpg\",\"width\":1080,\"height\":1080},{\"@type\":\"BreadcrumbList\",\"@id\":\"https:\/\/beautyequipment.shop\/toode\/homotsusteiin-alfalipoehape-30-tabletti\/#breadcrumb\",\"itemListElement\":[{\"@type\":\"ListItem\",\"position\":1,\"name\":\"Home\",\"item\":\"https:\/\/beautyequipment.shop\/lv\/sakumlapa\/\"},{\"@type\":\"ListItem\",\"position\":2,\"name\":\"Veikals veikal\u0101\",\"item\":\"https:\/\/beautyequipment.shop\/lv\/shop\/\"},{\"@type\":\"ListItem\",\"position\":3,\"name\":\"Homots\u00fcsteiin-alfalipoehape (30 tabletti)\"}]},{\"@type\":\"WebSite\",\"@id\":\"https:\/\/beautyequipment.shop\/#website\",\"url\":\"https:\/\/beautyequipment.shop\/\",\"name\":\"Beauty Equipment\",\"description\":\"Toidulisandid ilu ja tervise heaks\",\"publisher\":{\"@id\":\"https:\/\/beautyequipment.shop\/#organization\"},\"potentialAction\":[{\"@type\":\"SearchAction\",\"target\":{\"@type\":\"EntryPoint\",\"urlTemplate\":\"https:\/\/beautyequipment.shop\/?s={search_term_string}\"},\"query-input\":{\"@type\":\"PropertyValueSpecification\",\"valueRequired\":true,\"valueName\":\"search_term_string\"}}],\"inLanguage\":\"lv-LV\"},{\"@type\":\"Organization\",\"@id\":\"https:\/\/beautyequipment.shop\/#organization\",\"name\":\"Beauty Equipment\",\"url\":\"https:\/\/beautyequipment.shop\/\",\"logo\":{\"@type\":\"ImageObject\",\"inLanguage\":\"lv-LV\",\"@id\":\"https:\/\/beautyequipment.shop\/#\/schema\/logo\/image\/\",\"url\":\"https:\/\/beautyequipment.shop\/wp-content\/uploads\/2024\/09\/Beauty-Equipment-logo-300x109-1.webp\",\"contentUrl\":\"https:\/\/beautyequipment.shop\/wp-content\/uploads\/2024\/09\/Beauty-Equipment-logo-300x109-1.webp\",\"width\":300,\"height\":109,\"caption\":\"Beauty Equipment\"},\"image\":{\"@id\":\"https:\/\/beautyequipment.shop\/#\/schema\/logo\/image\/\"},\"sameAs\":[\"https:\/\/facebook.com\/beautyequipment.ou\",\"https:\/\/instagram.com\/tisanoreica.nord\"]}]}<\/script>\n<!-- \/ Yoast SEO plugin. -->","yoast_head_json":{"title":"Homots\u00fcsteiin-alfalipoehape (30 tabletti) - Beauty Equipment","robots":{"index":"index","follow":"follow","max-snippet":"max-snippet:-1","max-image-preview":"max-image-preview:large","max-video-preview":"max-video-preview:-1"},"canonical":"https:\/\/beautyequipment.shop\/toode\/homotsusteiin-alfalipoehape-30-tabletti\/","og_locale":"lv_LV","og_type":"article","og_title":"Homots\u00fcsteiin-alfalipoehape (30 tabletti) - Beauty Equipment","og_description":"Toidulisand, mis aitab tasakaalustada v\u00e4\u00e4rtusi, mis on seotud m\u00f5ningate metaboolset s\u00fcndroomi iseloomustavate riskiteguritega. Kasulik ka pol\u00fcts\u00fcstiliste munasarjade s\u00fcndroomi ja k\u00f5rgenenud homots\u00fcsteiini taseme korral.  &nbsp;  METABOOLNE S\u00dcNDROOM  M\u00f5iste \"metaboolne s\u00fcndroom\" viitab riskifaktoritele, mis v\u00f5ivad kaasa aidata s\u00fcdame-veresoonkonna haigustele ja diabeedile. Metaboolsele s\u00fcndroomile on iseloomulikud: suur v\u00f6\u00f6\u00fcmberm\u00f5\u00f5t, arteriaalne h\u00fcpertensioon, t\u00fchja k\u00f5hu veresuhkru langus (insuliiniresistentsus), d\u00fcslipideemia.  &nbsp;  POL\u00dcTS\u00dcSTILISTE MUNASARJADE S\u00dcNDROOM  Pol\u00fcts\u00fcstiliste munasarjade s\u00fcndroomi (PCOS) peetakse reproduktiivses eas naiste k\u00f5ige levinumaks endokriinseks haiguseks. PCOS-iga naistel esineb sageli menstruaalts\u00fckli h\u00e4ireid, h\u00fcperandrogenismi (hirsutismi) ja viljatust, samuti insuliiniresistentsust, FSH\/LH suhte inversioon, d\u00fcslipideemiat ja rasvumist.","og_url":"https:\/\/beautyequipment.shop\/toode\/homotsusteiin-alfalipoehape-30-tabletti\/","og_site_name":"Beauty Equipment","article_publisher":"https:\/\/facebook.com\/beautyequipment.ou","article_modified_time":"2024-12-05T14:35:48+00:00","og_image":[{"width":1080,"height":1080,"url":"https:\/\/beautyequipment.shop\/wp-content\/uploads\/2024\/12\/omocisteina-ACIDO-ALFALIPOICO.jpg","type":"image\/jpeg"}],"twitter_card":"summary_large_image","twitter_misc":{"Est. reading time":"1 minute"},"schema":{"@context":"https:\/\/schema.org","@graph":[{"@type":"WebPage","@id":"https:\/\/beautyequipment.shop\/toode\/homotsusteiin-alfalipoehape-30-tabletti\/","url":"https:\/\/beautyequipment.shop\/toode\/homotsusteiin-alfalipoehape-30-tabletti\/","name":"Homots\u00fcsteiin-alfalipoehape (30 tabletti) - Beauty Equipment","isPartOf":{"@id":"https:\/\/beautyequipment.shop\/#website"},"primaryImageOfPage":{"@id":"https:\/\/beautyequipment.shop\/toode\/homotsusteiin-alfalipoehape-30-tabletti\/#primaryimage"},"image":{"@id":"https:\/\/beautyequipment.shop\/toode\/homotsusteiin-alfalipoehape-30-tabletti\/#primaryimage"},"thumbnailUrl":"https:\/\/beautyequipment.shop\/wp-content\/uploads\/2024\/12\/omocisteina-ACIDO-ALFALIPOICO.jpg","datePublished":"2024-12-05T14:35:01+00:00","dateModified":"2024-12-05T14:35:48+00:00","breadcrumb":{"@id":"https:\/\/beautyequipment.shop\/toode\/homotsusteiin-alfalipoehape-30-tabletti\/#breadcrumb"},"inLanguage":"lv-LV","potentialAction":[{"@type":"ReadAction","target":["https:\/\/beautyequipment.shop\/toode\/homotsusteiin-alfalipoehape-30-tabletti\/"]}]},{"@type":"ImageObject","inLanguage":"lv-LV","@id":"https:\/\/beautyequipment.shop\/toode\/homotsusteiin-alfalipoehape-30-tabletti\/#primaryimage","url":"https:\/\/beautyequipment.shop\/wp-content\/uploads\/2024\/12\/omocisteina-ACIDO-ALFALIPOICO.jpg","contentUrl":"https:\/\/beautyequipment.shop\/wp-content\/uploads\/2024\/12\/omocisteina-ACIDO-ALFALIPOICO.jpg","width":1080,"height":1080},{"@type":"BreadcrumbList","@id":"https:\/\/beautyequipment.shop\/toode\/homotsusteiin-alfalipoehape-30-tabletti\/#breadcrumb","itemListElement":[{"@type":"ListItem","position":1,"name":"Home","item":"https:\/\/beautyequipment.shop\/lv\/sakumlapa\/"},{"@type":"ListItem","position":2,"name":"Veikals veikal\u0101","item":"https:\/\/beautyequipment.shop\/lv\/shop\/"},{"@type":"ListItem","position":3,"name":"Homots\u00fcsteiin-alfalipoehape (30 tabletti)"}]},{"@type":"WebSite","@id":"https:\/\/beautyequipment.shop\/#website","url":"https:\/\/beautyequipment.shop\/","name":"Beauty Equipment","description":"Toidulisandid ilu ja tervise heaks","publisher":{"@id":"https:\/\/beautyequipment.shop\/#organization"},"potentialAction":[{"@type":"SearchAction","target":{"@type":"EntryPoint","urlTemplate":"https:\/\/beautyequipment.shop\/?s={search_term_string}"},"query-input":{"@type":"PropertyValueSpecification","valueRequired":true,"valueName":"search_term_string"}}],"inLanguage":"lv-LV"},{"@type":"Organization","@id":"https:\/\/beautyequipment.shop\/#organization","name":"Beauty Equipment","url":"https:\/\/beautyequipment.shop\/","logo":{"@type":"ImageObject","inLanguage":"lv-LV","@id":"https:\/\/beautyequipment.shop\/#\/schema\/logo\/image\/","url":"https:\/\/beautyequipment.shop\/wp-content\/uploads\/2024\/09\/Beauty-Equipment-logo-300x109-1.webp","contentUrl":"https:\/\/beautyequipment.shop\/wp-content\/uploads\/2024\/09\/Beauty-Equipment-logo-300x109-1.webp","width":300,"height":109,"caption":"Beauty Equipment"},"image":{"@id":"https:\/\/beautyequipment.shop\/#\/schema\/logo\/image\/"},"sameAs":["https:\/\/facebook.com\/beautyequipment.ou","https:\/\/instagram.com\/tisanoreica.nord"]}]}},"_links":{"self":[{"href":"https:\/\/beautyequipment.shop\/lv\/wp-json\/wp\/v2\/product\/2233","targetHints":{"allow":["GET"]}}],"collection":[{"href":"https:\/\/beautyequipment.shop\/lv\/wp-json\/wp\/v2\/product"}],"about":[{"href":"https:\/\/beautyequipment.shop\/lv\/wp-json\/wp\/v2\/types\/product"}],"wp:featuredmedia":[{"embeddable":true,"href":"https:\/\/beautyequipment.shop\/lv\/wp-json\/wp\/v2\/media\/2234"}],"wp:attachment":[{"href":"https:\/\/beautyequipment.shop\/lv\/wp-json\/wp\/v2\/media?parent=2233"}],"wp:term":[{"taxonomy":"product_brand","embeddable":true,"href":"https:\/\/beautyequipment.shop\/lv\/wp-json\/wp\/v2\/product_brand?post=2233"},{"taxonomy":"product_cat","embeddable":true,"href":"https:\/\/beautyequipment.shop\/lv\/wp-json\/wp\/v2\/product_cat?post=2233"},{"taxonomy":"product_tag","embeddable":true,"href":"https:\/\/beautyequipment.shop\/lv\/wp-json\/wp\/v2\/product_tag?post=2233"}],"curies":[{"name":"wp","href":"https:\/\/api.w.org\/{rel}","templated":true}]}}