{"id":2201,"date":"2024-12-05T11:49:18","date_gmt":"2024-12-05T09:49:18","guid":{"rendered":"https:\/\/beautyequipment.shop\/?post_type=product&#038;p=2201"},"modified":"2024-12-05T12:23:02","modified_gmt":"2024-12-05T10:23:02","slug":"keto-frappe-vanilje-maitsega","status":"publish","type":"product","link":"https:\/\/beautyequipment.shop\/lv\/toode\/keto-frappe-vanilje-maitsega\/","title":{"rendered":"KETO FRAPP\u00c9 Vanilje maitsega"},"content":{"rendered":"<p><u>P\u00f5hiomadused<\/u>:<\/p>\n<ul>\n<li>Gluteenivaba, madala suhkrusisaldusega, k\u00f5rge valgusisaldusega (37 g) ja kiudaineterikas (36 g).<\/li>\n<li>Kalorid: 245 kcal 100 g kohta.<\/li>\n<li>Peamised koostisosad: Vadakuvalgu isolaat, pol\u00fcdekstroos (kiudained), l\u00f5ssipulber, aroomid.<\/li>\n<li>Kerge ja mitmek\u00fclgne, sobib suurep\u00e4raselt pehme ja kreemja maitse otsijatele.<\/li>\n<\/ul>\n<p><u>Eelised<\/u>:<\/p>\n<ul>\n<li>Kiudaineterikas, toetab seedetrakti tervist.<\/li>\n<li>Suurep\u00e4rane valgusisaldus lihasmassi s\u00e4ilitamiseks.<\/li>\n<li>Klassikaline ja rahustav maitse.<\/li>\n<\/ul>\n<p><u>Kasutussoovitused<\/u>:<\/p>\n<ul>\n<li>Sega kaks m\u00f5\u00f5telusikat\u00e4it (25 g) 200-250 ml veega. Parima tulemuse saavutamiseks kasuta \u0161eikerit.<\/li>\n<li>Sobib ideaalselt p\u00e4rast treeningut vahepalaks v\u00f5i kergeks hommikus\u00f6\u00f6giks.<\/li>\n<\/ul>\n<p>&nbsp;<\/p>\n","protected":false},"excerpt":{"rendered":"<p><u>Kellele sobib<\/u>:<\/p>\n<ul>\n<li>Sobib Tisanoreica dieedi v\u00f5i teiste madala s\u00fcsivesikusisaldusega dieetide j\u00e4rgijatele.<\/li>\n<li>Sobib neile, kes otsivad proteiinirikast toetust magusa ja mitmek\u00fclgse maitsega.<\/li>\n<\/ul>\n<p>&nbsp;<\/p>\n<p><em>\u00dcldised soovitused:<\/em><\/p>\n<p><em>K\u00f5ik frapp\u00e9-d sobivad Stabiliseerimis- ja Style-faasi jaoks Tisanoreica meetodis ning neid saab integreerida isikup\u00e4rastatud toitumisplaani. Gluteenivabad ja sobilikud ka ts\u00f6liaakiaga inimestele.<\/em><\/p>\n<p>&nbsp;<\/p>\n","protected":false},"featured_media":2202,"template":"","meta":[],"product_brand":[],"product_cat":[36],"product_tag":[],"class_list":{"0":"post-2201","1":"product","2":"type-product","3":"status-publish","4":"has-post-thumbnail","6":"product_cat-tervislik-toit","8":"first","9":"instock","10":"taxable","11":"shipping-taxable","12":"purchasable","13":"product-type-simple"},"yoast_head":"<!-- This site is optimized with the Yoast SEO plugin v27.0 - https:\/\/yoast.com\/product\/yoast-seo-wordpress\/ -->\n<title>KETO FRAPP\u00c9 Vanilje maitsega - Beauty Equipment<\/title>\n<meta name=\"robots\" content=\"index, follow, max-snippet:-1, max-image-preview:large, max-video-preview:-1\" \/>\n<link rel=\"canonical\" href=\"https:\/\/beautyequipment.shop\/toode\/keto-frappe-vanilje-maitsega\/\" \/>\n<meta property=\"og:locale\" content=\"lv_LV\" \/>\n<meta property=\"og:type\" content=\"article\" \/>\n<meta property=\"og:title\" content=\"KETO FRAPP\u00c9 Vanilje maitsega - Beauty Equipment\" \/>\n<meta property=\"og:description\" content=\"Kellele sobib:   Sobib Tisanoreica dieedi v\u00f5i teiste madala s\u00fcsivesikusisaldusega dieetide j\u00e4rgijatele.  Sobib neile, kes otsivad proteiinirikast toetust magusa ja mitmek\u00fclgse maitsega.  &nbsp;  \u00dcldised soovitused:  K\u00f5ik frapp\u00e9-d sobivad Stabiliseerimis- ja Style-faasi jaoks Tisanoreica meetodis ning neid saab integreerida isikup\u00e4rastatud toitumisplaani. Gluteenivabad ja sobilikud ka ts\u00f6liaakiaga inimestele.  &nbsp;\" \/>\n<meta property=\"og:url\" content=\"https:\/\/beautyequipment.shop\/toode\/keto-frappe-vanilje-maitsega\/\" \/>\n<meta property=\"og:site_name\" content=\"Beauty Equipment\" \/>\n<meta property=\"article:publisher\" content=\"https:\/\/facebook.com\/beautyequipment.ou\" \/>\n<meta property=\"article:modified_time\" content=\"2024-12-05T10:23:02+00:00\" \/>\n<meta property=\"og:image\" content=\"https:\/\/beautyequipment.shop\/wp-content\/uploads\/2024\/12\/frappe-VANILLA.jpeg\" \/>\n\t<meta property=\"og:image:width\" content=\"700\" \/>\n\t<meta property=\"og:image:height\" content=\"741\" \/>\n\t<meta property=\"og:image:type\" content=\"image\/jpeg\" \/>\n<meta name=\"twitter:card\" content=\"summary_large_image\" \/>\n<script type=\"application\/ld+json\" class=\"yoast-schema-graph\">{\"@context\":\"https:\/\/schema.org\",\"@graph\":[{\"@type\":\"WebPage\",\"@id\":\"https:\/\/beautyequipment.shop\/toode\/keto-frappe-vanilje-maitsega\/\",\"url\":\"https:\/\/beautyequipment.shop\/toode\/keto-frappe-vanilje-maitsega\/\",\"name\":\"KETO FRAPP\u00c9 Vanilje maitsega - Beauty Equipment\",\"isPartOf\":{\"@id\":\"https:\/\/beautyequipment.shop\/#website\"},\"primaryImageOfPage\":{\"@id\":\"https:\/\/beautyequipment.shop\/toode\/keto-frappe-vanilje-maitsega\/#primaryimage\"},\"image\":{\"@id\":\"https:\/\/beautyequipment.shop\/toode\/keto-frappe-vanilje-maitsega\/#primaryimage\"},\"thumbnailUrl\":\"https:\/\/beautyequipment.shop\/wp-content\/uploads\/2024\/12\/frappe-VANILLA.jpeg\",\"datePublished\":\"2024-12-05T09:49:18+00:00\",\"dateModified\":\"2024-12-05T10:23:02+00:00\",\"breadcrumb\":{\"@id\":\"https:\/\/beautyequipment.shop\/toode\/keto-frappe-vanilje-maitsega\/#breadcrumb\"},\"inLanguage\":\"lv-LV\",\"potentialAction\":[{\"@type\":\"ReadAction\",\"target\":[\"https:\/\/beautyequipment.shop\/toode\/keto-frappe-vanilje-maitsega\/\"]}]},{\"@type\":\"ImageObject\",\"inLanguage\":\"lv-LV\",\"@id\":\"https:\/\/beautyequipment.shop\/toode\/keto-frappe-vanilje-maitsega\/#primaryimage\",\"url\":\"https:\/\/beautyequipment.shop\/wp-content\/uploads\/2024\/12\/frappe-VANILLA.jpeg\",\"contentUrl\":\"https:\/\/beautyequipment.shop\/wp-content\/uploads\/2024\/12\/frappe-VANILLA.jpeg\",\"width\":700,\"height\":741},{\"@type\":\"BreadcrumbList\",\"@id\":\"https:\/\/beautyequipment.shop\/toode\/keto-frappe-vanilje-maitsega\/#breadcrumb\",\"itemListElement\":[{\"@type\":\"ListItem\",\"position\":1,\"name\":\"Home\",\"item\":\"https:\/\/beautyequipment.shop\/lv\/sakumlapa\/\"},{\"@type\":\"ListItem\",\"position\":2,\"name\":\"Veikals veikal\u0101\",\"item\":\"https:\/\/beautyequipment.shop\/lv\/shop\/\"},{\"@type\":\"ListItem\",\"position\":3,\"name\":\"KETO FRAPP\u00c9 Vanilje maitsega\"}]},{\"@type\":\"WebSite\",\"@id\":\"https:\/\/beautyequipment.shop\/#website\",\"url\":\"https:\/\/beautyequipment.shop\/\",\"name\":\"Beauty Equipment\",\"description\":\"Toidulisandid ilu ja tervise heaks\",\"publisher\":{\"@id\":\"https:\/\/beautyequipment.shop\/#organization\"},\"potentialAction\":[{\"@type\":\"SearchAction\",\"target\":{\"@type\":\"EntryPoint\",\"urlTemplate\":\"https:\/\/beautyequipment.shop\/?s={search_term_string}\"},\"query-input\":{\"@type\":\"PropertyValueSpecification\",\"valueRequired\":true,\"valueName\":\"search_term_string\"}}],\"inLanguage\":\"lv-LV\"},{\"@type\":\"Organization\",\"@id\":\"https:\/\/beautyequipment.shop\/#organization\",\"name\":\"Beauty Equipment\",\"url\":\"https:\/\/beautyequipment.shop\/\",\"logo\":{\"@type\":\"ImageObject\",\"inLanguage\":\"lv-LV\",\"@id\":\"https:\/\/beautyequipment.shop\/#\/schema\/logo\/image\/\",\"url\":\"https:\/\/beautyequipment.shop\/wp-content\/uploads\/2024\/09\/Beauty-Equipment-logo-300x109-1.webp\",\"contentUrl\":\"https:\/\/beautyequipment.shop\/wp-content\/uploads\/2024\/09\/Beauty-Equipment-logo-300x109-1.webp\",\"width\":300,\"height\":109,\"caption\":\"Beauty Equipment\"},\"image\":{\"@id\":\"https:\/\/beautyequipment.shop\/#\/schema\/logo\/image\/\"},\"sameAs\":[\"https:\/\/facebook.com\/beautyequipment.ou\",\"https:\/\/instagram.com\/tisanoreica.nord\"]}]}<\/script>\n<!-- \/ Yoast SEO plugin. -->","yoast_head_json":{"title":"KETO FRAPP\u00c9 Vanilje maitsega - Beauty Equipment","robots":{"index":"index","follow":"follow","max-snippet":"max-snippet:-1","max-image-preview":"max-image-preview:large","max-video-preview":"max-video-preview:-1"},"canonical":"https:\/\/beautyequipment.shop\/toode\/keto-frappe-vanilje-maitsega\/","og_locale":"lv_LV","og_type":"article","og_title":"KETO FRAPP\u00c9 Vanilje maitsega - Beauty Equipment","og_description":"Kellele sobib:   Sobib Tisanoreica dieedi v\u00f5i teiste madala s\u00fcsivesikusisaldusega dieetide j\u00e4rgijatele.  Sobib neile, kes otsivad proteiinirikast toetust magusa ja mitmek\u00fclgse maitsega.  &nbsp;  \u00dcldised soovitused:  K\u00f5ik frapp\u00e9-d sobivad Stabiliseerimis- ja Style-faasi jaoks Tisanoreica meetodis ning neid saab integreerida isikup\u00e4rastatud toitumisplaani. Gluteenivabad ja sobilikud ka ts\u00f6liaakiaga inimestele.  &nbsp;","og_url":"https:\/\/beautyequipment.shop\/toode\/keto-frappe-vanilje-maitsega\/","og_site_name":"Beauty Equipment","article_publisher":"https:\/\/facebook.com\/beautyequipment.ou","article_modified_time":"2024-12-05T10:23:02+00:00","og_image":[{"width":700,"height":741,"url":"https:\/\/beautyequipment.shop\/wp-content\/uploads\/2024\/12\/frappe-VANILLA.jpeg","type":"image\/jpeg"}],"twitter_card":"summary_large_image","schema":{"@context":"https:\/\/schema.org","@graph":[{"@type":"WebPage","@id":"https:\/\/beautyequipment.shop\/toode\/keto-frappe-vanilje-maitsega\/","url":"https:\/\/beautyequipment.shop\/toode\/keto-frappe-vanilje-maitsega\/","name":"KETO FRAPP\u00c9 Vanilje maitsega - Beauty Equipment","isPartOf":{"@id":"https:\/\/beautyequipment.shop\/#website"},"primaryImageOfPage":{"@id":"https:\/\/beautyequipment.shop\/toode\/keto-frappe-vanilje-maitsega\/#primaryimage"},"image":{"@id":"https:\/\/beautyequipment.shop\/toode\/keto-frappe-vanilje-maitsega\/#primaryimage"},"thumbnailUrl":"https:\/\/beautyequipment.shop\/wp-content\/uploads\/2024\/12\/frappe-VANILLA.jpeg","datePublished":"2024-12-05T09:49:18+00:00","dateModified":"2024-12-05T10:23:02+00:00","breadcrumb":{"@id":"https:\/\/beautyequipment.shop\/toode\/keto-frappe-vanilje-maitsega\/#breadcrumb"},"inLanguage":"lv-LV","potentialAction":[{"@type":"ReadAction","target":["https:\/\/beautyequipment.shop\/toode\/keto-frappe-vanilje-maitsega\/"]}]},{"@type":"ImageObject","inLanguage":"lv-LV","@id":"https:\/\/beautyequipment.shop\/toode\/keto-frappe-vanilje-maitsega\/#primaryimage","url":"https:\/\/beautyequipment.shop\/wp-content\/uploads\/2024\/12\/frappe-VANILLA.jpeg","contentUrl":"https:\/\/beautyequipment.shop\/wp-content\/uploads\/2024\/12\/frappe-VANILLA.jpeg","width":700,"height":741},{"@type":"BreadcrumbList","@id":"https:\/\/beautyequipment.shop\/toode\/keto-frappe-vanilje-maitsega\/#breadcrumb","itemListElement":[{"@type":"ListItem","position":1,"name":"Home","item":"https:\/\/beautyequipment.shop\/lv\/sakumlapa\/"},{"@type":"ListItem","position":2,"name":"Veikals veikal\u0101","item":"https:\/\/beautyequipment.shop\/lv\/shop\/"},{"@type":"ListItem","position":3,"name":"KETO FRAPP\u00c9 Vanilje maitsega"}]},{"@type":"WebSite","@id":"https:\/\/beautyequipment.shop\/#website","url":"https:\/\/beautyequipment.shop\/","name":"Beauty Equipment","description":"Toidulisandid ilu ja tervise heaks","publisher":{"@id":"https:\/\/beautyequipment.shop\/#organization"},"potentialAction":[{"@type":"SearchAction","target":{"@type":"EntryPoint","urlTemplate":"https:\/\/beautyequipment.shop\/?s={search_term_string}"},"query-input":{"@type":"PropertyValueSpecification","valueRequired":true,"valueName":"search_term_string"}}],"inLanguage":"lv-LV"},{"@type":"Organization","@id":"https:\/\/beautyequipment.shop\/#organization","name":"Beauty Equipment","url":"https:\/\/beautyequipment.shop\/","logo":{"@type":"ImageObject","inLanguage":"lv-LV","@id":"https:\/\/beautyequipment.shop\/#\/schema\/logo\/image\/","url":"https:\/\/beautyequipment.shop\/wp-content\/uploads\/2024\/09\/Beauty-Equipment-logo-300x109-1.webp","contentUrl":"https:\/\/beautyequipment.shop\/wp-content\/uploads\/2024\/09\/Beauty-Equipment-logo-300x109-1.webp","width":300,"height":109,"caption":"Beauty Equipment"},"image":{"@id":"https:\/\/beautyequipment.shop\/#\/schema\/logo\/image\/"},"sameAs":["https:\/\/facebook.com\/beautyequipment.ou","https:\/\/instagram.com\/tisanoreica.nord"]}]}},"_links":{"self":[{"href":"https:\/\/beautyequipment.shop\/lv\/wp-json\/wp\/v2\/product\/2201","targetHints":{"allow":["GET"]}}],"collection":[{"href":"https:\/\/beautyequipment.shop\/lv\/wp-json\/wp\/v2\/product"}],"about":[{"href":"https:\/\/beautyequipment.shop\/lv\/wp-json\/wp\/v2\/types\/product"}],"wp:featuredmedia":[{"embeddable":true,"href":"https:\/\/beautyequipment.shop\/lv\/wp-json\/wp\/v2\/media\/2202"}],"wp:attachment":[{"href":"https:\/\/beautyequipment.shop\/lv\/wp-json\/wp\/v2\/media?parent=2201"}],"wp:term":[{"taxonomy":"product_brand","embeddable":true,"href":"https:\/\/beautyequipment.shop\/lv\/wp-json\/wp\/v2\/product_brand?post=2201"},{"taxonomy":"product_cat","embeddable":true,"href":"https:\/\/beautyequipment.shop\/lv\/wp-json\/wp\/v2\/product_cat?post=2201"},{"taxonomy":"product_tag","embeddable":true,"href":"https:\/\/beautyequipment.shop\/lv\/wp-json\/wp\/v2\/product_tag?post=2201"}],"curies":[{"name":"wp","href":"https:\/\/api.w.org\/{rel}","templated":true}]}}