{"id":2061,"date":"2024-07-12T11:07:04","date_gmt":"2024-07-12T08:07:04","guid":{"rendered":"https:\/\/beautyequipment.shop\/?post_type=product&#038;p=2061"},"modified":"2024-07-12T11:08:56","modified_gmt":"2024-07-12T08:08:56","slug":"gianluca-mech-metabolic-plus","status":"publish","type":"product","link":"https:\/\/beautyequipment.shop\/lv\/toode\/gianluca-mech-metabolic-plus\/","title":{"rendered":"GIANLUCA MECH METABOLIC PLUS"},"content":{"rendered":"<p>MECHBODYBURN\u00ae tehnoloogia abil valmistatud toidulisand, mis p\u00f5hineb kaneeli, magnoolia, centella asiatica ja kadaka taimeekstraktide segul. Rikastatud L-karnitiini, m\u00f5ruapelsini, rohelise kohvi, hapete, kofeiini ja lehtkapsaga. Soodustab ainevahetuse aktiveerimist ning soodustab kogunenud rasva p\u00f5letamist ja kadu. See annab toitaineid, mineraale ja vitamiine, mis annavad kehale energiat.<\/p>\n<p>&nbsp;<\/p>\n<p>Kuidas kasutada:<\/p>\n<p>Soovitatav on v\u00f5tta 1 kuni 2 tabletti p\u00e4evas koos v\u00e4ikese koguse veega, eelistatavalt hommikul.<\/p>\n<p>&nbsp;<\/p>\n<p>&nbsp;<\/p>\n","protected":false},"excerpt":{"rendered":"<p>Kaotada kaalu ja vabaneda liigsetest lokaliseerimata rasvaladestustest.<\/p>\n<p>&nbsp;<\/p>\n<p>Soodustab kehakaalu tasakaalu<\/p>\n<p>Soodustab vedeliku \u00e4ravoolu<\/p>\n<p>Parandab mikrotsirkulatsiooni<\/p>\n<p>Aitab v\u00e4hendada liigset rasva<\/p>\n<p>Gluteeni- ja laktoosivaba<\/p>\n<p>Vegan<\/p>\n<p>&nbsp;<\/p>\n<p>30 tk.<\/p>\n","protected":false},"featured_media":2062,"template":"","meta":[],"product_brand":[],"product_cat":[37],"product_tag":[],"class_list":{"0":"post-2061","1":"product","2":"type-product","3":"status-publish","4":"has-post-thumbnail","6":"product_cat-lisandid","8":"first","9":"instock","10":"taxable","11":"shipping-taxable","12":"purchasable","13":"product-type-simple"},"yoast_head":"<!-- This site is optimized with the Yoast SEO plugin v27.0 - https:\/\/yoast.com\/product\/yoast-seo-wordpress\/ -->\n<title>GIANLUCA MECH METABOLIC PLUS - Beauty Equipment<\/title>\n<meta name=\"robots\" content=\"index, follow, max-snippet:-1, max-image-preview:large, max-video-preview:-1\" \/>\n<link rel=\"canonical\" href=\"https:\/\/beautyequipment.shop\/toode\/gianluca-mech-metabolic-plus\/\" \/>\n<meta property=\"og:locale\" content=\"lv_LV\" \/>\n<meta property=\"og:type\" content=\"article\" \/>\n<meta property=\"og:title\" content=\"GIANLUCA MECH METABOLIC PLUS - Beauty Equipment\" \/>\n<meta property=\"og:description\" content=\"Kaotada kaalu ja vabaneda liigsetest lokaliseerimata rasvaladestustest.  &nbsp;  Soodustab kehakaalu tasakaalu  Soodustab vedeliku \u00e4ravoolu  Parandab mikrotsirkulatsiooni  Aitab v\u00e4hendada liigset rasva  Gluteeni- ja laktoosivaba  Vegan  &nbsp;  30 tk.\" \/>\n<meta property=\"og:url\" content=\"https:\/\/beautyequipment.shop\/toode\/gianluca-mech-metabolic-plus\/\" \/>\n<meta property=\"og:site_name\" content=\"Beauty Equipment\" \/>\n<meta property=\"article:publisher\" content=\"https:\/\/facebook.com\/beautyequipment.ou\" \/>\n<meta property=\"article:modified_time\" content=\"2024-07-12T08:08:56+00:00\" \/>\n<meta property=\"og:image\" content=\"https:\/\/beautyequipment.shop\/wp-content\/uploads\/2024\/07\/Metabolic-plus.jpg\" \/>\n\t<meta property=\"og:image:width\" content=\"500\" \/>\n\t<meta property=\"og:image:height\" content=\"500\" \/>\n\t<meta property=\"og:image:type\" content=\"image\/jpeg\" \/>\n<meta name=\"twitter:card\" content=\"summary_large_image\" \/>\n<script type=\"application\/ld+json\" class=\"yoast-schema-graph\">{\"@context\":\"https:\/\/schema.org\",\"@graph\":[{\"@type\":\"WebPage\",\"@id\":\"https:\/\/beautyequipment.shop\/toode\/gianluca-mech-metabolic-plus\/\",\"url\":\"https:\/\/beautyequipment.shop\/toode\/gianluca-mech-metabolic-plus\/\",\"name\":\"GIANLUCA MECH METABOLIC PLUS - Beauty Equipment\",\"isPartOf\":{\"@id\":\"https:\/\/beautyequipment.shop\/#website\"},\"primaryImageOfPage\":{\"@id\":\"https:\/\/beautyequipment.shop\/toode\/gianluca-mech-metabolic-plus\/#primaryimage\"},\"image\":{\"@id\":\"https:\/\/beautyequipment.shop\/toode\/gianluca-mech-metabolic-plus\/#primaryimage\"},\"thumbnailUrl\":\"https:\/\/beautyequipment.shop\/wp-content\/uploads\/2024\/07\/Metabolic-plus.jpg\",\"datePublished\":\"2024-07-12T08:07:04+00:00\",\"dateModified\":\"2024-07-12T08:08:56+00:00\",\"breadcrumb\":{\"@id\":\"https:\/\/beautyequipment.shop\/toode\/gianluca-mech-metabolic-plus\/#breadcrumb\"},\"inLanguage\":\"lv-LV\",\"potentialAction\":[{\"@type\":\"ReadAction\",\"target\":[\"https:\/\/beautyequipment.shop\/toode\/gianluca-mech-metabolic-plus\/\"]}]},{\"@type\":\"ImageObject\",\"inLanguage\":\"lv-LV\",\"@id\":\"https:\/\/beautyequipment.shop\/toode\/gianluca-mech-metabolic-plus\/#primaryimage\",\"url\":\"https:\/\/beautyequipment.shop\/wp-content\/uploads\/2024\/07\/Metabolic-plus.jpg\",\"contentUrl\":\"https:\/\/beautyequipment.shop\/wp-content\/uploads\/2024\/07\/Metabolic-plus.jpg\",\"width\":500,\"height\":500},{\"@type\":\"BreadcrumbList\",\"@id\":\"https:\/\/beautyequipment.shop\/toode\/gianluca-mech-metabolic-plus\/#breadcrumb\",\"itemListElement\":[{\"@type\":\"ListItem\",\"position\":1,\"name\":\"Home\",\"item\":\"https:\/\/beautyequipment.shop\/lv\/sakumlapa\/\"},{\"@type\":\"ListItem\",\"position\":2,\"name\":\"Veikals veikal\u0101\",\"item\":\"https:\/\/beautyequipment.shop\/lv\/shop\/\"},{\"@type\":\"ListItem\",\"position\":3,\"name\":\"GIANLUCA MECH METABOLIC PLUS\"}]},{\"@type\":\"WebSite\",\"@id\":\"https:\/\/beautyequipment.shop\/#website\",\"url\":\"https:\/\/beautyequipment.shop\/\",\"name\":\"Beauty Equipment\",\"description\":\"Toidulisandid ilu ja tervise heaks\",\"publisher\":{\"@id\":\"https:\/\/beautyequipment.shop\/#organization\"},\"potentialAction\":[{\"@type\":\"SearchAction\",\"target\":{\"@type\":\"EntryPoint\",\"urlTemplate\":\"https:\/\/beautyequipment.shop\/?s={search_term_string}\"},\"query-input\":{\"@type\":\"PropertyValueSpecification\",\"valueRequired\":true,\"valueName\":\"search_term_string\"}}],\"inLanguage\":\"lv-LV\"},{\"@type\":\"Organization\",\"@id\":\"https:\/\/beautyequipment.shop\/#organization\",\"name\":\"Beauty Equipment\",\"url\":\"https:\/\/beautyequipment.shop\/\",\"logo\":{\"@type\":\"ImageObject\",\"inLanguage\":\"lv-LV\",\"@id\":\"https:\/\/beautyequipment.shop\/#\/schema\/logo\/image\/\",\"url\":\"https:\/\/beautyequipment.shop\/wp-content\/uploads\/2024\/09\/Beauty-Equipment-logo-300x109-1.webp\",\"contentUrl\":\"https:\/\/beautyequipment.shop\/wp-content\/uploads\/2024\/09\/Beauty-Equipment-logo-300x109-1.webp\",\"width\":300,\"height\":109,\"caption\":\"Beauty Equipment\"},\"image\":{\"@id\":\"https:\/\/beautyequipment.shop\/#\/schema\/logo\/image\/\"},\"sameAs\":[\"https:\/\/facebook.com\/beautyequipment.ou\",\"https:\/\/instagram.com\/tisanoreica.nord\"]}]}<\/script>\n<!-- \/ Yoast SEO plugin. -->","yoast_head_json":{"title":"GIANLUCA MECH METABOLIC PLUS - Beauty Equipment","robots":{"index":"index","follow":"follow","max-snippet":"max-snippet:-1","max-image-preview":"max-image-preview:large","max-video-preview":"max-video-preview:-1"},"canonical":"https:\/\/beautyequipment.shop\/toode\/gianluca-mech-metabolic-plus\/","og_locale":"lv_LV","og_type":"article","og_title":"GIANLUCA MECH METABOLIC PLUS - Beauty Equipment","og_description":"Kaotada kaalu ja vabaneda liigsetest lokaliseerimata rasvaladestustest.  &nbsp;  Soodustab kehakaalu tasakaalu  Soodustab vedeliku \u00e4ravoolu  Parandab mikrotsirkulatsiooni  Aitab v\u00e4hendada liigset rasva  Gluteeni- ja laktoosivaba  Vegan  &nbsp;  30 tk.","og_url":"https:\/\/beautyequipment.shop\/toode\/gianluca-mech-metabolic-plus\/","og_site_name":"Beauty Equipment","article_publisher":"https:\/\/facebook.com\/beautyequipment.ou","article_modified_time":"2024-07-12T08:08:56+00:00","og_image":[{"width":500,"height":500,"url":"https:\/\/beautyequipment.shop\/wp-content\/uploads\/2024\/07\/Metabolic-plus.jpg","type":"image\/jpeg"}],"twitter_card":"summary_large_image","schema":{"@context":"https:\/\/schema.org","@graph":[{"@type":"WebPage","@id":"https:\/\/beautyequipment.shop\/toode\/gianluca-mech-metabolic-plus\/","url":"https:\/\/beautyequipment.shop\/toode\/gianluca-mech-metabolic-plus\/","name":"GIANLUCA MECH METABOLIC PLUS - Beauty Equipment","isPartOf":{"@id":"https:\/\/beautyequipment.shop\/#website"},"primaryImageOfPage":{"@id":"https:\/\/beautyequipment.shop\/toode\/gianluca-mech-metabolic-plus\/#primaryimage"},"image":{"@id":"https:\/\/beautyequipment.shop\/toode\/gianluca-mech-metabolic-plus\/#primaryimage"},"thumbnailUrl":"https:\/\/beautyequipment.shop\/wp-content\/uploads\/2024\/07\/Metabolic-plus.jpg","datePublished":"2024-07-12T08:07:04+00:00","dateModified":"2024-07-12T08:08:56+00:00","breadcrumb":{"@id":"https:\/\/beautyequipment.shop\/toode\/gianluca-mech-metabolic-plus\/#breadcrumb"},"inLanguage":"lv-LV","potentialAction":[{"@type":"ReadAction","target":["https:\/\/beautyequipment.shop\/toode\/gianluca-mech-metabolic-plus\/"]}]},{"@type":"ImageObject","inLanguage":"lv-LV","@id":"https:\/\/beautyequipment.shop\/toode\/gianluca-mech-metabolic-plus\/#primaryimage","url":"https:\/\/beautyequipment.shop\/wp-content\/uploads\/2024\/07\/Metabolic-plus.jpg","contentUrl":"https:\/\/beautyequipment.shop\/wp-content\/uploads\/2024\/07\/Metabolic-plus.jpg","width":500,"height":500},{"@type":"BreadcrumbList","@id":"https:\/\/beautyequipment.shop\/toode\/gianluca-mech-metabolic-plus\/#breadcrumb","itemListElement":[{"@type":"ListItem","position":1,"name":"Home","item":"https:\/\/beautyequipment.shop\/lv\/sakumlapa\/"},{"@type":"ListItem","position":2,"name":"Veikals veikal\u0101","item":"https:\/\/beautyequipment.shop\/lv\/shop\/"},{"@type":"ListItem","position":3,"name":"GIANLUCA MECH METABOLIC PLUS"}]},{"@type":"WebSite","@id":"https:\/\/beautyequipment.shop\/#website","url":"https:\/\/beautyequipment.shop\/","name":"Beauty Equipment","description":"Toidulisandid ilu ja tervise heaks","publisher":{"@id":"https:\/\/beautyequipment.shop\/#organization"},"potentialAction":[{"@type":"SearchAction","target":{"@type":"EntryPoint","urlTemplate":"https:\/\/beautyequipment.shop\/?s={search_term_string}"},"query-input":{"@type":"PropertyValueSpecification","valueRequired":true,"valueName":"search_term_string"}}],"inLanguage":"lv-LV"},{"@type":"Organization","@id":"https:\/\/beautyequipment.shop\/#organization","name":"Beauty Equipment","url":"https:\/\/beautyequipment.shop\/","logo":{"@type":"ImageObject","inLanguage":"lv-LV","@id":"https:\/\/beautyequipment.shop\/#\/schema\/logo\/image\/","url":"https:\/\/beautyequipment.shop\/wp-content\/uploads\/2024\/09\/Beauty-Equipment-logo-300x109-1.webp","contentUrl":"https:\/\/beautyequipment.shop\/wp-content\/uploads\/2024\/09\/Beauty-Equipment-logo-300x109-1.webp","width":300,"height":109,"caption":"Beauty Equipment"},"image":{"@id":"https:\/\/beautyequipment.shop\/#\/schema\/logo\/image\/"},"sameAs":["https:\/\/facebook.com\/beautyequipment.ou","https:\/\/instagram.com\/tisanoreica.nord"]}]}},"_links":{"self":[{"href":"https:\/\/beautyequipment.shop\/lv\/wp-json\/wp\/v2\/product\/2061","targetHints":{"allow":["GET"]}}],"collection":[{"href":"https:\/\/beautyequipment.shop\/lv\/wp-json\/wp\/v2\/product"}],"about":[{"href":"https:\/\/beautyequipment.shop\/lv\/wp-json\/wp\/v2\/types\/product"}],"wp:featuredmedia":[{"embeddable":true,"href":"https:\/\/beautyequipment.shop\/lv\/wp-json\/wp\/v2\/media\/2062"}],"wp:attachment":[{"href":"https:\/\/beautyequipment.shop\/lv\/wp-json\/wp\/v2\/media?parent=2061"}],"wp:term":[{"taxonomy":"product_brand","embeddable":true,"href":"https:\/\/beautyequipment.shop\/lv\/wp-json\/wp\/v2\/product_brand?post=2061"},{"taxonomy":"product_cat","embeddable":true,"href":"https:\/\/beautyequipment.shop\/lv\/wp-json\/wp\/v2\/product_cat?post=2061"},{"taxonomy":"product_tag","embeddable":true,"href":"https:\/\/beautyequipment.shop\/lv\/wp-json\/wp\/v2\/product_tag?post=2061"}],"curies":[{"name":"wp","href":"https:\/\/api.w.org\/{rel}","templated":true}]}}