{"id":2053,"date":"2024-07-12T10:51:53","date_gmt":"2024-07-12T07:51:53","guid":{"rendered":"https:\/\/beautyequipment.shop\/?post_type=product&#038;p=2053"},"modified":"2024-11-27T12:32:32","modified_gmt":"2024-11-27T10:32:32","slug":"gianluca-mech-omega-3","status":"publish","type":"product","link":"https:\/\/beautyequipment.shop\/lv\/toode\/gianluca-mech-omega-3\/","title":{"rendered":"GIANLUCA MECH OMEGA 3"},"content":{"rendered":"<p>Soovitatav on v\u00f5tta 1 kuni 3 pehmet tabletti, eelistatavalt s\u00f6\u00f6gi ajal, koos klaasit\u00e4ie veega.<\/p>\n<p>Kala\u00f5li kontsentraat (eikosapentaeenhape EPA 27%, dokosaheksaeenhape DHA 42%), toidu\u017eelatiin (kapsel), gl\u00fctseriin; Antioks\u00fcdant: tokoferoolirikas ekstrakt; D-vitamiin (kolekaltsiferool\/vitamiin D3).<\/p>\n","protected":false},"excerpt":{"rendered":"<p>EDENDAB NORMAALSET TRIGL\u00dcTSERIIDIDE TASEMIST VERE, S\u00dcDAME T\u00d6\u00d6D, N\u00c4GEMIST, AJU T\u00d6\u00d6D.<\/p>\n<p>VAJALIK KA RASEDUSE JA IMATAMISEL.<\/p>\n<p>90 tk.<\/p>\n","protected":false},"featured_media":2054,"template":"","meta":[],"product_brand":[],"product_cat":[37,82],"product_tag":[],"class_list":{"0":"post-2053","1":"product","2":"type-product","3":"status-publish","4":"has-post-thumbnail","6":"product_cat-lisandid","7":"product_cat-katrin-shein","9":"first","10":"instock","11":"taxable","12":"shipping-taxable","13":"purchasable","14":"product-type-simple"},"yoast_head":"<!-- This site is optimized with the Yoast SEO plugin v27.0 - https:\/\/yoast.com\/product\/yoast-seo-wordpress\/ -->\n<title>GIANLUCA MECH OMEGA 3 - Beauty Equipment<\/title>\n<meta name=\"robots\" content=\"index, follow, max-snippet:-1, max-image-preview:large, max-video-preview:-1\" \/>\n<link rel=\"canonical\" href=\"https:\/\/beautyequipment.shop\/toode\/gianluca-mech-omega-3\/\" \/>\n<meta property=\"og:locale\" content=\"lv_LV\" \/>\n<meta property=\"og:type\" content=\"article\" \/>\n<meta property=\"og:title\" content=\"GIANLUCA MECH OMEGA 3 - Beauty Equipment\" \/>\n<meta property=\"og:description\" content=\"EDENDAB NORMAALSET TRIGL\u00dcTSERIIDIDE TASEMIST VERE, S\u00dcDAME T\u00d6\u00d6D, N\u00c4GEMIST, AJU T\u00d6\u00d6D.  VAJALIK KA RASEDUSE JA IMATAMISEL.  90 tk.\" \/>\n<meta property=\"og:url\" content=\"https:\/\/beautyequipment.shop\/toode\/gianluca-mech-omega-3\/\" \/>\n<meta property=\"og:site_name\" content=\"Beauty Equipment\" \/>\n<meta property=\"article:publisher\" content=\"https:\/\/facebook.com\/beautyequipment.ou\" \/>\n<meta property=\"article:modified_time\" content=\"2024-11-27T10:32:32+00:00\" \/>\n<meta property=\"og:image\" content=\"https:\/\/beautyequipment.shop\/wp-content\/uploads\/2024\/07\/omega-3.jpg\" \/>\n\t<meta property=\"og:image:width\" content=\"500\" \/>\n\t<meta property=\"og:image:height\" content=\"500\" \/>\n\t<meta property=\"og:image:type\" content=\"image\/jpeg\" \/>\n<meta name=\"twitter:card\" content=\"summary_large_image\" \/>\n<script type=\"application\/ld+json\" class=\"yoast-schema-graph\">{\"@context\":\"https:\/\/schema.org\",\"@graph\":[{\"@type\":\"WebPage\",\"@id\":\"https:\/\/beautyequipment.shop\/toode\/gianluca-mech-omega-3\/\",\"url\":\"https:\/\/beautyequipment.shop\/toode\/gianluca-mech-omega-3\/\",\"name\":\"GIANLUCA MECH OMEGA 3 - Beauty Equipment\",\"isPartOf\":{\"@id\":\"https:\/\/beautyequipment.shop\/#website\"},\"primaryImageOfPage\":{\"@id\":\"https:\/\/beautyequipment.shop\/toode\/gianluca-mech-omega-3\/#primaryimage\"},\"image\":{\"@id\":\"https:\/\/beautyequipment.shop\/toode\/gianluca-mech-omega-3\/#primaryimage\"},\"thumbnailUrl\":\"https:\/\/beautyequipment.shop\/wp-content\/uploads\/2024\/07\/omega-3.jpg\",\"datePublished\":\"2024-07-12T07:51:53+00:00\",\"dateModified\":\"2024-11-27T10:32:32+00:00\",\"breadcrumb\":{\"@id\":\"https:\/\/beautyequipment.shop\/toode\/gianluca-mech-omega-3\/#breadcrumb\"},\"inLanguage\":\"lv-LV\",\"potentialAction\":[{\"@type\":\"ReadAction\",\"target\":[\"https:\/\/beautyequipment.shop\/toode\/gianluca-mech-omega-3\/\"]}]},{\"@type\":\"ImageObject\",\"inLanguage\":\"lv-LV\",\"@id\":\"https:\/\/beautyequipment.shop\/toode\/gianluca-mech-omega-3\/#primaryimage\",\"url\":\"https:\/\/beautyequipment.shop\/wp-content\/uploads\/2024\/07\/omega-3.jpg\",\"contentUrl\":\"https:\/\/beautyequipment.shop\/wp-content\/uploads\/2024\/07\/omega-3.jpg\",\"width\":500,\"height\":500},{\"@type\":\"BreadcrumbList\",\"@id\":\"https:\/\/beautyequipment.shop\/toode\/gianluca-mech-omega-3\/#breadcrumb\",\"itemListElement\":[{\"@type\":\"ListItem\",\"position\":1,\"name\":\"Home\",\"item\":\"https:\/\/beautyequipment.shop\/lv\/sakumlapa\/\"},{\"@type\":\"ListItem\",\"position\":2,\"name\":\"Veikals veikal\u0101\",\"item\":\"https:\/\/beautyequipment.shop\/lv\/shop\/\"},{\"@type\":\"ListItem\",\"position\":3,\"name\":\"GIANLUCA MECH OMEGA 3\"}]},{\"@type\":\"WebSite\",\"@id\":\"https:\/\/beautyequipment.shop\/#website\",\"url\":\"https:\/\/beautyequipment.shop\/\",\"name\":\"Beauty Equipment\",\"description\":\"Toidulisandid ilu ja tervise heaks\",\"publisher\":{\"@id\":\"https:\/\/beautyequipment.shop\/#organization\"},\"potentialAction\":[{\"@type\":\"SearchAction\",\"target\":{\"@type\":\"EntryPoint\",\"urlTemplate\":\"https:\/\/beautyequipment.shop\/?s={search_term_string}\"},\"query-input\":{\"@type\":\"PropertyValueSpecification\",\"valueRequired\":true,\"valueName\":\"search_term_string\"}}],\"inLanguage\":\"lv-LV\"},{\"@type\":\"Organization\",\"@id\":\"https:\/\/beautyequipment.shop\/#organization\",\"name\":\"Beauty Equipment\",\"url\":\"https:\/\/beautyequipment.shop\/\",\"logo\":{\"@type\":\"ImageObject\",\"inLanguage\":\"lv-LV\",\"@id\":\"https:\/\/beautyequipment.shop\/#\/schema\/logo\/image\/\",\"url\":\"https:\/\/beautyequipment.shop\/wp-content\/uploads\/2024\/09\/Beauty-Equipment-logo-300x109-1.webp\",\"contentUrl\":\"https:\/\/beautyequipment.shop\/wp-content\/uploads\/2024\/09\/Beauty-Equipment-logo-300x109-1.webp\",\"width\":300,\"height\":109,\"caption\":\"Beauty Equipment\"},\"image\":{\"@id\":\"https:\/\/beautyequipment.shop\/#\/schema\/logo\/image\/\"},\"sameAs\":[\"https:\/\/facebook.com\/beautyequipment.ou\",\"https:\/\/instagram.com\/tisanoreica.nord\"]}]}<\/script>\n<!-- \/ Yoast SEO plugin. -->","yoast_head_json":{"title":"GIANLUCA MECH OMEGA 3 - Beauty Equipment","robots":{"index":"index","follow":"follow","max-snippet":"max-snippet:-1","max-image-preview":"max-image-preview:large","max-video-preview":"max-video-preview:-1"},"canonical":"https:\/\/beautyequipment.shop\/toode\/gianluca-mech-omega-3\/","og_locale":"lv_LV","og_type":"article","og_title":"GIANLUCA MECH OMEGA 3 - Beauty Equipment","og_description":"EDENDAB NORMAALSET TRIGL\u00dcTSERIIDIDE TASEMIST VERE, S\u00dcDAME T\u00d6\u00d6D, N\u00c4GEMIST, AJU T\u00d6\u00d6D.  VAJALIK KA RASEDUSE JA IMATAMISEL.  90 tk.","og_url":"https:\/\/beautyequipment.shop\/toode\/gianluca-mech-omega-3\/","og_site_name":"Beauty Equipment","article_publisher":"https:\/\/facebook.com\/beautyequipment.ou","article_modified_time":"2024-11-27T10:32:32+00:00","og_image":[{"width":500,"height":500,"url":"https:\/\/beautyequipment.shop\/wp-content\/uploads\/2024\/07\/omega-3.jpg","type":"image\/jpeg"}],"twitter_card":"summary_large_image","schema":{"@context":"https:\/\/schema.org","@graph":[{"@type":"WebPage","@id":"https:\/\/beautyequipment.shop\/toode\/gianluca-mech-omega-3\/","url":"https:\/\/beautyequipment.shop\/toode\/gianluca-mech-omega-3\/","name":"GIANLUCA MECH OMEGA 3 - Beauty Equipment","isPartOf":{"@id":"https:\/\/beautyequipment.shop\/#website"},"primaryImageOfPage":{"@id":"https:\/\/beautyequipment.shop\/toode\/gianluca-mech-omega-3\/#primaryimage"},"image":{"@id":"https:\/\/beautyequipment.shop\/toode\/gianluca-mech-omega-3\/#primaryimage"},"thumbnailUrl":"https:\/\/beautyequipment.shop\/wp-content\/uploads\/2024\/07\/omega-3.jpg","datePublished":"2024-07-12T07:51:53+00:00","dateModified":"2024-11-27T10:32:32+00:00","breadcrumb":{"@id":"https:\/\/beautyequipment.shop\/toode\/gianluca-mech-omega-3\/#breadcrumb"},"inLanguage":"lv-LV","potentialAction":[{"@type":"ReadAction","target":["https:\/\/beautyequipment.shop\/toode\/gianluca-mech-omega-3\/"]}]},{"@type":"ImageObject","inLanguage":"lv-LV","@id":"https:\/\/beautyequipment.shop\/toode\/gianluca-mech-omega-3\/#primaryimage","url":"https:\/\/beautyequipment.shop\/wp-content\/uploads\/2024\/07\/omega-3.jpg","contentUrl":"https:\/\/beautyequipment.shop\/wp-content\/uploads\/2024\/07\/omega-3.jpg","width":500,"height":500},{"@type":"BreadcrumbList","@id":"https:\/\/beautyequipment.shop\/toode\/gianluca-mech-omega-3\/#breadcrumb","itemListElement":[{"@type":"ListItem","position":1,"name":"Home","item":"https:\/\/beautyequipment.shop\/lv\/sakumlapa\/"},{"@type":"ListItem","position":2,"name":"Veikals veikal\u0101","item":"https:\/\/beautyequipment.shop\/lv\/shop\/"},{"@type":"ListItem","position":3,"name":"GIANLUCA MECH OMEGA 3"}]},{"@type":"WebSite","@id":"https:\/\/beautyequipment.shop\/#website","url":"https:\/\/beautyequipment.shop\/","name":"Beauty Equipment","description":"Toidulisandid ilu ja tervise heaks","publisher":{"@id":"https:\/\/beautyequipment.shop\/#organization"},"potentialAction":[{"@type":"SearchAction","target":{"@type":"EntryPoint","urlTemplate":"https:\/\/beautyequipment.shop\/?s={search_term_string}"},"query-input":{"@type":"PropertyValueSpecification","valueRequired":true,"valueName":"search_term_string"}}],"inLanguage":"lv-LV"},{"@type":"Organization","@id":"https:\/\/beautyequipment.shop\/#organization","name":"Beauty Equipment","url":"https:\/\/beautyequipment.shop\/","logo":{"@type":"ImageObject","inLanguage":"lv-LV","@id":"https:\/\/beautyequipment.shop\/#\/schema\/logo\/image\/","url":"https:\/\/beautyequipment.shop\/wp-content\/uploads\/2024\/09\/Beauty-Equipment-logo-300x109-1.webp","contentUrl":"https:\/\/beautyequipment.shop\/wp-content\/uploads\/2024\/09\/Beauty-Equipment-logo-300x109-1.webp","width":300,"height":109,"caption":"Beauty Equipment"},"image":{"@id":"https:\/\/beautyequipment.shop\/#\/schema\/logo\/image\/"},"sameAs":["https:\/\/facebook.com\/beautyequipment.ou","https:\/\/instagram.com\/tisanoreica.nord"]}]}},"_links":{"self":[{"href":"https:\/\/beautyequipment.shop\/lv\/wp-json\/wp\/v2\/product\/2053","targetHints":{"allow":["GET"]}}],"collection":[{"href":"https:\/\/beautyequipment.shop\/lv\/wp-json\/wp\/v2\/product"}],"about":[{"href":"https:\/\/beautyequipment.shop\/lv\/wp-json\/wp\/v2\/types\/product"}],"wp:featuredmedia":[{"embeddable":true,"href":"https:\/\/beautyequipment.shop\/lv\/wp-json\/wp\/v2\/media\/2054"}],"wp:attachment":[{"href":"https:\/\/beautyequipment.shop\/lv\/wp-json\/wp\/v2\/media?parent=2053"}],"wp:term":[{"taxonomy":"product_brand","embeddable":true,"href":"https:\/\/beautyequipment.shop\/lv\/wp-json\/wp\/v2\/product_brand?post=2053"},{"taxonomy":"product_cat","embeddable":true,"href":"https:\/\/beautyequipment.shop\/lv\/wp-json\/wp\/v2\/product_cat?post=2053"},{"taxonomy":"product_tag","embeddable":true,"href":"https:\/\/beautyequipment.shop\/lv\/wp-json\/wp\/v2\/product_tag?post=2053"}],"curies":[{"name":"wp","href":"https:\/\/api.w.org\/{rel}","templated":true}]}}