{"id":1977,"date":"2024-04-17T14:05:03","date_gmt":"2024-04-17T11:05:03","guid":{"rendered":"https:\/\/beautyequipment.shop\/toode\/leib-tisanoreica\/"},"modified":"2024-04-23T09:23:12","modified_gmt":"2024-04-23T06:23:12","slug":"leib-tisanoreica","status":"publish","type":"product","link":"https:\/\/beautyequipment.shop\/lv\/toode\/leib-tisanoreica\/","title":{"rendered":"Leib TISANOREICA"},"content":{"rendered":"<p>Tisanoreica dieedi intensiivse ja stabiliseeriva faasi ajal v\u00f5ite tarbida 1 t\u00fckki p\u00e4evas (vastab 0 PAT-le).<\/p>\n<p>Intensiivne: 1 viil p\u00e4evas (0 PAT)<\/p>\n<p>Stabiliseerimine: 1 viil p\u00e4evas (0 PAT)<\/p>\n<p>Suurep\u00e4rane stiil: kuni 2 viilu p\u00e4evas<\/p>\n<p>&nbsp;<\/p>\n<p>TOITEV\u00c4\u00c4RTUS 50 G &#8211; 1 tk:<\/p>\n<p>Energiat kJ 528, kcal 127<\/p>\n<p>Rasv 6,3 g<\/p>\n<p>&#8211; millest k\u00fcllastunud rasvhapped 0,7 g<\/p>\n<p>S\u00fcsivesikud 3,6 g<\/p>\n<p>&#8211; millest suhkur 1,2 g<\/p>\n<p>Kiudained 6,8 \u200b\u200bg<\/p>\n<p>Valgud 11 g<\/p>\n<p>Sool 0,53 g<\/p>\n<p>&nbsp;<\/p>\n<p>Vabanevad ained v\u00f5ivad p\u00f5hjustada reaktsiooni allergikutel v\u00f5i talumatusega inimestel.<\/p>\n<p>Hoida jahedas kuivas kohas.<\/p>\n<p>&nbsp;<\/p>\n<p>Koostis: vesi, proteiinisegu (nisuproteiin, herneproteiin) (12%), t\u00e4istera rukkijahu (12%), tume linaseemned, sojagraanulid (6%), sojajahu (3%), nisukliid (3%), kuldsed linaseemned, p\u00e4evalilleseemned, seesamiseemned, kaerakiud (1,4%), sool, p\u00e4rm, vadakuvalgu pulber, rukkijahu (0,2%), happesuse regulaator: naatriumdiatsetaat.<\/p>\n","protected":false},"excerpt":{"rendered":"<p>Teravilja t\u00fc\u00fcpi leivad, mis sisaldavad palju kiudaineid ja v\u00e4he suhkrut.<\/p>\n<p>1 karbis on 5 viilu x 50 g, kogukaal 250 gr.<\/p>\n<p>&nbsp;<\/p>\n","protected":false},"featured_media":1996,"template":"","meta":[],"product_brand":[],"product_cat":[36],"product_tag":[],"class_list":{"0":"post-1977","1":"product","2":"type-product","3":"status-publish","4":"has-post-thumbnail","6":"product_cat-tervislik-toit","8":"first","9":"instock","10":"taxable","11":"shipping-taxable","12":"purchasable","13":"product-type-simple"},"yoast_head":"<!-- This site is optimized with the Yoast SEO plugin v27.0 - https:\/\/yoast.com\/product\/yoast-seo-wordpress\/ -->\n<title>Leib TISANOREICA - Beauty Equipment<\/title>\n<meta name=\"robots\" content=\"index, follow, max-snippet:-1, max-image-preview:large, max-video-preview:-1\" \/>\n<link rel=\"canonical\" href=\"https:\/\/beautyequipment.shop\/toode\/leib-tisanoreica\/\" \/>\n<meta property=\"og:locale\" content=\"lv_LV\" \/>\n<meta property=\"og:type\" content=\"article\" \/>\n<meta property=\"og:title\" content=\"Leib TISANOREICA - Beauty Equipment\" \/>\n<meta property=\"og:description\" content=\"Teravilja t\u00fc\u00fcpi leivad, mis sisaldavad palju kiudaineid ja v\u00e4he suhkrut.  1 karbis on 5 viilu x 50 g, kogukaal 250 gr.  &nbsp;\" \/>\n<meta property=\"og:url\" content=\"https:\/\/beautyequipment.shop\/toode\/leib-tisanoreica\/\" \/>\n<meta property=\"og:site_name\" content=\"Beauty Equipment\" \/>\n<meta property=\"article:publisher\" content=\"https:\/\/facebook.com\/beautyequipment.ou\" \/>\n<meta property=\"article:modified_time\" content=\"2024-04-23T06:23:12+00:00\" \/>\n<meta property=\"og:image\" content=\"https:\/\/beautyequipment.shop\/wp-content\/uploads\/2024\/04\/nuovo-pane-forno-2.jpg\" \/>\n\t<meta property=\"og:image:width\" content=\"1100\" \/>\n\t<meta property=\"og:image:height\" content=\"1100\" \/>\n\t<meta property=\"og:image:type\" content=\"image\/jpeg\" \/>\n<meta name=\"twitter:card\" content=\"summary_large_image\" \/>\n<meta name=\"twitter:label1\" content=\"Est. reading time\" \/>\n\t<meta name=\"twitter:data1\" content=\"1 minute\" \/>\n<script type=\"application\/ld+json\" class=\"yoast-schema-graph\">{\"@context\":\"https:\/\/schema.org\",\"@graph\":[{\"@type\":\"WebPage\",\"@id\":\"https:\/\/beautyequipment.shop\/toode\/leib-tisanoreica\/\",\"url\":\"https:\/\/beautyequipment.shop\/toode\/leib-tisanoreica\/\",\"name\":\"Leib TISANOREICA - Beauty Equipment\",\"isPartOf\":{\"@id\":\"https:\/\/beautyequipment.shop\/#website\"},\"primaryImageOfPage\":{\"@id\":\"https:\/\/beautyequipment.shop\/toode\/leib-tisanoreica\/#primaryimage\"},\"image\":{\"@id\":\"https:\/\/beautyequipment.shop\/toode\/leib-tisanoreica\/#primaryimage\"},\"thumbnailUrl\":\"https:\/\/beautyequipment.shop\/wp-content\/uploads\/2024\/04\/nuovo-pane-forno-2.jpg\",\"datePublished\":\"2024-04-17T11:05:03+00:00\",\"dateModified\":\"2024-04-23T06:23:12+00:00\",\"breadcrumb\":{\"@id\":\"https:\/\/beautyequipment.shop\/toode\/leib-tisanoreica\/#breadcrumb\"},\"inLanguage\":\"lv-LV\",\"potentialAction\":[{\"@type\":\"ReadAction\",\"target\":[\"https:\/\/beautyequipment.shop\/toode\/leib-tisanoreica\/\"]}]},{\"@type\":\"ImageObject\",\"inLanguage\":\"lv-LV\",\"@id\":\"https:\/\/beautyequipment.shop\/toode\/leib-tisanoreica\/#primaryimage\",\"url\":\"https:\/\/beautyequipment.shop\/wp-content\/uploads\/2024\/04\/nuovo-pane-forno-2.jpg\",\"contentUrl\":\"https:\/\/beautyequipment.shop\/wp-content\/uploads\/2024\/04\/nuovo-pane-forno-2.jpg\",\"width\":1100,\"height\":1100},{\"@type\":\"BreadcrumbList\",\"@id\":\"https:\/\/beautyequipment.shop\/toode\/leib-tisanoreica\/#breadcrumb\",\"itemListElement\":[{\"@type\":\"ListItem\",\"position\":1,\"name\":\"Home\",\"item\":\"https:\/\/beautyequipment.shop\/lv\/sakumlapa\/\"},{\"@type\":\"ListItem\",\"position\":2,\"name\":\"Veikals veikal\u0101\",\"item\":\"https:\/\/beautyequipment.shop\/lv\/shop\/\"},{\"@type\":\"ListItem\",\"position\":3,\"name\":\"Leib TISANOREICA\"}]},{\"@type\":\"WebSite\",\"@id\":\"https:\/\/beautyequipment.shop\/#website\",\"url\":\"https:\/\/beautyequipment.shop\/\",\"name\":\"Beauty Equipment\",\"description\":\"Toidulisandid ilu ja tervise heaks\",\"publisher\":{\"@id\":\"https:\/\/beautyequipment.shop\/#organization\"},\"potentialAction\":[{\"@type\":\"SearchAction\",\"target\":{\"@type\":\"EntryPoint\",\"urlTemplate\":\"https:\/\/beautyequipment.shop\/?s={search_term_string}\"},\"query-input\":{\"@type\":\"PropertyValueSpecification\",\"valueRequired\":true,\"valueName\":\"search_term_string\"}}],\"inLanguage\":\"lv-LV\"},{\"@type\":\"Organization\",\"@id\":\"https:\/\/beautyequipment.shop\/#organization\",\"name\":\"Beauty Equipment\",\"url\":\"https:\/\/beautyequipment.shop\/\",\"logo\":{\"@type\":\"ImageObject\",\"inLanguage\":\"lv-LV\",\"@id\":\"https:\/\/beautyequipment.shop\/#\/schema\/logo\/image\/\",\"url\":\"https:\/\/beautyequipment.shop\/wp-content\/uploads\/2024\/09\/Beauty-Equipment-logo-300x109-1.webp\",\"contentUrl\":\"https:\/\/beautyequipment.shop\/wp-content\/uploads\/2024\/09\/Beauty-Equipment-logo-300x109-1.webp\",\"width\":300,\"height\":109,\"caption\":\"Beauty Equipment\"},\"image\":{\"@id\":\"https:\/\/beautyequipment.shop\/#\/schema\/logo\/image\/\"},\"sameAs\":[\"https:\/\/facebook.com\/beautyequipment.ou\",\"https:\/\/instagram.com\/tisanoreica.nord\"]}]}<\/script>\n<!-- \/ Yoast SEO plugin. -->","yoast_head_json":{"title":"Leib TISANOREICA - Beauty Equipment","robots":{"index":"index","follow":"follow","max-snippet":"max-snippet:-1","max-image-preview":"max-image-preview:large","max-video-preview":"max-video-preview:-1"},"canonical":"https:\/\/beautyequipment.shop\/toode\/leib-tisanoreica\/","og_locale":"lv_LV","og_type":"article","og_title":"Leib TISANOREICA - Beauty Equipment","og_description":"Teravilja t\u00fc\u00fcpi leivad, mis sisaldavad palju kiudaineid ja v\u00e4he suhkrut.  1 karbis on 5 viilu x 50 g, kogukaal 250 gr.  &nbsp;","og_url":"https:\/\/beautyequipment.shop\/toode\/leib-tisanoreica\/","og_site_name":"Beauty Equipment","article_publisher":"https:\/\/facebook.com\/beautyequipment.ou","article_modified_time":"2024-04-23T06:23:12+00:00","og_image":[{"width":1100,"height":1100,"url":"https:\/\/beautyequipment.shop\/wp-content\/uploads\/2024\/04\/nuovo-pane-forno-2.jpg","type":"image\/jpeg"}],"twitter_card":"summary_large_image","twitter_misc":{"Est. reading time":"1 minute"},"schema":{"@context":"https:\/\/schema.org","@graph":[{"@type":"WebPage","@id":"https:\/\/beautyequipment.shop\/toode\/leib-tisanoreica\/","url":"https:\/\/beautyequipment.shop\/toode\/leib-tisanoreica\/","name":"Leib TISANOREICA - Beauty Equipment","isPartOf":{"@id":"https:\/\/beautyequipment.shop\/#website"},"primaryImageOfPage":{"@id":"https:\/\/beautyequipment.shop\/toode\/leib-tisanoreica\/#primaryimage"},"image":{"@id":"https:\/\/beautyequipment.shop\/toode\/leib-tisanoreica\/#primaryimage"},"thumbnailUrl":"https:\/\/beautyequipment.shop\/wp-content\/uploads\/2024\/04\/nuovo-pane-forno-2.jpg","datePublished":"2024-04-17T11:05:03+00:00","dateModified":"2024-04-23T06:23:12+00:00","breadcrumb":{"@id":"https:\/\/beautyequipment.shop\/toode\/leib-tisanoreica\/#breadcrumb"},"inLanguage":"lv-LV","potentialAction":[{"@type":"ReadAction","target":["https:\/\/beautyequipment.shop\/toode\/leib-tisanoreica\/"]}]},{"@type":"ImageObject","inLanguage":"lv-LV","@id":"https:\/\/beautyequipment.shop\/toode\/leib-tisanoreica\/#primaryimage","url":"https:\/\/beautyequipment.shop\/wp-content\/uploads\/2024\/04\/nuovo-pane-forno-2.jpg","contentUrl":"https:\/\/beautyequipment.shop\/wp-content\/uploads\/2024\/04\/nuovo-pane-forno-2.jpg","width":1100,"height":1100},{"@type":"BreadcrumbList","@id":"https:\/\/beautyequipment.shop\/toode\/leib-tisanoreica\/#breadcrumb","itemListElement":[{"@type":"ListItem","position":1,"name":"Home","item":"https:\/\/beautyequipment.shop\/lv\/sakumlapa\/"},{"@type":"ListItem","position":2,"name":"Veikals veikal\u0101","item":"https:\/\/beautyequipment.shop\/lv\/shop\/"},{"@type":"ListItem","position":3,"name":"Leib TISANOREICA"}]},{"@type":"WebSite","@id":"https:\/\/beautyequipment.shop\/#website","url":"https:\/\/beautyequipment.shop\/","name":"Beauty Equipment","description":"Toidulisandid ilu ja tervise heaks","publisher":{"@id":"https:\/\/beautyequipment.shop\/#organization"},"potentialAction":[{"@type":"SearchAction","target":{"@type":"EntryPoint","urlTemplate":"https:\/\/beautyequipment.shop\/?s={search_term_string}"},"query-input":{"@type":"PropertyValueSpecification","valueRequired":true,"valueName":"search_term_string"}}],"inLanguage":"lv-LV"},{"@type":"Organization","@id":"https:\/\/beautyequipment.shop\/#organization","name":"Beauty Equipment","url":"https:\/\/beautyequipment.shop\/","logo":{"@type":"ImageObject","inLanguage":"lv-LV","@id":"https:\/\/beautyequipment.shop\/#\/schema\/logo\/image\/","url":"https:\/\/beautyequipment.shop\/wp-content\/uploads\/2024\/09\/Beauty-Equipment-logo-300x109-1.webp","contentUrl":"https:\/\/beautyequipment.shop\/wp-content\/uploads\/2024\/09\/Beauty-Equipment-logo-300x109-1.webp","width":300,"height":109,"caption":"Beauty Equipment"},"image":{"@id":"https:\/\/beautyequipment.shop\/#\/schema\/logo\/image\/"},"sameAs":["https:\/\/facebook.com\/beautyequipment.ou","https:\/\/instagram.com\/tisanoreica.nord"]}]}},"_links":{"self":[{"href":"https:\/\/beautyequipment.shop\/lv\/wp-json\/wp\/v2\/product\/1977","targetHints":{"allow":["GET"]}}],"collection":[{"href":"https:\/\/beautyequipment.shop\/lv\/wp-json\/wp\/v2\/product"}],"about":[{"href":"https:\/\/beautyequipment.shop\/lv\/wp-json\/wp\/v2\/types\/product"}],"wp:featuredmedia":[{"embeddable":true,"href":"https:\/\/beautyequipment.shop\/lv\/wp-json\/wp\/v2\/media\/1996"}],"wp:attachment":[{"href":"https:\/\/beautyequipment.shop\/lv\/wp-json\/wp\/v2\/media?parent=1977"}],"wp:term":[{"taxonomy":"product_brand","embeddable":true,"href":"https:\/\/beautyequipment.shop\/lv\/wp-json\/wp\/v2\/product_brand?post=1977"},{"taxonomy":"product_cat","embeddable":true,"href":"https:\/\/beautyequipment.shop\/lv\/wp-json\/wp\/v2\/product_cat?post=1977"},{"taxonomy":"product_tag","embeddable":true,"href":"https:\/\/beautyequipment.shop\/lv\/wp-json\/wp\/v2\/product_tag?post=1977"}],"curies":[{"name":"wp","href":"https:\/\/api.w.org\/{rel}","templated":true}]}}