{"id":1961,"date":"2024-04-17T13:04:50","date_gmt":"2024-04-17T10:04:50","guid":{"rendered":"https:\/\/beautyequipment.shop\/?post_type=product&#038;p=1961"},"modified":"2024-04-17T13:07:05","modified_gmt":"2024-04-17T10:07:05","slug":"hea-une-jaoks-gianluca-mech-buon-sonno","status":"publish","type":"product","link":"https:\/\/beautyequipment.shop\/lv\/toode\/hea-une-jaoks-gianluca-mech-buon-sonno\/","title":{"rendered":"Hea une jaoks Gianluca Mech BUON SONNO"},"content":{"rendered":"<p>KASUTAMINE: 1 pudel (10 ml) p\u00e4evas vahetult enne magamaminekut.<\/p>\n<p>Enne kasutamist loksutada.<\/p>\n<p>&nbsp;<\/p>\n<ul>\n<li>ESCZOLZIA, HUMAL, MON, KANNALILL: l\u00f5\u00f5gastava toimega ravimtaimed, kasulikud une parandamiseks.<\/li>\n<li>L-TR\u00dcPTOFAAN: asendamatu aminohappe serotoniini eelk\u00e4ija, neurotransmitter, mida tuntakse hea enesetunde hormoonina.<\/li>\n<li>MELATONIIN: selle peamine roll meie kehas on reguleerida une\/\u00e4rkveloleku ts\u00fcklit. See aitab v\u00e4hendada uinumiseks kuluvat aega.<\/li>\n<\/ul>\n<p>&nbsp;<\/p>\n<p>KESKMINE SISU 1 10 ML PUDELI SOOVITUSLIKU ANNUSE KOHTA.<\/p>\n<p>Taimede vesiekstraktide kompleks &#8211; 200 mg:<\/p>\n<p>millest escolzia e.a. &#8211; 25 mg<\/p>\n<p>millest humal e.a. &#8211; 25 mg<\/p>\n<p>millest punane moon sh. &#8211; 25 mg<\/p>\n<p>millest passiivne on n\u00fc\u00fcd e.a. &#8211; 25 mg<\/p>\n<p>L-tr\u00fcptofaan &#8211; 100 mg<\/p>\n<p>Melatoniin &#8211; 1 mg<\/p>\n<p>&nbsp;<\/p>\n<p>Gluteenivaba<\/p>\n<p>Laktoosivaba<\/p>\n<p>&nbsp;<\/p>\n<p>KOOSTISOSAD. vesi, fruktoos, gl\u00fckoos, taimsete vesiekstraktide kompleks D\/E suhtega 1:2: scolitia (Eschscholzia Californica Cham.), humalak\u00e4bid (Humulus lupulus L.), punased mooni\u00f5ied (Papaver rhoeas) L.). , kannatuslill (Passiflora incarnata L.) \u00f5itega \u00f5huosa; L-tr\u00fcptofaan, paksendaja: naatriumkarboks\u00fcmet\u00fc\u00fcltselluloos; hapestaja: sidrunhape; s\u00e4ilitusaine: kaaliumsorbaat; l\u00f5hna- ja maitseained, melatoniinikompleks (alfa-ts\u00fcklodekstriin, melatoniin 12,75%, gl\u00fctsiin), magusaine: sukraloos.<\/p>\n","protected":false},"excerpt":{"rendered":"<p>Ravimtaimede, melatoniini ja tr\u00fcptofaani vesiekstraktidel p\u00f5hinev toidulisand pudelites. Soodustab l\u00f5\u00f5gastumist ja vaimset heaolu ning on kasulik ka kergemat und vajavate inimeste unefaasi leevendamisel.<\/p>\n<p>Lisand sobib ka \u00f6iste \u00e4rkamiste v\u00f5i rahutu une korral.<\/p>\n<p>&nbsp;<\/p>\n<p>Pakend: 10 pudelit x 10 ml<\/p>\n","protected":false},"featured_media":1966,"template":"","meta":[],"product_brand":[],"product_cat":[34],"product_tag":[],"class_list":{"0":"post-1961","1":"product","2":"type-product","3":"status-publish","4":"has-post-thumbnail","6":"product_cat-hugieen-ja-tervis","8":"first","9":"instock","10":"taxable","11":"shipping-taxable","12":"purchasable","13":"product-type-simple"},"yoast_head":"<!-- This site is optimized with the Yoast SEO plugin v27.0 - https:\/\/yoast.com\/product\/yoast-seo-wordpress\/ -->\n<title>Hea une jaoks Gianluca Mech BUON SONNO - Beauty Equipment<\/title>\n<meta name=\"robots\" content=\"index, follow, max-snippet:-1, max-image-preview:large, max-video-preview:-1\" \/>\n<link rel=\"canonical\" href=\"https:\/\/beautyequipment.shop\/toode\/hea-une-jaoks-gianluca-mech-buon-sonno\/\" \/>\n<meta property=\"og:locale\" content=\"lv_LV\" \/>\n<meta property=\"og:type\" content=\"article\" \/>\n<meta property=\"og:title\" content=\"Hea une jaoks Gianluca Mech BUON SONNO - Beauty Equipment\" \/>\n<meta property=\"og:description\" content=\"Ravimtaimede, melatoniini ja tr\u00fcptofaani vesiekstraktidel p\u00f5hinev toidulisand pudelites. Soodustab l\u00f5\u00f5gastumist ja vaimset heaolu ning on kasulik ka kergemat und vajavate inimeste unefaasi leevendamisel.  Lisand sobib ka \u00f6iste \u00e4rkamiste v\u00f5i rahutu une korral.  &nbsp;  Pakend: 10 pudelit x 10 ml\" \/>\n<meta property=\"og:url\" content=\"https:\/\/beautyequipment.shop\/toode\/hea-une-jaoks-gianluca-mech-buon-sonno\/\" \/>\n<meta property=\"og:site_name\" content=\"Beauty Equipment\" \/>\n<meta property=\"article:publisher\" content=\"https:\/\/facebook.com\/beautyequipment.ou\" \/>\n<meta property=\"article:modified_time\" content=\"2024-04-17T10:07:05+00:00\" \/>\n<meta property=\"og:image\" content=\"https:\/\/beautyequipment.shop\/wp-content\/uploads\/2024\/04\/gianlucamech_buon-sonno-1.jpeg\" \/>\n\t<meta property=\"og:image:width\" content=\"1300\" \/>\n\t<meta property=\"og:image:height\" content=\"1000\" \/>\n\t<meta property=\"og:image:type\" content=\"image\/jpeg\" \/>\n<meta name=\"twitter:card\" content=\"summary_large_image\" \/>\n<meta name=\"twitter:label1\" content=\"Est. reading time\" \/>\n\t<meta name=\"twitter:data1\" content=\"1 minute\" \/>\n<script type=\"application\/ld+json\" class=\"yoast-schema-graph\">{\"@context\":\"https:\/\/schema.org\",\"@graph\":[{\"@type\":\"WebPage\",\"@id\":\"https:\/\/beautyequipment.shop\/toode\/hea-une-jaoks-gianluca-mech-buon-sonno\/\",\"url\":\"https:\/\/beautyequipment.shop\/toode\/hea-une-jaoks-gianluca-mech-buon-sonno\/\",\"name\":\"Hea une jaoks Gianluca Mech BUON SONNO - Beauty Equipment\",\"isPartOf\":{\"@id\":\"https:\/\/beautyequipment.shop\/#website\"},\"primaryImageOfPage\":{\"@id\":\"https:\/\/beautyequipment.shop\/toode\/hea-une-jaoks-gianluca-mech-buon-sonno\/#primaryimage\"},\"image\":{\"@id\":\"https:\/\/beautyequipment.shop\/toode\/hea-une-jaoks-gianluca-mech-buon-sonno\/#primaryimage\"},\"thumbnailUrl\":\"https:\/\/beautyequipment.shop\/wp-content\/uploads\/2024\/04\/gianlucamech_buon-sonno-1.jpeg\",\"datePublished\":\"2024-04-17T10:04:50+00:00\",\"dateModified\":\"2024-04-17T10:07:05+00:00\",\"breadcrumb\":{\"@id\":\"https:\/\/beautyequipment.shop\/toode\/hea-une-jaoks-gianluca-mech-buon-sonno\/#breadcrumb\"},\"inLanguage\":\"lv-LV\",\"potentialAction\":[{\"@type\":\"ReadAction\",\"target\":[\"https:\/\/beautyequipment.shop\/toode\/hea-une-jaoks-gianluca-mech-buon-sonno\/\"]}]},{\"@type\":\"ImageObject\",\"inLanguage\":\"lv-LV\",\"@id\":\"https:\/\/beautyequipment.shop\/toode\/hea-une-jaoks-gianluca-mech-buon-sonno\/#primaryimage\",\"url\":\"https:\/\/beautyequipment.shop\/wp-content\/uploads\/2024\/04\/gianlucamech_buon-sonno-1.jpeg\",\"contentUrl\":\"https:\/\/beautyequipment.shop\/wp-content\/uploads\/2024\/04\/gianlucamech_buon-sonno-1.jpeg\",\"width\":1300,\"height\":1000},{\"@type\":\"BreadcrumbList\",\"@id\":\"https:\/\/beautyequipment.shop\/toode\/hea-une-jaoks-gianluca-mech-buon-sonno\/#breadcrumb\",\"itemListElement\":[{\"@type\":\"ListItem\",\"position\":1,\"name\":\"Home\",\"item\":\"https:\/\/beautyequipment.shop\/lv\/sakumlapa\/\"},{\"@type\":\"ListItem\",\"position\":2,\"name\":\"Veikals veikal\u0101\",\"item\":\"https:\/\/beautyequipment.shop\/lv\/shop\/\"},{\"@type\":\"ListItem\",\"position\":3,\"name\":\"Hea une jaoks Gianluca Mech BUON SONNO\"}]},{\"@type\":\"WebSite\",\"@id\":\"https:\/\/beautyequipment.shop\/#website\",\"url\":\"https:\/\/beautyequipment.shop\/\",\"name\":\"Beauty Equipment\",\"description\":\"Toidulisandid ilu ja tervise heaks\",\"publisher\":{\"@id\":\"https:\/\/beautyequipment.shop\/#organization\"},\"potentialAction\":[{\"@type\":\"SearchAction\",\"target\":{\"@type\":\"EntryPoint\",\"urlTemplate\":\"https:\/\/beautyequipment.shop\/?s={search_term_string}\"},\"query-input\":{\"@type\":\"PropertyValueSpecification\",\"valueRequired\":true,\"valueName\":\"search_term_string\"}}],\"inLanguage\":\"lv-LV\"},{\"@type\":\"Organization\",\"@id\":\"https:\/\/beautyequipment.shop\/#organization\",\"name\":\"Beauty Equipment\",\"url\":\"https:\/\/beautyequipment.shop\/\",\"logo\":{\"@type\":\"ImageObject\",\"inLanguage\":\"lv-LV\",\"@id\":\"https:\/\/beautyequipment.shop\/#\/schema\/logo\/image\/\",\"url\":\"https:\/\/beautyequipment.shop\/wp-content\/uploads\/2024\/09\/Beauty-Equipment-logo-300x109-1.webp\",\"contentUrl\":\"https:\/\/beautyequipment.shop\/wp-content\/uploads\/2024\/09\/Beauty-Equipment-logo-300x109-1.webp\",\"width\":300,\"height\":109,\"caption\":\"Beauty Equipment\"},\"image\":{\"@id\":\"https:\/\/beautyequipment.shop\/#\/schema\/logo\/image\/\"},\"sameAs\":[\"https:\/\/facebook.com\/beautyequipment.ou\",\"https:\/\/instagram.com\/tisanoreica.nord\"]}]}<\/script>\n<!-- \/ Yoast SEO plugin. -->","yoast_head_json":{"title":"Hea une jaoks Gianluca Mech BUON SONNO - Beauty Equipment","robots":{"index":"index","follow":"follow","max-snippet":"max-snippet:-1","max-image-preview":"max-image-preview:large","max-video-preview":"max-video-preview:-1"},"canonical":"https:\/\/beautyequipment.shop\/toode\/hea-une-jaoks-gianluca-mech-buon-sonno\/","og_locale":"lv_LV","og_type":"article","og_title":"Hea une jaoks Gianluca Mech BUON SONNO - Beauty Equipment","og_description":"Ravimtaimede, melatoniini ja tr\u00fcptofaani vesiekstraktidel p\u00f5hinev toidulisand pudelites. Soodustab l\u00f5\u00f5gastumist ja vaimset heaolu ning on kasulik ka kergemat und vajavate inimeste unefaasi leevendamisel.  Lisand sobib ka \u00f6iste \u00e4rkamiste v\u00f5i rahutu une korral.  &nbsp;  Pakend: 10 pudelit x 10 ml","og_url":"https:\/\/beautyequipment.shop\/toode\/hea-une-jaoks-gianluca-mech-buon-sonno\/","og_site_name":"Beauty Equipment","article_publisher":"https:\/\/facebook.com\/beautyequipment.ou","article_modified_time":"2024-04-17T10:07:05+00:00","og_image":[{"width":1300,"height":1000,"url":"https:\/\/beautyequipment.shop\/wp-content\/uploads\/2024\/04\/gianlucamech_buon-sonno-1.jpeg","type":"image\/jpeg"}],"twitter_card":"summary_large_image","twitter_misc":{"Est. reading time":"1 minute"},"schema":{"@context":"https:\/\/schema.org","@graph":[{"@type":"WebPage","@id":"https:\/\/beautyequipment.shop\/toode\/hea-une-jaoks-gianluca-mech-buon-sonno\/","url":"https:\/\/beautyequipment.shop\/toode\/hea-une-jaoks-gianluca-mech-buon-sonno\/","name":"Hea une jaoks Gianluca Mech BUON SONNO - Beauty Equipment","isPartOf":{"@id":"https:\/\/beautyequipment.shop\/#website"},"primaryImageOfPage":{"@id":"https:\/\/beautyequipment.shop\/toode\/hea-une-jaoks-gianluca-mech-buon-sonno\/#primaryimage"},"image":{"@id":"https:\/\/beautyequipment.shop\/toode\/hea-une-jaoks-gianluca-mech-buon-sonno\/#primaryimage"},"thumbnailUrl":"https:\/\/beautyequipment.shop\/wp-content\/uploads\/2024\/04\/gianlucamech_buon-sonno-1.jpeg","datePublished":"2024-04-17T10:04:50+00:00","dateModified":"2024-04-17T10:07:05+00:00","breadcrumb":{"@id":"https:\/\/beautyequipment.shop\/toode\/hea-une-jaoks-gianluca-mech-buon-sonno\/#breadcrumb"},"inLanguage":"lv-LV","potentialAction":[{"@type":"ReadAction","target":["https:\/\/beautyequipment.shop\/toode\/hea-une-jaoks-gianluca-mech-buon-sonno\/"]}]},{"@type":"ImageObject","inLanguage":"lv-LV","@id":"https:\/\/beautyequipment.shop\/toode\/hea-une-jaoks-gianluca-mech-buon-sonno\/#primaryimage","url":"https:\/\/beautyequipment.shop\/wp-content\/uploads\/2024\/04\/gianlucamech_buon-sonno-1.jpeg","contentUrl":"https:\/\/beautyequipment.shop\/wp-content\/uploads\/2024\/04\/gianlucamech_buon-sonno-1.jpeg","width":1300,"height":1000},{"@type":"BreadcrumbList","@id":"https:\/\/beautyequipment.shop\/toode\/hea-une-jaoks-gianluca-mech-buon-sonno\/#breadcrumb","itemListElement":[{"@type":"ListItem","position":1,"name":"Home","item":"https:\/\/beautyequipment.shop\/lv\/sakumlapa\/"},{"@type":"ListItem","position":2,"name":"Veikals veikal\u0101","item":"https:\/\/beautyequipment.shop\/lv\/shop\/"},{"@type":"ListItem","position":3,"name":"Hea une jaoks Gianluca Mech BUON SONNO"}]},{"@type":"WebSite","@id":"https:\/\/beautyequipment.shop\/#website","url":"https:\/\/beautyequipment.shop\/","name":"Beauty Equipment","description":"Toidulisandid ilu ja tervise heaks","publisher":{"@id":"https:\/\/beautyequipment.shop\/#organization"},"potentialAction":[{"@type":"SearchAction","target":{"@type":"EntryPoint","urlTemplate":"https:\/\/beautyequipment.shop\/?s={search_term_string}"},"query-input":{"@type":"PropertyValueSpecification","valueRequired":true,"valueName":"search_term_string"}}],"inLanguage":"lv-LV"},{"@type":"Organization","@id":"https:\/\/beautyequipment.shop\/#organization","name":"Beauty Equipment","url":"https:\/\/beautyequipment.shop\/","logo":{"@type":"ImageObject","inLanguage":"lv-LV","@id":"https:\/\/beautyequipment.shop\/#\/schema\/logo\/image\/","url":"https:\/\/beautyequipment.shop\/wp-content\/uploads\/2024\/09\/Beauty-Equipment-logo-300x109-1.webp","contentUrl":"https:\/\/beautyequipment.shop\/wp-content\/uploads\/2024\/09\/Beauty-Equipment-logo-300x109-1.webp","width":300,"height":109,"caption":"Beauty Equipment"},"image":{"@id":"https:\/\/beautyequipment.shop\/#\/schema\/logo\/image\/"},"sameAs":["https:\/\/facebook.com\/beautyequipment.ou","https:\/\/instagram.com\/tisanoreica.nord"]}]}},"_links":{"self":[{"href":"https:\/\/beautyequipment.shop\/lv\/wp-json\/wp\/v2\/product\/1961","targetHints":{"allow":["GET"]}}],"collection":[{"href":"https:\/\/beautyequipment.shop\/lv\/wp-json\/wp\/v2\/product"}],"about":[{"href":"https:\/\/beautyequipment.shop\/lv\/wp-json\/wp\/v2\/types\/product"}],"wp:featuredmedia":[{"embeddable":true,"href":"https:\/\/beautyequipment.shop\/lv\/wp-json\/wp\/v2\/media\/1966"}],"wp:attachment":[{"href":"https:\/\/beautyequipment.shop\/lv\/wp-json\/wp\/v2\/media?parent=1961"}],"wp:term":[{"taxonomy":"product_brand","embeddable":true,"href":"https:\/\/beautyequipment.shop\/lv\/wp-json\/wp\/v2\/product_brand?post=1961"},{"taxonomy":"product_cat","embeddable":true,"href":"https:\/\/beautyequipment.shop\/lv\/wp-json\/wp\/v2\/product_cat?post=1961"},{"taxonomy":"product_tag","embeddable":true,"href":"https:\/\/beautyequipment.shop\/lv\/wp-json\/wp\/v2\/product_tag?post=1961"}],"curies":[{"name":"wp","href":"https:\/\/api.w.org\/{rel}","templated":true}]}}