{"id":1921,"date":"2024-04-10T13:38:40","date_gmt":"2024-04-10T10:38:40","guid":{"rendered":"https:\/\/beautyequipment.shop\/?post_type=product&#038;p=1921"},"modified":"2024-07-31T17:01:13","modified_gmt":"2024-07-31T14:01:13","slug":"dolce-respiro","status":"publish","type":"product","link":"https:\/\/beautyequipment.shop\/lv\/toode\/dolce-respiro\/","title":{"rendered":"\u00d5rn hingamine DOLCE RESPIRO"},"content":{"rendered":"<p>N\u00d5UANDED KASUTAMISEKS. Soovitatav on v\u00f5tta 30 kuni 60 ml (1 v\u00f5i 2 kotikest) p\u00e4evas, kontsentreerituna v\u00f5i lahjendatuna pooles klaasis vees.<\/p>\n<p>&nbsp;<\/p>\n<p>Hoiatused: Toote kasutamine raseduse ja imetamise ajal ei ole soovitatav.<\/p>\n<p>&nbsp;<\/p>\n<ul>\n<li>ERISIMO: lauljarohi, kasulik tuhmi h\u00e4\u00e4le vastu.<\/li>\n<li>T\u00dc\u00dcMIAAN: antibakteriaalne toime.<\/li>\n<li>IISOP, M\u00c4ND, EUKAL\u00dcPT: r\u00f6ga lahustamine palsamiefekti t\u00f5ttu.<\/li>\n<\/ul>\n<p>&nbsp;<\/p>\n<p>ALKOHOLIVABA<\/p>\n<p>EI OLE S\u00c4ILITUSAINEID<\/p>\n<p>GLUTEENIVABA<\/p>\n<p>ILMA SUHKRUTA<\/p>\n<p>VEGAN OK<\/p>\n<p>&nbsp;<\/p>\n<p>KESKMISED V\u00c4\u00c4RTUSED 60 ML KOHTA P\u00c4EVAS:<\/p>\n<p>Pino I.A. 6,0 g<\/p>\n<p>Erisimo I.A. 5,0 g<\/p>\n<p>Iisop e.a. 4,8 g<\/p>\n<p>Poligala I.A. 4,8 g<\/p>\n<p>Harilik t\u00fc\u00fcmian n\u00e4iteks. 4,0 g<\/p>\n<p>Metsik t\u00fc\u00fcmian jne 4,0 g<\/p>\n<p>Mallow e.a. 3,8 g<\/p>\n<p>Echinacea k.a. 2,4 g<\/p>\n<p>Eukal\u00fcpt k.a. 2,4 g<\/p>\n<p>Melissa I.A. 2,4 g<\/p>\n<p>Lagritsa n\u00e4iteks. 2,4 g<\/p>\n<p>&nbsp;<\/p>\n<p>KOOSTISOSAD. Kibedate \u00fcrtide vesiekstrakt 70%: m\u00e4nnipupp (Pinus sylvestris L.), ladvamahl (Sisymbrium officinale (L) Scop.) \u00f5itega, iisopi ladva (Hyssopus officinalis L.), hariliku m\u00e4nnijuur (Polygala vulgaris L.), harilik t\u00fc\u00fcmianileht (Thymus vulgaris L.), metsik t\u00fc\u00fcmianileht (Thymus serpyllum L.), malvaleht (Malva sylvestris L.), ehhiaatsiajuur (Echinacea pallida (Nutt.) Nutt.), eukal\u00fcptileht (Eucalyptus globulus Labill.), lehtmeliss (Melissa officinalis L.), lagritsajuur (Glycyrhiza glabra L.). Vesi, l\u00f5hna- ja maitseained, v\u00e4rv (tavaline karamell), magusaine: stevia gl\u00fckosiidid.<\/p>\n<p>&nbsp;<\/p>\n","protected":false},"excerpt":{"rendered":"<p>Toidulisand, millel on kasulik toime \u00fclemistele hingamisteedele.<\/p>\n<p>M\u00f5eldud pakkuma leevendust ja mugavust hingamisraskuste korral.<\/p>\n<p>Pakend: 8 kotikest x 30 ml<\/p>\n","protected":false},"featured_media":1922,"template":"","meta":[],"product_brand":[],"product_cat":[37,34],"product_tag":[],"class_list":{"0":"post-1921","1":"product","2":"type-product","3":"status-publish","4":"has-post-thumbnail","6":"product_cat-lisandid","7":"product_cat-hugieen-ja-tervis","9":"first","10":"instock","11":"taxable","12":"shipping-taxable","13":"purchasable","14":"product-type-simple"},"yoast_head":"<!-- This site is optimized with the Yoast SEO plugin v27.0 - https:\/\/yoast.com\/product\/yoast-seo-wordpress\/ -->\n<title>\u00d5rn hingamine DOLCE RESPIRO - Beauty Equipment<\/title>\n<meta name=\"robots\" content=\"index, follow, max-snippet:-1, max-image-preview:large, max-video-preview:-1\" \/>\n<link rel=\"canonical\" href=\"https:\/\/beautyequipment.shop\/toode\/dolce-respiro\/\" \/>\n<meta property=\"og:locale\" content=\"lv_LV\" \/>\n<meta property=\"og:type\" content=\"article\" \/>\n<meta property=\"og:title\" content=\"\u00d5rn hingamine DOLCE RESPIRO - Beauty Equipment\" \/>\n<meta property=\"og:description\" content=\"Toidulisand, millel on kasulik toime \u00fclemistele hingamisteedele.  M\u00f5eldud pakkuma leevendust ja mugavust hingamisraskuste korral.  Pakend: 8 kotikest x 30 ml\" \/>\n<meta property=\"og:url\" content=\"https:\/\/beautyequipment.shop\/toode\/dolce-respiro\/\" \/>\n<meta property=\"og:site_name\" content=\"Beauty Equipment\" \/>\n<meta property=\"article:publisher\" content=\"https:\/\/facebook.com\/beautyequipment.ou\" \/>\n<meta property=\"article:modified_time\" content=\"2024-07-31T14:01:13+00:00\" \/>\n<meta property=\"og:image\" content=\"https:\/\/beautyequipment.shop\/wp-content\/uploads\/2024\/04\/8_30-ml.jpg\" \/>\n\t<meta property=\"og:image:width\" content=\"600\" \/>\n\t<meta property=\"og:image:height\" content=\"600\" \/>\n\t<meta property=\"og:image:type\" content=\"image\/jpeg\" \/>\n<meta name=\"twitter:card\" content=\"summary_large_image\" \/>\n<meta name=\"twitter:label1\" content=\"Est. reading time\" \/>\n\t<meta name=\"twitter:data1\" content=\"1 minute\" \/>\n<script type=\"application\/ld+json\" class=\"yoast-schema-graph\">{\"@context\":\"https:\/\/schema.org\",\"@graph\":[{\"@type\":\"WebPage\",\"@id\":\"https:\/\/beautyequipment.shop\/toode\/dolce-respiro\/\",\"url\":\"https:\/\/beautyequipment.shop\/toode\/dolce-respiro\/\",\"name\":\"\u00d5rn hingamine DOLCE RESPIRO - Beauty Equipment\",\"isPartOf\":{\"@id\":\"https:\/\/beautyequipment.shop\/#website\"},\"primaryImageOfPage\":{\"@id\":\"https:\/\/beautyequipment.shop\/toode\/dolce-respiro\/#primaryimage\"},\"image\":{\"@id\":\"https:\/\/beautyequipment.shop\/toode\/dolce-respiro\/#primaryimage\"},\"thumbnailUrl\":\"https:\/\/beautyequipment.shop\/wp-content\/uploads\/2024\/04\/8_30-ml.jpg\",\"datePublished\":\"2024-04-10T10:38:40+00:00\",\"dateModified\":\"2024-07-31T14:01:13+00:00\",\"breadcrumb\":{\"@id\":\"https:\/\/beautyequipment.shop\/toode\/dolce-respiro\/#breadcrumb\"},\"inLanguage\":\"lv-LV\",\"potentialAction\":[{\"@type\":\"ReadAction\",\"target\":[\"https:\/\/beautyequipment.shop\/toode\/dolce-respiro\/\"]}]},{\"@type\":\"ImageObject\",\"inLanguage\":\"lv-LV\",\"@id\":\"https:\/\/beautyequipment.shop\/toode\/dolce-respiro\/#primaryimage\",\"url\":\"https:\/\/beautyequipment.shop\/wp-content\/uploads\/2024\/04\/8_30-ml.jpg\",\"contentUrl\":\"https:\/\/beautyequipment.shop\/wp-content\/uploads\/2024\/04\/8_30-ml.jpg\",\"width\":600,\"height\":600},{\"@type\":\"BreadcrumbList\",\"@id\":\"https:\/\/beautyequipment.shop\/toode\/dolce-respiro\/#breadcrumb\",\"itemListElement\":[{\"@type\":\"ListItem\",\"position\":1,\"name\":\"Home\",\"item\":\"https:\/\/beautyequipment.shop\/lv\/sakumlapa\/\"},{\"@type\":\"ListItem\",\"position\":2,\"name\":\"Veikals veikal\u0101\",\"item\":\"https:\/\/beautyequipment.shop\/lv\/shop\/\"},{\"@type\":\"ListItem\",\"position\":3,\"name\":\"\u00d5rn hingamine DOLCE RESPIRO\"}]},{\"@type\":\"WebSite\",\"@id\":\"https:\/\/beautyequipment.shop\/#website\",\"url\":\"https:\/\/beautyequipment.shop\/\",\"name\":\"Beauty Equipment\",\"description\":\"Toidulisandid ilu ja tervise heaks\",\"publisher\":{\"@id\":\"https:\/\/beautyequipment.shop\/#organization\"},\"potentialAction\":[{\"@type\":\"SearchAction\",\"target\":{\"@type\":\"EntryPoint\",\"urlTemplate\":\"https:\/\/beautyequipment.shop\/?s={search_term_string}\"},\"query-input\":{\"@type\":\"PropertyValueSpecification\",\"valueRequired\":true,\"valueName\":\"search_term_string\"}}],\"inLanguage\":\"lv-LV\"},{\"@type\":\"Organization\",\"@id\":\"https:\/\/beautyequipment.shop\/#organization\",\"name\":\"Beauty Equipment\",\"url\":\"https:\/\/beautyequipment.shop\/\",\"logo\":{\"@type\":\"ImageObject\",\"inLanguage\":\"lv-LV\",\"@id\":\"https:\/\/beautyequipment.shop\/#\/schema\/logo\/image\/\",\"url\":\"https:\/\/beautyequipment.shop\/wp-content\/uploads\/2024\/09\/Beauty-Equipment-logo-300x109-1.webp\",\"contentUrl\":\"https:\/\/beautyequipment.shop\/wp-content\/uploads\/2024\/09\/Beauty-Equipment-logo-300x109-1.webp\",\"width\":300,\"height\":109,\"caption\":\"Beauty Equipment\"},\"image\":{\"@id\":\"https:\/\/beautyequipment.shop\/#\/schema\/logo\/image\/\"},\"sameAs\":[\"https:\/\/facebook.com\/beautyequipment.ou\",\"https:\/\/instagram.com\/tisanoreica.nord\"]}]}<\/script>\n<!-- \/ Yoast SEO plugin. -->","yoast_head_json":{"title":"\u00d5rn hingamine DOLCE RESPIRO - Beauty Equipment","robots":{"index":"index","follow":"follow","max-snippet":"max-snippet:-1","max-image-preview":"max-image-preview:large","max-video-preview":"max-video-preview:-1"},"canonical":"https:\/\/beautyequipment.shop\/toode\/dolce-respiro\/","og_locale":"lv_LV","og_type":"article","og_title":"\u00d5rn hingamine DOLCE RESPIRO - Beauty Equipment","og_description":"Toidulisand, millel on kasulik toime \u00fclemistele hingamisteedele.  M\u00f5eldud pakkuma leevendust ja mugavust hingamisraskuste korral.  Pakend: 8 kotikest x 30 ml","og_url":"https:\/\/beautyequipment.shop\/toode\/dolce-respiro\/","og_site_name":"Beauty Equipment","article_publisher":"https:\/\/facebook.com\/beautyequipment.ou","article_modified_time":"2024-07-31T14:01:13+00:00","og_image":[{"width":600,"height":600,"url":"https:\/\/beautyequipment.shop\/wp-content\/uploads\/2024\/04\/8_30-ml.jpg","type":"image\/jpeg"}],"twitter_card":"summary_large_image","twitter_misc":{"Est. reading time":"1 minute"},"schema":{"@context":"https:\/\/schema.org","@graph":[{"@type":"WebPage","@id":"https:\/\/beautyequipment.shop\/toode\/dolce-respiro\/","url":"https:\/\/beautyequipment.shop\/toode\/dolce-respiro\/","name":"\u00d5rn hingamine DOLCE RESPIRO - Beauty Equipment","isPartOf":{"@id":"https:\/\/beautyequipment.shop\/#website"},"primaryImageOfPage":{"@id":"https:\/\/beautyequipment.shop\/toode\/dolce-respiro\/#primaryimage"},"image":{"@id":"https:\/\/beautyequipment.shop\/toode\/dolce-respiro\/#primaryimage"},"thumbnailUrl":"https:\/\/beautyequipment.shop\/wp-content\/uploads\/2024\/04\/8_30-ml.jpg","datePublished":"2024-04-10T10:38:40+00:00","dateModified":"2024-07-31T14:01:13+00:00","breadcrumb":{"@id":"https:\/\/beautyequipment.shop\/toode\/dolce-respiro\/#breadcrumb"},"inLanguage":"lv-LV","potentialAction":[{"@type":"ReadAction","target":["https:\/\/beautyequipment.shop\/toode\/dolce-respiro\/"]}]},{"@type":"ImageObject","inLanguage":"lv-LV","@id":"https:\/\/beautyequipment.shop\/toode\/dolce-respiro\/#primaryimage","url":"https:\/\/beautyequipment.shop\/wp-content\/uploads\/2024\/04\/8_30-ml.jpg","contentUrl":"https:\/\/beautyequipment.shop\/wp-content\/uploads\/2024\/04\/8_30-ml.jpg","width":600,"height":600},{"@type":"BreadcrumbList","@id":"https:\/\/beautyequipment.shop\/toode\/dolce-respiro\/#breadcrumb","itemListElement":[{"@type":"ListItem","position":1,"name":"Home","item":"https:\/\/beautyequipment.shop\/lv\/sakumlapa\/"},{"@type":"ListItem","position":2,"name":"Veikals veikal\u0101","item":"https:\/\/beautyequipment.shop\/lv\/shop\/"},{"@type":"ListItem","position":3,"name":"\u00d5rn hingamine DOLCE RESPIRO"}]},{"@type":"WebSite","@id":"https:\/\/beautyequipment.shop\/#website","url":"https:\/\/beautyequipment.shop\/","name":"Beauty Equipment","description":"Toidulisandid ilu ja tervise heaks","publisher":{"@id":"https:\/\/beautyequipment.shop\/#organization"},"potentialAction":[{"@type":"SearchAction","target":{"@type":"EntryPoint","urlTemplate":"https:\/\/beautyequipment.shop\/?s={search_term_string}"},"query-input":{"@type":"PropertyValueSpecification","valueRequired":true,"valueName":"search_term_string"}}],"inLanguage":"lv-LV"},{"@type":"Organization","@id":"https:\/\/beautyequipment.shop\/#organization","name":"Beauty Equipment","url":"https:\/\/beautyequipment.shop\/","logo":{"@type":"ImageObject","inLanguage":"lv-LV","@id":"https:\/\/beautyequipment.shop\/#\/schema\/logo\/image\/","url":"https:\/\/beautyequipment.shop\/wp-content\/uploads\/2024\/09\/Beauty-Equipment-logo-300x109-1.webp","contentUrl":"https:\/\/beautyequipment.shop\/wp-content\/uploads\/2024\/09\/Beauty-Equipment-logo-300x109-1.webp","width":300,"height":109,"caption":"Beauty Equipment"},"image":{"@id":"https:\/\/beautyequipment.shop\/#\/schema\/logo\/image\/"},"sameAs":["https:\/\/facebook.com\/beautyequipment.ou","https:\/\/instagram.com\/tisanoreica.nord"]}]}},"_links":{"self":[{"href":"https:\/\/beautyequipment.shop\/lv\/wp-json\/wp\/v2\/product\/1921","targetHints":{"allow":["GET"]}}],"collection":[{"href":"https:\/\/beautyequipment.shop\/lv\/wp-json\/wp\/v2\/product"}],"about":[{"href":"https:\/\/beautyequipment.shop\/lv\/wp-json\/wp\/v2\/types\/product"}],"wp:featuredmedia":[{"embeddable":true,"href":"https:\/\/beautyequipment.shop\/lv\/wp-json\/wp\/v2\/media\/1922"}],"wp:attachment":[{"href":"https:\/\/beautyequipment.shop\/lv\/wp-json\/wp\/v2\/media?parent=1921"}],"wp:term":[{"taxonomy":"product_brand","embeddable":true,"href":"https:\/\/beautyequipment.shop\/lv\/wp-json\/wp\/v2\/product_brand?post=1921"},{"taxonomy":"product_cat","embeddable":true,"href":"https:\/\/beautyequipment.shop\/lv\/wp-json\/wp\/v2\/product_cat?post=1921"},{"taxonomy":"product_tag","embeddable":true,"href":"https:\/\/beautyequipment.shop\/lv\/wp-json\/wp\/v2\/product_tag?post=1921"}],"curies":[{"name":"wp","href":"https:\/\/api.w.org\/{rel}","templated":true}]}}