{"id":1908,"date":"2024-04-10T12:56:23","date_gmt":"2024-04-10T09:56:23","guid":{"rendered":"https:\/\/beautyequipment.shop\/?post_type=product&#038;p=1908"},"modified":"2024-04-10T12:58:14","modified_gmt":"2024-04-10T09:58:14","slug":"kaalulangetus-flor-mech-orosolubile","status":"publish","type":"product","link":"https:\/\/beautyequipment.shop\/lv\/toode\/kaalulangetus-flor-mech-orosolubile\/","title":{"rendered":"Kaalulangetus FLOR-MECH OROSOLUBILE"},"content":{"rendered":"<p>1 kotike 2,2 g sisaldab:<\/p>\n<p>Bifidobacterium breve BR 03 mikrokapseldatud \u2265 2 x 109 rakku<\/p>\n<p>Lactobacillus plantarum LP 09 mikrokapseldatud \u2265 1 x 109 rakku<\/p>\n<p>Lactobacillus rhamnosus LR 06 mikrokapseldatud \u2265 1 x 109 rakku<\/p>\n<p>Nopal plv. 500 mg<\/p>\n<p>&nbsp;<\/p>\n<p>N\u00d5UANDED KASUTAMISEKS. Soovitatav on v\u00f5tta \u00fcks kotike p\u00e4evas, eelistatavalt hommikul t\u00fchja k\u00f5huga. Sisu v\u00f5ib lahustada aeglaselt otse suus v\u00f5i valada kuiva klaasi, lahjendada veega ja segada.<\/p>\n<p>&nbsp;<\/p>\n<p>\u00dcldised hoiatused:<\/p>\n<p>Toidulisandid ei ole m\u00f5eldud mitmek\u00fclgse ja tasakaalustatud toitumise ning tervislike eluviiside asendamiseks. Toodet tuleb kasutada piisava madala kalorsusega dieedi ja tervisliku eluviisiga koos hea kehalise aktiivsusega. Kui dieeti j\u00e4rgitakse pikka aega, \u00fcle kolme n\u00e4dala, on soovitatav konsulteerida arstiga.<\/p>\n<p>\u00c4rge \u00fcletage maksimaalset soovitatavat \u00f6\u00f6p\u00e4evast annust. Hoida alla 3-aastastele lastele k\u00e4ttesaamatus kohas.<\/p>\n<p>&nbsp;<\/p>\n<p>GM SPA PROBIOOTIKUD: T\u00d5HUSAM T\u00c4NU MIKROKAPSULATSIOONI TEHNIKALE (Del Piano M. et al., 2008; Charteris WP et al., 1998; Del Piano M. et al., 2010)<\/p>\n<p>T\u00e4nu mikrokapseldamisele:<\/p>\n<ul>\n<li>ens\u00fc\u00fcmid on 5 korda aktiivsemad kui mittemikrokapseldatud<\/li>\n<\/ul>\n<p>kuna need ei kahjusta mao-kaksteists\u00f5rmiksoole l\u00e4bip\u00e4\u00e4su (tavaliselt ainult 20% mikrokapseldamata ens\u00fc\u00fcmidest elab \u00fcle maohappesuse);<\/p>\n<ul>\n<li>suurendab ens\u00fc\u00fcmide stabiilsust tootes aja jooksul;<\/li>\n<li>efektiivsuse suurendamine.<\/li>\n<\/ul>\n<p>KOOSTISOSAD. Magusained: sorbitool, ks\u00fclitool, sukraloos; Nopal pulber (Opuntia fi cus-indica (L.) Mill.) klaadium; looduslik vanilje maitse; t\u00e4iteaine: maltodekstriin; Mikrokapseldatud probiootilised mikroorganismid:<\/p>\n<p>Bifidobacterium brevis BR 03 (DSM 16604), Lactobacillus plantarum LP 09 (DSM 25710), Lactobacillus rhamnosus LR 06 (DSM 21981); paakumisvastane aine: r\u00e4nidioksiid.<\/p>\n","protected":false},"excerpt":{"rendered":"<p>Uuenduslik valem, mis aitab kaotada ja s\u00e4ilitada kaotatud kaalu t\u00e4nu spetsiifiliste sooleens\u00fc\u00fcmide toimele, mis reguleerivad rasvade ja s\u00fcsivesikute imendumist ning v\u00e4hendavad s\u00f6\u00f6giisu.<\/p>\n<p>Hiljutised teaduslikud uuringud on tegelikult n\u00e4idanud seost soolestiku bakteriaalse floora ehk mikrobiota koostise erinevuste vahel rasvunud ja normaalkaaluliste inimeste vahel (1, 2, 3), mis vastutavad kaalutasakaalu soodsa m\u00f5ju eest.<\/p>\n","protected":false},"featured_media":1913,"template":"","meta":[],"product_brand":[],"product_cat":[34],"product_tag":[],"class_list":{"0":"post-1908","1":"product","2":"type-product","3":"status-publish","4":"has-post-thumbnail","6":"product_cat-hugieen-ja-tervis","8":"first","9":"instock","10":"taxable","11":"shipping-taxable","12":"purchasable","13":"product-type-simple"},"yoast_head":"<!-- This site is optimized with the Yoast SEO plugin v27.0 - https:\/\/yoast.com\/product\/yoast-seo-wordpress\/ -->\n<title>Kaalulangetus FLOR-MECH OROSOLUBILE - Beauty Equipment<\/title>\n<meta name=\"robots\" content=\"index, follow, max-snippet:-1, max-image-preview:large, max-video-preview:-1\" \/>\n<link rel=\"canonical\" href=\"https:\/\/beautyequipment.shop\/toode\/kaalulangetus-flor-mech-orosolubile\/\" \/>\n<meta property=\"og:locale\" content=\"lv_LV\" \/>\n<meta property=\"og:type\" content=\"article\" \/>\n<meta property=\"og:title\" content=\"Kaalulangetus FLOR-MECH OROSOLUBILE - Beauty Equipment\" \/>\n<meta property=\"og:description\" content=\"Uuenduslik valem, mis aitab kaotada ja s\u00e4ilitada kaotatud kaalu t\u00e4nu spetsiifiliste sooleens\u00fc\u00fcmide toimele, mis reguleerivad rasvade ja s\u00fcsivesikute imendumist ning v\u00e4hendavad s\u00f6\u00f6giisu.  Hiljutised teaduslikud uuringud on tegelikult n\u00e4idanud seost soolestiku bakteriaalse floora ehk mikrobiota koostise erinevuste vahel rasvunud ja normaalkaaluliste inimeste vahel (1, 2, 3), mis vastutavad kaalutasakaalu soodsa m\u00f5ju eest.\" \/>\n<meta property=\"og:url\" content=\"https:\/\/beautyequipment.shop\/toode\/kaalulangetus-flor-mech-orosolubile\/\" \/>\n<meta property=\"og:site_name\" content=\"Beauty Equipment\" \/>\n<meta property=\"article:publisher\" content=\"https:\/\/facebook.com\/beautyequipment.ou\" \/>\n<meta property=\"article:modified_time\" content=\"2024-04-10T09:58:14+00:00\" \/>\n<meta property=\"og:image\" content=\"https:\/\/beautyequipment.shop\/wp-content\/uploads\/2024\/04\/Gianluca_Flormech-1.jpg\" \/>\n\t<meta property=\"og:image:width\" content=\"2000\" \/>\n\t<meta property=\"og:image:height\" content=\"2000\" \/>\n\t<meta property=\"og:image:type\" content=\"image\/jpeg\" \/>\n<meta name=\"twitter:card\" content=\"summary_large_image\" \/>\n<meta name=\"twitter:label1\" content=\"Est. reading time\" \/>\n\t<meta name=\"twitter:data1\" content=\"1 minute\" \/>\n<script type=\"application\/ld+json\" class=\"yoast-schema-graph\">{\"@context\":\"https:\/\/schema.org\",\"@graph\":[{\"@type\":\"WebPage\",\"@id\":\"https:\/\/beautyequipment.shop\/toode\/kaalulangetus-flor-mech-orosolubile\/\",\"url\":\"https:\/\/beautyequipment.shop\/toode\/kaalulangetus-flor-mech-orosolubile\/\",\"name\":\"Kaalulangetus FLOR-MECH OROSOLUBILE - Beauty Equipment\",\"isPartOf\":{\"@id\":\"https:\/\/beautyequipment.shop\/#website\"},\"primaryImageOfPage\":{\"@id\":\"https:\/\/beautyequipment.shop\/toode\/kaalulangetus-flor-mech-orosolubile\/#primaryimage\"},\"image\":{\"@id\":\"https:\/\/beautyequipment.shop\/toode\/kaalulangetus-flor-mech-orosolubile\/#primaryimage\"},\"thumbnailUrl\":\"https:\/\/beautyequipment.shop\/wp-content\/uploads\/2024\/04\/Gianluca_Flormech-1.jpg\",\"datePublished\":\"2024-04-10T09:56:23+00:00\",\"dateModified\":\"2024-04-10T09:58:14+00:00\",\"breadcrumb\":{\"@id\":\"https:\/\/beautyequipment.shop\/toode\/kaalulangetus-flor-mech-orosolubile\/#breadcrumb\"},\"inLanguage\":\"lv-LV\",\"potentialAction\":[{\"@type\":\"ReadAction\",\"target\":[\"https:\/\/beautyequipment.shop\/toode\/kaalulangetus-flor-mech-orosolubile\/\"]}]},{\"@type\":\"ImageObject\",\"inLanguage\":\"lv-LV\",\"@id\":\"https:\/\/beautyequipment.shop\/toode\/kaalulangetus-flor-mech-orosolubile\/#primaryimage\",\"url\":\"https:\/\/beautyequipment.shop\/wp-content\/uploads\/2024\/04\/Gianluca_Flormech-1.jpg\",\"contentUrl\":\"https:\/\/beautyequipment.shop\/wp-content\/uploads\/2024\/04\/Gianluca_Flormech-1.jpg\",\"width\":2000,\"height\":2000},{\"@type\":\"BreadcrumbList\",\"@id\":\"https:\/\/beautyequipment.shop\/toode\/kaalulangetus-flor-mech-orosolubile\/#breadcrumb\",\"itemListElement\":[{\"@type\":\"ListItem\",\"position\":1,\"name\":\"Home\",\"item\":\"https:\/\/beautyequipment.shop\/lv\/sakumlapa\/\"},{\"@type\":\"ListItem\",\"position\":2,\"name\":\"Veikals veikal\u0101\",\"item\":\"https:\/\/beautyequipment.shop\/lv\/shop\/\"},{\"@type\":\"ListItem\",\"position\":3,\"name\":\"Kaalulangetus FLOR-MECH OROSOLUBILE\"}]},{\"@type\":\"WebSite\",\"@id\":\"https:\/\/beautyequipment.shop\/#website\",\"url\":\"https:\/\/beautyequipment.shop\/\",\"name\":\"Beauty Equipment\",\"description\":\"Toidulisandid ilu ja tervise heaks\",\"publisher\":{\"@id\":\"https:\/\/beautyequipment.shop\/#organization\"},\"potentialAction\":[{\"@type\":\"SearchAction\",\"target\":{\"@type\":\"EntryPoint\",\"urlTemplate\":\"https:\/\/beautyequipment.shop\/?s={search_term_string}\"},\"query-input\":{\"@type\":\"PropertyValueSpecification\",\"valueRequired\":true,\"valueName\":\"search_term_string\"}}],\"inLanguage\":\"lv-LV\"},{\"@type\":\"Organization\",\"@id\":\"https:\/\/beautyequipment.shop\/#organization\",\"name\":\"Beauty Equipment\",\"url\":\"https:\/\/beautyequipment.shop\/\",\"logo\":{\"@type\":\"ImageObject\",\"inLanguage\":\"lv-LV\",\"@id\":\"https:\/\/beautyequipment.shop\/#\/schema\/logo\/image\/\",\"url\":\"https:\/\/beautyequipment.shop\/wp-content\/uploads\/2024\/09\/Beauty-Equipment-logo-300x109-1.webp\",\"contentUrl\":\"https:\/\/beautyequipment.shop\/wp-content\/uploads\/2024\/09\/Beauty-Equipment-logo-300x109-1.webp\",\"width\":300,\"height\":109,\"caption\":\"Beauty Equipment\"},\"image\":{\"@id\":\"https:\/\/beautyequipment.shop\/#\/schema\/logo\/image\/\"},\"sameAs\":[\"https:\/\/facebook.com\/beautyequipment.ou\",\"https:\/\/instagram.com\/tisanoreica.nord\"]}]}<\/script>\n<!-- \/ Yoast SEO plugin. -->","yoast_head_json":{"title":"Kaalulangetus FLOR-MECH OROSOLUBILE - Beauty Equipment","robots":{"index":"index","follow":"follow","max-snippet":"max-snippet:-1","max-image-preview":"max-image-preview:large","max-video-preview":"max-video-preview:-1"},"canonical":"https:\/\/beautyequipment.shop\/toode\/kaalulangetus-flor-mech-orosolubile\/","og_locale":"lv_LV","og_type":"article","og_title":"Kaalulangetus FLOR-MECH OROSOLUBILE - Beauty Equipment","og_description":"Uuenduslik valem, mis aitab kaotada ja s\u00e4ilitada kaotatud kaalu t\u00e4nu spetsiifiliste sooleens\u00fc\u00fcmide toimele, mis reguleerivad rasvade ja s\u00fcsivesikute imendumist ning v\u00e4hendavad s\u00f6\u00f6giisu.  Hiljutised teaduslikud uuringud on tegelikult n\u00e4idanud seost soolestiku bakteriaalse floora ehk mikrobiota koostise erinevuste vahel rasvunud ja normaalkaaluliste inimeste vahel (1, 2, 3), mis vastutavad kaalutasakaalu soodsa m\u00f5ju eest.","og_url":"https:\/\/beautyequipment.shop\/toode\/kaalulangetus-flor-mech-orosolubile\/","og_site_name":"Beauty Equipment","article_publisher":"https:\/\/facebook.com\/beautyequipment.ou","article_modified_time":"2024-04-10T09:58:14+00:00","og_image":[{"width":2000,"height":2000,"url":"https:\/\/beautyequipment.shop\/wp-content\/uploads\/2024\/04\/Gianluca_Flormech-1.jpg","type":"image\/jpeg"}],"twitter_card":"summary_large_image","twitter_misc":{"Est. reading time":"1 minute"},"schema":{"@context":"https:\/\/schema.org","@graph":[{"@type":"WebPage","@id":"https:\/\/beautyequipment.shop\/toode\/kaalulangetus-flor-mech-orosolubile\/","url":"https:\/\/beautyequipment.shop\/toode\/kaalulangetus-flor-mech-orosolubile\/","name":"Kaalulangetus FLOR-MECH OROSOLUBILE - Beauty Equipment","isPartOf":{"@id":"https:\/\/beautyequipment.shop\/#website"},"primaryImageOfPage":{"@id":"https:\/\/beautyequipment.shop\/toode\/kaalulangetus-flor-mech-orosolubile\/#primaryimage"},"image":{"@id":"https:\/\/beautyequipment.shop\/toode\/kaalulangetus-flor-mech-orosolubile\/#primaryimage"},"thumbnailUrl":"https:\/\/beautyequipment.shop\/wp-content\/uploads\/2024\/04\/Gianluca_Flormech-1.jpg","datePublished":"2024-04-10T09:56:23+00:00","dateModified":"2024-04-10T09:58:14+00:00","breadcrumb":{"@id":"https:\/\/beautyequipment.shop\/toode\/kaalulangetus-flor-mech-orosolubile\/#breadcrumb"},"inLanguage":"lv-LV","potentialAction":[{"@type":"ReadAction","target":["https:\/\/beautyequipment.shop\/toode\/kaalulangetus-flor-mech-orosolubile\/"]}]},{"@type":"ImageObject","inLanguage":"lv-LV","@id":"https:\/\/beautyequipment.shop\/toode\/kaalulangetus-flor-mech-orosolubile\/#primaryimage","url":"https:\/\/beautyequipment.shop\/wp-content\/uploads\/2024\/04\/Gianluca_Flormech-1.jpg","contentUrl":"https:\/\/beautyequipment.shop\/wp-content\/uploads\/2024\/04\/Gianluca_Flormech-1.jpg","width":2000,"height":2000},{"@type":"BreadcrumbList","@id":"https:\/\/beautyequipment.shop\/toode\/kaalulangetus-flor-mech-orosolubile\/#breadcrumb","itemListElement":[{"@type":"ListItem","position":1,"name":"Home","item":"https:\/\/beautyequipment.shop\/lv\/sakumlapa\/"},{"@type":"ListItem","position":2,"name":"Veikals veikal\u0101","item":"https:\/\/beautyequipment.shop\/lv\/shop\/"},{"@type":"ListItem","position":3,"name":"Kaalulangetus FLOR-MECH OROSOLUBILE"}]},{"@type":"WebSite","@id":"https:\/\/beautyequipment.shop\/#website","url":"https:\/\/beautyequipment.shop\/","name":"Beauty Equipment","description":"Toidulisandid ilu ja tervise heaks","publisher":{"@id":"https:\/\/beautyequipment.shop\/#organization"},"potentialAction":[{"@type":"SearchAction","target":{"@type":"EntryPoint","urlTemplate":"https:\/\/beautyequipment.shop\/?s={search_term_string}"},"query-input":{"@type":"PropertyValueSpecification","valueRequired":true,"valueName":"search_term_string"}}],"inLanguage":"lv-LV"},{"@type":"Organization","@id":"https:\/\/beautyequipment.shop\/#organization","name":"Beauty Equipment","url":"https:\/\/beautyequipment.shop\/","logo":{"@type":"ImageObject","inLanguage":"lv-LV","@id":"https:\/\/beautyequipment.shop\/#\/schema\/logo\/image\/","url":"https:\/\/beautyequipment.shop\/wp-content\/uploads\/2024\/09\/Beauty-Equipment-logo-300x109-1.webp","contentUrl":"https:\/\/beautyequipment.shop\/wp-content\/uploads\/2024\/09\/Beauty-Equipment-logo-300x109-1.webp","width":300,"height":109,"caption":"Beauty Equipment"},"image":{"@id":"https:\/\/beautyequipment.shop\/#\/schema\/logo\/image\/"},"sameAs":["https:\/\/facebook.com\/beautyequipment.ou","https:\/\/instagram.com\/tisanoreica.nord"]}]}},"_links":{"self":[{"href":"https:\/\/beautyequipment.shop\/lv\/wp-json\/wp\/v2\/product\/1908","targetHints":{"allow":["GET"]}}],"collection":[{"href":"https:\/\/beautyequipment.shop\/lv\/wp-json\/wp\/v2\/product"}],"about":[{"href":"https:\/\/beautyequipment.shop\/lv\/wp-json\/wp\/v2\/types\/product"}],"wp:featuredmedia":[{"embeddable":true,"href":"https:\/\/beautyequipment.shop\/lv\/wp-json\/wp\/v2\/media\/1913"}],"wp:attachment":[{"href":"https:\/\/beautyequipment.shop\/lv\/wp-json\/wp\/v2\/media?parent=1908"}],"wp:term":[{"taxonomy":"product_brand","embeddable":true,"href":"https:\/\/beautyequipment.shop\/lv\/wp-json\/wp\/v2\/product_brand?post=1908"},{"taxonomy":"product_cat","embeddable":true,"href":"https:\/\/beautyequipment.shop\/lv\/wp-json\/wp\/v2\/product_cat?post=1908"},{"taxonomy":"product_tag","embeddable":true,"href":"https:\/\/beautyequipment.shop\/lv\/wp-json\/wp\/v2\/product_tag?post=1908"}],"curies":[{"name":"wp","href":"https:\/\/api.w.org\/{rel}","templated":true}]}}