{"id":1861,"date":"2024-03-27T21:12:30","date_gmt":"2024-03-27T19:12:30","guid":{"rendered":"https:\/\/beautyequipment.shop\/?post_type=product&#038;p=1861"},"modified":"2024-11-27T12:22:11","modified_gmt":"2024-11-27T10:22:11","slug":"face-repair-younger","status":"publish","type":"product","link":"https:\/\/beautyequipment.shop\/lv\/toode\/face-repair-younger\/","title":{"rendered":"Iluaparaat Face Repair Younger"},"content":{"rendered":"<h6><em>01 Lifting<\/em><\/h6>\n<p>Elektrolifting kasutab koe taastamiseks ja taaselustamiseks spetsiaalseid voolusid, mis imiteerivad f\u00fcsioloogilisi n\u00e4rviimpulsse.<\/p>\n<p>See tehnoloogia stimuleerib naha mikrotsirkulatsiooni taset, suurendab kudede toitumist ja hapnikuga k\u00fcllastumist. Samuti suurendab see fibroblastide toimet, suurendades s\u00fcnteesitava kollageeni kogust ja kvaliteeti ning stimuleerib l\u00fcmfis\u00fcsteemi ja selle funktsioone.<\/p>\n<h6 class=\"x_elementToProof\"><\/h6>\n<h6><em>02 Stimol<\/em><\/h6>\n<p>See protseduur toniseerib \u00f5rnalt ja selektiivselt atoonilisi lihaseid, neutraliseerides naha l\u00f5\u00f5gastumise. Spetsiaalse sf\u00e4\u00e4riliste emitteritega otsiku abil edastatakse impulsse, mille lainekuju ja teatud sagedus stimuleerivad n\u00e4olihaseid, mis teeb protseduuri meeldivaks. Ots asetatakse kindlatesse punktidesse, et tagada \u00f5ige mikrokontraktsioon, muutes stimulatsiooni sihip\u00e4raseks, selektiivseks ja t\u00f5husaks.<\/p>\n<h6 class=\"x_elementToProof\"><\/h6>\n<h6><em>03 Ionoforees<\/em><\/h6>\n<p>Iontoforeesiga kantakse spetsiifiliste puuduste parandamiseks kasutatavad toimeained kudede s\u00fcgavatesse kihtidesse. Sihip\u00e4rane ja t\u00f5hus hooldus n\u00e4o noorendamise tulemuste optimeerimiseks.<\/p>\n<div>\n<h6 class=\"x_elementToProof\"><\/h6>\n<div><\/div>\n<\/div>\n","protected":false},"excerpt":{"rendered":"<div class=\"x_elementToProof\">ILUAPARAAT SMART.800-3<\/div>\n<div class=\"x_elementToProof\">FACE REPAIR YOUNGER &#8211; Spetsiaalne n\u00e4o noorendamise protseduur.<\/div>\n<div>\n<div class=\"x_elementToProof\">Face Repair Youngeriga saate vaid m\u00f5ne sammuga ravida k\u00fcpset nahka, millel on n\u00e4htavad vananemism\u00e4rgid, nagu l\u00f5tvumine ja kortsud.<br \/>\nNahk taastab l\u00fchikese aja jooksul toitumise, h\u00fcdratsiooni ja hapnikuga varustatuse, muutub toonusesse ning omandab siledama ja kompaktsema tekstuuri.<\/div>\n<\/div>\n<div class=\"x_elementToProof\"><\/div>\n<div><\/div>\n<div><strong>Hinna teadasaamiseks palun kirjutage\u00a0 &#8211; <a href=\"https:\/\/wa.me\/+3725015876\">https:\/\/wa.me\/+3725015876<\/a><\/strong><\/div>\n<div class=\"x_elementToProof\"><\/div>\n","protected":false},"featured_media":1866,"template":"","meta":[],"product_brand":[],"product_cat":[55],"product_tag":[],"class_list":{"0":"post-1861","1":"product","2":"type-product","3":"status-publish","4":"has-post-thumbnail","6":"product_cat-maaramata","8":"first","9":"instock","10":"taxable","11":"shipping-taxable","12":"product-type-simple"},"yoast_head":"<!-- This site is optimized with the Yoast SEO plugin v27.0 - https:\/\/yoast.com\/product\/yoast-seo-wordpress\/ -->\n<title>Iluaparaat Face Repair Younger - Beauty Equipment<\/title>\n<meta name=\"robots\" content=\"index, follow, max-snippet:-1, max-image-preview:large, max-video-preview:-1\" \/>\n<link rel=\"canonical\" href=\"https:\/\/beautyequipment.shop\/toode\/face-repair-younger\/\" \/>\n<meta property=\"og:locale\" content=\"lv_LV\" \/>\n<meta property=\"og:type\" content=\"article\" \/>\n<meta property=\"og:title\" content=\"Iluaparaat Face Repair Younger - Beauty Equipment\" \/>\n<meta property=\"og:description\" content=\"ILUAPARAAT SMART.800-3 FACE REPAIR YOUNGER - Spetsiaalne n\u00e4o noorendamise protseduur.  Face Repair Youngeriga saate vaid m\u00f5ne sammuga ravida k\u00fcpset nahka, millel on n\u00e4htavad vananemism\u00e4rgid, nagu l\u00f5tvumine ja kortsud. Nahk taastab l\u00fchikese aja jooksul toitumise, h\u00fcdratsiooni ja hapnikuga varustatuse, muutub toonusesse ning omandab siledama ja kompaktsema tekstuuri.    Hinna teadasaamiseks palun kirjutage\u00a0 - https:\/\/wa.me\/+3725015876\" \/>\n<meta property=\"og:url\" content=\"https:\/\/beautyequipment.shop\/toode\/face-repair-younger\/\" \/>\n<meta property=\"og:site_name\" content=\"Beauty Equipment\" \/>\n<meta property=\"article:publisher\" content=\"https:\/\/facebook.com\/beautyequipment.ou\" \/>\n<meta property=\"article:modified_time\" content=\"2024-11-27T10:22:11+00:00\" \/>\n<meta property=\"og:image\" content=\"https:\/\/beautyequipment.shop\/wp-content\/uploads\/2024\/03\/IMG_4203.jpg\" \/>\n\t<meta property=\"og:image:width\" content=\"1125\" \/>\n\t<meta property=\"og:image:height\" content=\"1631\" \/>\n\t<meta property=\"og:image:type\" content=\"image\/jpeg\" \/>\n<meta name=\"twitter:card\" content=\"summary_large_image\" \/>\n<meta name=\"twitter:label1\" content=\"Est. reading time\" \/>\n\t<meta name=\"twitter:data1\" content=\"1 minute\" \/>\n<script type=\"application\/ld+json\" class=\"yoast-schema-graph\">{\"@context\":\"https:\/\/schema.org\",\"@graph\":[{\"@type\":\"WebPage\",\"@id\":\"https:\/\/beautyequipment.shop\/toode\/face-repair-younger\/\",\"url\":\"https:\/\/beautyequipment.shop\/toode\/face-repair-younger\/\",\"name\":\"Iluaparaat Face Repair Younger - Beauty Equipment\",\"isPartOf\":{\"@id\":\"https:\/\/beautyequipment.shop\/#website\"},\"primaryImageOfPage\":{\"@id\":\"https:\/\/beautyequipment.shop\/toode\/face-repair-younger\/#primaryimage\"},\"image\":{\"@id\":\"https:\/\/beautyequipment.shop\/toode\/face-repair-younger\/#primaryimage\"},\"thumbnailUrl\":\"https:\/\/beautyequipment.shop\/wp-content\/uploads\/2024\/03\/IMG_4203.jpg\",\"datePublished\":\"2024-03-27T19:12:30+00:00\",\"dateModified\":\"2024-11-27T10:22:11+00:00\",\"breadcrumb\":{\"@id\":\"https:\/\/beautyequipment.shop\/toode\/face-repair-younger\/#breadcrumb\"},\"inLanguage\":\"lv-LV\",\"potentialAction\":[{\"@type\":\"ReadAction\",\"target\":[\"https:\/\/beautyequipment.shop\/toode\/face-repair-younger\/\"]}]},{\"@type\":\"ImageObject\",\"inLanguage\":\"lv-LV\",\"@id\":\"https:\/\/beautyequipment.shop\/toode\/face-repair-younger\/#primaryimage\",\"url\":\"https:\/\/beautyequipment.shop\/wp-content\/uploads\/2024\/03\/IMG_4203.jpg\",\"contentUrl\":\"https:\/\/beautyequipment.shop\/wp-content\/uploads\/2024\/03\/IMG_4203.jpg\",\"width\":1125,\"height\":1631},{\"@type\":\"BreadcrumbList\",\"@id\":\"https:\/\/beautyequipment.shop\/toode\/face-repair-younger\/#breadcrumb\",\"itemListElement\":[{\"@type\":\"ListItem\",\"position\":1,\"name\":\"Home\",\"item\":\"https:\/\/beautyequipment.shop\/lv\/sakumlapa\/\"},{\"@type\":\"ListItem\",\"position\":2,\"name\":\"Veikals veikal\u0101\",\"item\":\"https:\/\/beautyequipment.shop\/lv\/shop\/\"},{\"@type\":\"ListItem\",\"position\":3,\"name\":\"Iluaparaat Face Repair Younger\"}]},{\"@type\":\"WebSite\",\"@id\":\"https:\/\/beautyequipment.shop\/#website\",\"url\":\"https:\/\/beautyequipment.shop\/\",\"name\":\"Beauty Equipment\",\"description\":\"Toidulisandid ilu ja tervise heaks\",\"publisher\":{\"@id\":\"https:\/\/beautyequipment.shop\/#organization\"},\"potentialAction\":[{\"@type\":\"SearchAction\",\"target\":{\"@type\":\"EntryPoint\",\"urlTemplate\":\"https:\/\/beautyequipment.shop\/?s={search_term_string}\"},\"query-input\":{\"@type\":\"PropertyValueSpecification\",\"valueRequired\":true,\"valueName\":\"search_term_string\"}}],\"inLanguage\":\"lv-LV\"},{\"@type\":\"Organization\",\"@id\":\"https:\/\/beautyequipment.shop\/#organization\",\"name\":\"Beauty Equipment\",\"url\":\"https:\/\/beautyequipment.shop\/\",\"logo\":{\"@type\":\"ImageObject\",\"inLanguage\":\"lv-LV\",\"@id\":\"https:\/\/beautyequipment.shop\/#\/schema\/logo\/image\/\",\"url\":\"https:\/\/beautyequipment.shop\/wp-content\/uploads\/2024\/09\/Beauty-Equipment-logo-300x109-1.webp\",\"contentUrl\":\"https:\/\/beautyequipment.shop\/wp-content\/uploads\/2024\/09\/Beauty-Equipment-logo-300x109-1.webp\",\"width\":300,\"height\":109,\"caption\":\"Beauty Equipment\"},\"image\":{\"@id\":\"https:\/\/beautyequipment.shop\/#\/schema\/logo\/image\/\"},\"sameAs\":[\"https:\/\/facebook.com\/beautyequipment.ou\",\"https:\/\/instagram.com\/tisanoreica.nord\"]}]}<\/script>\n<!-- \/ Yoast SEO plugin. -->","yoast_head_json":{"title":"Iluaparaat Face Repair Younger - Beauty Equipment","robots":{"index":"index","follow":"follow","max-snippet":"max-snippet:-1","max-image-preview":"max-image-preview:large","max-video-preview":"max-video-preview:-1"},"canonical":"https:\/\/beautyequipment.shop\/toode\/face-repair-younger\/","og_locale":"lv_LV","og_type":"article","og_title":"Iluaparaat Face Repair Younger - Beauty Equipment","og_description":"ILUAPARAAT SMART.800-3 FACE REPAIR YOUNGER - Spetsiaalne n\u00e4o noorendamise protseduur.  Face Repair Youngeriga saate vaid m\u00f5ne sammuga ravida k\u00fcpset nahka, millel on n\u00e4htavad vananemism\u00e4rgid, nagu l\u00f5tvumine ja kortsud. Nahk taastab l\u00fchikese aja jooksul toitumise, h\u00fcdratsiooni ja hapnikuga varustatuse, muutub toonusesse ning omandab siledama ja kompaktsema tekstuuri.    Hinna teadasaamiseks palun kirjutage\u00a0 - https:\/\/wa.me\/+3725015876","og_url":"https:\/\/beautyequipment.shop\/toode\/face-repair-younger\/","og_site_name":"Beauty Equipment","article_publisher":"https:\/\/facebook.com\/beautyequipment.ou","article_modified_time":"2024-11-27T10:22:11+00:00","og_image":[{"width":1125,"height":1631,"url":"https:\/\/beautyequipment.shop\/wp-content\/uploads\/2024\/03\/IMG_4203.jpg","type":"image\/jpeg"}],"twitter_card":"summary_large_image","twitter_misc":{"Est. reading time":"1 minute"},"schema":{"@context":"https:\/\/schema.org","@graph":[{"@type":"WebPage","@id":"https:\/\/beautyequipment.shop\/toode\/face-repair-younger\/","url":"https:\/\/beautyequipment.shop\/toode\/face-repair-younger\/","name":"Iluaparaat Face Repair Younger - Beauty Equipment","isPartOf":{"@id":"https:\/\/beautyequipment.shop\/#website"},"primaryImageOfPage":{"@id":"https:\/\/beautyequipment.shop\/toode\/face-repair-younger\/#primaryimage"},"image":{"@id":"https:\/\/beautyequipment.shop\/toode\/face-repair-younger\/#primaryimage"},"thumbnailUrl":"https:\/\/beautyequipment.shop\/wp-content\/uploads\/2024\/03\/IMG_4203.jpg","datePublished":"2024-03-27T19:12:30+00:00","dateModified":"2024-11-27T10:22:11+00:00","breadcrumb":{"@id":"https:\/\/beautyequipment.shop\/toode\/face-repair-younger\/#breadcrumb"},"inLanguage":"lv-LV","potentialAction":[{"@type":"ReadAction","target":["https:\/\/beautyequipment.shop\/toode\/face-repair-younger\/"]}]},{"@type":"ImageObject","inLanguage":"lv-LV","@id":"https:\/\/beautyequipment.shop\/toode\/face-repair-younger\/#primaryimage","url":"https:\/\/beautyequipment.shop\/wp-content\/uploads\/2024\/03\/IMG_4203.jpg","contentUrl":"https:\/\/beautyequipment.shop\/wp-content\/uploads\/2024\/03\/IMG_4203.jpg","width":1125,"height":1631},{"@type":"BreadcrumbList","@id":"https:\/\/beautyequipment.shop\/toode\/face-repair-younger\/#breadcrumb","itemListElement":[{"@type":"ListItem","position":1,"name":"Home","item":"https:\/\/beautyequipment.shop\/lv\/sakumlapa\/"},{"@type":"ListItem","position":2,"name":"Veikals veikal\u0101","item":"https:\/\/beautyequipment.shop\/lv\/shop\/"},{"@type":"ListItem","position":3,"name":"Iluaparaat Face Repair Younger"}]},{"@type":"WebSite","@id":"https:\/\/beautyequipment.shop\/#website","url":"https:\/\/beautyequipment.shop\/","name":"Beauty Equipment","description":"Toidulisandid ilu ja tervise heaks","publisher":{"@id":"https:\/\/beautyequipment.shop\/#organization"},"potentialAction":[{"@type":"SearchAction","target":{"@type":"EntryPoint","urlTemplate":"https:\/\/beautyequipment.shop\/?s={search_term_string}"},"query-input":{"@type":"PropertyValueSpecification","valueRequired":true,"valueName":"search_term_string"}}],"inLanguage":"lv-LV"},{"@type":"Organization","@id":"https:\/\/beautyequipment.shop\/#organization","name":"Beauty Equipment","url":"https:\/\/beautyequipment.shop\/","logo":{"@type":"ImageObject","inLanguage":"lv-LV","@id":"https:\/\/beautyequipment.shop\/#\/schema\/logo\/image\/","url":"https:\/\/beautyequipment.shop\/wp-content\/uploads\/2024\/09\/Beauty-Equipment-logo-300x109-1.webp","contentUrl":"https:\/\/beautyequipment.shop\/wp-content\/uploads\/2024\/09\/Beauty-Equipment-logo-300x109-1.webp","width":300,"height":109,"caption":"Beauty Equipment"},"image":{"@id":"https:\/\/beautyequipment.shop\/#\/schema\/logo\/image\/"},"sameAs":["https:\/\/facebook.com\/beautyequipment.ou","https:\/\/instagram.com\/tisanoreica.nord"]}]}},"_links":{"self":[{"href":"https:\/\/beautyequipment.shop\/lv\/wp-json\/wp\/v2\/product\/1861","targetHints":{"allow":["GET"]}}],"collection":[{"href":"https:\/\/beautyequipment.shop\/lv\/wp-json\/wp\/v2\/product"}],"about":[{"href":"https:\/\/beautyequipment.shop\/lv\/wp-json\/wp\/v2\/types\/product"}],"wp:featuredmedia":[{"embeddable":true,"href":"https:\/\/beautyequipment.shop\/lv\/wp-json\/wp\/v2\/media\/1866"}],"wp:attachment":[{"href":"https:\/\/beautyequipment.shop\/lv\/wp-json\/wp\/v2\/media?parent=1861"}],"wp:term":[{"taxonomy":"product_brand","embeddable":true,"href":"https:\/\/beautyequipment.shop\/lv\/wp-json\/wp\/v2\/product_brand?post=1861"},{"taxonomy":"product_cat","embeddable":true,"href":"https:\/\/beautyequipment.shop\/lv\/wp-json\/wp\/v2\/product_cat?post=1861"},{"taxonomy":"product_tag","embeddable":true,"href":"https:\/\/beautyequipment.shop\/lv\/wp-json\/wp\/v2\/product_tag?post=1861"}],"curies":[{"name":"wp","href":"https:\/\/api.w.org\/{rel}","templated":true}]}}