{"id":718,"date":"2023-09-27T14:11:42","date_gmt":"2023-09-27T11:11:42","guid":{"rendered":"https:\/\/beautyequipment.shop\/toode\/nutriderm\/"},"modified":"2023-09-27T14:11:42","modified_gmt":"2023-09-27T11:11:42","slug":"nutriderm-supplement-for-skin","status":"publish","type":"product","link":"https:\/\/beautyequipment.shop\/fi\/toode\/nutriderm-supplement-for-skin\/","title":{"rendered":"Nutriderm"},"content":{"rendered":"<p><strong>Ainesosat:<\/strong> natriumhyaluronaatti, tyrnikirsikka, johon on lis\u00e4tty C-vitamiinia (Malpighia glabra L. -hedelm\u00e4n kuivauute, L-askorbiinihappo) tit. 50 % kokonais-C-vitamiinia, goji-marjojen (Lycium barbarum L.) kuivauute. titrattu 40 % polysakkarideilla, alfa-lipoiinihappo, t\u00e4yteaine: selluloosa; D-alfa-tokoferyyliasetaatti (E-vitamiini), paakkuuntumisenestoaineet: rasvahappojen magnesiumsuolat, piidioksidi.<\/p>\n<p><strong>S\u00e4ilytys:<\/strong> S\u00e4ilyt\u00e4 viile\u00e4ss\u00e4, kuivassa paikassa huoneenl\u00e4mm\u00f6ss\u00e4. V\u00e4lt\u00e4 altistumista l\u00e4mm\u00f6nl\u00e4hteille ja auringonvalolle. V\u00e4himm\u00e4iss\u00e4ilyvyysaika koskee tuotetta, joka on asianmukaisesti varastoitu asianmukaisesti suljetussa pakkauksessa.<\/p>\n<p><strong>K\u00e4ytt\u00f6ohje:<\/strong> 1 tabletti p\u00e4iv\u00e4ss\u00e4 pienen vesim\u00e4\u00e4r\u00e4n kanssa, mieluiten tyhj\u00e4\u00e4n vatsaan ja ennen aamiaista.<\/p>\n<p><strong>Varoitukset:<\/strong> \u00c4l\u00e4 ylit\u00e4 suositeltua vuorokausiannosta. S\u00e4ilytett\u00e4v\u00e4 alle 3-vuotiaiden lasten ulottumattomissa. Ravintolis\u00e4t eiv\u00e4t saisi korvata monipuolista ja tasapainoista ruokavaliota ja terveellisi\u00e4 el\u00e4m\u00e4ntapoja. Jos olet l\u00e4\u00e4k\u00e4rin valvonnassa, ota yhteys l\u00e4\u00e4k\u00e4riin tai terveydenhuollon ammattilaiseen ennen k\u00e4ytt\u00f6\u00e4. Tuotteen k\u00e4ytt\u00f6\u00e4 raskauden ja imetyksen aikana ei suositella. Sis\u00e4lt\u00e4\u00e4 lipoiinihappoa: suosittelemme l\u00e4\u00e4k\u00e4rin konsultointia ennen t\u00e4m\u00e4n tuotteen k\u00e4ytt\u00f6\u00e4. Harvoissa tapauksissa lipoiinihappo voi aiheuttaa hypoglykemiaa.<\/p>\n<p>Er\u00e4 ja parasta ennen -p\u00e4iv\u00e4ys: katso pakkauksesta.<\/p>\n<p>Keskim\u00e4\u00e4r\u00e4inen pitoisuus suositeltua annosta kohti (1 tabletti): hyaluronihappo 240 mg; tyrnikirsikan kuivauute 200 mg, josta C-vitamiinin kokonaism\u00e4\u00e4r\u00e4 100 mg 125%*; lipoiinihappo 150 mg; goji-marjan kuivauute 150 mg; polysakkaridivaranto 60 mg; E-vitamiini 12 mg 100%*.<\/p>\n<p>*Prosenttiosuus aikuisille suositellusta p\u00e4ivitt\u00e4isest\u00e4 saannista.<\/p>\n","protected":false},"excerpt":{"rendered":"<p>Ravintolis\u00e4, jossa on hyaluronihappoa, tyrnikirsikkaa, lipoiinihappoa, goji-marjoja, e-vitamiinia. Edist\u00e4\u00e4 kollageenin tuotantoa ihon normaalia toimintaa varten (c-vitamiini) ja suojaa soluja hapettumisstressilt\u00e4 (e-vitamiini). Gluteeniton. 30 tablettia.<\/p>\n","protected":false},"featured_media":525,"template":"","meta":[],"product_brand":[],"product_cat":[62,59],"product_tag":[],"class_list":{"0":"post-718","1":"product","2":"type-product","3":"status-publish","4":"has-post-thumbnail","6":"product_cat-nahale-fi","7":"product_cat-lisaykset","9":"first","10":"instock","11":"taxable","12":"shipping-taxable","13":"purchasable","14":"product-type-simple"},"yoast_head":"<!-- This site is optimized with the Yoast SEO plugin v27.0 - https:\/\/yoast.com\/product\/yoast-seo-wordpress\/ -->\n<title>Nutriderm - Beauty Equipment<\/title>\n<meta name=\"robots\" content=\"index, follow, max-snippet:-1, max-image-preview:large, max-video-preview:-1\" \/>\n<link rel=\"canonical\" href=\"https:\/\/beautyequipment.shop\/fi\/toode\/nutriderm-supplement-for-skin\/\" \/>\n<meta property=\"og:locale\" content=\"fi_FI\" \/>\n<meta property=\"og:type\" content=\"article\" \/>\n<meta property=\"og:title\" content=\"Nutriderm - Beauty Equipment\" \/>\n<meta property=\"og:description\" content=\"Ravintolis\u00e4, jossa on hyaluronihappoa, tyrnikirsikkaa, lipoiinihappoa, goji-marjoja, e-vitamiinia. Edist\u00e4\u00e4 kollageenin tuotantoa ihon normaalia toimintaa varten (c-vitamiini) ja suojaa soluja hapettumisstressilt\u00e4 (e-vitamiini). Gluteeniton. 30 tablettia.\" \/>\n<meta property=\"og:url\" content=\"https:\/\/beautyequipment.shop\/fi\/toode\/nutriderm-supplement-for-skin\/\" \/>\n<meta property=\"og:site_name\" content=\"Beauty Equipment\" \/>\n<meta property=\"article:publisher\" content=\"https:\/\/facebook.com\/beautyequipment.ou\" \/>\n<meta property=\"og:image\" content=\"https:\/\/beautyequipment.shop\/wp-content\/uploads\/2023\/09\/NUTRIDERM_cps30-min-scaled.jpg\" \/>\n\t<meta property=\"og:image:width\" content=\"1656\" \/>\n\t<meta property=\"og:image:height\" content=\"2560\" \/>\n\t<meta property=\"og:image:type\" content=\"image\/jpeg\" \/>\n<meta name=\"twitter:card\" content=\"summary_large_image\" \/>\n<meta name=\"twitter:label1\" content=\"Est. reading time\" \/>\n\t<meta name=\"twitter:data1\" content=\"1 minuutti\" \/>\n<script type=\"application\/ld+json\" class=\"yoast-schema-graph\">{\"@context\":\"https:\/\/schema.org\",\"@graph\":[{\"@type\":\"WebPage\",\"@id\":\"https:\/\/beautyequipment.shop\/fi\/toode\/nutriderm-supplement-for-skin\/\",\"url\":\"https:\/\/beautyequipment.shop\/fi\/toode\/nutriderm-supplement-for-skin\/\",\"name\":\"Nutriderm - Beauty Equipment\",\"isPartOf\":{\"@id\":\"https:\/\/beautyequipment.shop\/#website\"},\"primaryImageOfPage\":{\"@id\":\"https:\/\/beautyequipment.shop\/fi\/toode\/nutriderm-supplement-for-skin\/#primaryimage\"},\"image\":{\"@id\":\"https:\/\/beautyequipment.shop\/fi\/toode\/nutriderm-supplement-for-skin\/#primaryimage\"},\"thumbnailUrl\":\"https:\/\/beautyequipment.shop\/wp-content\/uploads\/2023\/09\/NUTRIDERM_cps30-min-scaled.jpg\",\"datePublished\":\"2023-09-27T11:11:42+00:00\",\"breadcrumb\":{\"@id\":\"https:\/\/beautyequipment.shop\/fi\/toode\/nutriderm-supplement-for-skin\/#breadcrumb\"},\"inLanguage\":\"fi\",\"potentialAction\":[{\"@type\":\"ReadAction\",\"target\":[\"https:\/\/beautyequipment.shop\/fi\/toode\/nutriderm-supplement-for-skin\/\"]}]},{\"@type\":\"ImageObject\",\"inLanguage\":\"fi\",\"@id\":\"https:\/\/beautyequipment.shop\/fi\/toode\/nutriderm-supplement-for-skin\/#primaryimage\",\"url\":\"https:\/\/beautyequipment.shop\/wp-content\/uploads\/2023\/09\/NUTRIDERM_cps30-min-scaled.jpg\",\"contentUrl\":\"https:\/\/beautyequipment.shop\/wp-content\/uploads\/2023\/09\/NUTRIDERM_cps30-min-scaled.jpg\",\"width\":1656,\"height\":2560,\"caption\":\"Nutriderm ihon ravintolis\u00e4\"},{\"@type\":\"BreadcrumbList\",\"@id\":\"https:\/\/beautyequipment.shop\/fi\/toode\/nutriderm-supplement-for-skin\/#breadcrumb\",\"itemListElement\":[{\"@type\":\"ListItem\",\"position\":1,\"name\":\"Home\",\"item\":\"https:\/\/beautyequipment.shop\/fi\/kotisivu\/\"},{\"@type\":\"ListItem\",\"position\":2,\"name\":\"Osta osoitteessa\",\"item\":\"https:\/\/beautyequipment.shop\/fi\/shop\/\"},{\"@type\":\"ListItem\",\"position\":3,\"name\":\"Nutriderm\"}]},{\"@type\":\"WebSite\",\"@id\":\"https:\/\/beautyequipment.shop\/#website\",\"url\":\"https:\/\/beautyequipment.shop\/\",\"name\":\"Beauty Equipment\",\"description\":\"Toidulisandid ilu ja tervise heaks\",\"publisher\":{\"@id\":\"https:\/\/beautyequipment.shop\/#organization\"},\"potentialAction\":[{\"@type\":\"SearchAction\",\"target\":{\"@type\":\"EntryPoint\",\"urlTemplate\":\"https:\/\/beautyequipment.shop\/?s={search_term_string}\"},\"query-input\":{\"@type\":\"PropertyValueSpecification\",\"valueRequired\":true,\"valueName\":\"search_term_string\"}}],\"inLanguage\":\"fi\"},{\"@type\":\"Organization\",\"@id\":\"https:\/\/beautyequipment.shop\/#organization\",\"name\":\"Beauty Equipment\",\"url\":\"https:\/\/beautyequipment.shop\/\",\"logo\":{\"@type\":\"ImageObject\",\"inLanguage\":\"fi\",\"@id\":\"https:\/\/beautyequipment.shop\/#\/schema\/logo\/image\/\",\"url\":\"https:\/\/beautyequipment.shop\/wp-content\/uploads\/2024\/09\/Beauty-Equipment-logo-300x109-1.webp\",\"contentUrl\":\"https:\/\/beautyequipment.shop\/wp-content\/uploads\/2024\/09\/Beauty-Equipment-logo-300x109-1.webp\",\"width\":300,\"height\":109,\"caption\":\"Beauty Equipment\"},\"image\":{\"@id\":\"https:\/\/beautyequipment.shop\/#\/schema\/logo\/image\/\"},\"sameAs\":[\"https:\/\/facebook.com\/beautyequipment.ou\",\"https:\/\/instagram.com\/tisanoreica.nord\"]}]}<\/script>\n<!-- \/ Yoast SEO plugin. -->","yoast_head_json":{"title":"Nutriderm - Beauty Equipment","robots":{"index":"index","follow":"follow","max-snippet":"max-snippet:-1","max-image-preview":"max-image-preview:large","max-video-preview":"max-video-preview:-1"},"canonical":"https:\/\/beautyequipment.shop\/fi\/toode\/nutriderm-supplement-for-skin\/","og_locale":"fi_FI","og_type":"article","og_title":"Nutriderm - Beauty Equipment","og_description":"Ravintolis\u00e4, jossa on hyaluronihappoa, tyrnikirsikkaa, lipoiinihappoa, goji-marjoja, e-vitamiinia. Edist\u00e4\u00e4 kollageenin tuotantoa ihon normaalia toimintaa varten (c-vitamiini) ja suojaa soluja hapettumisstressilt\u00e4 (e-vitamiini). Gluteeniton. 30 tablettia.","og_url":"https:\/\/beautyequipment.shop\/fi\/toode\/nutriderm-supplement-for-skin\/","og_site_name":"Beauty Equipment","article_publisher":"https:\/\/facebook.com\/beautyequipment.ou","og_image":[{"width":1656,"height":2560,"url":"https:\/\/beautyequipment.shop\/wp-content\/uploads\/2023\/09\/NUTRIDERM_cps30-min-scaled.jpg","type":"image\/jpeg"}],"twitter_card":"summary_large_image","twitter_misc":{"Est. reading time":"1 minuutti"},"schema":{"@context":"https:\/\/schema.org","@graph":[{"@type":"WebPage","@id":"https:\/\/beautyequipment.shop\/fi\/toode\/nutriderm-supplement-for-skin\/","url":"https:\/\/beautyequipment.shop\/fi\/toode\/nutriderm-supplement-for-skin\/","name":"Nutriderm - Beauty Equipment","isPartOf":{"@id":"https:\/\/beautyequipment.shop\/#website"},"primaryImageOfPage":{"@id":"https:\/\/beautyequipment.shop\/fi\/toode\/nutriderm-supplement-for-skin\/#primaryimage"},"image":{"@id":"https:\/\/beautyequipment.shop\/fi\/toode\/nutriderm-supplement-for-skin\/#primaryimage"},"thumbnailUrl":"https:\/\/beautyequipment.shop\/wp-content\/uploads\/2023\/09\/NUTRIDERM_cps30-min-scaled.jpg","datePublished":"2023-09-27T11:11:42+00:00","breadcrumb":{"@id":"https:\/\/beautyequipment.shop\/fi\/toode\/nutriderm-supplement-for-skin\/#breadcrumb"},"inLanguage":"fi","potentialAction":[{"@type":"ReadAction","target":["https:\/\/beautyequipment.shop\/fi\/toode\/nutriderm-supplement-for-skin\/"]}]},{"@type":"ImageObject","inLanguage":"fi","@id":"https:\/\/beautyequipment.shop\/fi\/toode\/nutriderm-supplement-for-skin\/#primaryimage","url":"https:\/\/beautyequipment.shop\/wp-content\/uploads\/2023\/09\/NUTRIDERM_cps30-min-scaled.jpg","contentUrl":"https:\/\/beautyequipment.shop\/wp-content\/uploads\/2023\/09\/NUTRIDERM_cps30-min-scaled.jpg","width":1656,"height":2560,"caption":"Nutriderm ihon ravintolis\u00e4"},{"@type":"BreadcrumbList","@id":"https:\/\/beautyequipment.shop\/fi\/toode\/nutriderm-supplement-for-skin\/#breadcrumb","itemListElement":[{"@type":"ListItem","position":1,"name":"Home","item":"https:\/\/beautyequipment.shop\/fi\/kotisivu\/"},{"@type":"ListItem","position":2,"name":"Osta osoitteessa","item":"https:\/\/beautyequipment.shop\/fi\/shop\/"},{"@type":"ListItem","position":3,"name":"Nutriderm"}]},{"@type":"WebSite","@id":"https:\/\/beautyequipment.shop\/#website","url":"https:\/\/beautyequipment.shop\/","name":"Beauty Equipment","description":"Toidulisandid ilu ja tervise heaks","publisher":{"@id":"https:\/\/beautyequipment.shop\/#organization"},"potentialAction":[{"@type":"SearchAction","target":{"@type":"EntryPoint","urlTemplate":"https:\/\/beautyequipment.shop\/?s={search_term_string}"},"query-input":{"@type":"PropertyValueSpecification","valueRequired":true,"valueName":"search_term_string"}}],"inLanguage":"fi"},{"@type":"Organization","@id":"https:\/\/beautyequipment.shop\/#organization","name":"Beauty Equipment","url":"https:\/\/beautyequipment.shop\/","logo":{"@type":"ImageObject","inLanguage":"fi","@id":"https:\/\/beautyequipment.shop\/#\/schema\/logo\/image\/","url":"https:\/\/beautyequipment.shop\/wp-content\/uploads\/2024\/09\/Beauty-Equipment-logo-300x109-1.webp","contentUrl":"https:\/\/beautyequipment.shop\/wp-content\/uploads\/2024\/09\/Beauty-Equipment-logo-300x109-1.webp","width":300,"height":109,"caption":"Beauty Equipment"},"image":{"@id":"https:\/\/beautyequipment.shop\/#\/schema\/logo\/image\/"},"sameAs":["https:\/\/facebook.com\/beautyequipment.ou","https:\/\/instagram.com\/tisanoreica.nord"]}]}},"_links":{"self":[{"href":"https:\/\/beautyequipment.shop\/fi\/wp-json\/wp\/v2\/product\/718","targetHints":{"allow":["GET"]}}],"collection":[{"href":"https:\/\/beautyequipment.shop\/fi\/wp-json\/wp\/v2\/product"}],"about":[{"href":"https:\/\/beautyequipment.shop\/fi\/wp-json\/wp\/v2\/types\/product"}],"wp:featuredmedia":[{"embeddable":true,"href":"https:\/\/beautyequipment.shop\/fi\/wp-json\/wp\/v2\/media\/525"}],"wp:attachment":[{"href":"https:\/\/beautyequipment.shop\/fi\/wp-json\/wp\/v2\/media?parent=718"}],"wp:term":[{"taxonomy":"product_brand","embeddable":true,"href":"https:\/\/beautyequipment.shop\/fi\/wp-json\/wp\/v2\/product_brand?post=718"},{"taxonomy":"product_cat","embeddable":true,"href":"https:\/\/beautyequipment.shop\/fi\/wp-json\/wp\/v2\/product_cat?post=718"},{"taxonomy":"product_tag","embeddable":true,"href":"https:\/\/beautyequipment.shop\/fi\/wp-json\/wp\/v2\/product_tag?post=718"}],"curies":[{"name":"wp","href":"https:\/\/api.w.org\/{rel}","templated":true}]}}