{"id":699,"date":"2023-10-03T00:57:01","date_gmt":"2023-10-02T21:57:01","guid":{"rendered":"https:\/\/beautyequipment.shop\/toode\/cell-s-o-d\/"},"modified":"2023-10-03T00:57:01","modified_gmt":"2023-10-02T21:57:01","slug":"cell-sod","status":"publish","type":"product","link":"https:\/\/beautyequipment.shop\/fi\/toode\/cell-sod\/","title":{"rendered":"Cell S.O.D."},"content":{"rendered":"<p>CELL SOD RUOKAVALIO, jossa on sokeria ja makeutusaineita.<\/p>\n<p><strong>Koostumus:<\/strong>  Vehn\u00e4t\u00e4rkkelys, fruktoosi, ananasmehujauhe (Ananas comosus (L.) Merr.) varsi, jonka entsymaattinen aktiivisuus on 2400 GDU\/d, happamuudens\u00e4\u00e4t\u00f6aineet: omena- ja sitruunahappo, mausteet, kofeiini, keskiaasialainen vesikukka (Centella asiatica (L.) Merr.) Urb.) lehtien kuivauute, jossa on 45 % triterpeenej\u00e4, paakkuuntumisenestoaine: piidioksidi (nano), p\u00e4\u00e4llystetty pakastemeloni (Cucumis melo L. L.).) mehu (maltodekstriini, j\u00e4\u00e4dytetty melonimehu, kiillotusaine: lakka, jonka SOD-aktiivisuus on 1200 IU\/100 g), sinkkiglukonaatti, makeutusaineet: sukraloosi ja kaliumasetaattisulfaatti, merim\u00e4nnyn (Pinus pinaster Ait.) kuoren kuivauute, jonka prosyanidiinipitoisuus on 67 %, v\u00e4riaine: beetakaroteeni.<\/p>\n<p><strong>Fysiologiset vaikutukset:<\/strong> (ananas, Keski-Aasian vesikukka) MIKROVERSI RENGASFUNKTIONAALISUUS &#8211; JALKAVAHVUUS (Keski-Aasian vesikukka) NAHA TROOPHIA (meloni) ANTIOKSYDANTTI (merim\u00e4nty).<\/p>\n<p><strong>K\u00e4ytt\u00f6ohjeet:<\/strong> suosittelemme ottamaan yhden annospussin (5 g) p\u00e4iv\u00e4ss\u00e4. Kaada 150 ml vett\u00e4 5 g jauheen p\u00e4\u00e4lle ja sekoita, kunnes se on t\u00e4ysin liuennut. On suositeltavaa ottaa se heti valmistuksen j\u00e4lkeen.<\/p>\n<p><strong>Varoitus: <\/strong>\u00c4l\u00e4 ylit\u00e4 suositeltua p\u00e4ivitt\u00e4ist\u00e4 enimm\u00e4isannosta. S\u00e4ilytett\u00e4v\u00e4 alle 3-vuotiaiden lasten ulottumattomissa. Ravintolis\u00e4t eiv\u00e4t korvaa monipuolista ja tasapainoista ruokavaliota ja terveellisi\u00e4 el\u00e4m\u00e4ntapoja. Sis\u00e4lt\u00e4\u00e4 kofeiinia (80 mg\/suositusannos). Ei suositella lapsille, raskauden tai imetyksen aikana. Pidet\u00e4\u00e4n. S\u00e4ilyt\u00e4 viile\u00e4ss\u00e4, kuivassa paikassa huoneenl\u00e4mm\u00f6ss\u00e4 &lt;25\u00b0C. V\u00e4lt\u00e4 altistumista l\u00e4mm\u00f6nl\u00e4hteille ja auringonvalolle.<\/p>\n<p>Parasta ennen -p\u00e4iv\u00e4ys on voimassa avaamattomalle tuotteelle avaamattomassa pakkauksessa, kun se on suljettu ja s\u00e4ilytetty asianmukaisesti.<\/p>\n<p>Er\u00e4- ja parasta ennen -p\u00e4iv\u00e4ys: katso laatikko.<\/p>\n<p><span style=\"background-color: var(--ska-color-site-background, #fff); color: var(--ska-color-site); font-family: var(--ska-theme-font, var(--ska-font-sans)); font-size: var(--ska-theme-font-size, 16px);\">SUOSITELLUN P\u00c4IV\u00c4ANNOKSEN (1 pussi) SIS\u00c4LT\u00d6 5 g:ssa Melonimehu, jolla on SOD-aktiivisuus Ananasmehu, jolla on prosyanidiinipitoisuus Kofeiini Keski-Aasian vesiuute, jolla on triterpeenipitoisuus Ananasmehu, jolla on entsymaattinen aktiivisuus Sinkki<\/span><\/p>\n","protected":false},"excerpt":{"rendered":"<p>V\u00e4hent\u00e4\u00e4 selluliitin ulkon\u00e4k\u00f6\u00e4 ja parantaa mikroverenkierron toimintaa.<\/p>\n","protected":false},"featured_media":522,"template":"","meta":[],"product_brand":[],"product_cat":[60],"product_tag":[],"class_list":{"0":"post-699","1":"product","2":"type-product","3":"status-publish","4":"has-post-thumbnail","6":"product_cat-kehon-osalta","8":"first","9":"instock","10":"taxable","11":"shipping-taxable","12":"purchasable","13":"product-type-simple"},"yoast_head":"<!-- This site is optimized with the Yoast SEO plugin v27.0 - https:\/\/yoast.com\/product\/yoast-seo-wordpress\/ -->\n<title>Cell S.O.D. - Beauty Equipment<\/title>\n<meta name=\"robots\" content=\"index, follow, max-snippet:-1, max-image-preview:large, max-video-preview:-1\" \/>\n<link rel=\"canonical\" href=\"https:\/\/beautyequipment.shop\/fi\/toode\/cell-sod\/\" \/>\n<meta property=\"og:locale\" content=\"fi_FI\" \/>\n<meta property=\"og:type\" content=\"article\" \/>\n<meta property=\"og:title\" content=\"Cell S.O.D. - Beauty Equipment\" \/>\n<meta property=\"og:description\" content=\"V\u00e4hent\u00e4\u00e4 selluliitin ulkon\u00e4k\u00f6\u00e4 ja parantaa mikroverenkierron toimintaa.\" \/>\n<meta property=\"og:url\" content=\"https:\/\/beautyequipment.shop\/fi\/toode\/cell-sod\/\" \/>\n<meta property=\"og:site_name\" content=\"Beauty Equipment\" \/>\n<meta property=\"article:publisher\" content=\"https:\/\/facebook.com\/beautyequipment.ou\" \/>\n<meta property=\"og:image\" content=\"https:\/\/beautyequipment.shop\/wp-content\/uploads\/2023\/09\/CELL_SOD_NEW-min-scaled.jpg\" \/>\n\t<meta property=\"og:image:width\" content=\"2560\" \/>\n\t<meta property=\"og:image:height\" content=\"2560\" \/>\n\t<meta property=\"og:image:type\" content=\"image\/jpeg\" \/>\n<meta name=\"twitter:card\" content=\"summary_large_image\" \/>\n<meta name=\"twitter:label1\" content=\"Est. reading time\" \/>\n\t<meta name=\"twitter:data1\" content=\"1 minuutti\" \/>\n<script type=\"application\/ld+json\" class=\"yoast-schema-graph\">{\"@context\":\"https:\/\/schema.org\",\"@graph\":[{\"@type\":\"WebPage\",\"@id\":\"https:\/\/beautyequipment.shop\/fi\/toode\/cell-sod\/\",\"url\":\"https:\/\/beautyequipment.shop\/fi\/toode\/cell-sod\/\",\"name\":\"Cell S.O.D. - Beauty Equipment\",\"isPartOf\":{\"@id\":\"https:\/\/beautyequipment.shop\/#website\"},\"primaryImageOfPage\":{\"@id\":\"https:\/\/beautyequipment.shop\/fi\/toode\/cell-sod\/#primaryimage\"},\"image\":{\"@id\":\"https:\/\/beautyequipment.shop\/fi\/toode\/cell-sod\/#primaryimage\"},\"thumbnailUrl\":\"https:\/\/beautyequipment.shop\/wp-content\/uploads\/2023\/09\/CELL_SOD_NEW-min-scaled.jpg\",\"datePublished\":\"2023-10-02T21:57:01+00:00\",\"breadcrumb\":{\"@id\":\"https:\/\/beautyequipment.shop\/fi\/toode\/cell-sod\/#breadcrumb\"},\"inLanguage\":\"fi\",\"potentialAction\":[{\"@type\":\"ReadAction\",\"target\":[\"https:\/\/beautyequipment.shop\/fi\/toode\/cell-sod\/\"]}]},{\"@type\":\"ImageObject\",\"inLanguage\":\"fi\",\"@id\":\"https:\/\/beautyequipment.shop\/fi\/toode\/cell-sod\/#primaryimage\",\"url\":\"https:\/\/beautyequipment.shop\/wp-content\/uploads\/2023\/09\/CELL_SOD_NEW-min-scaled.jpg\",\"contentUrl\":\"https:\/\/beautyequipment.shop\/wp-content\/uploads\/2023\/09\/CELL_SOD_NEW-min-scaled.jpg\",\"width\":2560,\"height\":2560,\"caption\":\"cell sod ravintolis\u00e4\"},{\"@type\":\"BreadcrumbList\",\"@id\":\"https:\/\/beautyequipment.shop\/fi\/toode\/cell-sod\/#breadcrumb\",\"itemListElement\":[{\"@type\":\"ListItem\",\"position\":1,\"name\":\"Home\",\"item\":\"https:\/\/beautyequipment.shop\/fi\/kotisivu\/\"},{\"@type\":\"ListItem\",\"position\":2,\"name\":\"Osta osoitteessa\",\"item\":\"https:\/\/beautyequipment.shop\/fi\/shop\/\"},{\"@type\":\"ListItem\",\"position\":3,\"name\":\"Cell S.O.D.\"}]},{\"@type\":\"WebSite\",\"@id\":\"https:\/\/beautyequipment.shop\/#website\",\"url\":\"https:\/\/beautyequipment.shop\/\",\"name\":\"Beauty Equipment\",\"description\":\"Toidulisandid ilu ja tervise heaks\",\"publisher\":{\"@id\":\"https:\/\/beautyequipment.shop\/#organization\"},\"potentialAction\":[{\"@type\":\"SearchAction\",\"target\":{\"@type\":\"EntryPoint\",\"urlTemplate\":\"https:\/\/beautyequipment.shop\/?s={search_term_string}\"},\"query-input\":{\"@type\":\"PropertyValueSpecification\",\"valueRequired\":true,\"valueName\":\"search_term_string\"}}],\"inLanguage\":\"fi\"},{\"@type\":\"Organization\",\"@id\":\"https:\/\/beautyequipment.shop\/#organization\",\"name\":\"Beauty Equipment\",\"url\":\"https:\/\/beautyequipment.shop\/\",\"logo\":{\"@type\":\"ImageObject\",\"inLanguage\":\"fi\",\"@id\":\"https:\/\/beautyequipment.shop\/#\/schema\/logo\/image\/\",\"url\":\"https:\/\/beautyequipment.shop\/wp-content\/uploads\/2024\/09\/Beauty-Equipment-logo-300x109-1.webp\",\"contentUrl\":\"https:\/\/beautyequipment.shop\/wp-content\/uploads\/2024\/09\/Beauty-Equipment-logo-300x109-1.webp\",\"width\":300,\"height\":109,\"caption\":\"Beauty Equipment\"},\"image\":{\"@id\":\"https:\/\/beautyequipment.shop\/#\/schema\/logo\/image\/\"},\"sameAs\":[\"https:\/\/facebook.com\/beautyequipment.ou\",\"https:\/\/instagram.com\/tisanoreica.nord\"]}]}<\/script>\n<!-- \/ Yoast SEO plugin. -->","yoast_head_json":{"title":"Cell S.O.D. - Beauty Equipment","robots":{"index":"index","follow":"follow","max-snippet":"max-snippet:-1","max-image-preview":"max-image-preview:large","max-video-preview":"max-video-preview:-1"},"canonical":"https:\/\/beautyequipment.shop\/fi\/toode\/cell-sod\/","og_locale":"fi_FI","og_type":"article","og_title":"Cell S.O.D. - Beauty Equipment","og_description":"V\u00e4hent\u00e4\u00e4 selluliitin ulkon\u00e4k\u00f6\u00e4 ja parantaa mikroverenkierron toimintaa.","og_url":"https:\/\/beautyequipment.shop\/fi\/toode\/cell-sod\/","og_site_name":"Beauty Equipment","article_publisher":"https:\/\/facebook.com\/beautyequipment.ou","og_image":[{"width":2560,"height":2560,"url":"https:\/\/beautyequipment.shop\/wp-content\/uploads\/2023\/09\/CELL_SOD_NEW-min-scaled.jpg","type":"image\/jpeg"}],"twitter_card":"summary_large_image","twitter_misc":{"Est. reading time":"1 minuutti"},"schema":{"@context":"https:\/\/schema.org","@graph":[{"@type":"WebPage","@id":"https:\/\/beautyequipment.shop\/fi\/toode\/cell-sod\/","url":"https:\/\/beautyequipment.shop\/fi\/toode\/cell-sod\/","name":"Cell S.O.D. - Beauty Equipment","isPartOf":{"@id":"https:\/\/beautyequipment.shop\/#website"},"primaryImageOfPage":{"@id":"https:\/\/beautyequipment.shop\/fi\/toode\/cell-sod\/#primaryimage"},"image":{"@id":"https:\/\/beautyequipment.shop\/fi\/toode\/cell-sod\/#primaryimage"},"thumbnailUrl":"https:\/\/beautyequipment.shop\/wp-content\/uploads\/2023\/09\/CELL_SOD_NEW-min-scaled.jpg","datePublished":"2023-10-02T21:57:01+00:00","breadcrumb":{"@id":"https:\/\/beautyequipment.shop\/fi\/toode\/cell-sod\/#breadcrumb"},"inLanguage":"fi","potentialAction":[{"@type":"ReadAction","target":["https:\/\/beautyequipment.shop\/fi\/toode\/cell-sod\/"]}]},{"@type":"ImageObject","inLanguage":"fi","@id":"https:\/\/beautyequipment.shop\/fi\/toode\/cell-sod\/#primaryimage","url":"https:\/\/beautyequipment.shop\/wp-content\/uploads\/2023\/09\/CELL_SOD_NEW-min-scaled.jpg","contentUrl":"https:\/\/beautyequipment.shop\/wp-content\/uploads\/2023\/09\/CELL_SOD_NEW-min-scaled.jpg","width":2560,"height":2560,"caption":"cell sod ravintolis\u00e4"},{"@type":"BreadcrumbList","@id":"https:\/\/beautyequipment.shop\/fi\/toode\/cell-sod\/#breadcrumb","itemListElement":[{"@type":"ListItem","position":1,"name":"Home","item":"https:\/\/beautyequipment.shop\/fi\/kotisivu\/"},{"@type":"ListItem","position":2,"name":"Osta osoitteessa","item":"https:\/\/beautyequipment.shop\/fi\/shop\/"},{"@type":"ListItem","position":3,"name":"Cell S.O.D."}]},{"@type":"WebSite","@id":"https:\/\/beautyequipment.shop\/#website","url":"https:\/\/beautyequipment.shop\/","name":"Beauty Equipment","description":"Toidulisandid ilu ja tervise heaks","publisher":{"@id":"https:\/\/beautyequipment.shop\/#organization"},"potentialAction":[{"@type":"SearchAction","target":{"@type":"EntryPoint","urlTemplate":"https:\/\/beautyequipment.shop\/?s={search_term_string}"},"query-input":{"@type":"PropertyValueSpecification","valueRequired":true,"valueName":"search_term_string"}}],"inLanguage":"fi"},{"@type":"Organization","@id":"https:\/\/beautyequipment.shop\/#organization","name":"Beauty Equipment","url":"https:\/\/beautyequipment.shop\/","logo":{"@type":"ImageObject","inLanguage":"fi","@id":"https:\/\/beautyequipment.shop\/#\/schema\/logo\/image\/","url":"https:\/\/beautyequipment.shop\/wp-content\/uploads\/2024\/09\/Beauty-Equipment-logo-300x109-1.webp","contentUrl":"https:\/\/beautyequipment.shop\/wp-content\/uploads\/2024\/09\/Beauty-Equipment-logo-300x109-1.webp","width":300,"height":109,"caption":"Beauty Equipment"},"image":{"@id":"https:\/\/beautyequipment.shop\/#\/schema\/logo\/image\/"},"sameAs":["https:\/\/facebook.com\/beautyequipment.ou","https:\/\/instagram.com\/tisanoreica.nord"]}]}},"_links":{"self":[{"href":"https:\/\/beautyequipment.shop\/fi\/wp-json\/wp\/v2\/product\/699","targetHints":{"allow":["GET"]}}],"collection":[{"href":"https:\/\/beautyequipment.shop\/fi\/wp-json\/wp\/v2\/product"}],"about":[{"href":"https:\/\/beautyequipment.shop\/fi\/wp-json\/wp\/v2\/types\/product"}],"wp:featuredmedia":[{"embeddable":true,"href":"https:\/\/beautyequipment.shop\/fi\/wp-json\/wp\/v2\/media\/522"}],"wp:attachment":[{"href":"https:\/\/beautyequipment.shop\/fi\/wp-json\/wp\/v2\/media?parent=699"}],"wp:term":[{"taxonomy":"product_brand","embeddable":true,"href":"https:\/\/beautyequipment.shop\/fi\/wp-json\/wp\/v2\/product_brand?post=699"},{"taxonomy":"product_cat","embeddable":true,"href":"https:\/\/beautyequipment.shop\/fi\/wp-json\/wp\/v2\/product_cat?post=699"},{"taxonomy":"product_tag","embeddable":true,"href":"https:\/\/beautyequipment.shop\/fi\/wp-json\/wp\/v2\/product_tag?post=699"}],"curies":[{"name":"wp","href":"https:\/\/api.w.org\/{rel}","templated":true}]}}