{"id":693,"date":"2023-10-03T01:08:50","date_gmt":"2023-10-02T22:08:50","guid":{"rendered":"https:\/\/beautyequipment.shop\/toode\/21-vaihdevuodet\/"},"modified":"2023-10-03T01:08:50","modified_gmt":"2023-10-02T22:08:50","slug":"menopausnel","status":"publish","type":"product","link":"https:\/\/beautyequipment.shop\/fi\/toode\/menopausnel\/","title":{"rendered":"21 Vaihdevuodet"},"content":{"rendered":"<p>Vaihdevuosien ravintolis\u00e4 on valmistettu l\u00e4\u00e4kekasvien vesiuutteista.<\/p>\n<p><strong>Koostumus:<\/strong>  Seuraavien kasvien 70-prosenttiset vesipitoiset uutteet: Humulus lupulus L. -kasvin kukka, Serenoa repens (W.Bartram) Small -kasvin hedelm\u00e4, Salvia officinalis L. -kasvin lehdet, Betula pendula Roth. -kasvin lehdet, Damiana (Turnera diffusa Wild.) -kasvin lehdet. ex Schult.) lehdet, ananaksen (Ananas comosus (L.) Merr.) varsi, Spirulina (Spirulina platensis (Gomont) Geitler) lev\u00e4, Lespedeza (Lespedeza capitata Michx.) lehdet, mustapyrst\u00f6 (Raphanus sativus var. niger (Mill.) J.Kern.) juuri. Vesi, mausteet, v\u00e4riaine (tavallinen karamelli), makeutusaine: Stevian lehdist\u00e4 saatavat stevioliglukosidit. Fysiologinen vaikutus. Salvia: lievitt\u00e4\u00e4 vaihdevuosioireita, antioksidantti; ananas: v\u00e4hent\u00e4\u00e4 selluliitin ilmenemismuotoja; Lespedeza: vaikuttaa rasva-aineenvaihduntaan.<\/p>\n<p><strong>K\u00e4ytt\u00f6ohje:<\/strong> suosittelemme, ett\u00e4 liuotat 1-2 tikkua 1,5 litraan vett\u00e4 ja nautit p\u00e4iv\u00e4n aikana. V\u00e4rin, maun ja mahdollisen sedimentaation v\u00e4h\u00e4iset vaihtelut liittyv\u00e4t kasviper\u00e4isten ainesosien normaaliin vaihteluun, eiv\u00e4tk\u00e4 ne merkitse muutoksia tuotteen laadussa.<\/p>\n<p><strong>Varoitus:<\/strong> ravista ennen k\u00e4ytt\u00f6\u00e4. S\u00e4ilyt\u00e4 viile\u00e4ss\u00e4 paikassa. S\u00e4ilytett\u00e4v\u00e4 alle 3-vuotiaiden lasten ulottumattomissa. \u00c4l\u00e4 ylit\u00e4 suositeltua vuorokausiannosta. Ei suositella raskauden ja imetyksen aikana. Ravintolis\u00e4t eiv\u00e4t korvaa monipuolista ja tasapainoista ruokavaliota ja terveellisi\u00e4 el\u00e4m\u00e4ntapoja. Sit\u00e4 tulisi k\u00e4ytt\u00e4\u00e4 osana sopivaa v\u00e4h\u00e4kalorista ruokavaliota ja noudattaa terveellisi\u00e4 el\u00e4m\u00e4ntapoja ja riitt\u00e4v\u00e4sti liikuntaa. Pitkien, yli kolme viikkoa kest\u00e4vien dieettien osalta suosittelemme l\u00e4\u00e4k\u00e4rin neuvontaa. Ei suositella hedelm\u00e4llisess\u00e4 i\u00e4ss\u00e4 oleville naisille eik\u00e4 molempien sukupuolten esipuberteetti-ik\u00e4isille.<\/p>\n<p>SUOSITELTAVAT AINESOSAT (2 tikkua p\u00e4iv\u00e4ss\u00e4): humala mm. 7,20 g, sahapalmu mm. 6,00 g, salvia mm. 6,00 g, koivu mm. 6,00 g, koivu mm.e. 6,00 g, Damiana a.e. 4,80 g, Ananas a.e. 4,80 g, Spirulina a.e. 3,60 g, Lespedeza a.e. 2,40 g, Musta piparjuuri a.e. 1,20 g.<\/p>\n<p>Parasta ennen -p\u00e4iv\u00e4ys koskee tuotteita, jotka ovat olleet avaamattomia ja oikein s\u00e4ilytettyj\u00e4.<\/p>\n<p>Er\u00e4 ja parasta ennen -p\u00e4iv\u00e4ys: katso yl\u00e4reuna.<\/p>\n<p>Tuottaja, pakkaaja ja jakelija: GIANLUCA MECH SPA Via Rodolfo Mech 80, 36020 Asigliano Veneto (VI), Italia.<\/p>\n<p>16 tikkua, 30 ml kukin<\/p>\n<p>ALKOHOLITON &#8211; SOKERITON* &#8211; S\u00c4IL\u00d6NT\u00c4AINEETON &#8211; GLUTEENITON. MAKERTAISUUTTA ANTAA STEVIA LEHTIT\u00c4RKKI *SOKERIT&lt;0,5g\/100ml<\/p>\n","protected":false},"excerpt":{"rendered":"<p>Lievitt\u00e4\u00e4 vaihdevuosioireita ja parantaa rasva-aineenvaihduntaa.<\/p>\n","protected":false},"featured_media":543,"template":"","meta":[],"product_brand":[],"product_cat":[59,60],"product_tag":[],"class_list":{"0":"post-693","1":"product","2":"type-product","3":"status-publish","4":"has-post-thumbnail","6":"product_cat-lisaykset","7":"product_cat-kehon-osalta","9":"first","10":"instock","11":"taxable","12":"shipping-taxable","13":"purchasable","14":"product-type-simple"},"yoast_head":"<!-- This site is optimized with the Yoast SEO plugin v27.0 - https:\/\/yoast.com\/product\/yoast-seo-wordpress\/ -->\n<title>21 Vaihdevuodet - Beauty Equipment<\/title>\n<meta name=\"robots\" content=\"index, follow, max-snippet:-1, max-image-preview:large, max-video-preview:-1\" \/>\n<link rel=\"canonical\" href=\"https:\/\/beautyequipment.shop\/fi\/toode\/menopausnel\/\" \/>\n<meta property=\"og:locale\" content=\"fi_FI\" \/>\n<meta property=\"og:type\" content=\"article\" \/>\n<meta property=\"og:title\" content=\"21 Vaihdevuodet - Beauty Equipment\" \/>\n<meta property=\"og:description\" content=\"Lievitt\u00e4\u00e4 vaihdevuosioireita ja parantaa rasva-aineenvaihduntaa.\" \/>\n<meta property=\"og:url\" content=\"https:\/\/beautyequipment.shop\/fi\/toode\/menopausnel\/\" \/>\n<meta property=\"og:site_name\" content=\"Beauty Equipment\" \/>\n<meta property=\"article:publisher\" content=\"https:\/\/facebook.com\/beautyequipment.ou\" \/>\n<meta property=\"og:image\" content=\"https:\/\/beautyequipment.shop\/wp-content\/uploads\/2023\/09\/render_Decottopia_IT_21-MENOPAUSNEL-min-scaled.jpg\" \/>\n\t<meta property=\"og:image:width\" content=\"2560\" \/>\n\t<meta property=\"og:image:height\" content=\"2560\" \/>\n\t<meta property=\"og:image:type\" content=\"image\/jpeg\" \/>\n<meta name=\"twitter:card\" content=\"summary_large_image\" \/>\n<meta name=\"twitter:label1\" content=\"Est. reading time\" \/>\n\t<meta name=\"twitter:data1\" content=\"2 minuuttia\" \/>\n<script type=\"application\/ld+json\" class=\"yoast-schema-graph\">{\"@context\":\"https:\/\/schema.org\",\"@graph\":[{\"@type\":\"WebPage\",\"@id\":\"https:\/\/beautyequipment.shop\/fi\/toode\/menopausnel\/\",\"url\":\"https:\/\/beautyequipment.shop\/fi\/toode\/menopausnel\/\",\"name\":\"21 Vaihdevuodet - Beauty Equipment\",\"isPartOf\":{\"@id\":\"https:\/\/beautyequipment.shop\/#website\"},\"primaryImageOfPage\":{\"@id\":\"https:\/\/beautyequipment.shop\/fi\/toode\/menopausnel\/#primaryimage\"},\"image\":{\"@id\":\"https:\/\/beautyequipment.shop\/fi\/toode\/menopausnel\/#primaryimage\"},\"thumbnailUrl\":\"https:\/\/beautyequipment.shop\/wp-content\/uploads\/2023\/09\/render_Decottopia_IT_21-MENOPAUSNEL-min-scaled.jpg\",\"datePublished\":\"2023-10-02T22:08:50+00:00\",\"breadcrumb\":{\"@id\":\"https:\/\/beautyequipment.shop\/fi\/toode\/menopausnel\/#breadcrumb\"},\"inLanguage\":\"fi\",\"potentialAction\":[{\"@type\":\"ReadAction\",\"target\":[\"https:\/\/beautyequipment.shop\/fi\/toode\/menopausnel\/\"]}]},{\"@type\":\"ImageObject\",\"inLanguage\":\"fi\",\"@id\":\"https:\/\/beautyequipment.shop\/fi\/toode\/menopausnel\/#primaryimage\",\"url\":\"https:\/\/beautyequipment.shop\/wp-content\/uploads\/2023\/09\/render_Decottopia_IT_21-MENOPAUSNEL-min-scaled.jpg\",\"contentUrl\":\"https:\/\/beautyequipment.shop\/wp-content\/uploads\/2023\/09\/render_Decottopia_IT_21-MENOPAUSNEL-min-scaled.jpg\",\"width\":2560,\"height\":2560,\"caption\":\"gianluca mech menopausnel\"},{\"@type\":\"BreadcrumbList\",\"@id\":\"https:\/\/beautyequipment.shop\/fi\/toode\/menopausnel\/#breadcrumb\",\"itemListElement\":[{\"@type\":\"ListItem\",\"position\":1,\"name\":\"Home\",\"item\":\"https:\/\/beautyequipment.shop\/fi\/kotisivu\/\"},{\"@type\":\"ListItem\",\"position\":2,\"name\":\"Osta osoitteessa\",\"item\":\"https:\/\/beautyequipment.shop\/fi\/shop\/\"},{\"@type\":\"ListItem\",\"position\":3,\"name\":\"21 Vaihdevuodet\"}]},{\"@type\":\"WebSite\",\"@id\":\"https:\/\/beautyequipment.shop\/#website\",\"url\":\"https:\/\/beautyequipment.shop\/\",\"name\":\"Beauty Equipment\",\"description\":\"Toidulisandid ilu ja tervise heaks\",\"publisher\":{\"@id\":\"https:\/\/beautyequipment.shop\/#organization\"},\"potentialAction\":[{\"@type\":\"SearchAction\",\"target\":{\"@type\":\"EntryPoint\",\"urlTemplate\":\"https:\/\/beautyequipment.shop\/?s={search_term_string}\"},\"query-input\":{\"@type\":\"PropertyValueSpecification\",\"valueRequired\":true,\"valueName\":\"search_term_string\"}}],\"inLanguage\":\"fi\"},{\"@type\":\"Organization\",\"@id\":\"https:\/\/beautyequipment.shop\/#organization\",\"name\":\"Beauty Equipment\",\"url\":\"https:\/\/beautyequipment.shop\/\",\"logo\":{\"@type\":\"ImageObject\",\"inLanguage\":\"fi\",\"@id\":\"https:\/\/beautyequipment.shop\/#\/schema\/logo\/image\/\",\"url\":\"https:\/\/beautyequipment.shop\/wp-content\/uploads\/2024\/09\/Beauty-Equipment-logo-300x109-1.webp\",\"contentUrl\":\"https:\/\/beautyequipment.shop\/wp-content\/uploads\/2024\/09\/Beauty-Equipment-logo-300x109-1.webp\",\"width\":300,\"height\":109,\"caption\":\"Beauty Equipment\"},\"image\":{\"@id\":\"https:\/\/beautyequipment.shop\/#\/schema\/logo\/image\/\"},\"sameAs\":[\"https:\/\/facebook.com\/beautyequipment.ou\",\"https:\/\/instagram.com\/tisanoreica.nord\"]}]}<\/script>\n<!-- \/ Yoast SEO plugin. -->","yoast_head_json":{"title":"21 Vaihdevuodet - Beauty Equipment","robots":{"index":"index","follow":"follow","max-snippet":"max-snippet:-1","max-image-preview":"max-image-preview:large","max-video-preview":"max-video-preview:-1"},"canonical":"https:\/\/beautyequipment.shop\/fi\/toode\/menopausnel\/","og_locale":"fi_FI","og_type":"article","og_title":"21 Vaihdevuodet - Beauty Equipment","og_description":"Lievitt\u00e4\u00e4 vaihdevuosioireita ja parantaa rasva-aineenvaihduntaa.","og_url":"https:\/\/beautyequipment.shop\/fi\/toode\/menopausnel\/","og_site_name":"Beauty Equipment","article_publisher":"https:\/\/facebook.com\/beautyequipment.ou","og_image":[{"width":2560,"height":2560,"url":"https:\/\/beautyequipment.shop\/wp-content\/uploads\/2023\/09\/render_Decottopia_IT_21-MENOPAUSNEL-min-scaled.jpg","type":"image\/jpeg"}],"twitter_card":"summary_large_image","twitter_misc":{"Est. reading time":"2 minuuttia"},"schema":{"@context":"https:\/\/schema.org","@graph":[{"@type":"WebPage","@id":"https:\/\/beautyequipment.shop\/fi\/toode\/menopausnel\/","url":"https:\/\/beautyequipment.shop\/fi\/toode\/menopausnel\/","name":"21 Vaihdevuodet - Beauty Equipment","isPartOf":{"@id":"https:\/\/beautyequipment.shop\/#website"},"primaryImageOfPage":{"@id":"https:\/\/beautyequipment.shop\/fi\/toode\/menopausnel\/#primaryimage"},"image":{"@id":"https:\/\/beautyequipment.shop\/fi\/toode\/menopausnel\/#primaryimage"},"thumbnailUrl":"https:\/\/beautyequipment.shop\/wp-content\/uploads\/2023\/09\/render_Decottopia_IT_21-MENOPAUSNEL-min-scaled.jpg","datePublished":"2023-10-02T22:08:50+00:00","breadcrumb":{"@id":"https:\/\/beautyequipment.shop\/fi\/toode\/menopausnel\/#breadcrumb"},"inLanguage":"fi","potentialAction":[{"@type":"ReadAction","target":["https:\/\/beautyequipment.shop\/fi\/toode\/menopausnel\/"]}]},{"@type":"ImageObject","inLanguage":"fi","@id":"https:\/\/beautyequipment.shop\/fi\/toode\/menopausnel\/#primaryimage","url":"https:\/\/beautyequipment.shop\/wp-content\/uploads\/2023\/09\/render_Decottopia_IT_21-MENOPAUSNEL-min-scaled.jpg","contentUrl":"https:\/\/beautyequipment.shop\/wp-content\/uploads\/2023\/09\/render_Decottopia_IT_21-MENOPAUSNEL-min-scaled.jpg","width":2560,"height":2560,"caption":"gianluca mech menopausnel"},{"@type":"BreadcrumbList","@id":"https:\/\/beautyequipment.shop\/fi\/toode\/menopausnel\/#breadcrumb","itemListElement":[{"@type":"ListItem","position":1,"name":"Home","item":"https:\/\/beautyequipment.shop\/fi\/kotisivu\/"},{"@type":"ListItem","position":2,"name":"Osta osoitteessa","item":"https:\/\/beautyequipment.shop\/fi\/shop\/"},{"@type":"ListItem","position":3,"name":"21 Vaihdevuodet"}]},{"@type":"WebSite","@id":"https:\/\/beautyequipment.shop\/#website","url":"https:\/\/beautyequipment.shop\/","name":"Beauty Equipment","description":"Toidulisandid ilu ja tervise heaks","publisher":{"@id":"https:\/\/beautyequipment.shop\/#organization"},"potentialAction":[{"@type":"SearchAction","target":{"@type":"EntryPoint","urlTemplate":"https:\/\/beautyequipment.shop\/?s={search_term_string}"},"query-input":{"@type":"PropertyValueSpecification","valueRequired":true,"valueName":"search_term_string"}}],"inLanguage":"fi"},{"@type":"Organization","@id":"https:\/\/beautyequipment.shop\/#organization","name":"Beauty Equipment","url":"https:\/\/beautyequipment.shop\/","logo":{"@type":"ImageObject","inLanguage":"fi","@id":"https:\/\/beautyequipment.shop\/#\/schema\/logo\/image\/","url":"https:\/\/beautyequipment.shop\/wp-content\/uploads\/2024\/09\/Beauty-Equipment-logo-300x109-1.webp","contentUrl":"https:\/\/beautyequipment.shop\/wp-content\/uploads\/2024\/09\/Beauty-Equipment-logo-300x109-1.webp","width":300,"height":109,"caption":"Beauty Equipment"},"image":{"@id":"https:\/\/beautyequipment.shop\/#\/schema\/logo\/image\/"},"sameAs":["https:\/\/facebook.com\/beautyequipment.ou","https:\/\/instagram.com\/tisanoreica.nord"]}]}},"_links":{"self":[{"href":"https:\/\/beautyequipment.shop\/fi\/wp-json\/wp\/v2\/product\/693","targetHints":{"allow":["GET"]}}],"collection":[{"href":"https:\/\/beautyequipment.shop\/fi\/wp-json\/wp\/v2\/product"}],"about":[{"href":"https:\/\/beautyequipment.shop\/fi\/wp-json\/wp\/v2\/types\/product"}],"wp:featuredmedia":[{"embeddable":true,"href":"https:\/\/beautyequipment.shop\/fi\/wp-json\/wp\/v2\/media\/543"}],"wp:attachment":[{"href":"https:\/\/beautyequipment.shop\/fi\/wp-json\/wp\/v2\/media?parent=693"}],"wp:term":[{"taxonomy":"product_brand","embeddable":true,"href":"https:\/\/beautyequipment.shop\/fi\/wp-json\/wp\/v2\/product_brand?post=693"},{"taxonomy":"product_cat","embeddable":true,"href":"https:\/\/beautyequipment.shop\/fi\/wp-json\/wp\/v2\/product_cat?post=693"},{"taxonomy":"product_tag","embeddable":true,"href":"https:\/\/beautyequipment.shop\/fi\/wp-json\/wp\/v2\/product_tag?post=693"}],"curies":[{"name":"wp","href":"https:\/\/api.w.org\/{rel}","templated":true}]}}