{"id":692,"date":"2023-09-27T14:18:51","date_gmt":"2023-09-27T11:18:51","guid":{"rendered":"https:\/\/beautyequipment.shop\/toode\/ote-05-depurativo-derma\/"},"modified":"2023-11-04T14:33:42","modified_gmt":"2023-11-04T12:33:42","slug":"05-ihottuma-derma","status":"publish","type":"product","link":"https:\/\/beautyequipment.shop\/fi\/toode\/05-ihottuma-derma\/","title":{"rendered":"05 Depurativo derma"},"content":{"rendered":"<p>Ainesosat: vesipitoinen ote yrtteist\u00e4 70 %: mustaseetri (Sambucus nigra L.) kukat, keh\u00e4kukan (Calendula officinalis L.) kukinnot, voikukka (Taraxacum officinale (L.) Weber ex F.H.Wigg.) juuren, aniksen (Pimpinella anisum L.) hedelm\u00e4n, latva-artisokan (Cynara scolymus L.) lehden, laventelin (Lavandula hybrida Balb. ex Ging.) lehdyk\u00e4n ja kukkien, lakritsan (Glycyrrhiza glabra L.), laventelin (Lavandula hybrida Balb. ex Ging.) juuri, kasviruusun (Althaea officinalis L.) juuri, keh\u00e4kukan (Bellis perennis L.) kukinnot, Marrubium vulgare L. (Marrubium vulgare L.) lehdet ja kukat, sitruunamelissa (Melissa officinalis L.).) lehti, keuhkolehdon (Pulmonaria officinalis L.) lehti, sarsaparillan (Smilax medica Schltdl. et Cham.) juuri, kukkalehden (Tilia platyphyllos Scop.) kukat, karhunvatukan (Arctostaphylos uva ursi L. Spreng.) lehti. Vesi, mausteet. V\u00e4riaine: tavallinen karamelli.<\/p>\n<p>K\u00e4ytt\u00f6ohjeet: suosittelemme liuottamaan tikun v\u00e4hint\u00e4\u00e4n 500 ml:aan vett\u00e4 ja juomaan p\u00e4iv\u00e4n aikana. Sit\u00e4 suositellaan my\u00f6s ennen auringolle altistumista ja sen aikana.<\/p>\n<p>V\u00e4rin, maun ja mahdollisen saostuman v\u00e4h\u00e4iset vaihtelut liittyv\u00e4t kasviper\u00e4isten ainesosien normaaliin vaihteluun, eiv\u00e4tk\u00e4 ne merkitse tuotteen laadun muuttumista.<\/p>\n<p>Varoitus: ravista ennen k\u00e4ytt\u00f6\u00e4. S\u00e4ilyt\u00e4 viile\u00e4ss\u00e4 paikassa. S\u00e4ilytett\u00e4v\u00e4 alle 3-vuotiaiden lasten ulottumattomissa. \u00c4l\u00e4 ylit\u00e4 suositeltua vuorokausiannosta. Ravintolis\u00e4t eiv\u00e4t korvaa monipuolista, tasapainoista ruokavaliota ja terveellisi\u00e4 el\u00e4m\u00e4ntapoja. Ei suositella raskauden ja imetyksen aikana!<\/p>\n<p>Keskim\u00e4\u00e4r\u00e4inen pitoisuus yhdess\u00e4 annoksessa (1 tikku p\u00e4iv\u00e4ss\u00e4): mustaseetri a.e. 2,4 g, lilja a.e. 1,8 g, voikukka a.e. 1,8 g, anis a.e. 1,5 g, artisokka a.e. 1,5 g, laventeli a.e. 1,2 g, lakritsi a.e. 1,2 g, Cassinaria a.e. 1,2 g, Carob a.e. 1,2 g, Marrub a.e. 1,2 g, Lemon balm a.e. 1,2 g, Lettuce a.e. 1,2 g, Sarsaparilla a.e. 1,2 g, Currant a.e. 1,2 g, Currant a.e. 1,2 g.<\/p>\n<p>Parasta ennen -p\u00e4iv\u00e4ys koskee avaamatonta ja asianmukaisesti s\u00e4ilytetty\u00e4 tuotetta. Er\u00e4- ja parasta ennen -p\u00e4iv\u00e4ys: katso yl\u00e4reunasta.<\/p>\n<p>Valmistaja, pakkaaja ja jakelija: GIANLUCA MECH SPA, Via Rodolfo Mech 80, 36020 Asigliano Veneto (VI), Italia.<\/p>\n<p>16 tikkua, 30 ml kukin<\/p>\n<p>ALKOHOLITON &#8211; MAKUUTON* &#8211; S\u00c4ILI\u00d6TON &#8211; GLUTEENITON *SOKERIT&lt;0,5 g\/100 ml.<\/p>\n","protected":false},"excerpt":{"rendered":"<p>L\u00e4\u00e4kekasvien vesiuutteista valmistettu ravintolis\u00e4. Fysiologiset vaikutukset. Saialilla: ihon tropismi ja toiminnallisuus; Sarsaparilla: kehon puhdistustoiminnot (ihon hyvinvointi).<\/p>\n","protected":false},"featured_media":531,"template":"","meta":[],"product_brand":[],"product_cat":[59],"product_tag":[],"class_list":{"0":"post-692","1":"product","2":"type-product","3":"status-publish","4":"has-post-thumbnail","6":"product_cat-lisaykset","8":"first","9":"instock","10":"taxable","11":"shipping-taxable","12":"purchasable","13":"product-type-simple"},"yoast_head":"<!-- This site is optimized with the Yoast SEO plugin v27.0 - https:\/\/yoast.com\/product\/yoast-seo-wordpress\/ -->\n<title>05 Depurativo derma - Beauty Equipment<\/title>\n<meta name=\"robots\" content=\"index, follow, max-snippet:-1, max-image-preview:large, max-video-preview:-1\" \/>\n<link rel=\"canonical\" href=\"https:\/\/beautyequipment.shop\/fi\/toode\/05-ihottuma-derma\/\" \/>\n<meta property=\"og:locale\" content=\"fi_FI\" \/>\n<meta property=\"og:type\" content=\"article\" \/>\n<meta property=\"og:title\" content=\"05 Depurativo derma - Beauty Equipment\" \/>\n<meta property=\"og:description\" content=\"L\u00e4\u00e4kekasvien vesiuutteista valmistettu ravintolis\u00e4. Fysiologiset vaikutukset. Saialilla: ihon tropismi ja toiminnallisuus; Sarsaparilla: kehon puhdistustoiminnot (ihon hyvinvointi).\" \/>\n<meta property=\"og:url\" content=\"https:\/\/beautyequipment.shop\/fi\/toode\/05-ihottuma-derma\/\" \/>\n<meta property=\"og:site_name\" content=\"Beauty Equipment\" \/>\n<meta property=\"article:publisher\" content=\"https:\/\/facebook.com\/beautyequipment.ou\" \/>\n<meta property=\"article:modified_time\" content=\"2023-11-04T12:33:42+00:00\" \/>\n<meta property=\"og:image\" content=\"https:\/\/beautyequipment.shop\/wp-content\/uploads\/2023\/09\/render_Decottopia_IT_05-min-scaled.jpg\" \/>\n\t<meta property=\"og:image:width\" content=\"2560\" \/>\n\t<meta property=\"og:image:height\" content=\"2560\" \/>\n\t<meta property=\"og:image:type\" content=\"image\/jpeg\" \/>\n<meta name=\"twitter:card\" content=\"summary_large_image\" \/>\n<meta name=\"twitter:label1\" content=\"Est. reading time\" \/>\n\t<meta name=\"twitter:data1\" content=\"2 minuuttia\" \/>\n<script type=\"application\/ld+json\" class=\"yoast-schema-graph\">{\"@context\":\"https:\/\/schema.org\",\"@graph\":[{\"@type\":\"WebPage\",\"@id\":\"https:\/\/beautyequipment.shop\/fi\/toode\/05-ihottuma-derma\/\",\"url\":\"https:\/\/beautyequipment.shop\/fi\/toode\/05-ihottuma-derma\/\",\"name\":\"05 Depurativo derma - Beauty Equipment\",\"isPartOf\":{\"@id\":\"https:\/\/beautyequipment.shop\/#website\"},\"primaryImageOfPage\":{\"@id\":\"https:\/\/beautyequipment.shop\/fi\/toode\/05-ihottuma-derma\/#primaryimage\"},\"image\":{\"@id\":\"https:\/\/beautyequipment.shop\/fi\/toode\/05-ihottuma-derma\/#primaryimage\"},\"thumbnailUrl\":\"https:\/\/beautyequipment.shop\/wp-content\/uploads\/2023\/09\/render_Decottopia_IT_05-min-scaled.jpg\",\"datePublished\":\"2023-09-27T11:18:51+00:00\",\"dateModified\":\"2023-11-04T12:33:42+00:00\",\"breadcrumb\":{\"@id\":\"https:\/\/beautyequipment.shop\/fi\/toode\/05-ihottuma-derma\/#breadcrumb\"},\"inLanguage\":\"fi\",\"potentialAction\":[{\"@type\":\"ReadAction\",\"target\":[\"https:\/\/beautyequipment.shop\/fi\/toode\/05-ihottuma-derma\/\"]}]},{\"@type\":\"ImageObject\",\"inLanguage\":\"fi\",\"@id\":\"https:\/\/beautyequipment.shop\/fi\/toode\/05-ihottuma-derma\/#primaryimage\",\"url\":\"https:\/\/beautyequipment.shop\/wp-content\/uploads\/2023\/09\/render_Decottopia_IT_05-min-scaled.jpg\",\"contentUrl\":\"https:\/\/beautyequipment.shop\/wp-content\/uploads\/2023\/09\/render_Decottopia_IT_05-min-scaled.jpg\",\"width\":2560,\"height\":2560},{\"@type\":\"BreadcrumbList\",\"@id\":\"https:\/\/beautyequipment.shop\/fi\/toode\/05-ihottuma-derma\/#breadcrumb\",\"itemListElement\":[{\"@type\":\"ListItem\",\"position\":1,\"name\":\"Home\",\"item\":\"https:\/\/beautyequipment.shop\/fi\/kotisivu\/\"},{\"@type\":\"ListItem\",\"position\":2,\"name\":\"Osta osoitteessa\",\"item\":\"https:\/\/beautyequipment.shop\/fi\/shop\/\"},{\"@type\":\"ListItem\",\"position\":3,\"name\":\"05 Depurativo derma\"}]},{\"@type\":\"WebSite\",\"@id\":\"https:\/\/beautyequipment.shop\/#website\",\"url\":\"https:\/\/beautyequipment.shop\/\",\"name\":\"Beauty Equipment\",\"description\":\"Toidulisandid ilu ja tervise heaks\",\"publisher\":{\"@id\":\"https:\/\/beautyequipment.shop\/#organization\"},\"potentialAction\":[{\"@type\":\"SearchAction\",\"target\":{\"@type\":\"EntryPoint\",\"urlTemplate\":\"https:\/\/beautyequipment.shop\/?s={search_term_string}\"},\"query-input\":{\"@type\":\"PropertyValueSpecification\",\"valueRequired\":true,\"valueName\":\"search_term_string\"}}],\"inLanguage\":\"fi\"},{\"@type\":\"Organization\",\"@id\":\"https:\/\/beautyequipment.shop\/#organization\",\"name\":\"Beauty Equipment\",\"url\":\"https:\/\/beautyequipment.shop\/\",\"logo\":{\"@type\":\"ImageObject\",\"inLanguage\":\"fi\",\"@id\":\"https:\/\/beautyequipment.shop\/#\/schema\/logo\/image\/\",\"url\":\"https:\/\/beautyequipment.shop\/wp-content\/uploads\/2024\/09\/Beauty-Equipment-logo-300x109-1.webp\",\"contentUrl\":\"https:\/\/beautyequipment.shop\/wp-content\/uploads\/2024\/09\/Beauty-Equipment-logo-300x109-1.webp\",\"width\":300,\"height\":109,\"caption\":\"Beauty Equipment\"},\"image\":{\"@id\":\"https:\/\/beautyequipment.shop\/#\/schema\/logo\/image\/\"},\"sameAs\":[\"https:\/\/facebook.com\/beautyequipment.ou\",\"https:\/\/instagram.com\/tisanoreica.nord\"]}]}<\/script>\n<!-- \/ Yoast SEO plugin. -->","yoast_head_json":{"title":"05 Depurativo derma - Beauty Equipment","robots":{"index":"index","follow":"follow","max-snippet":"max-snippet:-1","max-image-preview":"max-image-preview:large","max-video-preview":"max-video-preview:-1"},"canonical":"https:\/\/beautyequipment.shop\/fi\/toode\/05-ihottuma-derma\/","og_locale":"fi_FI","og_type":"article","og_title":"05 Depurativo derma - Beauty Equipment","og_description":"L\u00e4\u00e4kekasvien vesiuutteista valmistettu ravintolis\u00e4. Fysiologiset vaikutukset. Saialilla: ihon tropismi ja toiminnallisuus; Sarsaparilla: kehon puhdistustoiminnot (ihon hyvinvointi).","og_url":"https:\/\/beautyequipment.shop\/fi\/toode\/05-ihottuma-derma\/","og_site_name":"Beauty Equipment","article_publisher":"https:\/\/facebook.com\/beautyequipment.ou","article_modified_time":"2023-11-04T12:33:42+00:00","og_image":[{"width":2560,"height":2560,"url":"https:\/\/beautyequipment.shop\/wp-content\/uploads\/2023\/09\/render_Decottopia_IT_05-min-scaled.jpg","type":"image\/jpeg"}],"twitter_card":"summary_large_image","twitter_misc":{"Est. reading time":"2 minuuttia"},"schema":{"@context":"https:\/\/schema.org","@graph":[{"@type":"WebPage","@id":"https:\/\/beautyequipment.shop\/fi\/toode\/05-ihottuma-derma\/","url":"https:\/\/beautyequipment.shop\/fi\/toode\/05-ihottuma-derma\/","name":"05 Depurativo derma - Beauty Equipment","isPartOf":{"@id":"https:\/\/beautyequipment.shop\/#website"},"primaryImageOfPage":{"@id":"https:\/\/beautyequipment.shop\/fi\/toode\/05-ihottuma-derma\/#primaryimage"},"image":{"@id":"https:\/\/beautyequipment.shop\/fi\/toode\/05-ihottuma-derma\/#primaryimage"},"thumbnailUrl":"https:\/\/beautyequipment.shop\/wp-content\/uploads\/2023\/09\/render_Decottopia_IT_05-min-scaled.jpg","datePublished":"2023-09-27T11:18:51+00:00","dateModified":"2023-11-04T12:33:42+00:00","breadcrumb":{"@id":"https:\/\/beautyequipment.shop\/fi\/toode\/05-ihottuma-derma\/#breadcrumb"},"inLanguage":"fi","potentialAction":[{"@type":"ReadAction","target":["https:\/\/beautyequipment.shop\/fi\/toode\/05-ihottuma-derma\/"]}]},{"@type":"ImageObject","inLanguage":"fi","@id":"https:\/\/beautyequipment.shop\/fi\/toode\/05-ihottuma-derma\/#primaryimage","url":"https:\/\/beautyequipment.shop\/wp-content\/uploads\/2023\/09\/render_Decottopia_IT_05-min-scaled.jpg","contentUrl":"https:\/\/beautyequipment.shop\/wp-content\/uploads\/2023\/09\/render_Decottopia_IT_05-min-scaled.jpg","width":2560,"height":2560},{"@type":"BreadcrumbList","@id":"https:\/\/beautyequipment.shop\/fi\/toode\/05-ihottuma-derma\/#breadcrumb","itemListElement":[{"@type":"ListItem","position":1,"name":"Home","item":"https:\/\/beautyequipment.shop\/fi\/kotisivu\/"},{"@type":"ListItem","position":2,"name":"Osta osoitteessa","item":"https:\/\/beautyequipment.shop\/fi\/shop\/"},{"@type":"ListItem","position":3,"name":"05 Depurativo derma"}]},{"@type":"WebSite","@id":"https:\/\/beautyequipment.shop\/#website","url":"https:\/\/beautyequipment.shop\/","name":"Beauty Equipment","description":"Toidulisandid ilu ja tervise heaks","publisher":{"@id":"https:\/\/beautyequipment.shop\/#organization"},"potentialAction":[{"@type":"SearchAction","target":{"@type":"EntryPoint","urlTemplate":"https:\/\/beautyequipment.shop\/?s={search_term_string}"},"query-input":{"@type":"PropertyValueSpecification","valueRequired":true,"valueName":"search_term_string"}}],"inLanguage":"fi"},{"@type":"Organization","@id":"https:\/\/beautyequipment.shop\/#organization","name":"Beauty Equipment","url":"https:\/\/beautyequipment.shop\/","logo":{"@type":"ImageObject","inLanguage":"fi","@id":"https:\/\/beautyequipment.shop\/#\/schema\/logo\/image\/","url":"https:\/\/beautyequipment.shop\/wp-content\/uploads\/2024\/09\/Beauty-Equipment-logo-300x109-1.webp","contentUrl":"https:\/\/beautyequipment.shop\/wp-content\/uploads\/2024\/09\/Beauty-Equipment-logo-300x109-1.webp","width":300,"height":109,"caption":"Beauty Equipment"},"image":{"@id":"https:\/\/beautyequipment.shop\/#\/schema\/logo\/image\/"},"sameAs":["https:\/\/facebook.com\/beautyequipment.ou","https:\/\/instagram.com\/tisanoreica.nord"]}]}},"_links":{"self":[{"href":"https:\/\/beautyequipment.shop\/fi\/wp-json\/wp\/v2\/product\/692","targetHints":{"allow":["GET"]}}],"collection":[{"href":"https:\/\/beautyequipment.shop\/fi\/wp-json\/wp\/v2\/product"}],"about":[{"href":"https:\/\/beautyequipment.shop\/fi\/wp-json\/wp\/v2\/types\/product"}],"wp:featuredmedia":[{"embeddable":true,"href":"https:\/\/beautyequipment.shop\/fi\/wp-json\/wp\/v2\/media\/531"}],"wp:attachment":[{"href":"https:\/\/beautyequipment.shop\/fi\/wp-json\/wp\/v2\/media?parent=692"}],"wp:term":[{"taxonomy":"product_brand","embeddable":true,"href":"https:\/\/beautyequipment.shop\/fi\/wp-json\/wp\/v2\/product_brand?post=692"},{"taxonomy":"product_cat","embeddable":true,"href":"https:\/\/beautyequipment.shop\/fi\/wp-json\/wp\/v2\/product_cat?post=692"},{"taxonomy":"product_tag","embeddable":true,"href":"https:\/\/beautyequipment.shop\/fi\/wp-json\/wp\/v2\/product_tag?post=692"}],"curies":[{"name":"wp","href":"https:\/\/api.w.org\/{rel}","templated":true}]}}