{"id":689,"date":"2023-10-13T18:13:39","date_gmt":"2023-10-13T15:13:39","guid":{"rendered":"https:\/\/beautyequipment.shop\/toode\/ote-11-gamba-in-forma\/"},"modified":"2023-11-04T14:28:49","modified_gmt":"2023-11-04T12:28:49","slug":"extract-11-gambe-in-forma-2","status":"publish","type":"product","link":"https:\/\/beautyequipment.shop\/fi\/toode\/extract-11-gambe-in-forma-2\/","title":{"rendered":"11 Gamba in Forma"},"content":{"rendered":"<p style=\"font-weight: 400;\"><strong>viola da gamba in forma 11<\/strong><\/p>\n<p style=\"font-weight: 400;\">Vaikeissa jalka- ja verenkierto-ongelmissa (n\u00e4kyv\u00e4t\/ulottuvat suonet, kylm\u00e4t k\u00e4det ja jalat jne.).<\/p>\n<ul>\n<li style=\"font-weight: 400;\">PUNAINEN VINEGARI, HONKAINEN RINTA, KIERUKKA: Edist\u00e4\u00e4 verenkiertoa, mikroverenkierron toimivuutta, detoksifioiva ja tyhjennysvaikutus.<\/li>\n<li style=\"font-weight: 400;\">ARTI\u0160OKK: Tukeva ja sill\u00e4 on antioksidanttisia ominaisuuksia.<\/li>\n<\/ul>\n<p style=\"font-weight: 400;\">ARVOT P\u00c4IV\u00c4SS\u00c4 60 ML:<\/p>\n<p style=\"font-weight: 400;\">Sahapalmu a.e. &#8211; 7,40 g<\/p>\n<p style=\"font-weight: 400;\">Sypressi a.e. &#8211; 7,40 g<\/p>\n<p style=\"font-weight: 400;\">Saialilla a.e.- 6,20 g<\/p>\n<p style=\"font-weight: 400;\">Viikunapuu e.a. &#8211; 3,00 g<\/p>\n<p style=\"font-weight: 400;\">Punainen viinik\u00f6ynn\u00f6s e.m.- 3,00 g<\/p>\n<p style=\"font-weight: 400;\">Artisokka a.e. &#8211; 3,00 g<\/p>\n<p style=\"font-weight: 400;\">Aniis a.e.- 3,00 g<\/p>\n<p style=\"font-weight: 400;\">Neulapuu a.e.- 3,00 g<\/p>\n<p style=\"font-weight: 400;\">Naudanlihan syd\u00e4n kielikampela e.m. &#8211; 3,00 g<\/p>\n<p style=\"font-weight: 400;\">Kurkku a.e. &#8211; 3,00 g<\/p>\n<p style=\"font-weight: 400;\">KOOSTUMUS. 70-prosenttinen vesiuute katkerista kasveista: hevoskastanjan (Aesculus hippocastanum L.) lehdet, sypressin (Cupressus sempervirens L.) k\u00e4pyj\u00e4, keh\u00e4kukan (Calendula officinalis L.) kukinnot, Crataegus oxyacantha auct. yl\u00e4osa kukkineen, punaviinik\u00f6ynn\u00f6ksen (Vitis vinifera L.) yl\u00e4osa kukkineen.), latva-artisokan (Cynara scolymus L.) lehdet, aniksen (Pimpinella anisum L.) hedelm\u00e4t, noitap\u00e4hkin\u00e4n (Hamamelis virginiana L.) lehdet, Leonurus cardiaca L. kukat, Filipendula ulmaria (L.) Maxim. Vesi, hajusteet. V\u00e4ri: vaalea karamelli.<\/p>\n<p style=\"font-weight: 400;\">K\u00c4YTT\u00d6OHJEET. On suositeltavaa laimentaa 30-60 ml 1,5 litraan vett\u00e4 ja nauttia se p\u00e4iv\u00e4n aikana. Sadem\u00e4\u00e4r\u00e4t liittyv\u00e4t kasviper\u00e4isten ainesosien normaaliin vaihteluun, eiv\u00e4tk\u00e4 ne ole osoitus tuotteen laadun muutoksista.<\/p>\n<p style=\"font-weight: 400;\">VAROITUS. S\u00e4ilyt\u00e4 viile\u00e4ss\u00e4 ja ravista ennen k\u00e4ytt\u00f6\u00e4. S\u00e4ilytett\u00e4v\u00e4 lasten ulottumattomissa. \u00c4l\u00e4 ylit\u00e4 suositeltua vuorokausiannosta. Ravintolis\u00e4t eiv\u00e4t korvaa monipuolista ja tasapainoista ruokavaliota ja terveellisi\u00e4 el\u00e4m\u00e4ntapoja. Tuotteen k\u00e4ytt\u00f6\u00e4 imetyksen aikana ei suositella. \u00c4l\u00e4 k\u00e4yt\u00e4 raskauden aikana. \u00c4l\u00e4 k\u00e4yt\u00e4, jos sinulla on korkea verenpaine. Jos k\u00e4yt\u00e4t veren hyytymiseen vaikuttavia l\u00e4\u00e4kkeit\u00e4, ota yhteys l\u00e4\u00e4k\u00e4riin ennen k\u00e4ytt\u00f6\u00e4. Ei suositella lapsille ja nuorille.<\/p>\n<p style=\"font-weight: 400;\">Ei sis\u00e4lly: Ei sis\u00e4ll\u00e4: alkoholia, s\u00e4il\u00f6nt\u00e4aineita, gluteenia, sokeria, vegaaneille sopivaa.<\/p>\n<p style=\"font-weight: 400;\">\n","protected":false},"excerpt":{"rendered":"<p>viola da gamba in forma 11 Vaikeissa jalka- ja verenkierto-ongelmissa (n\u00e4kyv\u00e4t\/ulottuvat suonet, kylm\u00e4t k\u00e4det ja jalat jne.). PUNAINEN VINEGARI, HONKAINEN RINTA, KIERUKKA: Edist\u00e4\u00e4 verenkiertoa, mikroverenkierron toimivuutta, detoksifioiva ja tyhjennysvaikutus. ARTI\u0160OKK: Tukeva ja sill\u00e4 on antioksidanttisia ominaisuuksia. ARVOT P\u00c4IV\u00c4SS\u00c4 60 ML: Sahapalmu a.e. &#8211; 7,40 g Sypressi a.e. &#8211; 7,40 g Saialilla a.e.- 6,20 g Viikunapuu&hellip;<\/p>\n","protected":false},"featured_media":534,"template":"","meta":[],"product_brand":[],"product_cat":[59],"product_tag":[],"class_list":{"0":"post-689","1":"product","2":"type-product","3":"status-publish","4":"has-post-thumbnail","6":"product_cat-lisaykset","8":"first","9":"instock","10":"taxable","11":"shipping-taxable","12":"purchasable","13":"product-type-simple"},"yoast_head":"<!-- This site is optimized with the Yoast SEO plugin v27.0 - https:\/\/yoast.com\/product\/yoast-seo-wordpress\/ -->\n<title>11 Gamba in Forma - Beauty Equipment<\/title>\n<meta name=\"robots\" content=\"index, follow, max-snippet:-1, max-image-preview:large, max-video-preview:-1\" \/>\n<link rel=\"canonical\" href=\"https:\/\/beautyequipment.shop\/fi\/toode\/extract-11-gambe-in-forma-2\/\" \/>\n<meta property=\"og:locale\" content=\"fi_FI\" \/>\n<meta property=\"og:type\" content=\"article\" \/>\n<meta property=\"og:title\" content=\"11 Gamba in Forma - Beauty Equipment\" \/>\n<meta property=\"og:description\" content=\"viola da gamba in forma 11 Vaikeissa jalka- ja verenkierto-ongelmissa (n\u00e4kyv\u00e4t\/ulottuvat suonet, kylm\u00e4t k\u00e4det ja jalat jne.). PUNAINEN VINEGARI, HONKAINEN RINTA, KIERUKKA: Edist\u00e4\u00e4 verenkiertoa, mikroverenkierron toimivuutta, detoksifioiva ja tyhjennysvaikutus. ARTI\u0160OKK: Tukeva ja sill\u00e4 on antioksidanttisia ominaisuuksia. ARVOT P\u00c4IV\u00c4SS\u00c4 60 ML: Sahapalmu a.e. &#8211; 7,40 g Sypressi a.e. &#8211; 7,40 g Saialilla a.e.- 6,20 g Viikunapuu&hellip;\" \/>\n<meta property=\"og:url\" content=\"https:\/\/beautyequipment.shop\/fi\/toode\/extract-11-gambe-in-forma-2\/\" \/>\n<meta property=\"og:site_name\" content=\"Beauty Equipment\" \/>\n<meta property=\"article:publisher\" content=\"https:\/\/facebook.com\/beautyequipment.ou\" \/>\n<meta property=\"article:modified_time\" content=\"2023-11-04T12:28:49+00:00\" \/>\n<meta property=\"og:image\" content=\"https:\/\/beautyequipment.shop\/wp-content\/uploads\/2023\/09\/render_Decottopia_IT_11-min-scaled.jpg\" \/>\n\t<meta property=\"og:image:width\" content=\"2560\" \/>\n\t<meta property=\"og:image:height\" content=\"2560\" \/>\n\t<meta property=\"og:image:type\" content=\"image\/jpeg\" \/>\n<meta name=\"twitter:card\" content=\"summary_large_image\" \/>\n<meta name=\"twitter:label1\" content=\"Est. reading time\" \/>\n\t<meta name=\"twitter:data1\" content=\"1 minuutti\" \/>\n<script type=\"application\/ld+json\" class=\"yoast-schema-graph\">{\"@context\":\"https:\/\/schema.org\",\"@graph\":[{\"@type\":\"WebPage\",\"@id\":\"https:\/\/beautyequipment.shop\/fi\/toode\/extract-11-gambe-in-forma-2\/\",\"url\":\"https:\/\/beautyequipment.shop\/fi\/toode\/extract-11-gambe-in-forma-2\/\",\"name\":\"11 Gamba in Forma - Beauty Equipment\",\"isPartOf\":{\"@id\":\"https:\/\/beautyequipment.shop\/#website\"},\"primaryImageOfPage\":{\"@id\":\"https:\/\/beautyequipment.shop\/fi\/toode\/extract-11-gambe-in-forma-2\/#primaryimage\"},\"image\":{\"@id\":\"https:\/\/beautyequipment.shop\/fi\/toode\/extract-11-gambe-in-forma-2\/#primaryimage\"},\"thumbnailUrl\":\"https:\/\/beautyequipment.shop\/wp-content\/uploads\/2023\/09\/render_Decottopia_IT_11-min-scaled.jpg\",\"datePublished\":\"2023-10-13T15:13:39+00:00\",\"dateModified\":\"2023-11-04T12:28:49+00:00\",\"breadcrumb\":{\"@id\":\"https:\/\/beautyequipment.shop\/fi\/toode\/extract-11-gambe-in-forma-2\/#breadcrumb\"},\"inLanguage\":\"fi\",\"potentialAction\":[{\"@type\":\"ReadAction\",\"target\":[\"https:\/\/beautyequipment.shop\/fi\/toode\/extract-11-gambe-in-forma-2\/\"]}]},{\"@type\":\"ImageObject\",\"inLanguage\":\"fi\",\"@id\":\"https:\/\/beautyequipment.shop\/fi\/toode\/extract-11-gambe-in-forma-2\/#primaryimage\",\"url\":\"https:\/\/beautyequipment.shop\/wp-content\/uploads\/2023\/09\/render_Decottopia_IT_11-min-scaled.jpg\",\"contentUrl\":\"https:\/\/beautyequipment.shop\/wp-content\/uploads\/2023\/09\/render_Decottopia_IT_11-min-scaled.jpg\",\"width\":2560,\"height\":2560},{\"@type\":\"BreadcrumbList\",\"@id\":\"https:\/\/beautyequipment.shop\/fi\/toode\/extract-11-gambe-in-forma-2\/#breadcrumb\",\"itemListElement\":[{\"@type\":\"ListItem\",\"position\":1,\"name\":\"Home\",\"item\":\"https:\/\/beautyequipment.shop\/fi\/kotisivu\/\"},{\"@type\":\"ListItem\",\"position\":2,\"name\":\"Osta osoitteessa\",\"item\":\"https:\/\/beautyequipment.shop\/fi\/shop\/\"},{\"@type\":\"ListItem\",\"position\":3,\"name\":\"11 Gamba in Forma\"}]},{\"@type\":\"WebSite\",\"@id\":\"https:\/\/beautyequipment.shop\/#website\",\"url\":\"https:\/\/beautyequipment.shop\/\",\"name\":\"Beauty Equipment\",\"description\":\"Toidulisandid ilu ja tervise heaks\",\"publisher\":{\"@id\":\"https:\/\/beautyequipment.shop\/#organization\"},\"potentialAction\":[{\"@type\":\"SearchAction\",\"target\":{\"@type\":\"EntryPoint\",\"urlTemplate\":\"https:\/\/beautyequipment.shop\/?s={search_term_string}\"},\"query-input\":{\"@type\":\"PropertyValueSpecification\",\"valueRequired\":true,\"valueName\":\"search_term_string\"}}],\"inLanguage\":\"fi\"},{\"@type\":\"Organization\",\"@id\":\"https:\/\/beautyequipment.shop\/#organization\",\"name\":\"Beauty Equipment\",\"url\":\"https:\/\/beautyequipment.shop\/\",\"logo\":{\"@type\":\"ImageObject\",\"inLanguage\":\"fi\",\"@id\":\"https:\/\/beautyequipment.shop\/#\/schema\/logo\/image\/\",\"url\":\"https:\/\/beautyequipment.shop\/wp-content\/uploads\/2024\/09\/Beauty-Equipment-logo-300x109-1.webp\",\"contentUrl\":\"https:\/\/beautyequipment.shop\/wp-content\/uploads\/2024\/09\/Beauty-Equipment-logo-300x109-1.webp\",\"width\":300,\"height\":109,\"caption\":\"Beauty Equipment\"},\"image\":{\"@id\":\"https:\/\/beautyequipment.shop\/#\/schema\/logo\/image\/\"},\"sameAs\":[\"https:\/\/facebook.com\/beautyequipment.ou\",\"https:\/\/instagram.com\/tisanoreica.nord\"]}]}<\/script>\n<!-- \/ Yoast SEO plugin. -->","yoast_head_json":{"title":"11 Gamba in Forma - Beauty Equipment","robots":{"index":"index","follow":"follow","max-snippet":"max-snippet:-1","max-image-preview":"max-image-preview:large","max-video-preview":"max-video-preview:-1"},"canonical":"https:\/\/beautyequipment.shop\/fi\/toode\/extract-11-gambe-in-forma-2\/","og_locale":"fi_FI","og_type":"article","og_title":"11 Gamba in Forma - Beauty Equipment","og_description":"viola da gamba in forma 11 Vaikeissa jalka- ja verenkierto-ongelmissa (n\u00e4kyv\u00e4t\/ulottuvat suonet, kylm\u00e4t k\u00e4det ja jalat jne.). PUNAINEN VINEGARI, HONKAINEN RINTA, KIERUKKA: Edist\u00e4\u00e4 verenkiertoa, mikroverenkierron toimivuutta, detoksifioiva ja tyhjennysvaikutus. ARTI\u0160OKK: Tukeva ja sill\u00e4 on antioksidanttisia ominaisuuksia. ARVOT P\u00c4IV\u00c4SS\u00c4 60 ML: Sahapalmu a.e. &#8211; 7,40 g Sypressi a.e. &#8211; 7,40 g Saialilla a.e.- 6,20 g Viikunapuu&hellip;","og_url":"https:\/\/beautyequipment.shop\/fi\/toode\/extract-11-gambe-in-forma-2\/","og_site_name":"Beauty Equipment","article_publisher":"https:\/\/facebook.com\/beautyequipment.ou","article_modified_time":"2023-11-04T12:28:49+00:00","og_image":[{"width":2560,"height":2560,"url":"https:\/\/beautyequipment.shop\/wp-content\/uploads\/2023\/09\/render_Decottopia_IT_11-min-scaled.jpg","type":"image\/jpeg"}],"twitter_card":"summary_large_image","twitter_misc":{"Est. reading time":"1 minuutti"},"schema":{"@context":"https:\/\/schema.org","@graph":[{"@type":"WebPage","@id":"https:\/\/beautyequipment.shop\/fi\/toode\/extract-11-gambe-in-forma-2\/","url":"https:\/\/beautyequipment.shop\/fi\/toode\/extract-11-gambe-in-forma-2\/","name":"11 Gamba in Forma - Beauty Equipment","isPartOf":{"@id":"https:\/\/beautyequipment.shop\/#website"},"primaryImageOfPage":{"@id":"https:\/\/beautyequipment.shop\/fi\/toode\/extract-11-gambe-in-forma-2\/#primaryimage"},"image":{"@id":"https:\/\/beautyequipment.shop\/fi\/toode\/extract-11-gambe-in-forma-2\/#primaryimage"},"thumbnailUrl":"https:\/\/beautyequipment.shop\/wp-content\/uploads\/2023\/09\/render_Decottopia_IT_11-min-scaled.jpg","datePublished":"2023-10-13T15:13:39+00:00","dateModified":"2023-11-04T12:28:49+00:00","breadcrumb":{"@id":"https:\/\/beautyequipment.shop\/fi\/toode\/extract-11-gambe-in-forma-2\/#breadcrumb"},"inLanguage":"fi","potentialAction":[{"@type":"ReadAction","target":["https:\/\/beautyequipment.shop\/fi\/toode\/extract-11-gambe-in-forma-2\/"]}]},{"@type":"ImageObject","inLanguage":"fi","@id":"https:\/\/beautyequipment.shop\/fi\/toode\/extract-11-gambe-in-forma-2\/#primaryimage","url":"https:\/\/beautyequipment.shop\/wp-content\/uploads\/2023\/09\/render_Decottopia_IT_11-min-scaled.jpg","contentUrl":"https:\/\/beautyequipment.shop\/wp-content\/uploads\/2023\/09\/render_Decottopia_IT_11-min-scaled.jpg","width":2560,"height":2560},{"@type":"BreadcrumbList","@id":"https:\/\/beautyequipment.shop\/fi\/toode\/extract-11-gambe-in-forma-2\/#breadcrumb","itemListElement":[{"@type":"ListItem","position":1,"name":"Home","item":"https:\/\/beautyequipment.shop\/fi\/kotisivu\/"},{"@type":"ListItem","position":2,"name":"Osta osoitteessa","item":"https:\/\/beautyequipment.shop\/fi\/shop\/"},{"@type":"ListItem","position":3,"name":"11 Gamba in Forma"}]},{"@type":"WebSite","@id":"https:\/\/beautyequipment.shop\/#website","url":"https:\/\/beautyequipment.shop\/","name":"Beauty Equipment","description":"Toidulisandid ilu ja tervise heaks","publisher":{"@id":"https:\/\/beautyequipment.shop\/#organization"},"potentialAction":[{"@type":"SearchAction","target":{"@type":"EntryPoint","urlTemplate":"https:\/\/beautyequipment.shop\/?s={search_term_string}"},"query-input":{"@type":"PropertyValueSpecification","valueRequired":true,"valueName":"search_term_string"}}],"inLanguage":"fi"},{"@type":"Organization","@id":"https:\/\/beautyequipment.shop\/#organization","name":"Beauty Equipment","url":"https:\/\/beautyequipment.shop\/","logo":{"@type":"ImageObject","inLanguage":"fi","@id":"https:\/\/beautyequipment.shop\/#\/schema\/logo\/image\/","url":"https:\/\/beautyequipment.shop\/wp-content\/uploads\/2024\/09\/Beauty-Equipment-logo-300x109-1.webp","contentUrl":"https:\/\/beautyequipment.shop\/wp-content\/uploads\/2024\/09\/Beauty-Equipment-logo-300x109-1.webp","width":300,"height":109,"caption":"Beauty Equipment"},"image":{"@id":"https:\/\/beautyequipment.shop\/#\/schema\/logo\/image\/"},"sameAs":["https:\/\/facebook.com\/beautyequipment.ou","https:\/\/instagram.com\/tisanoreica.nord"]}]}},"_links":{"self":[{"href":"https:\/\/beautyequipment.shop\/fi\/wp-json\/wp\/v2\/product\/689","targetHints":{"allow":["GET"]}}],"collection":[{"href":"https:\/\/beautyequipment.shop\/fi\/wp-json\/wp\/v2\/product"}],"about":[{"href":"https:\/\/beautyequipment.shop\/fi\/wp-json\/wp\/v2\/types\/product"}],"wp:featuredmedia":[{"embeddable":true,"href":"https:\/\/beautyequipment.shop\/fi\/wp-json\/wp\/v2\/media\/534"}],"wp:attachment":[{"href":"https:\/\/beautyequipment.shop\/fi\/wp-json\/wp\/v2\/media?parent=689"}],"wp:term":[{"taxonomy":"product_brand","embeddable":true,"href":"https:\/\/beautyequipment.shop\/fi\/wp-json\/wp\/v2\/product_brand?post=689"},{"taxonomy":"product_cat","embeddable":true,"href":"https:\/\/beautyequipment.shop\/fi\/wp-json\/wp\/v2\/product_cat?post=689"},{"taxonomy":"product_tag","embeddable":true,"href":"https:\/\/beautyequipment.shop\/fi\/wp-json\/wp\/v2\/product_tag?post=689"}],"curies":[{"name":"wp","href":"https:\/\/api.w.org\/{rel}","templated":true}]}}