{"id":440,"date":"2023-10-26T21:15:15","date_gmt":"2023-10-26T18:15:15","guid":{"rendered":"https:\/\/beautyequipment.shop\/toode\/pakett-detox\/"},"modified":"2024-02-15T22:56:47","modified_gmt":"2024-02-15T20:56:47","slug":"pakett-detox","status":"publish","type":"product","link":"https:\/\/beautyequipment.shop\/fi\/toode\/pakett-detox\/","title":{"rendered":"Pakett- Detox"},"content":{"rendered":"<p>Sobib: keha ja naha puhastamiseks toksiinidest, naha puhastuseks rasuse naha, akne, mustpeade puhul, \u00a0paistes k\u00f5hu ja aeglase ainevahetuse korral, kolesterooli ja trigl\u00fctseriidide ainevahetuseks.<\/p>\n<p>Kliendi kogemus: meeldiv heaolutunne, kergus, heledam nahk, lamedam k\u00f5ht ja k\u00f5hupiirkond.<\/p>\n<p>Millal kasutada: enne iluravi, aastaaja vahetusel, p\u00e4rast p\u00fchi ja p\u00e4rast puhkust, p\u00e4rast alkoholi tarvitamist.<\/p>\n<p><strong>02 Depurativo<\/strong> -See puhastab keha j\u00e4\u00e4kainetest, k\u00f5ik see, mida me sisse hingame, s\u00f6\u00f6me ja joome, aga ka nendest, mida meie keha tavaliselt toodab.<\/p>\n<p>Miks tarbida?<\/p>\n<p>See on dekokt ehk droogikeedus, mida soovitame enne igasugust ravi, sest see j\u00e4rgib juba teie kosmeetikatoodetega rakendatavat loogikat: k\u00f5igepealt &#8221;puhastage&#8221; ja seej\u00e4rel ravige iluvigasid. Meiega on sama asi: k\u00f5igepealt &#8221;puhastage&#8221; ja seej\u00e4rel liikuge konkreetse toidulisandi juurde.<\/p>\n<p>Siseorganite (maks, sooled ja veri) puhastamiseks.<\/p>\n<p>Seda on lihtne soovitada kuna k\u00f5igil on vaja puhastust, isegi neil, kes s\u00f6\u00f6vad tervislikult ja j\u00e4rgivad tervist j\u00e4lgivat eluviisi.<\/p>\n<p style=\"text-align: left;\"><strong>05 Depurativo Derma<\/strong> -Nahk on inimkeha suurim organ ja selle heaoluks on h\u00e4davajalik kasutada spetsiaalselt selle m\u00f5eldud puhastusvahendit. Tootes sisalduvad taimed v\u00f5imaldavad nahka puhastada, aga ka niisutada ja rahustada.<\/p>\n<p style=\"text-align: left;\">Miks seda tarbida?<\/p>\n<p>See on alati puhastaja, kuid selle toime avaldub 90% nahal ja v\u00e4hem siseorganitel.<\/p>\n<p>K\u00f5ikide n\u00e4ohoolduste ajal, vananemisvastase toimega t\u00e4nu rahustavatele ja niisutavatele omadustele.<\/p>\n<p>Isegi pikema aja jooksul, rasuse, akne v\u00f5i v\u00e4ga ebapuhta naha, dermatiidi, psoriaasi ja iluvigade korral. Suurep\u00e4rane kuiva, kuid ebapuhta naha korral<\/p>\n<p>Millal ja miks:<\/p>\n<ul>\n<li>Tundliku v\u00f5i kergesti \u00e4rrituva nahaga<\/li>\n<li>Enne n\u00e4o \/ keha puhastamist kosmeetiku juures<\/li>\n<li>Enne agressiivseid ravimeetodeid (koorimised, hapetel p\u00f5hinevad protseduurid, vahatamine jne)<\/li>\n<li>Nendele, kes tihti p\u00e4ikese k\u00e4es viibivad<\/li>\n<li>Er\u00fcteem, naha\u00e4rritused, psoriaas, dermatiit, p\u00e4ikeselaigud<\/li>\n<li>Toetav Anti-Age protseduurides<\/li>\n<\/ul>\n<p>Kasutamine: Lisa 1,5L vee sisse 1 stick Depurativo 02, joo p\u00e4eva jooksul+ enne l\u00f5unas\u00f6\u00f6ki 1 stick Depurativo 05 v\u00e4hese veega.<\/p>\n<p>&nbsp;<\/p>\n","protected":false},"excerpt":{"rendered":"<p>Koosneb: 1 pakk &#8221;02 Depurativo&#8221; + 1 pakk &#8221;05 Depurativo Derma&#8221;<\/p>\n<p>Sobib: keha ja naha puhastamiseks toksiinidest, naha puhastuseks rasuse naha, akne, mustpeade puhul, \u00a0paistes k\u00f5hu ja aeglase ainevahetuse korral, kolesterooli ja trigl\u00fctseriidide ainevahetuseks.<\/p>\n<p>Kliendi kogemus: meeldiv heaolutunne, kergus, heledam nahk, lamedam k\u00f5ht ja k\u00f5hupiirkond.<\/p>\n<p>Millal kasutada: enne iluravi, aastaajavahetusel, p\u00e4rast p\u00fchi ja p\u00e4rast puhkust, p\u00e4rast alkoholi tarvitamist<\/p>\n","protected":false},"featured_media":879,"template":"","meta":[],"product_brand":[],"product_cat":[34],"product_tag":[39],"class_list":{"0":"post-440","1":"product","2":"type-product","3":"status-publish","4":"has-post-thumbnail","6":"product_cat-hugieen-ja-tervis","7":"product_tag-paketid","9":"first","10":"outofstock","11":"taxable","12":"shipping-taxable","13":"purchasable","14":"product-type-simple"},"yoast_head":"<!-- This site is optimized with the Yoast SEO plugin v27.0 - https:\/\/yoast.com\/product\/yoast-seo-wordpress\/ -->\n<title>Pakett- Detox - Beauty Equipment<\/title>\n<meta name=\"robots\" content=\"index, follow, max-snippet:-1, max-image-preview:large, max-video-preview:-1\" \/>\n<link rel=\"canonical\" href=\"https:\/\/beautyequipment.shop\/toode\/pakett-detox\/\" \/>\n<meta property=\"og:locale\" content=\"fi_FI\" \/>\n<meta property=\"og:type\" content=\"article\" \/>\n<meta property=\"og:title\" content=\"Pakett- Detox - Beauty Equipment\" \/>\n<meta property=\"og:description\" content=\"Koosneb: 1 pakk &quot;02 Depurativo&quot; + 1 pakk &quot;05 Depurativo Derma&quot;  Sobib: keha ja naha puhastamiseks toksiinidest, naha puhastuseks rasuse naha, akne, mustpeade puhul, \u00a0paistes k\u00f5hu ja aeglase ainevahetuse korral, kolesterooli ja trigl\u00fctseriidide ainevahetuseks.  Kliendi kogemus: meeldiv heaolutunne, kergus, heledam nahk, lamedam k\u00f5ht ja k\u00f5hupiirkond.  Millal kasutada: enne iluravi, aastaajavahetusel, p\u00e4rast p\u00fchi ja p\u00e4rast puhkust, p\u00e4rast alkoholi tarvitamist\" \/>\n<meta property=\"og:url\" content=\"https:\/\/beautyequipment.shop\/toode\/pakett-detox\/\" \/>\n<meta property=\"og:site_name\" content=\"Beauty Equipment\" \/>\n<meta property=\"article:publisher\" content=\"https:\/\/facebook.com\/beautyequipment.ou\" \/>\n<meta property=\"article:modified_time\" content=\"2024-02-15T20:56:47+00:00\" \/>\n<meta property=\"og:image\" content=\"https:\/\/beautyequipment.shop\/wp-content\/uploads\/2023\/10\/IMG_1820.jpg\" \/>\n\t<meta property=\"og:image:width\" content=\"2480\" \/>\n\t<meta property=\"og:image:height\" content=\"2480\" \/>\n\t<meta property=\"og:image:type\" content=\"image\/jpeg\" \/>\n<meta name=\"twitter:card\" content=\"summary_large_image\" \/>\n<meta name=\"twitter:label1\" content=\"Est. reading time\" \/>\n\t<meta name=\"twitter:data1\" content=\"2 minuuttia\" \/>\n<script type=\"application\/ld+json\" class=\"yoast-schema-graph\">{\"@context\":\"https:\/\/schema.org\",\"@graph\":[{\"@type\":\"WebPage\",\"@id\":\"https:\/\/beautyequipment.shop\/toode\/pakett-detox\/\",\"url\":\"https:\/\/beautyequipment.shop\/toode\/pakett-detox\/\",\"name\":\"Pakett- Detox - Beauty Equipment\",\"isPartOf\":{\"@id\":\"https:\/\/beautyequipment.shop\/#website\"},\"primaryImageOfPage\":{\"@id\":\"https:\/\/beautyequipment.shop\/toode\/pakett-detox\/#primaryimage\"},\"image\":{\"@id\":\"https:\/\/beautyequipment.shop\/toode\/pakett-detox\/#primaryimage\"},\"thumbnailUrl\":\"https:\/\/beautyequipment.shop\/wp-content\/uploads\/2023\/10\/IMG_1820.jpg\",\"datePublished\":\"2023-10-26T18:15:15+00:00\",\"dateModified\":\"2024-02-15T20:56:47+00:00\",\"breadcrumb\":{\"@id\":\"https:\/\/beautyequipment.shop\/toode\/pakett-detox\/#breadcrumb\"},\"inLanguage\":\"fi\",\"potentialAction\":[{\"@type\":\"ReadAction\",\"target\":[\"https:\/\/beautyequipment.shop\/toode\/pakett-detox\/\"]}]},{\"@type\":\"ImageObject\",\"inLanguage\":\"fi\",\"@id\":\"https:\/\/beautyequipment.shop\/toode\/pakett-detox\/#primaryimage\",\"url\":\"https:\/\/beautyequipment.shop\/wp-content\/uploads\/2023\/10\/IMG_1820.jpg\",\"contentUrl\":\"https:\/\/beautyequipment.shop\/wp-content\/uploads\/2023\/10\/IMG_1820.jpg\",\"width\":2480,\"height\":2480},{\"@type\":\"BreadcrumbList\",\"@id\":\"https:\/\/beautyequipment.shop\/toode\/pakett-detox\/#breadcrumb\",\"itemListElement\":[{\"@type\":\"ListItem\",\"position\":1,\"name\":\"Home\",\"item\":\"https:\/\/beautyequipment.shop\/fi\/kotisivu\/\"},{\"@type\":\"ListItem\",\"position\":2,\"name\":\"Osta osoitteessa\",\"item\":\"https:\/\/beautyequipment.shop\/fi\/shop\/\"},{\"@type\":\"ListItem\",\"position\":3,\"name\":\"Pakett- Detox\"}]},{\"@type\":\"WebSite\",\"@id\":\"https:\/\/beautyequipment.shop\/#website\",\"url\":\"https:\/\/beautyequipment.shop\/\",\"name\":\"Beauty Equipment\",\"description\":\"Toidulisandid ilu ja tervise heaks\",\"publisher\":{\"@id\":\"https:\/\/beautyequipment.shop\/#organization\"},\"potentialAction\":[{\"@type\":\"SearchAction\",\"target\":{\"@type\":\"EntryPoint\",\"urlTemplate\":\"https:\/\/beautyequipment.shop\/?s={search_term_string}\"},\"query-input\":{\"@type\":\"PropertyValueSpecification\",\"valueRequired\":true,\"valueName\":\"search_term_string\"}}],\"inLanguage\":\"fi\"},{\"@type\":\"Organization\",\"@id\":\"https:\/\/beautyequipment.shop\/#organization\",\"name\":\"Beauty Equipment\",\"url\":\"https:\/\/beautyequipment.shop\/\",\"logo\":{\"@type\":\"ImageObject\",\"inLanguage\":\"fi\",\"@id\":\"https:\/\/beautyequipment.shop\/#\/schema\/logo\/image\/\",\"url\":\"https:\/\/beautyequipment.shop\/wp-content\/uploads\/2024\/09\/Beauty-Equipment-logo-300x109-1.webp\",\"contentUrl\":\"https:\/\/beautyequipment.shop\/wp-content\/uploads\/2024\/09\/Beauty-Equipment-logo-300x109-1.webp\",\"width\":300,\"height\":109,\"caption\":\"Beauty Equipment\"},\"image\":{\"@id\":\"https:\/\/beautyequipment.shop\/#\/schema\/logo\/image\/\"},\"sameAs\":[\"https:\/\/facebook.com\/beautyequipment.ou\",\"https:\/\/instagram.com\/tisanoreica.nord\"]}]}<\/script>\n<!-- \/ Yoast SEO plugin. -->","yoast_head_json":{"title":"Pakett- Detox - Beauty Equipment","robots":{"index":"index","follow":"follow","max-snippet":"max-snippet:-1","max-image-preview":"max-image-preview:large","max-video-preview":"max-video-preview:-1"},"canonical":"https:\/\/beautyequipment.shop\/toode\/pakett-detox\/","og_locale":"fi_FI","og_type":"article","og_title":"Pakett- Detox - Beauty Equipment","og_description":"Koosneb: 1 pakk \"02 Depurativo\" + 1 pakk \"05 Depurativo Derma\"  Sobib: keha ja naha puhastamiseks toksiinidest, naha puhastuseks rasuse naha, akne, mustpeade puhul, \u00a0paistes k\u00f5hu ja aeglase ainevahetuse korral, kolesterooli ja trigl\u00fctseriidide ainevahetuseks.  Kliendi kogemus: meeldiv heaolutunne, kergus, heledam nahk, lamedam k\u00f5ht ja k\u00f5hupiirkond.  Millal kasutada: enne iluravi, aastaajavahetusel, p\u00e4rast p\u00fchi ja p\u00e4rast puhkust, p\u00e4rast alkoholi tarvitamist","og_url":"https:\/\/beautyequipment.shop\/toode\/pakett-detox\/","og_site_name":"Beauty Equipment","article_publisher":"https:\/\/facebook.com\/beautyequipment.ou","article_modified_time":"2024-02-15T20:56:47+00:00","og_image":[{"width":2480,"height":2480,"url":"https:\/\/beautyequipment.shop\/wp-content\/uploads\/2023\/10\/IMG_1820.jpg","type":"image\/jpeg"}],"twitter_card":"summary_large_image","twitter_misc":{"Est. reading time":"2 minuuttia"},"schema":{"@context":"https:\/\/schema.org","@graph":[{"@type":"WebPage","@id":"https:\/\/beautyequipment.shop\/toode\/pakett-detox\/","url":"https:\/\/beautyequipment.shop\/toode\/pakett-detox\/","name":"Pakett- Detox - Beauty Equipment","isPartOf":{"@id":"https:\/\/beautyequipment.shop\/#website"},"primaryImageOfPage":{"@id":"https:\/\/beautyequipment.shop\/toode\/pakett-detox\/#primaryimage"},"image":{"@id":"https:\/\/beautyequipment.shop\/toode\/pakett-detox\/#primaryimage"},"thumbnailUrl":"https:\/\/beautyequipment.shop\/wp-content\/uploads\/2023\/10\/IMG_1820.jpg","datePublished":"2023-10-26T18:15:15+00:00","dateModified":"2024-02-15T20:56:47+00:00","breadcrumb":{"@id":"https:\/\/beautyequipment.shop\/toode\/pakett-detox\/#breadcrumb"},"inLanguage":"fi","potentialAction":[{"@type":"ReadAction","target":["https:\/\/beautyequipment.shop\/toode\/pakett-detox\/"]}]},{"@type":"ImageObject","inLanguage":"fi","@id":"https:\/\/beautyequipment.shop\/toode\/pakett-detox\/#primaryimage","url":"https:\/\/beautyequipment.shop\/wp-content\/uploads\/2023\/10\/IMG_1820.jpg","contentUrl":"https:\/\/beautyequipment.shop\/wp-content\/uploads\/2023\/10\/IMG_1820.jpg","width":2480,"height":2480},{"@type":"BreadcrumbList","@id":"https:\/\/beautyequipment.shop\/toode\/pakett-detox\/#breadcrumb","itemListElement":[{"@type":"ListItem","position":1,"name":"Home","item":"https:\/\/beautyequipment.shop\/fi\/kotisivu\/"},{"@type":"ListItem","position":2,"name":"Osta osoitteessa","item":"https:\/\/beautyequipment.shop\/fi\/shop\/"},{"@type":"ListItem","position":3,"name":"Pakett- Detox"}]},{"@type":"WebSite","@id":"https:\/\/beautyequipment.shop\/#website","url":"https:\/\/beautyequipment.shop\/","name":"Beauty Equipment","description":"Toidulisandid ilu ja tervise heaks","publisher":{"@id":"https:\/\/beautyequipment.shop\/#organization"},"potentialAction":[{"@type":"SearchAction","target":{"@type":"EntryPoint","urlTemplate":"https:\/\/beautyequipment.shop\/?s={search_term_string}"},"query-input":{"@type":"PropertyValueSpecification","valueRequired":true,"valueName":"search_term_string"}}],"inLanguage":"fi"},{"@type":"Organization","@id":"https:\/\/beautyequipment.shop\/#organization","name":"Beauty Equipment","url":"https:\/\/beautyequipment.shop\/","logo":{"@type":"ImageObject","inLanguage":"fi","@id":"https:\/\/beautyequipment.shop\/#\/schema\/logo\/image\/","url":"https:\/\/beautyequipment.shop\/wp-content\/uploads\/2024\/09\/Beauty-Equipment-logo-300x109-1.webp","contentUrl":"https:\/\/beautyequipment.shop\/wp-content\/uploads\/2024\/09\/Beauty-Equipment-logo-300x109-1.webp","width":300,"height":109,"caption":"Beauty Equipment"},"image":{"@id":"https:\/\/beautyequipment.shop\/#\/schema\/logo\/image\/"},"sameAs":["https:\/\/facebook.com\/beautyequipment.ou","https:\/\/instagram.com\/tisanoreica.nord"]}]}},"_links":{"self":[{"href":"https:\/\/beautyequipment.shop\/fi\/wp-json\/wp\/v2\/product\/440","targetHints":{"allow":["GET"]}}],"collection":[{"href":"https:\/\/beautyequipment.shop\/fi\/wp-json\/wp\/v2\/product"}],"about":[{"href":"https:\/\/beautyequipment.shop\/fi\/wp-json\/wp\/v2\/types\/product"}],"wp:featuredmedia":[{"embeddable":true,"href":"https:\/\/beautyequipment.shop\/fi\/wp-json\/wp\/v2\/media\/879"}],"wp:attachment":[{"href":"https:\/\/beautyequipment.shop\/fi\/wp-json\/wp\/v2\/media?parent=440"}],"wp:term":[{"taxonomy":"product_brand","embeddable":true,"href":"https:\/\/beautyequipment.shop\/fi\/wp-json\/wp\/v2\/product_brand?post=440"},{"taxonomy":"product_cat","embeddable":true,"href":"https:\/\/beautyequipment.shop\/fi\/wp-json\/wp\/v2\/product_cat?post=440"},{"taxonomy":"product_tag","embeddable":true,"href":"https:\/\/beautyequipment.shop\/fi\/wp-json\/wp\/v2\/product_tag?post=440"}],"curies":[{"name":"wp","href":"https:\/\/api.w.org\/{rel}","templated":true}]}}