{"id":434,"date":"2023-10-24T00:08:06","date_gmt":"2023-10-23T21:08:06","guid":{"rendered":"https:\/\/beautyequipment.shop\/toode\/pakett-tselluliit\/"},"modified":"2023-12-12T19:56:17","modified_gmt":"2023-12-12T17:56:17","slug":"pakett-tselluliit","status":"publish","type":"product","link":"https:\/\/beautyequipment.shop\/fi\/toode\/pakett-tselluliit\/","title":{"rendered":"Pakett &#8211; Vabane tselluliidist"},"content":{"rendered":"<p>Sobib: tselluliit igas staadiumis, apelsinikoore-nahk, kiuline \/ kiulisklerootiline tselluliit, vereringeprobleemid, tugev veepeetus.<\/p>\n<p>Mida klient tunneb: valu tunne v\u00e4heneb, jalad ja pahkluud t\u00fchjenevad liigsest vedelikust, nahk tundub siledam, mis m\u00f5jutab ka rasva, reite sisemust ja puusa\u00fcmbrist.<\/p>\n<p>Millal seda kasutada: seda v\u00f5ib kasutada ka aastaringselt \u00fcleval m\u00e4rgitud probleemide korral, kuuridena. Autoimmuunhaiguste korral k\u00fcsi toimeainete suhtes oma arstilt.<\/p>\n<p><strong>11 Gambe in Forma<\/strong>&#8211; Sisaldab mitmesuguseid taimi, mis toetavad kasutamist paljude erinevate vereringeh\u00e4irete probleemide korral, kaasa arvatud p\u00f5letikulised.<\/p>\n<p>Miks tarbida:<\/p>\n<p>Seda saab kasutada igasuguses protokollis v\u00f5i \u00fcksi.<\/p>\n<p>Ideaalne neile, kes istuvad liiga palju (kontorit\u00f6\u00f6tajad, esindajad jne) v\u00f5i seisavad liiga palju (kosmeetikud, poeassistendid jne).<\/p>\n<p><strong>21 EDEMCELL<\/strong> M\u00f5eldud tselluliidi ilmingute, eriti \u00f6deemilise tselluliidi vastu v\u00f5itlemiseks.<\/p>\n<p>Miks tarbida:<\/p>\n<p>See on ideaalne kaalu kontrollimisel, kui kaasneb s\u00fcsivesikute raske metaboliseerimine ja halb vereringe.<\/p>\n<p>T\u00f5hus tselluliidiravi ajal ja l\u00fcmfi moodustumise (klassikaline Vahemere liivakella\/ pirnikujuline kehakuju) korral.<\/p>\n<p>Millal ja miks: Drenaa\u017ei toime \u00d6deemne tselluliit T\u00fcdrukud v\u00f5i noored naised L\u00fcmf- ja veenide ringlus Veresuhkru kontroll N\u00e4ljakontroll Dieedire\u017eiimid, abivahendina<\/p>\n<p><strong>The &#8221;CELL SOD stick&#8221;<\/strong> on k\u00f5ige t\u00e4ielikum toode Cellulite tootesarjast. Sobib igat t\u00fc\u00fcpi ja igas staadiumis tselluliidi raviks.<\/p>\n<p>Miks seda tarbida:<\/p>\n<p>Peaaegu kohene \u00a0heaolutunne.<\/p>\n<p>Fibrinol\u00fc\u00fctiline toime, k\u00f5ige visamale tselluliidile, nagu kiuline tselluliit.<\/p>\n<p>Salendav toime, mis v\u00e4hendab rasvarakke.<\/p>\n<p>Kaitseb mikrotsirkulatsiooni antioks\u00fcdantina.<\/p>\n<p>Millal ja miks kasutada:<\/p>\n<p>Valulik tselluliit<\/p>\n<p>\u00d6deemne tselluliit<\/p>\n<p>Kiuline v\u00f5i fibroskleroosne tselluliit<\/p>\n<p>Gluteaalse ala rasvkude &#8211; reie siseosa ja alak\u00f5ht<\/p>\n<p>Antioks\u00fcdantne ja kaitsev<\/p>\n<p>Parandab mikrotsirkulatsiooni<\/p>\n<p>Kasutamine: 1 stick Cell SOD hommikul t\u00fchja k\u00f5huga, \u00a01 stick Gambe in Forma 11 ja 1 stick Edemcell 1,5L vee sisse, tarbi p\u00e4eva jooksul.<\/p>\n<p>&nbsp;<\/p>\n","protected":false},"excerpt":{"rendered":"<p>Koosneb: 2 tk &#8221;Edemcell 21&#8243;+ 2 tk &#8221; Gambe in Forma 11&#8243;+ 1 tk &#8221;Cell SOD&#8221;<\/p>\n<p>Sobib: tselluliit igas staadiumis, apelsinikoore-nahk, kiuline \/ kiulisklerootiline tselluliit, vereringeprobleemid, tugev veepeetus.<\/p>\n<p>Mida klient tunneb: valu tunne v\u00e4heneb, jalad ja pahkluud t\u00fchjenevad liigsest vedelikust, nahk tundub siledam, mis m\u00f5jutab ka rasva, reite sisemust ja puusa\u00fcmbrist.<\/p>\n<p>Millal seda kasutada: seda v\u00f5ib kasutada ka aastaringselt \u00fcleval m\u00e4rgitud probleemide korral, kuuridena. Autoimmuunhaiguste korral k\u00fcsi toimeainete suhtes oma arstilt.<\/p>\n","protected":false},"featured_media":907,"template":"","meta":[],"product_brand":[],"product_cat":[34],"product_tag":[39],"class_list":{"0":"post-434","1":"product","2":"type-product","3":"status-publish","4":"has-post-thumbnail","6":"product_cat-hugieen-ja-tervis","7":"product_tag-paketid","9":"first","10":"onbackorder","11":"taxable","12":"shipping-taxable","13":"purchasable","14":"product-type-simple"},"yoast_head":"<!-- This site is optimized with the Yoast SEO plugin v27.0 - https:\/\/yoast.com\/product\/yoast-seo-wordpress\/ -->\n<title>Pakett - Vabane tselluliidist - Beauty Equipment<\/title>\n<meta name=\"robots\" content=\"index, follow, max-snippet:-1, max-image-preview:large, max-video-preview:-1\" \/>\n<link rel=\"canonical\" href=\"https:\/\/beautyequipment.shop\/toode\/pakett-tselluliit\/\" \/>\n<meta property=\"og:locale\" content=\"fi_FI\" \/>\n<meta property=\"og:type\" content=\"article\" \/>\n<meta property=\"og:title\" content=\"Pakett - Vabane tselluliidist - Beauty Equipment\" \/>\n<meta property=\"og:description\" content=\"Koosneb: 2 tk &quot;Edemcell 21&quot;+ 2 tk &quot; Gambe in Forma 11&quot;+ 1 tk &quot;Cell SOD&quot;  Sobib: tselluliit igas staadiumis, apelsinikoore-nahk, kiuline \/ kiulisklerootiline tselluliit, vereringeprobleemid, tugev veepeetus.  Mida klient tunneb: valu tunne v\u00e4heneb, jalad ja pahkluud t\u00fchjenevad liigsest vedelikust, nahk tundub siledam, mis m\u00f5jutab ka rasva, reite sisemust ja puusa\u00fcmbrist.  Millal seda kasutada: seda v\u00f5ib kasutada ka aastaringselt \u00fcleval m\u00e4rgitud probleemide korral, kuuridena. Autoimmuunhaiguste korral k\u00fcsi toimeainete suhtes oma arstilt.\" \/>\n<meta property=\"og:url\" content=\"https:\/\/beautyequipment.shop\/toode\/pakett-tselluliit\/\" \/>\n<meta property=\"og:site_name\" content=\"Beauty Equipment\" \/>\n<meta property=\"article:publisher\" content=\"https:\/\/facebook.com\/beautyequipment.ou\" \/>\n<meta property=\"article:modified_time\" content=\"2023-12-12T17:56:17+00:00\" \/>\n<meta property=\"og:image\" content=\"https:\/\/beautyequipment.shop\/wp-content\/uploads\/2023\/10\/IMG_1818.jpg\" \/>\n\t<meta property=\"og:image:width\" content=\"2461\" \/>\n\t<meta property=\"og:image:height\" content=\"2461\" \/>\n\t<meta property=\"og:image:type\" content=\"image\/jpeg\" \/>\n<meta name=\"twitter:card\" content=\"summary_large_image\" \/>\n<meta name=\"twitter:label1\" content=\"Est. reading time\" \/>\n\t<meta name=\"twitter:data1\" content=\"1 minuutti\" \/>\n<script type=\"application\/ld+json\" class=\"yoast-schema-graph\">{\"@context\":\"https:\/\/schema.org\",\"@graph\":[{\"@type\":\"WebPage\",\"@id\":\"https:\/\/beautyequipment.shop\/toode\/pakett-tselluliit\/\",\"url\":\"https:\/\/beautyequipment.shop\/toode\/pakett-tselluliit\/\",\"name\":\"Pakett - Vabane tselluliidist - Beauty Equipment\",\"isPartOf\":{\"@id\":\"https:\/\/beautyequipment.shop\/#website\"},\"primaryImageOfPage\":{\"@id\":\"https:\/\/beautyequipment.shop\/toode\/pakett-tselluliit\/#primaryimage\"},\"image\":{\"@id\":\"https:\/\/beautyequipment.shop\/toode\/pakett-tselluliit\/#primaryimage\"},\"thumbnailUrl\":\"https:\/\/beautyequipment.shop\/wp-content\/uploads\/2023\/10\/IMG_1818.jpg\",\"datePublished\":\"2023-10-23T21:08:06+00:00\",\"dateModified\":\"2023-12-12T17:56:17+00:00\",\"breadcrumb\":{\"@id\":\"https:\/\/beautyequipment.shop\/toode\/pakett-tselluliit\/#breadcrumb\"},\"inLanguage\":\"fi\",\"potentialAction\":[{\"@type\":\"ReadAction\",\"target\":[\"https:\/\/beautyequipment.shop\/toode\/pakett-tselluliit\/\"]}]},{\"@type\":\"ImageObject\",\"inLanguage\":\"fi\",\"@id\":\"https:\/\/beautyequipment.shop\/toode\/pakett-tselluliit\/#primaryimage\",\"url\":\"https:\/\/beautyequipment.shop\/wp-content\/uploads\/2023\/10\/IMG_1818.jpg\",\"contentUrl\":\"https:\/\/beautyequipment.shop\/wp-content\/uploads\/2023\/10\/IMG_1818.jpg\",\"width\":2461,\"height\":2461},{\"@type\":\"BreadcrumbList\",\"@id\":\"https:\/\/beautyequipment.shop\/toode\/pakett-tselluliit\/#breadcrumb\",\"itemListElement\":[{\"@type\":\"ListItem\",\"position\":1,\"name\":\"Home\",\"item\":\"https:\/\/beautyequipment.shop\/fi\/kotisivu\/\"},{\"@type\":\"ListItem\",\"position\":2,\"name\":\"Osta osoitteessa\",\"item\":\"https:\/\/beautyequipment.shop\/fi\/shop\/\"},{\"@type\":\"ListItem\",\"position\":3,\"name\":\"Pakett &#8211; Vabane tselluliidist\"}]},{\"@type\":\"WebSite\",\"@id\":\"https:\/\/beautyequipment.shop\/#website\",\"url\":\"https:\/\/beautyequipment.shop\/\",\"name\":\"Beauty Equipment\",\"description\":\"Toidulisandid ilu ja tervise heaks\",\"publisher\":{\"@id\":\"https:\/\/beautyequipment.shop\/#organization\"},\"potentialAction\":[{\"@type\":\"SearchAction\",\"target\":{\"@type\":\"EntryPoint\",\"urlTemplate\":\"https:\/\/beautyequipment.shop\/?s={search_term_string}\"},\"query-input\":{\"@type\":\"PropertyValueSpecification\",\"valueRequired\":true,\"valueName\":\"search_term_string\"}}],\"inLanguage\":\"fi\"},{\"@type\":\"Organization\",\"@id\":\"https:\/\/beautyequipment.shop\/#organization\",\"name\":\"Beauty Equipment\",\"url\":\"https:\/\/beautyequipment.shop\/\",\"logo\":{\"@type\":\"ImageObject\",\"inLanguage\":\"fi\",\"@id\":\"https:\/\/beautyequipment.shop\/#\/schema\/logo\/image\/\",\"url\":\"https:\/\/beautyequipment.shop\/wp-content\/uploads\/2024\/09\/Beauty-Equipment-logo-300x109-1.webp\",\"contentUrl\":\"https:\/\/beautyequipment.shop\/wp-content\/uploads\/2024\/09\/Beauty-Equipment-logo-300x109-1.webp\",\"width\":300,\"height\":109,\"caption\":\"Beauty Equipment\"},\"image\":{\"@id\":\"https:\/\/beautyequipment.shop\/#\/schema\/logo\/image\/\"},\"sameAs\":[\"https:\/\/facebook.com\/beautyequipment.ou\",\"https:\/\/instagram.com\/tisanoreica.nord\"]}]}<\/script>\n<!-- \/ Yoast SEO plugin. -->","yoast_head_json":{"title":"Pakett - Vabane tselluliidist - Beauty Equipment","robots":{"index":"index","follow":"follow","max-snippet":"max-snippet:-1","max-image-preview":"max-image-preview:large","max-video-preview":"max-video-preview:-1"},"canonical":"https:\/\/beautyequipment.shop\/toode\/pakett-tselluliit\/","og_locale":"fi_FI","og_type":"article","og_title":"Pakett - Vabane tselluliidist - Beauty Equipment","og_description":"Koosneb: 2 tk \"Edemcell 21\"+ 2 tk \" Gambe in Forma 11\"+ 1 tk \"Cell SOD\"  Sobib: tselluliit igas staadiumis, apelsinikoore-nahk, kiuline \/ kiulisklerootiline tselluliit, vereringeprobleemid, tugev veepeetus.  Mida klient tunneb: valu tunne v\u00e4heneb, jalad ja pahkluud t\u00fchjenevad liigsest vedelikust, nahk tundub siledam, mis m\u00f5jutab ka rasva, reite sisemust ja puusa\u00fcmbrist.  Millal seda kasutada: seda v\u00f5ib kasutada ka aastaringselt \u00fcleval m\u00e4rgitud probleemide korral, kuuridena. Autoimmuunhaiguste korral k\u00fcsi toimeainete suhtes oma arstilt.","og_url":"https:\/\/beautyequipment.shop\/toode\/pakett-tselluliit\/","og_site_name":"Beauty Equipment","article_publisher":"https:\/\/facebook.com\/beautyequipment.ou","article_modified_time":"2023-12-12T17:56:17+00:00","og_image":[{"width":2461,"height":2461,"url":"https:\/\/beautyequipment.shop\/wp-content\/uploads\/2023\/10\/IMG_1818.jpg","type":"image\/jpeg"}],"twitter_card":"summary_large_image","twitter_misc":{"Est. reading time":"1 minuutti"},"schema":{"@context":"https:\/\/schema.org","@graph":[{"@type":"WebPage","@id":"https:\/\/beautyequipment.shop\/toode\/pakett-tselluliit\/","url":"https:\/\/beautyequipment.shop\/toode\/pakett-tselluliit\/","name":"Pakett - Vabane tselluliidist - Beauty Equipment","isPartOf":{"@id":"https:\/\/beautyequipment.shop\/#website"},"primaryImageOfPage":{"@id":"https:\/\/beautyequipment.shop\/toode\/pakett-tselluliit\/#primaryimage"},"image":{"@id":"https:\/\/beautyequipment.shop\/toode\/pakett-tselluliit\/#primaryimage"},"thumbnailUrl":"https:\/\/beautyequipment.shop\/wp-content\/uploads\/2023\/10\/IMG_1818.jpg","datePublished":"2023-10-23T21:08:06+00:00","dateModified":"2023-12-12T17:56:17+00:00","breadcrumb":{"@id":"https:\/\/beautyequipment.shop\/toode\/pakett-tselluliit\/#breadcrumb"},"inLanguage":"fi","potentialAction":[{"@type":"ReadAction","target":["https:\/\/beautyequipment.shop\/toode\/pakett-tselluliit\/"]}]},{"@type":"ImageObject","inLanguage":"fi","@id":"https:\/\/beautyequipment.shop\/toode\/pakett-tselluliit\/#primaryimage","url":"https:\/\/beautyequipment.shop\/wp-content\/uploads\/2023\/10\/IMG_1818.jpg","contentUrl":"https:\/\/beautyequipment.shop\/wp-content\/uploads\/2023\/10\/IMG_1818.jpg","width":2461,"height":2461},{"@type":"BreadcrumbList","@id":"https:\/\/beautyequipment.shop\/toode\/pakett-tselluliit\/#breadcrumb","itemListElement":[{"@type":"ListItem","position":1,"name":"Home","item":"https:\/\/beautyequipment.shop\/fi\/kotisivu\/"},{"@type":"ListItem","position":2,"name":"Osta osoitteessa","item":"https:\/\/beautyequipment.shop\/fi\/shop\/"},{"@type":"ListItem","position":3,"name":"Pakett &#8211; Vabane tselluliidist"}]},{"@type":"WebSite","@id":"https:\/\/beautyequipment.shop\/#website","url":"https:\/\/beautyequipment.shop\/","name":"Beauty Equipment","description":"Toidulisandid ilu ja tervise heaks","publisher":{"@id":"https:\/\/beautyequipment.shop\/#organization"},"potentialAction":[{"@type":"SearchAction","target":{"@type":"EntryPoint","urlTemplate":"https:\/\/beautyequipment.shop\/?s={search_term_string}"},"query-input":{"@type":"PropertyValueSpecification","valueRequired":true,"valueName":"search_term_string"}}],"inLanguage":"fi"},{"@type":"Organization","@id":"https:\/\/beautyequipment.shop\/#organization","name":"Beauty Equipment","url":"https:\/\/beautyequipment.shop\/","logo":{"@type":"ImageObject","inLanguage":"fi","@id":"https:\/\/beautyequipment.shop\/#\/schema\/logo\/image\/","url":"https:\/\/beautyequipment.shop\/wp-content\/uploads\/2024\/09\/Beauty-Equipment-logo-300x109-1.webp","contentUrl":"https:\/\/beautyequipment.shop\/wp-content\/uploads\/2024\/09\/Beauty-Equipment-logo-300x109-1.webp","width":300,"height":109,"caption":"Beauty Equipment"},"image":{"@id":"https:\/\/beautyequipment.shop\/#\/schema\/logo\/image\/"},"sameAs":["https:\/\/facebook.com\/beautyequipment.ou","https:\/\/instagram.com\/tisanoreica.nord"]}]}},"_links":{"self":[{"href":"https:\/\/beautyequipment.shop\/fi\/wp-json\/wp\/v2\/product\/434","targetHints":{"allow":["GET"]}}],"collection":[{"href":"https:\/\/beautyequipment.shop\/fi\/wp-json\/wp\/v2\/product"}],"about":[{"href":"https:\/\/beautyequipment.shop\/fi\/wp-json\/wp\/v2\/types\/product"}],"wp:featuredmedia":[{"embeddable":true,"href":"https:\/\/beautyequipment.shop\/fi\/wp-json\/wp\/v2\/media\/907"}],"wp:attachment":[{"href":"https:\/\/beautyequipment.shop\/fi\/wp-json\/wp\/v2\/media?parent=434"}],"wp:term":[{"taxonomy":"product_brand","embeddable":true,"href":"https:\/\/beautyequipment.shop\/fi\/wp-json\/wp\/v2\/product_brand?post=434"},{"taxonomy":"product_cat","embeddable":true,"href":"https:\/\/beautyequipment.shop\/fi\/wp-json\/wp\/v2\/product_cat?post=434"},{"taxonomy":"product_tag","embeddable":true,"href":"https:\/\/beautyequipment.shop\/fi\/wp-json\/wp\/v2\/product_tag?post=434"}],"curies":[{"name":"wp","href":"https:\/\/api.w.org\/{rel}","templated":true}]}}