{"id":433,"date":"2023-10-24T00:08:06","date_gmt":"2023-10-23T21:08:06","guid":{"rendered":"https:\/\/beautyequipment.shop\/toode\/pakett-kaalulangetus-meestele\/"},"modified":"2023-12-12T19:55:42","modified_gmt":"2023-12-12T17:55:42","slug":"pakett-kaalulangetus-meestele","status":"publish","type":"product","link":"https:\/\/beautyequipment.shop\/fi\/toode\/pakett-kaalulangetus-meestele\/","title":{"rendered":"Pakett &#8211; Kaalulangetus meestele"},"content":{"rendered":"<p>Sobib: meestele, kaalu kaotamiseks v\u00f5i s\u00e4ilitamiseks ilma liiga suurte ohverdusteta. Samuti on see efektiivne viljakas eas naistele, kellel on \u00f5unakuju.<\/p>\n<p>Mida klient tunneb: kergus tunne eriti talje ja k\u00f5hu piirkonnas, see annab metaboolse stiimuli, kergustunnet ja v\u00f5imsat seedimisefekti p\u00e4rast s\u00f6\u00f6ki.<\/p>\n<p>Millal seda kasutada: v\u00f5ib seda kasutada ka aastaringselt, kuuridena<\/p>\n<p><strong>13 Tonico<\/strong> -Miks soovitatakse:<\/p>\n<p>See on energiline toonik, kuid ilma \u00fchegi kalorita!<\/p>\n<p>Sobib neile, kes k\u00e4ivad j\u00f5usaalis v\u00f5i tegelevad spordiga.<\/p>\n<p>See parandab naha toonust, kui seda kombineeritakse kollageenijoogiga v\u00f5i PAT-iga (Tisanoreica toidud k\u00f5rgeima kvaliteediga valkudega ja eksklusiivse aktivaatoriga maailma patendiga).(Tisanoreica toidud saabuvad kohe-kohe ka Eestis m\u00fc\u00fcgile<\/p>\n<p>Millal ja miks<\/p>\n<p>V\u00e4simus, kurnatus, apaatsus, energia puudus p\u00f5hjamaises kaamoses<\/p>\n<p>Vajadus parema keskendumise j\u00e4rele<\/p>\n<p>Suurep\u00e4rane sporditegevuse ajal<\/p>\n<p>Kombineerituna mis tahes kaalulangetusele suunatud dieedistrateegiaga<\/p>\n<p>Aeglase ainevahetusega inimestele<\/p>\n<p><strong>28 Riducente- <\/strong>toetab kalorite v\u00e4hendamist l\u00f5una- ja \u00f5htus\u00f6\u00f6gi j\u00e4rel.<\/p>\n<p>Miks seda tarbida:<\/p>\n<p>See t\u00e4idab \u00fchilduva s\u00fcnergeetilise toime, mida saab integreerida k\u00f5igi tootesarja kuuluvate salenemistoodetega.<\/p>\n<p>Aktiveerib samaaegselt gl\u00fckeemilise kontrolli ja seedimise.<\/p>\n<p>Sobib neile, kes ei soovi toidulaua naudingutest loobuda.<\/p>\n<p>Soovitatav millal ja miks:<\/p>\n<p>J\u00e4lgige tootega oma postprandiaalse veresuhkru taset.<\/p>\n<p>Kontrollib n\u00e4ljatunnet.<\/p>\n<p>V\u00e4hendab s\u00f6\u00f6dud kaloreid.<\/p>\n<p>Kiirendab seedeprotsesse ja &#8221;k\u00f5hu t\u00fchjenemist&#8221;.<\/p>\n<p>Koos igasuguse kaalulangetamisele suunatud dieedistrateegiaga.<\/p>\n<p>Inimestele, kes soovivad oma kaalu s\u00e4ilitada.<\/p>\n<p>Millal ja miks:<\/p>\n<p>Efektiivne kaalu s\u00e4ilitamiseks ja ainevahetuse ning termogeense stimulatsiooni kaudu kaalulanguse soodustamiseks.<\/p>\n<p>Samuti soovitatav kiulise tselluliidi korral, n\u00e4iteks naistele, kellel on kalduvus olla saledamad ja kellel esineb seda t\u00fc\u00fcpi tselluliiti.<\/p>\n<p>T\u00e4nu oma puhastavatele, toonust andvatele ja salendavatele omadustele v\u00f5ib see olla ainus vahend neile, kes soovivad proovida toodet ilma t\u00e4ieliku protokolli l\u00e4biviimiseta.<\/p>\n<p><strong>21 Snellente UOMO<\/strong><\/p>\n<p>Meestele sobiv kaalulangetusvahend k\u00f5igis vanuser\u00fchmades. Sobib ka \u00f5unakujuga naistele. \u00dcks toode mitmete toimetega. Sobilik menopausis naistele.<\/p>\n<p>Miks soovitada:<\/p>\n<p>Toimib salendavalt, puhastavalt, omades nii metaboolset kui hormonaalset stimuleerivat toimet.<\/p>\n<p>Toimib eriti h\u00e4sti talje piirkonnas ja on maksapuhastuse m\u00f5ttes v\u00e4ga efektiivne.<\/p>\n<p>Millal ja miks kasutada:<\/p>\n<p>K\u00f5hu- ja taljepiirkonna rasvumine<\/p>\n<p>Treeningute jaoks toonuse andmiseks<\/p>\n<p>Meestele seksuaalse tugevdajana<\/p>\n<p>Eesn\u00e4\u00e4rme ja juuste tervise toetamiseks<\/p>\n<p>Igal kaalulangetusel suunatud toitumisstrateegiaga kombineeritult<\/p>\n<p>Kasutamine: 1 stick Tonico 13 t\u00fchja k\u00f5huga hommikul, p\u00e4eval 1,5 L vee sisse 1 stick Snellente UOMO 21, tarbida p\u00e4eva jooksul, peale \u00f5htus\u00f6\u00f6ki 1 stick Riducente 28<\/p>\n<p>&nbsp;<\/p>\n<p>&nbsp;<\/p>\n<p>&nbsp;<\/p>\n","protected":false},"excerpt":{"rendered":"<p>Koosneb- 2tk &#8221;Tonico 13&#8243;+ 2tk &#8221;Riducente 28&#8243;+ 2tk &#8221;Snellente Uomo 21&#8221;<\/p>\n","protected":false},"featured_media":863,"template":"","meta":[],"product_brand":[],"product_cat":[34],"product_tag":[39],"class_list":{"0":"post-433","1":"product","2":"type-product","3":"status-publish","4":"has-post-thumbnail","6":"product_cat-hugieen-ja-tervis","7":"product_tag-paketid","9":"first","10":"onbackorder","11":"taxable","12":"shipping-taxable","13":"purchasable","14":"product-type-simple"},"yoast_head":"<!-- This site is optimized with the Yoast SEO plugin v27.0 - https:\/\/yoast.com\/product\/yoast-seo-wordpress\/ -->\n<title>Pakett - Kaalulangetus meestele - Beauty Equipment<\/title>\n<meta name=\"robots\" content=\"index, follow, max-snippet:-1, max-image-preview:large, max-video-preview:-1\" \/>\n<link rel=\"canonical\" href=\"https:\/\/beautyequipment.shop\/toode\/pakett-kaalulangetus-meestele\/\" \/>\n<meta property=\"og:locale\" content=\"fi_FI\" \/>\n<meta property=\"og:type\" content=\"article\" \/>\n<meta property=\"og:title\" content=\"Pakett - Kaalulangetus meestele - Beauty Equipment\" \/>\n<meta property=\"og:description\" content=\"Koosneb- 2tk &quot;Tonico 13&quot;+ 2tk &quot;Riducente 28&quot;+ 2tk &quot;Snellente Uomo 21&quot;\" \/>\n<meta property=\"og:url\" content=\"https:\/\/beautyequipment.shop\/toode\/pakett-kaalulangetus-meestele\/\" \/>\n<meta property=\"og:site_name\" content=\"Beauty Equipment\" \/>\n<meta property=\"article:publisher\" content=\"https:\/\/facebook.com\/beautyequipment.ou\" \/>\n<meta property=\"article:modified_time\" content=\"2023-12-12T17:55:42+00:00\" \/>\n<meta property=\"og:image\" content=\"https:\/\/beautyequipment.shop\/wp-content\/uploads\/2023\/10\/IMG_1814.jpg\" \/>\n\t<meta property=\"og:image:width\" content=\"2437\" \/>\n\t<meta property=\"og:image:height\" content=\"2437\" \/>\n\t<meta property=\"og:image:type\" content=\"image\/jpeg\" \/>\n<meta name=\"twitter:card\" content=\"summary_large_image\" \/>\n<meta name=\"twitter:label1\" content=\"Est. reading time\" \/>\n\t<meta name=\"twitter:data1\" content=\"2 minuuttia\" \/>\n<script type=\"application\/ld+json\" class=\"yoast-schema-graph\">{\"@context\":\"https:\/\/schema.org\",\"@graph\":[{\"@type\":\"WebPage\",\"@id\":\"https:\/\/beautyequipment.shop\/toode\/pakett-kaalulangetus-meestele\/\",\"url\":\"https:\/\/beautyequipment.shop\/toode\/pakett-kaalulangetus-meestele\/\",\"name\":\"Pakett - Kaalulangetus meestele - Beauty Equipment\",\"isPartOf\":{\"@id\":\"https:\/\/beautyequipment.shop\/#website\"},\"primaryImageOfPage\":{\"@id\":\"https:\/\/beautyequipment.shop\/toode\/pakett-kaalulangetus-meestele\/#primaryimage\"},\"image\":{\"@id\":\"https:\/\/beautyequipment.shop\/toode\/pakett-kaalulangetus-meestele\/#primaryimage\"},\"thumbnailUrl\":\"https:\/\/beautyequipment.shop\/wp-content\/uploads\/2023\/10\/IMG_1814.jpg\",\"datePublished\":\"2023-10-23T21:08:06+00:00\",\"dateModified\":\"2023-12-12T17:55:42+00:00\",\"breadcrumb\":{\"@id\":\"https:\/\/beautyequipment.shop\/toode\/pakett-kaalulangetus-meestele\/#breadcrumb\"},\"inLanguage\":\"fi\",\"potentialAction\":[{\"@type\":\"ReadAction\",\"target\":[\"https:\/\/beautyequipment.shop\/toode\/pakett-kaalulangetus-meestele\/\"]}]},{\"@type\":\"ImageObject\",\"inLanguage\":\"fi\",\"@id\":\"https:\/\/beautyequipment.shop\/toode\/pakett-kaalulangetus-meestele\/#primaryimage\",\"url\":\"https:\/\/beautyequipment.shop\/wp-content\/uploads\/2023\/10\/IMG_1814.jpg\",\"contentUrl\":\"https:\/\/beautyequipment.shop\/wp-content\/uploads\/2023\/10\/IMG_1814.jpg\",\"width\":2437,\"height\":2437},{\"@type\":\"BreadcrumbList\",\"@id\":\"https:\/\/beautyequipment.shop\/toode\/pakett-kaalulangetus-meestele\/#breadcrumb\",\"itemListElement\":[{\"@type\":\"ListItem\",\"position\":1,\"name\":\"Home\",\"item\":\"https:\/\/beautyequipment.shop\/fi\/kotisivu\/\"},{\"@type\":\"ListItem\",\"position\":2,\"name\":\"Osta osoitteessa\",\"item\":\"https:\/\/beautyequipment.shop\/fi\/shop\/\"},{\"@type\":\"ListItem\",\"position\":3,\"name\":\"Pakett &#8211; Kaalulangetus meestele\"}]},{\"@type\":\"WebSite\",\"@id\":\"https:\/\/beautyequipment.shop\/#website\",\"url\":\"https:\/\/beautyequipment.shop\/\",\"name\":\"Beauty Equipment\",\"description\":\"Toidulisandid ilu ja tervise heaks\",\"publisher\":{\"@id\":\"https:\/\/beautyequipment.shop\/#organization\"},\"potentialAction\":[{\"@type\":\"SearchAction\",\"target\":{\"@type\":\"EntryPoint\",\"urlTemplate\":\"https:\/\/beautyequipment.shop\/?s={search_term_string}\"},\"query-input\":{\"@type\":\"PropertyValueSpecification\",\"valueRequired\":true,\"valueName\":\"search_term_string\"}}],\"inLanguage\":\"fi\"},{\"@type\":\"Organization\",\"@id\":\"https:\/\/beautyequipment.shop\/#organization\",\"name\":\"Beauty Equipment\",\"url\":\"https:\/\/beautyequipment.shop\/\",\"logo\":{\"@type\":\"ImageObject\",\"inLanguage\":\"fi\",\"@id\":\"https:\/\/beautyequipment.shop\/#\/schema\/logo\/image\/\",\"url\":\"https:\/\/beautyequipment.shop\/wp-content\/uploads\/2024\/09\/Beauty-Equipment-logo-300x109-1.webp\",\"contentUrl\":\"https:\/\/beautyequipment.shop\/wp-content\/uploads\/2024\/09\/Beauty-Equipment-logo-300x109-1.webp\",\"width\":300,\"height\":109,\"caption\":\"Beauty Equipment\"},\"image\":{\"@id\":\"https:\/\/beautyequipment.shop\/#\/schema\/logo\/image\/\"},\"sameAs\":[\"https:\/\/facebook.com\/beautyequipment.ou\",\"https:\/\/instagram.com\/tisanoreica.nord\"]}]}<\/script>\n<!-- \/ Yoast SEO plugin. -->","yoast_head_json":{"title":"Pakett - Kaalulangetus meestele - Beauty Equipment","robots":{"index":"index","follow":"follow","max-snippet":"max-snippet:-1","max-image-preview":"max-image-preview:large","max-video-preview":"max-video-preview:-1"},"canonical":"https:\/\/beautyequipment.shop\/toode\/pakett-kaalulangetus-meestele\/","og_locale":"fi_FI","og_type":"article","og_title":"Pakett - Kaalulangetus meestele - Beauty Equipment","og_description":"Koosneb- 2tk \"Tonico 13\"+ 2tk \"Riducente 28\"+ 2tk \"Snellente Uomo 21\"","og_url":"https:\/\/beautyequipment.shop\/toode\/pakett-kaalulangetus-meestele\/","og_site_name":"Beauty Equipment","article_publisher":"https:\/\/facebook.com\/beautyequipment.ou","article_modified_time":"2023-12-12T17:55:42+00:00","og_image":[{"width":2437,"height":2437,"url":"https:\/\/beautyequipment.shop\/wp-content\/uploads\/2023\/10\/IMG_1814.jpg","type":"image\/jpeg"}],"twitter_card":"summary_large_image","twitter_misc":{"Est. reading time":"2 minuuttia"},"schema":{"@context":"https:\/\/schema.org","@graph":[{"@type":"WebPage","@id":"https:\/\/beautyequipment.shop\/toode\/pakett-kaalulangetus-meestele\/","url":"https:\/\/beautyequipment.shop\/toode\/pakett-kaalulangetus-meestele\/","name":"Pakett - Kaalulangetus meestele - Beauty Equipment","isPartOf":{"@id":"https:\/\/beautyequipment.shop\/#website"},"primaryImageOfPage":{"@id":"https:\/\/beautyequipment.shop\/toode\/pakett-kaalulangetus-meestele\/#primaryimage"},"image":{"@id":"https:\/\/beautyequipment.shop\/toode\/pakett-kaalulangetus-meestele\/#primaryimage"},"thumbnailUrl":"https:\/\/beautyequipment.shop\/wp-content\/uploads\/2023\/10\/IMG_1814.jpg","datePublished":"2023-10-23T21:08:06+00:00","dateModified":"2023-12-12T17:55:42+00:00","breadcrumb":{"@id":"https:\/\/beautyequipment.shop\/toode\/pakett-kaalulangetus-meestele\/#breadcrumb"},"inLanguage":"fi","potentialAction":[{"@type":"ReadAction","target":["https:\/\/beautyequipment.shop\/toode\/pakett-kaalulangetus-meestele\/"]}]},{"@type":"ImageObject","inLanguage":"fi","@id":"https:\/\/beautyequipment.shop\/toode\/pakett-kaalulangetus-meestele\/#primaryimage","url":"https:\/\/beautyequipment.shop\/wp-content\/uploads\/2023\/10\/IMG_1814.jpg","contentUrl":"https:\/\/beautyequipment.shop\/wp-content\/uploads\/2023\/10\/IMG_1814.jpg","width":2437,"height":2437},{"@type":"BreadcrumbList","@id":"https:\/\/beautyequipment.shop\/toode\/pakett-kaalulangetus-meestele\/#breadcrumb","itemListElement":[{"@type":"ListItem","position":1,"name":"Home","item":"https:\/\/beautyequipment.shop\/fi\/kotisivu\/"},{"@type":"ListItem","position":2,"name":"Osta osoitteessa","item":"https:\/\/beautyequipment.shop\/fi\/shop\/"},{"@type":"ListItem","position":3,"name":"Pakett &#8211; Kaalulangetus meestele"}]},{"@type":"WebSite","@id":"https:\/\/beautyequipment.shop\/#website","url":"https:\/\/beautyequipment.shop\/","name":"Beauty Equipment","description":"Toidulisandid ilu ja tervise heaks","publisher":{"@id":"https:\/\/beautyequipment.shop\/#organization"},"potentialAction":[{"@type":"SearchAction","target":{"@type":"EntryPoint","urlTemplate":"https:\/\/beautyequipment.shop\/?s={search_term_string}"},"query-input":{"@type":"PropertyValueSpecification","valueRequired":true,"valueName":"search_term_string"}}],"inLanguage":"fi"},{"@type":"Organization","@id":"https:\/\/beautyequipment.shop\/#organization","name":"Beauty Equipment","url":"https:\/\/beautyequipment.shop\/","logo":{"@type":"ImageObject","inLanguage":"fi","@id":"https:\/\/beautyequipment.shop\/#\/schema\/logo\/image\/","url":"https:\/\/beautyequipment.shop\/wp-content\/uploads\/2024\/09\/Beauty-Equipment-logo-300x109-1.webp","contentUrl":"https:\/\/beautyequipment.shop\/wp-content\/uploads\/2024\/09\/Beauty-Equipment-logo-300x109-1.webp","width":300,"height":109,"caption":"Beauty Equipment"},"image":{"@id":"https:\/\/beautyequipment.shop\/#\/schema\/logo\/image\/"},"sameAs":["https:\/\/facebook.com\/beautyequipment.ou","https:\/\/instagram.com\/tisanoreica.nord"]}]}},"_links":{"self":[{"href":"https:\/\/beautyequipment.shop\/fi\/wp-json\/wp\/v2\/product\/433","targetHints":{"allow":["GET"]}}],"collection":[{"href":"https:\/\/beautyequipment.shop\/fi\/wp-json\/wp\/v2\/product"}],"about":[{"href":"https:\/\/beautyequipment.shop\/fi\/wp-json\/wp\/v2\/types\/product"}],"wp:featuredmedia":[{"embeddable":true,"href":"https:\/\/beautyequipment.shop\/fi\/wp-json\/wp\/v2\/media\/863"}],"wp:attachment":[{"href":"https:\/\/beautyequipment.shop\/fi\/wp-json\/wp\/v2\/media?parent=433"}],"wp:term":[{"taxonomy":"product_brand","embeddable":true,"href":"https:\/\/beautyequipment.shop\/fi\/wp-json\/wp\/v2\/product_brand?post=433"},{"taxonomy":"product_cat","embeddable":true,"href":"https:\/\/beautyequipment.shop\/fi\/wp-json\/wp\/v2\/product_cat?post=433"},{"taxonomy":"product_tag","embeddable":true,"href":"https:\/\/beautyequipment.shop\/fi\/wp-json\/wp\/v2\/product_tag?post=433"}],"curies":[{"name":"wp","href":"https:\/\/api.w.org\/{rel}","templated":true}]}}