{"id":432,"date":"2023-10-24T00:08:06","date_gmt":"2023-10-23T21:08:06","guid":{"rendered":"https:\/\/beautyequipment.shop\/toode\/pakett-naha-niisutus-ja-kortsud\/"},"modified":"2023-12-12T19:57:10","modified_gmt":"2023-12-12T17:57:10","slug":"pakett-naha-niisutus-ja-kortsud","status":"publish","type":"product","link":"https:\/\/beautyequipment.shop\/fi\/toode\/pakett-naha-niisutus-ja-kortsud\/","title":{"rendered":"Pakett &#8211; Nahka niisutav ja pinguldav"},"content":{"rendered":"<p>Pakett naha niisutus ja kortsud-<\/p>\n<p>Sobib: t\u00e4ielik ravi kortsude ja vananemisilmingute vastu v\u00f5itlemiseks ning naha niiskustaseme t\u00f5stmiseks nii naistele kui ka meestele.<\/p>\n<p>Mida klient tunneb: naha elastsuse, tugevuse, niisutuse ja s\u00e4ra tunnet ning kortsude v\u00e4henemist igal staadiumil.<\/p>\n<p>Dermatiidi, psoriaasi v\u00f5i t\u00f5sise deh\u00fcdratsiooni korral aitab s\u00fcgelust ja punetust leevendada<\/p>\n<p><strong>05 Depurativo Derma<\/strong><\/p>\n<p>Nagu olete aru saanud, muudab meie toodetes sisalduvate taimede suur arv need mitmek\u00fclgseks kasutamiseks sobivaks.<\/p>\n<p>Miks seda toodet kasutada :<\/p>\n<p>K\u00f5ikide n\u00e4ohoolduste k\u00e4igus, vananemisvastase toime t\u00f5ttu, mis rahustab ja niisutab nahka.<\/p>\n<p>See on alati puhastav, kuid selle toime avaldub 90% nahal ja v\u00e4hem siseorganitel. (v\u00f5rreldes Depurativo 02, mis m\u00f5jub siseorganitele)<\/p>\n<p>Pikka aega kasutamiseks, rasuse-, aknele kalduva v\u00f5i v\u00e4ga ebapuhta naha, dermatiidi, psoriaasi ja iluvigade korral.<\/p>\n<p><strong>NUTRIDERM<\/strong><\/p>\n<p>H\u00fcaluroonhappe kontsentraat t\u00e4iteaine efektiga, mis parandab m\u00e4rgatavalt naha tekstuuri ja niisutust.<\/p>\n<p>Miks seda tarbida:<\/p>\n<p>V\u00e4ga kasulik ka noorele nahale kui nahk on deh\u00fcdreeritud.<\/p>\n<p>Sobib nendele, kes p\u00e4evitavad palju.<\/p>\n<p>Edendab naha kaitset vabade radikaalide eest, mida toodetakse t\u00e4nu goji-marjadele ja alfa-lipoehappele.<\/p>\n<p style=\"text-align: left;\">Millal ja miks:<\/p>\n<ul style=\"text-align: left;\">\n<li>Naha niisutamine ja pinguldus.<\/li>\n<li>T\u00e4iteainet sisaldav toime.<\/li>\n<li>Edendab kollageeni moodustumist.<\/li>\n<li>Antioks\u00fcdantne toime.<\/li>\n<li>Taastab vitamiinide E ja C.<\/li>\n<li>S\u00fcnoviaalkapslite s\u00e4ilitamine<\/li>\n<\/ul>\n<p style=\"text-align: left;\"><strong>COLLAGEN DRINK<\/strong><\/p>\n<p style=\"text-align: left;\">Millal ja miks:<\/p>\n<p>Nahale struktuuri ja kaitse andmine esimeste vananemisilmingute vastu. Aitab v\u00e4hendada kortsude s\u00fcgavust ja s\u00e4ilitada naha lipiidide optimaalset kontsentratsiooni, ennetades liigset kuivust ja koorumist. Kollageen on erinevate kudede peamine struktuurne valk, moodustades meie kehas kuni 35% valke ja moodustades 90% meie nahast. Kuna aja jooksul kaotatakse kollageen ja elastiin loomulikult, eriti menopausi ajal, tuleb neid uuesti organismi viia.<\/p>\n<p>On valmistatud veise kollageenist, mis on inimese kollageenile k\u00f5ige ssarnasem ja k\u00f5ige lihtsamini organismil omastatav.<\/p>\n<p>Bioaktiivsed peptiidid Valitud kollageen I ja III, t\u00e4pse h\u00fcdrol\u00fc\u00fcsi astme ja molekulkaaluga: 100% dermises (2,5 g Verisol = 10 g merekollageeni)<\/p>\n<p>F\u00fctotsereamiidid, mis toimivad rakkude betoonina.<\/p>\n<p>Millal ja miks:<\/p>\n<p>Naha niisutamine ja pinguldamine, V\u00e4hendab karedust, s\u00fcgelust ja punetust, S\u00fcgavad kortsud, haavad, Antioks\u00fcdant, Stimuleerib kollageeni tootmist, Tulemused m\u00e4rgatavad k\u00fc\u00fcnte tugevuses ja kasvus.<\/p>\n<p>AKTIIVNE KASUTAMISEST 60 P\u00c4EVA J\u00c4REL<\/p>\n<p>Kasutamine: 1 stick Depurativo Derma 05 1,5 L vee sisse, tarbida p\u00e4eva jooksul, 1 stick Collagen Drink peale hommikus\u00f6\u00f6ki, 1 tbl Nutriderma peale \u00f5htus\u00f6\u00f6ki<\/p>\n<p style=\"text-align: left;\">\n","protected":false},"excerpt":{"rendered":"<p>Koosneb- 2 tk &#8221; Depurativo Derma 05&#8243;+ 1 tk &#8221; Nutriderma&#8221;+ 1 tk &#8221;Collagen drink&#8221;<\/p>\n<p>Sobib: t\u00e4ielik ravi kortsude ja vananemisilmingute vastu v\u00f5itlemiseks ning naha niiskustaseme t\u00f5stmiseks. Sobib ka meestele.<\/p>\n<p>Mida klient tunneb: naha elastsuse, tugevuse, niisutuse ja s\u00e4ra tunnet ning kortsude v\u00e4henemist igal staadiumil.<\/p>\n<p>Dermatiidi, psoriaasi v\u00f5i t\u00f5sise deh\u00fcdratsiooni korral aitab s\u00fcgelust ja punetust leevendada.<\/p>\n<p>Millal seda kasutada: v\u00f5ib kasutada aastaringselt. Ennetamiseks noortel soovitatakse kuuri \u00fcks kord aastas. Mida rohkem nahk kahjustunud, seda tihemini peaks kuuri kordama.<\/p>\n","protected":false},"featured_media":871,"template":"","meta":[],"product_brand":[],"product_cat":[35],"product_tag":[39],"class_list":{"0":"post-432","1":"product","2":"type-product","3":"status-publish","4":"has-post-thumbnail","6":"product_cat-nahale","7":"product_tag-paketid","9":"first","10":"onbackorder","11":"taxable","12":"shipping-taxable","13":"purchasable","14":"product-type-simple"},"yoast_head":"<!-- This site is optimized with the Yoast SEO plugin v27.0 - https:\/\/yoast.com\/product\/yoast-seo-wordpress\/ -->\n<title>Pakett - Nahka niisutav ja pinguldav - Beauty Equipment<\/title>\n<meta name=\"robots\" content=\"index, follow, max-snippet:-1, max-image-preview:large, max-video-preview:-1\" \/>\n<link rel=\"canonical\" href=\"https:\/\/beautyequipment.shop\/toode\/pakett-naha-niisutus-ja-kortsud\/\" \/>\n<meta property=\"og:locale\" content=\"fi_FI\" \/>\n<meta property=\"og:type\" content=\"article\" \/>\n<meta property=\"og:title\" content=\"Pakett - Nahka niisutav ja pinguldav - Beauty Equipment\" \/>\n<meta property=\"og:description\" content=\"Koosneb- 2 tk &quot; Depurativo Derma 05&quot;+ 1 tk &quot; Nutriderma&quot;+ 1 tk &quot;Collagen drink&quot;  Sobib: t\u00e4ielik ravi kortsude ja vananemisilmingute vastu v\u00f5itlemiseks ning naha niiskustaseme t\u00f5stmiseks. Sobib ka meestele.  Mida klient tunneb: naha elastsuse, tugevuse, niisutuse ja s\u00e4ra tunnet ning kortsude v\u00e4henemist igal staadiumil.  Dermatiidi, psoriaasi v\u00f5i t\u00f5sise deh\u00fcdratsiooni korral aitab s\u00fcgelust ja punetust leevendada.  Millal seda kasutada: v\u00f5ib kasutada aastaringselt. Ennetamiseks noortel soovitatakse kuuri \u00fcks kord aastas. Mida rohkem nahk kahjustunud, seda tihemini peaks kuuri kordama.\" \/>\n<meta property=\"og:url\" content=\"https:\/\/beautyequipment.shop\/toode\/pakett-naha-niisutus-ja-kortsud\/\" \/>\n<meta property=\"og:site_name\" content=\"Beauty Equipment\" \/>\n<meta property=\"article:publisher\" content=\"https:\/\/facebook.com\/beautyequipment.ou\" \/>\n<meta property=\"article:modified_time\" content=\"2023-12-12T17:57:10+00:00\" \/>\n<meta property=\"og:image\" content=\"https:\/\/beautyequipment.shop\/wp-content\/uploads\/2023\/10\/IMG_1803.jpg\" \/>\n\t<meta property=\"og:image:width\" content=\"2334\" \/>\n\t<meta property=\"og:image:height\" content=\"2334\" \/>\n\t<meta property=\"og:image:type\" content=\"image\/jpeg\" \/>\n<meta name=\"twitter:card\" content=\"summary_large_image\" \/>\n<meta name=\"twitter:label1\" content=\"Est. reading time\" \/>\n\t<meta name=\"twitter:data1\" content=\"2 minuuttia\" \/>\n<script type=\"application\/ld+json\" class=\"yoast-schema-graph\">{\"@context\":\"https:\/\/schema.org\",\"@graph\":[{\"@type\":\"WebPage\",\"@id\":\"https:\/\/beautyequipment.shop\/toode\/pakett-naha-niisutus-ja-kortsud\/\",\"url\":\"https:\/\/beautyequipment.shop\/toode\/pakett-naha-niisutus-ja-kortsud\/\",\"name\":\"Pakett - Nahka niisutav ja pinguldav - Beauty Equipment\",\"isPartOf\":{\"@id\":\"https:\/\/beautyequipment.shop\/#website\"},\"primaryImageOfPage\":{\"@id\":\"https:\/\/beautyequipment.shop\/toode\/pakett-naha-niisutus-ja-kortsud\/#primaryimage\"},\"image\":{\"@id\":\"https:\/\/beautyequipment.shop\/toode\/pakett-naha-niisutus-ja-kortsud\/#primaryimage\"},\"thumbnailUrl\":\"https:\/\/beautyequipment.shop\/wp-content\/uploads\/2023\/10\/IMG_1803.jpg\",\"datePublished\":\"2023-10-23T21:08:06+00:00\",\"dateModified\":\"2023-12-12T17:57:10+00:00\",\"breadcrumb\":{\"@id\":\"https:\/\/beautyequipment.shop\/toode\/pakett-naha-niisutus-ja-kortsud\/#breadcrumb\"},\"inLanguage\":\"fi\",\"potentialAction\":[{\"@type\":\"ReadAction\",\"target\":[\"https:\/\/beautyequipment.shop\/toode\/pakett-naha-niisutus-ja-kortsud\/\"]}]},{\"@type\":\"ImageObject\",\"inLanguage\":\"fi\",\"@id\":\"https:\/\/beautyequipment.shop\/toode\/pakett-naha-niisutus-ja-kortsud\/#primaryimage\",\"url\":\"https:\/\/beautyequipment.shop\/wp-content\/uploads\/2023\/10\/IMG_1803.jpg\",\"contentUrl\":\"https:\/\/beautyequipment.shop\/wp-content\/uploads\/2023\/10\/IMG_1803.jpg\",\"width\":2334,\"height\":2334},{\"@type\":\"BreadcrumbList\",\"@id\":\"https:\/\/beautyequipment.shop\/toode\/pakett-naha-niisutus-ja-kortsud\/#breadcrumb\",\"itemListElement\":[{\"@type\":\"ListItem\",\"position\":1,\"name\":\"Home\",\"item\":\"https:\/\/beautyequipment.shop\/fi\/kotisivu\/\"},{\"@type\":\"ListItem\",\"position\":2,\"name\":\"Osta osoitteessa\",\"item\":\"https:\/\/beautyequipment.shop\/fi\/shop\/\"},{\"@type\":\"ListItem\",\"position\":3,\"name\":\"Pakett &#8211; Nahka niisutav ja pinguldav\"}]},{\"@type\":\"WebSite\",\"@id\":\"https:\/\/beautyequipment.shop\/#website\",\"url\":\"https:\/\/beautyequipment.shop\/\",\"name\":\"Beauty Equipment\",\"description\":\"Toidulisandid ilu ja tervise heaks\",\"publisher\":{\"@id\":\"https:\/\/beautyequipment.shop\/#organization\"},\"potentialAction\":[{\"@type\":\"SearchAction\",\"target\":{\"@type\":\"EntryPoint\",\"urlTemplate\":\"https:\/\/beautyequipment.shop\/?s={search_term_string}\"},\"query-input\":{\"@type\":\"PropertyValueSpecification\",\"valueRequired\":true,\"valueName\":\"search_term_string\"}}],\"inLanguage\":\"fi\"},{\"@type\":\"Organization\",\"@id\":\"https:\/\/beautyequipment.shop\/#organization\",\"name\":\"Beauty Equipment\",\"url\":\"https:\/\/beautyequipment.shop\/\",\"logo\":{\"@type\":\"ImageObject\",\"inLanguage\":\"fi\",\"@id\":\"https:\/\/beautyequipment.shop\/#\/schema\/logo\/image\/\",\"url\":\"https:\/\/beautyequipment.shop\/wp-content\/uploads\/2024\/09\/Beauty-Equipment-logo-300x109-1.webp\",\"contentUrl\":\"https:\/\/beautyequipment.shop\/wp-content\/uploads\/2024\/09\/Beauty-Equipment-logo-300x109-1.webp\",\"width\":300,\"height\":109,\"caption\":\"Beauty Equipment\"},\"image\":{\"@id\":\"https:\/\/beautyequipment.shop\/#\/schema\/logo\/image\/\"},\"sameAs\":[\"https:\/\/facebook.com\/beautyequipment.ou\",\"https:\/\/instagram.com\/tisanoreica.nord\"]}]}<\/script>\n<!-- \/ Yoast SEO plugin. -->","yoast_head_json":{"title":"Pakett - Nahka niisutav ja pinguldav - Beauty Equipment","robots":{"index":"index","follow":"follow","max-snippet":"max-snippet:-1","max-image-preview":"max-image-preview:large","max-video-preview":"max-video-preview:-1"},"canonical":"https:\/\/beautyequipment.shop\/toode\/pakett-naha-niisutus-ja-kortsud\/","og_locale":"fi_FI","og_type":"article","og_title":"Pakett - Nahka niisutav ja pinguldav - Beauty Equipment","og_description":"Koosneb- 2 tk \" Depurativo Derma 05\"+ 1 tk \" Nutriderma\"+ 1 tk \"Collagen drink\"  Sobib: t\u00e4ielik ravi kortsude ja vananemisilmingute vastu v\u00f5itlemiseks ning naha niiskustaseme t\u00f5stmiseks. Sobib ka meestele.  Mida klient tunneb: naha elastsuse, tugevuse, niisutuse ja s\u00e4ra tunnet ning kortsude v\u00e4henemist igal staadiumil.  Dermatiidi, psoriaasi v\u00f5i t\u00f5sise deh\u00fcdratsiooni korral aitab s\u00fcgelust ja punetust leevendada.  Millal seda kasutada: v\u00f5ib kasutada aastaringselt. Ennetamiseks noortel soovitatakse kuuri \u00fcks kord aastas. Mida rohkem nahk kahjustunud, seda tihemini peaks kuuri kordama.","og_url":"https:\/\/beautyequipment.shop\/toode\/pakett-naha-niisutus-ja-kortsud\/","og_site_name":"Beauty Equipment","article_publisher":"https:\/\/facebook.com\/beautyequipment.ou","article_modified_time":"2023-12-12T17:57:10+00:00","og_image":[{"width":2334,"height":2334,"url":"https:\/\/beautyequipment.shop\/wp-content\/uploads\/2023\/10\/IMG_1803.jpg","type":"image\/jpeg"}],"twitter_card":"summary_large_image","twitter_misc":{"Est. reading time":"2 minuuttia"},"schema":{"@context":"https:\/\/schema.org","@graph":[{"@type":"WebPage","@id":"https:\/\/beautyequipment.shop\/toode\/pakett-naha-niisutus-ja-kortsud\/","url":"https:\/\/beautyequipment.shop\/toode\/pakett-naha-niisutus-ja-kortsud\/","name":"Pakett - Nahka niisutav ja pinguldav - Beauty Equipment","isPartOf":{"@id":"https:\/\/beautyequipment.shop\/#website"},"primaryImageOfPage":{"@id":"https:\/\/beautyequipment.shop\/toode\/pakett-naha-niisutus-ja-kortsud\/#primaryimage"},"image":{"@id":"https:\/\/beautyequipment.shop\/toode\/pakett-naha-niisutus-ja-kortsud\/#primaryimage"},"thumbnailUrl":"https:\/\/beautyequipment.shop\/wp-content\/uploads\/2023\/10\/IMG_1803.jpg","datePublished":"2023-10-23T21:08:06+00:00","dateModified":"2023-12-12T17:57:10+00:00","breadcrumb":{"@id":"https:\/\/beautyequipment.shop\/toode\/pakett-naha-niisutus-ja-kortsud\/#breadcrumb"},"inLanguage":"fi","potentialAction":[{"@type":"ReadAction","target":["https:\/\/beautyequipment.shop\/toode\/pakett-naha-niisutus-ja-kortsud\/"]}]},{"@type":"ImageObject","inLanguage":"fi","@id":"https:\/\/beautyequipment.shop\/toode\/pakett-naha-niisutus-ja-kortsud\/#primaryimage","url":"https:\/\/beautyequipment.shop\/wp-content\/uploads\/2023\/10\/IMG_1803.jpg","contentUrl":"https:\/\/beautyequipment.shop\/wp-content\/uploads\/2023\/10\/IMG_1803.jpg","width":2334,"height":2334},{"@type":"BreadcrumbList","@id":"https:\/\/beautyequipment.shop\/toode\/pakett-naha-niisutus-ja-kortsud\/#breadcrumb","itemListElement":[{"@type":"ListItem","position":1,"name":"Home","item":"https:\/\/beautyequipment.shop\/fi\/kotisivu\/"},{"@type":"ListItem","position":2,"name":"Osta osoitteessa","item":"https:\/\/beautyequipment.shop\/fi\/shop\/"},{"@type":"ListItem","position":3,"name":"Pakett &#8211; Nahka niisutav ja pinguldav"}]},{"@type":"WebSite","@id":"https:\/\/beautyequipment.shop\/#website","url":"https:\/\/beautyequipment.shop\/","name":"Beauty Equipment","description":"Toidulisandid ilu ja tervise heaks","publisher":{"@id":"https:\/\/beautyequipment.shop\/#organization"},"potentialAction":[{"@type":"SearchAction","target":{"@type":"EntryPoint","urlTemplate":"https:\/\/beautyequipment.shop\/?s={search_term_string}"},"query-input":{"@type":"PropertyValueSpecification","valueRequired":true,"valueName":"search_term_string"}}],"inLanguage":"fi"},{"@type":"Organization","@id":"https:\/\/beautyequipment.shop\/#organization","name":"Beauty Equipment","url":"https:\/\/beautyequipment.shop\/","logo":{"@type":"ImageObject","inLanguage":"fi","@id":"https:\/\/beautyequipment.shop\/#\/schema\/logo\/image\/","url":"https:\/\/beautyequipment.shop\/wp-content\/uploads\/2024\/09\/Beauty-Equipment-logo-300x109-1.webp","contentUrl":"https:\/\/beautyequipment.shop\/wp-content\/uploads\/2024\/09\/Beauty-Equipment-logo-300x109-1.webp","width":300,"height":109,"caption":"Beauty Equipment"},"image":{"@id":"https:\/\/beautyequipment.shop\/#\/schema\/logo\/image\/"},"sameAs":["https:\/\/facebook.com\/beautyequipment.ou","https:\/\/instagram.com\/tisanoreica.nord"]}]}},"_links":{"self":[{"href":"https:\/\/beautyequipment.shop\/fi\/wp-json\/wp\/v2\/product\/432","targetHints":{"allow":["GET"]}}],"collection":[{"href":"https:\/\/beautyequipment.shop\/fi\/wp-json\/wp\/v2\/product"}],"about":[{"href":"https:\/\/beautyequipment.shop\/fi\/wp-json\/wp\/v2\/types\/product"}],"wp:featuredmedia":[{"embeddable":true,"href":"https:\/\/beautyequipment.shop\/fi\/wp-json\/wp\/v2\/media\/871"}],"wp:attachment":[{"href":"https:\/\/beautyequipment.shop\/fi\/wp-json\/wp\/v2\/media?parent=432"}],"wp:term":[{"taxonomy":"product_brand","embeddable":true,"href":"https:\/\/beautyequipment.shop\/fi\/wp-json\/wp\/v2\/product_brand?post=432"},{"taxonomy":"product_cat","embeddable":true,"href":"https:\/\/beautyequipment.shop\/fi\/wp-json\/wp\/v2\/product_cat?post=432"},{"taxonomy":"product_tag","embeddable":true,"href":"https:\/\/beautyequipment.shop\/fi\/wp-json\/wp\/v2\/product_tag?post=432"}],"curies":[{"name":"wp","href":"https:\/\/api.w.org\/{rel}","templated":true}]}}