{"id":231,"date":"2023-10-03T01:46:15","date_gmt":"2023-10-02T22:46:15","guid":{"rendered":"https:\/\/beautyequipment.shop\/?post_type=product&#038;p=231"},"modified":"2025-03-05T21:42:56","modified_gmt":"2025-03-05T19:42:56","slug":"28-estratto-reduktsioon","status":"publish","type":"product","link":"https:\/\/beautyequipment.shop\/fi\/toode\/28-estratto-reduktsioon\/","title":{"rendered":"Extract 28 Riducente"},"content":{"rendered":"<p>Estratto 28 reduktsioon on toidulisand, valmistatud ravimtaimede vesiekstraktidest<\/p>\n<p><strong>Koostis:<\/strong> M\u00f5rkjate \u00fcrtide vesiekstrakt 70%: Gymnema (Gymnema sylvestre (Retz) R.Br.) leht, kaneeli (Cinnamomum zeylanicum Blume) koor, apteegitilli (Foeniculum vulgare Mill.) vili, agar-agar (Gelidium amansii J.V. Lamouroux) thallus, arti\u0161okki (Cynara scolymus L.) leht, ananass (Ananas comosus (L.) Merr.) vars, konjaki (Amorphophallus konjac K. Koch) juur, aniisi (Pimpinella anisum L.) vili, guar (Cyamopsis tetragonoloba (L.) Taub.) seeme, papaia (Carica papaya L.) leht, echinacea (Echinacea pallida (Nutt.) Nutt.) juur, ps\u00fcllium (Plantago psyllium L.) seeme, malva (Malva sylvestris L.) leht, must redis (Raphanus sativus var. niger (Mill.) J.Kern.) juur, kaerhein (Agropyron repens (L.) P. Beauv.) risoom, ingver (Zingiber officinale Rosc.) risoom. Vesi, maitseained. V\u00e4rvaine: tavaline karamell.<\/p>\n<p><strong>F\u00fcsioloogiline toime:<\/strong> Gymnema: s\u00fcsivesikute ja lipiidide ainevahetus, kontrollib n\u00e4ljatunnet; Kaneel: seedimine, gaaside leevendamine.<\/p>\n<p><strong>Kasutamine:<\/strong> Soovitatav on v\u00f5tta 1 pakike p\u00e4rast peamist s\u00f6\u00f6ki v\u00f5i lahjendada klaasis vees vastavalt vajadusele.<\/p>\n<p>Maksimaalne soovitatav \u00f6\u00f6p\u00e4evane annus: 2 pulka\/pakikest p\u00e4evas.<\/p>\n<p>Kerged erinevused v\u00e4rvuses, maitses ja v\u00f5imalik sade tekke on seotud taimsete koostisosade loomuliku varieeruvusega ning ei n\u00e4ita toote kvaliteedis muutusi.<\/p>\n<p><strong>Hoiatus:<\/strong> Raputage enne kasutamist. Hoida jahedas kohas. Hoida lastele alla 3 aasta k\u00e4ttesaamatus kohas. \u00c4rge \u00fcletage soovitatavat p\u00e4evast annust. Ei soovitata raseduse ja imetamise ajal. Toidulisandid ei asenda mitmek\u00fclgset, tasakaalustatud toitumist ja tervislikku elustiili. Tuleks kasutada osana sobivast v\u00e4hendatud kalorsusega dieedist, j\u00e4rgides tervislikku elustiili koos m\u00f5\u00f5duka liikumisega. Pikaajalistel dieetidel, \u00fcle kolme n\u00e4dala, soovitame otsida meditsiinilist n\u00f5u.<\/p>\n<p>KESKMINE SISALDUS SOOVITATUD ANNUSES (2 pulka p\u00e4evas): Gymnema a.e. 6,10 g, Kaneel a.e. 5,20 g, Apteegitill a.e. 5,00 g, Agar-agar a.e. 2,50 g, Arti\u0161okk a.e. 2,30 g, Ananass a.e. 2,30 g, Konjak a.e. 2,30 g, Aniis a.e. 2,30 g, Guar a.e. 2,00 g, Papaia a.e. 2,00 g, Echinacea a.e. 2,00 g, Ps\u00fcllium a.e. 2,00 g, Malva a.e. 2,00 g, Must redis a.e. 1,50 g, Kaerhein a.e. 1,50 g, Ingver a.e. 1,00 g.<\/p>\n<p>Parim enne kuup\u00e4ev kehtib toote avamata ja korralikult s\u00e4ilitatuna. Partii ja parim enne kuup\u00e4ev: vt \u00fclaosa.<\/p>\n<p>Tootja, pakendaja ja levitaja: GIANLUCA MECH SPA, Via Rodolfo Mech 80, 36020 Asigliano Veneto (VI), Itaalia.<\/p>\n<p>16 pulka, iga\u00fcks 30 ml<\/p>\n<p>ALKOHOLIVABA \u2022 EI OLE LISATUD SUHKRUID* \u2022 S\u00c4ILITUSAINETEVABA \u2022 GLUTEENIVABA *SUHKRUD &lt;0,5 g\/100 ml<\/p>\n","protected":false},"excerpt":{"rendered":"<p>Aitab v\u00e4hendada kaloreid p\u00e4rast l\u00f5una- ja \u00f5htus\u00f6\u00f6ki.<\/p>\n<p>Millistel juhtudel ja milleks kasutada:<br \/>\n&#8211; Gl\u00fckeemiline kontroll seedimise ajal<br \/>\n&#8211; N\u00e4ljakontroll<br \/>\n&#8211; K\u00f5rvaldab seedimata kalorid<br \/>\n&#8211; Soodustab seedimisprotsessi ja k\u00f5rvaldab puhitus<br \/>\n&#8211; Kombineeritakse mis tahes toitumisprogrammiga kehakaalu langetamiseks<br \/>\n&#8211; Neile, kes soovivad oma kehakaalu s\u00e4ilitada<\/p>\n","protected":false},"featured_media":190,"template":"","meta":[],"product_brand":[],"product_cat":[37],"product_tag":[],"class_list":{"0":"post-231","1":"product","2":"type-product","3":"status-publish","4":"has-post-thumbnail","6":"product_cat-lisandid","8":"first","9":"instock","10":"taxable","11":"shipping-taxable","12":"purchasable","13":"product-type-simple"},"yoast_head":"<!-- This site is optimized with the Yoast SEO plugin v27.0 - https:\/\/yoast.com\/product\/yoast-seo-wordpress\/ -->\n<title>Extract 28 Riducente - Beauty Equipment<\/title>\n<meta name=\"robots\" content=\"index, follow, max-snippet:-1, max-image-preview:large, max-video-preview:-1\" \/>\n<link rel=\"canonical\" href=\"https:\/\/beautyequipment.shop\/toode\/28-estratto-reduktsioon\/\" \/>\n<meta property=\"og:locale\" content=\"fi_FI\" \/>\n<meta property=\"og:type\" content=\"article\" \/>\n<meta property=\"og:title\" content=\"Extract 28 Riducente - Beauty Equipment\" \/>\n<meta property=\"og:description\" content=\"Aitab v\u00e4hendada kaloreid p\u00e4rast l\u00f5una- ja \u00f5htus\u00f6\u00f6ki.  Millistel juhtudel ja milleks kasutada: - Gl\u00fckeemiline kontroll seedimise ajal - N\u00e4ljakontroll - K\u00f5rvaldab seedimata kalorid - Soodustab seedimisprotsessi ja k\u00f5rvaldab puhitus - Kombineeritakse mis tahes toitumisprogrammiga kehakaalu langetamiseks - Neile, kes soovivad oma kehakaalu s\u00e4ilitada\" \/>\n<meta property=\"og:url\" content=\"https:\/\/beautyequipment.shop\/toode\/28-estratto-reduktsioon\/\" \/>\n<meta property=\"og:site_name\" content=\"Beauty Equipment\" \/>\n<meta property=\"article:publisher\" content=\"https:\/\/facebook.com\/beautyequipment.ou\" \/>\n<meta property=\"article:modified_time\" content=\"2025-03-05T19:42:56+00:00\" \/>\n<meta property=\"og:image\" content=\"https:\/\/beautyequipment.shop\/wp-content\/uploads\/2023\/09\/render_Decottopia_IT_28-min-scaled.jpg\" \/>\n\t<meta property=\"og:image:width\" content=\"2560\" \/>\n\t<meta property=\"og:image:height\" content=\"2560\" \/>\n\t<meta property=\"og:image:type\" content=\"image\/jpeg\" \/>\n<meta name=\"twitter:card\" content=\"summary_large_image\" \/>\n<meta name=\"twitter:label1\" content=\"Est. reading time\" \/>\n\t<meta name=\"twitter:data1\" content=\"2 minuuttia\" \/>\n<script type=\"application\/ld+json\" class=\"yoast-schema-graph\">{\"@context\":\"https:\/\/schema.org\",\"@graph\":[{\"@type\":\"WebPage\",\"@id\":\"https:\/\/beautyequipment.shop\/toode\/28-estratto-reduktsioon\/\",\"url\":\"https:\/\/beautyequipment.shop\/toode\/28-estratto-reduktsioon\/\",\"name\":\"Extract 28 Riducente - Beauty Equipment\",\"isPartOf\":{\"@id\":\"https:\/\/beautyequipment.shop\/#website\"},\"primaryImageOfPage\":{\"@id\":\"https:\/\/beautyequipment.shop\/toode\/28-estratto-reduktsioon\/#primaryimage\"},\"image\":{\"@id\":\"https:\/\/beautyequipment.shop\/toode\/28-estratto-reduktsioon\/#primaryimage\"},\"thumbnailUrl\":\"https:\/\/beautyequipment.shop\/wp-content\/uploads\/2023\/09\/render_Decottopia_IT_28-min-scaled.jpg\",\"datePublished\":\"2023-10-02T22:46:15+00:00\",\"dateModified\":\"2025-03-05T19:42:56+00:00\",\"breadcrumb\":{\"@id\":\"https:\/\/beautyequipment.shop\/toode\/28-estratto-reduktsioon\/#breadcrumb\"},\"inLanguage\":\"fi\",\"potentialAction\":[{\"@type\":\"ReadAction\",\"target\":[\"https:\/\/beautyequipment.shop\/toode\/28-estratto-reduktsioon\/\"]}]},{\"@type\":\"ImageObject\",\"inLanguage\":\"fi\",\"@id\":\"https:\/\/beautyequipment.shop\/toode\/28-estratto-reduktsioon\/#primaryimage\",\"url\":\"https:\/\/beautyequipment.shop\/wp-content\/uploads\/2023\/09\/render_Decottopia_IT_28-min-scaled.jpg\",\"contentUrl\":\"https:\/\/beautyequipment.shop\/wp-content\/uploads\/2023\/09\/render_Decottopia_IT_28-min-scaled.jpg\",\"width\":2560,\"height\":2560,\"caption\":\"gianluca mech Estratto reduktsioon\"},{\"@type\":\"BreadcrumbList\",\"@id\":\"https:\/\/beautyequipment.shop\/toode\/28-estratto-reduktsioon\/#breadcrumb\",\"itemListElement\":[{\"@type\":\"ListItem\",\"position\":1,\"name\":\"Home\",\"item\":\"https:\/\/beautyequipment.shop\/fi\/kotisivu\/\"},{\"@type\":\"ListItem\",\"position\":2,\"name\":\"Osta osoitteessa\",\"item\":\"https:\/\/beautyequipment.shop\/fi\/shop\/\"},{\"@type\":\"ListItem\",\"position\":3,\"name\":\"Extract 28 Riducente\"}]},{\"@type\":\"WebSite\",\"@id\":\"https:\/\/beautyequipment.shop\/#website\",\"url\":\"https:\/\/beautyequipment.shop\/\",\"name\":\"Beauty Equipment\",\"description\":\"Toidulisandid ilu ja tervise heaks\",\"publisher\":{\"@id\":\"https:\/\/beautyequipment.shop\/#organization\"},\"potentialAction\":[{\"@type\":\"SearchAction\",\"target\":{\"@type\":\"EntryPoint\",\"urlTemplate\":\"https:\/\/beautyequipment.shop\/?s={search_term_string}\"},\"query-input\":{\"@type\":\"PropertyValueSpecification\",\"valueRequired\":true,\"valueName\":\"search_term_string\"}}],\"inLanguage\":\"fi\"},{\"@type\":\"Organization\",\"@id\":\"https:\/\/beautyequipment.shop\/#organization\",\"name\":\"Beauty Equipment\",\"url\":\"https:\/\/beautyequipment.shop\/\",\"logo\":{\"@type\":\"ImageObject\",\"inLanguage\":\"fi\",\"@id\":\"https:\/\/beautyequipment.shop\/#\/schema\/logo\/image\/\",\"url\":\"https:\/\/beautyequipment.shop\/wp-content\/uploads\/2024\/09\/Beauty-Equipment-logo-300x109-1.webp\",\"contentUrl\":\"https:\/\/beautyequipment.shop\/wp-content\/uploads\/2024\/09\/Beauty-Equipment-logo-300x109-1.webp\",\"width\":300,\"height\":109,\"caption\":\"Beauty Equipment\"},\"image\":{\"@id\":\"https:\/\/beautyequipment.shop\/#\/schema\/logo\/image\/\"},\"sameAs\":[\"https:\/\/facebook.com\/beautyequipment.ou\",\"https:\/\/instagram.com\/tisanoreica.nord\"]}]}<\/script>\n<!-- \/ Yoast SEO plugin. -->","yoast_head_json":{"title":"Extract 28 Riducente - Beauty Equipment","robots":{"index":"index","follow":"follow","max-snippet":"max-snippet:-1","max-image-preview":"max-image-preview:large","max-video-preview":"max-video-preview:-1"},"canonical":"https:\/\/beautyequipment.shop\/toode\/28-estratto-reduktsioon\/","og_locale":"fi_FI","og_type":"article","og_title":"Extract 28 Riducente - Beauty Equipment","og_description":"Aitab v\u00e4hendada kaloreid p\u00e4rast l\u00f5una- ja \u00f5htus\u00f6\u00f6ki.  Millistel juhtudel ja milleks kasutada: - Gl\u00fckeemiline kontroll seedimise ajal - N\u00e4ljakontroll - K\u00f5rvaldab seedimata kalorid - Soodustab seedimisprotsessi ja k\u00f5rvaldab puhitus - Kombineeritakse mis tahes toitumisprogrammiga kehakaalu langetamiseks - Neile, kes soovivad oma kehakaalu s\u00e4ilitada","og_url":"https:\/\/beautyequipment.shop\/toode\/28-estratto-reduktsioon\/","og_site_name":"Beauty Equipment","article_publisher":"https:\/\/facebook.com\/beautyequipment.ou","article_modified_time":"2025-03-05T19:42:56+00:00","og_image":[{"width":2560,"height":2560,"url":"https:\/\/beautyequipment.shop\/wp-content\/uploads\/2023\/09\/render_Decottopia_IT_28-min-scaled.jpg","type":"image\/jpeg"}],"twitter_card":"summary_large_image","twitter_misc":{"Est. reading time":"2 minuuttia"},"schema":{"@context":"https:\/\/schema.org","@graph":[{"@type":"WebPage","@id":"https:\/\/beautyequipment.shop\/toode\/28-estratto-reduktsioon\/","url":"https:\/\/beautyequipment.shop\/toode\/28-estratto-reduktsioon\/","name":"Extract 28 Riducente - Beauty Equipment","isPartOf":{"@id":"https:\/\/beautyequipment.shop\/#website"},"primaryImageOfPage":{"@id":"https:\/\/beautyequipment.shop\/toode\/28-estratto-reduktsioon\/#primaryimage"},"image":{"@id":"https:\/\/beautyequipment.shop\/toode\/28-estratto-reduktsioon\/#primaryimage"},"thumbnailUrl":"https:\/\/beautyequipment.shop\/wp-content\/uploads\/2023\/09\/render_Decottopia_IT_28-min-scaled.jpg","datePublished":"2023-10-02T22:46:15+00:00","dateModified":"2025-03-05T19:42:56+00:00","breadcrumb":{"@id":"https:\/\/beautyequipment.shop\/toode\/28-estratto-reduktsioon\/#breadcrumb"},"inLanguage":"fi","potentialAction":[{"@type":"ReadAction","target":["https:\/\/beautyequipment.shop\/toode\/28-estratto-reduktsioon\/"]}]},{"@type":"ImageObject","inLanguage":"fi","@id":"https:\/\/beautyequipment.shop\/toode\/28-estratto-reduktsioon\/#primaryimage","url":"https:\/\/beautyequipment.shop\/wp-content\/uploads\/2023\/09\/render_Decottopia_IT_28-min-scaled.jpg","contentUrl":"https:\/\/beautyequipment.shop\/wp-content\/uploads\/2023\/09\/render_Decottopia_IT_28-min-scaled.jpg","width":2560,"height":2560,"caption":"gianluca mech Estratto reduktsioon"},{"@type":"BreadcrumbList","@id":"https:\/\/beautyequipment.shop\/toode\/28-estratto-reduktsioon\/#breadcrumb","itemListElement":[{"@type":"ListItem","position":1,"name":"Home","item":"https:\/\/beautyequipment.shop\/fi\/kotisivu\/"},{"@type":"ListItem","position":2,"name":"Osta osoitteessa","item":"https:\/\/beautyequipment.shop\/fi\/shop\/"},{"@type":"ListItem","position":3,"name":"Extract 28 Riducente"}]},{"@type":"WebSite","@id":"https:\/\/beautyequipment.shop\/#website","url":"https:\/\/beautyequipment.shop\/","name":"Beauty Equipment","description":"Toidulisandid ilu ja tervise heaks","publisher":{"@id":"https:\/\/beautyequipment.shop\/#organization"},"potentialAction":[{"@type":"SearchAction","target":{"@type":"EntryPoint","urlTemplate":"https:\/\/beautyequipment.shop\/?s={search_term_string}"},"query-input":{"@type":"PropertyValueSpecification","valueRequired":true,"valueName":"search_term_string"}}],"inLanguage":"fi"},{"@type":"Organization","@id":"https:\/\/beautyequipment.shop\/#organization","name":"Beauty Equipment","url":"https:\/\/beautyequipment.shop\/","logo":{"@type":"ImageObject","inLanguage":"fi","@id":"https:\/\/beautyequipment.shop\/#\/schema\/logo\/image\/","url":"https:\/\/beautyequipment.shop\/wp-content\/uploads\/2024\/09\/Beauty-Equipment-logo-300x109-1.webp","contentUrl":"https:\/\/beautyequipment.shop\/wp-content\/uploads\/2024\/09\/Beauty-Equipment-logo-300x109-1.webp","width":300,"height":109,"caption":"Beauty Equipment"},"image":{"@id":"https:\/\/beautyequipment.shop\/#\/schema\/logo\/image\/"},"sameAs":["https:\/\/facebook.com\/beautyequipment.ou","https:\/\/instagram.com\/tisanoreica.nord"]}]}},"_links":{"self":[{"href":"https:\/\/beautyequipment.shop\/fi\/wp-json\/wp\/v2\/product\/231","targetHints":{"allow":["GET"]}}],"collection":[{"href":"https:\/\/beautyequipment.shop\/fi\/wp-json\/wp\/v2\/product"}],"about":[{"href":"https:\/\/beautyequipment.shop\/fi\/wp-json\/wp\/v2\/types\/product"}],"wp:featuredmedia":[{"embeddable":true,"href":"https:\/\/beautyequipment.shop\/fi\/wp-json\/wp\/v2\/media\/190"}],"wp:attachment":[{"href":"https:\/\/beautyequipment.shop\/fi\/wp-json\/wp\/v2\/media?parent=231"}],"wp:term":[{"taxonomy":"product_brand","embeddable":true,"href":"https:\/\/beautyequipment.shop\/fi\/wp-json\/wp\/v2\/product_brand?post=231"},{"taxonomy":"product_cat","embeddable":true,"href":"https:\/\/beautyequipment.shop\/fi\/wp-json\/wp\/v2\/product_cat?post=231"},{"taxonomy":"product_tag","embeddable":true,"href":"https:\/\/beautyequipment.shop\/fi\/wp-json\/wp\/v2\/product_tag?post=231"}],"curies":[{"name":"wp","href":"https:\/\/api.w.org\/{rel}","templated":true}]}}