{"id":227,"date":"2023-10-03T01:25:01","date_gmt":"2023-10-02T22:25:01","guid":{"rendered":"https:\/\/beautyequipment.shop\/?post_type=product&#038;p=227"},"modified":"2024-07-12T10:40:21","modified_gmt":"2024-07-12T07:40:21","slug":"12-drena","status":"publish","type":"product","link":"https:\/\/beautyequipment.shop\/fi\/toode\/12-drena\/","title":{"rendered":"12 Drena"},"content":{"rendered":"<p>12 Drena on toidulisand, mis on valmistatud ravimtaimede vesiekstraktidest.<\/p>\n<p><strong> Koostis:<\/strong> M\u00f5rkjate taimede vesiekstrakt 70%: P\u00fcramiidi p\u00f6\u00f6kp\u00e4hkel (Hamamelis virginiana L.) lehed, Aed-asper (Asparagus officinalis L.) juur, Harilik kask (Betula pendula Roth.) lehed, Valge\u00f5ielise akaatsia (Crataegus oxyacantha auct.) tipud \u00f5itega, Hariliku kubjaheina (Equisetum arvense L.) \u00fcrt, Harilik apteegitill (Foeniculum vulgare Mill.) vili, Harilik hiirehernes (Agropyron repens (L.) P. Beauv.) risoom, Hibisk (Hibiscus sabdariffa L.) \u00f5is, Harilik mais (Zea mays L.) emakarvad, Oksihein (Ononis spinosa L.) juur, Harilik hulkrakne (Ruscus aculeatus L.) risoom, Musts\u00f5stra (Ribes nigrum L.) lehed, Rosmariin (Rosmarinus officinalis L.) tipud \u00f5itega, Harilik karusmari (Arctostaphylos uva ursi L. Spreng.) lehed, Punane viinamari (Vitis vinifera L.) lehed, Harilik v\u00f5ilill (Taraxacum officinale (L.) Weber ex F.H.Wigg.) juur. Vesi, maitseained. V\u00e4rvaine: tavaline karamell.<\/p>\n<p><strong>F\u00fcsioloogiline toime: <\/strong>P\u00fcramiidi p\u00f6\u00f6kp\u00e4hkel: antioks\u00fcdant; Aed-asper: kehavedelike drenaa\u017e.<\/p>\n<p><strong>Kasutamine:<\/strong> Soovitame lahustada 1\u20132 pulka 1,5 liitris vees ja tarbida p\u00e4eva jooksul. V\u00e4ikesed erinevused v\u00e4rvuses, maitses ja v\u00f5imalik sette teke on seotud taimep\u00e4ritolu koostisosade normaalse varieeruvusega ega n\u00e4ita toote kvaliteedi muutusi.<\/p>\n<p><strong>Hoiatus:<\/strong> Loksutage enne kasutamist. Hoida jahedas kohas. Hoida lastele alla 3 aasta k\u00e4ttesaamatus kohas. Mitte \u00fcletada soovitatud p\u00e4evast annust. Toidulisandid ei asenda mitmekesist ja tasakaalustatud toitumist ning tervislikku eluviisi. Mitte soovitatav imetavatele emadele. Mitte kasutada raseduse ajal ja imetamise ajal.<\/p>\n<p>KESKMINE SISALDUS SOOVITATUD ANNUSES (2 pulka p\u00e4evas): P\u00fcramiidi p\u00f6\u00f6kp\u00e4hkel a.e. 4,2 g, Aed-asper a.e. 3,6 g, Harilik kask a.e. 3,6 g, Valge\u00f5ielise akaatsia a.e. 2,4 g, Harilik kubjahein a.e. 2,4 g, Harilik apteegitill a.e. 2,4 g, Harilik hiirehernes a.e. 2,4 g, Hibisk a.e. 2,4 g, Harilik mais a.e. 2,4 g, Oksihein a.e. 2,4 g, Harilik hulkrakne a.e. 2,4 g, Musts\u00f5stra a.e. 2,4 g, Rosmariin a.e. 2,4 g, Harilik karusmari a.e. 2,4 g, Punane viinamari a.e. 2,4 g, Harilik v\u00f5ilill a.e. 1,8 g. Parim enne kuup\u00e4ev kehtib tootele, mis on avamata ja \u00f5igesti s\u00e4ilitatud. Partii ja parim enne kuup\u00e4ev: vt \u00fclemist k\u00fclge. Tootja, pakendaja ja levitaja: GIANLUCA MECH SPA Via Rodolfo Mech 80, 36020 Asigliano Veneto (VI), Itaalia<\/p>\n<p>16 pulka, iga\u00fcks 30 ml<\/p>\n<p>ALKOHOLIVABA \u2022 Ei ole lisatud suhkruid* \u2022 S\u00c4ILITUSAINETEVABA \u2022 GLUTEENIVABA *SUHKRUD&lt;0,5g\/100ml<\/p>\n","protected":false},"excerpt":{"rendered":"<p>Sisaldab antioks\u00fcdante ja soodustab kehavedelike drenaa\u017ei.<\/p>\n<p>Puhastav lisand t\u00e4ielikuks ja totaalseks puhastamiseks.<\/p>\n<p>Neerude puhastamiseks ja turse k\u00f5rvaldamiseks.<\/p>\n<p>K\u00f5ik toksiinid eemaldatakse meie kehast.<\/p>\n<p>&nbsp;<\/p>\n<p>&#8211; Ravib neere ja maksa.<\/p>\n<p>&#8211; Aitab puhastada keha<\/p>\n<p>&#8211; v\u00f5itleb puhitus.<\/p>\n<p>&#8211; Aitab puhastada kuseteede.<\/p>\n<p>&#8211; Vegan<\/p>\n","protected":false},"featured_media":184,"template":"","meta":[],"product_brand":[],"product_cat":[37,34],"product_tag":[],"class_list":{"0":"post-227","1":"product","2":"type-product","3":"status-publish","4":"has-post-thumbnail","6":"product_cat-lisandid","7":"product_cat-hugieen-ja-tervis","9":"first","10":"instock","11":"taxable","12":"shipping-taxable","13":"purchasable","14":"product-type-simple"},"yoast_head":"<!-- This site is optimized with the Yoast SEO plugin v27.0 - https:\/\/yoast.com\/product\/yoast-seo-wordpress\/ -->\n<title>12 Drena - Beauty Equipment<\/title>\n<meta name=\"robots\" content=\"index, follow, max-snippet:-1, max-image-preview:large, max-video-preview:-1\" \/>\n<link rel=\"canonical\" href=\"https:\/\/beautyequipment.shop\/toode\/12-drena\/\" \/>\n<meta property=\"og:locale\" content=\"fi_FI\" \/>\n<meta property=\"og:type\" content=\"article\" \/>\n<meta property=\"og:title\" content=\"12 Drena - Beauty Equipment\" \/>\n<meta property=\"og:description\" content=\"Sisaldab antioks\u00fcdante ja soodustab kehavedelike drenaa\u017ei.  Puhastav lisand t\u00e4ielikuks ja totaalseks puhastamiseks.  Neerude puhastamiseks ja turse k\u00f5rvaldamiseks.  K\u00f5ik toksiinid eemaldatakse meie kehast.  &nbsp;  - Ravib neere ja maksa.  - Aitab puhastada keha  - v\u00f5itleb puhitus.  - Aitab puhastada kuseteede.  - Vegan\" \/>\n<meta property=\"og:url\" content=\"https:\/\/beautyequipment.shop\/toode\/12-drena\/\" \/>\n<meta property=\"og:site_name\" content=\"Beauty Equipment\" \/>\n<meta property=\"article:publisher\" content=\"https:\/\/facebook.com\/beautyequipment.ou\" \/>\n<meta property=\"article:modified_time\" content=\"2024-07-12T07:40:21+00:00\" \/>\n<meta property=\"og:image\" content=\"https:\/\/beautyequipment.shop\/wp-content\/uploads\/2023\/09\/render_Decottopia_IT_12-min-scaled.jpg\" \/>\n\t<meta property=\"og:image:width\" content=\"2560\" \/>\n\t<meta property=\"og:image:height\" content=\"2560\" \/>\n\t<meta property=\"og:image:type\" content=\"image\/jpeg\" \/>\n<meta name=\"twitter:card\" content=\"summary_large_image\" \/>\n<meta name=\"twitter:label1\" content=\"Est. reading time\" \/>\n\t<meta name=\"twitter:data1\" content=\"2 minuuttia\" \/>\n<script type=\"application\/ld+json\" class=\"yoast-schema-graph\">{\"@context\":\"https:\/\/schema.org\",\"@graph\":[{\"@type\":\"WebPage\",\"@id\":\"https:\/\/beautyequipment.shop\/toode\/12-drena\/\",\"url\":\"https:\/\/beautyequipment.shop\/toode\/12-drena\/\",\"name\":\"12 Drena - Beauty Equipment\",\"isPartOf\":{\"@id\":\"https:\/\/beautyequipment.shop\/#website\"},\"primaryImageOfPage\":{\"@id\":\"https:\/\/beautyequipment.shop\/toode\/12-drena\/#primaryimage\"},\"image\":{\"@id\":\"https:\/\/beautyequipment.shop\/toode\/12-drena\/#primaryimage\"},\"thumbnailUrl\":\"https:\/\/beautyequipment.shop\/wp-content\/uploads\/2023\/09\/render_Decottopia_IT_12-min-scaled.jpg\",\"datePublished\":\"2023-10-02T22:25:01+00:00\",\"dateModified\":\"2024-07-12T07:40:21+00:00\",\"breadcrumb\":{\"@id\":\"https:\/\/beautyequipment.shop\/toode\/12-drena\/#breadcrumb\"},\"inLanguage\":\"fi\",\"potentialAction\":[{\"@type\":\"ReadAction\",\"target\":[\"https:\/\/beautyequipment.shop\/toode\/12-drena\/\"]}]},{\"@type\":\"ImageObject\",\"inLanguage\":\"fi\",\"@id\":\"https:\/\/beautyequipment.shop\/toode\/12-drena\/#primaryimage\",\"url\":\"https:\/\/beautyequipment.shop\/wp-content\/uploads\/2023\/09\/render_Decottopia_IT_12-min-scaled.jpg\",\"contentUrl\":\"https:\/\/beautyequipment.shop\/wp-content\/uploads\/2023\/09\/render_Decottopia_IT_12-min-scaled.jpg\",\"width\":2560,\"height\":2560,\"caption\":\"gianluca mech drena toidulisand\"},{\"@type\":\"BreadcrumbList\",\"@id\":\"https:\/\/beautyequipment.shop\/toode\/12-drena\/#breadcrumb\",\"itemListElement\":[{\"@type\":\"ListItem\",\"position\":1,\"name\":\"Home\",\"item\":\"https:\/\/beautyequipment.shop\/fi\/kotisivu\/\"},{\"@type\":\"ListItem\",\"position\":2,\"name\":\"Osta osoitteessa\",\"item\":\"https:\/\/beautyequipment.shop\/fi\/shop\/\"},{\"@type\":\"ListItem\",\"position\":3,\"name\":\"12 Drena\"}]},{\"@type\":\"WebSite\",\"@id\":\"https:\/\/beautyequipment.shop\/#website\",\"url\":\"https:\/\/beautyequipment.shop\/\",\"name\":\"Beauty Equipment\",\"description\":\"Toidulisandid ilu ja tervise heaks\",\"publisher\":{\"@id\":\"https:\/\/beautyequipment.shop\/#organization\"},\"potentialAction\":[{\"@type\":\"SearchAction\",\"target\":{\"@type\":\"EntryPoint\",\"urlTemplate\":\"https:\/\/beautyequipment.shop\/?s={search_term_string}\"},\"query-input\":{\"@type\":\"PropertyValueSpecification\",\"valueRequired\":true,\"valueName\":\"search_term_string\"}}],\"inLanguage\":\"fi\"},{\"@type\":\"Organization\",\"@id\":\"https:\/\/beautyequipment.shop\/#organization\",\"name\":\"Beauty Equipment\",\"url\":\"https:\/\/beautyequipment.shop\/\",\"logo\":{\"@type\":\"ImageObject\",\"inLanguage\":\"fi\",\"@id\":\"https:\/\/beautyequipment.shop\/#\/schema\/logo\/image\/\",\"url\":\"https:\/\/beautyequipment.shop\/wp-content\/uploads\/2024\/09\/Beauty-Equipment-logo-300x109-1.webp\",\"contentUrl\":\"https:\/\/beautyequipment.shop\/wp-content\/uploads\/2024\/09\/Beauty-Equipment-logo-300x109-1.webp\",\"width\":300,\"height\":109,\"caption\":\"Beauty Equipment\"},\"image\":{\"@id\":\"https:\/\/beautyequipment.shop\/#\/schema\/logo\/image\/\"},\"sameAs\":[\"https:\/\/facebook.com\/beautyequipment.ou\",\"https:\/\/instagram.com\/tisanoreica.nord\"]}]}<\/script>\n<!-- \/ Yoast SEO plugin. -->","yoast_head_json":{"title":"12 Drena - Beauty Equipment","robots":{"index":"index","follow":"follow","max-snippet":"max-snippet:-1","max-image-preview":"max-image-preview:large","max-video-preview":"max-video-preview:-1"},"canonical":"https:\/\/beautyequipment.shop\/toode\/12-drena\/","og_locale":"fi_FI","og_type":"article","og_title":"12 Drena - Beauty Equipment","og_description":"Sisaldab antioks\u00fcdante ja soodustab kehavedelike drenaa\u017ei.  Puhastav lisand t\u00e4ielikuks ja totaalseks puhastamiseks.  Neerude puhastamiseks ja turse k\u00f5rvaldamiseks.  K\u00f5ik toksiinid eemaldatakse meie kehast.  &nbsp;  - Ravib neere ja maksa.  - Aitab puhastada keha  - v\u00f5itleb puhitus.  - Aitab puhastada kuseteede.  - Vegan","og_url":"https:\/\/beautyequipment.shop\/toode\/12-drena\/","og_site_name":"Beauty Equipment","article_publisher":"https:\/\/facebook.com\/beautyequipment.ou","article_modified_time":"2024-07-12T07:40:21+00:00","og_image":[{"width":2560,"height":2560,"url":"https:\/\/beautyequipment.shop\/wp-content\/uploads\/2023\/09\/render_Decottopia_IT_12-min-scaled.jpg","type":"image\/jpeg"}],"twitter_card":"summary_large_image","twitter_misc":{"Est. reading time":"2 minuuttia"},"schema":{"@context":"https:\/\/schema.org","@graph":[{"@type":"WebPage","@id":"https:\/\/beautyequipment.shop\/toode\/12-drena\/","url":"https:\/\/beautyequipment.shop\/toode\/12-drena\/","name":"12 Drena - Beauty Equipment","isPartOf":{"@id":"https:\/\/beautyequipment.shop\/#website"},"primaryImageOfPage":{"@id":"https:\/\/beautyequipment.shop\/toode\/12-drena\/#primaryimage"},"image":{"@id":"https:\/\/beautyequipment.shop\/toode\/12-drena\/#primaryimage"},"thumbnailUrl":"https:\/\/beautyequipment.shop\/wp-content\/uploads\/2023\/09\/render_Decottopia_IT_12-min-scaled.jpg","datePublished":"2023-10-02T22:25:01+00:00","dateModified":"2024-07-12T07:40:21+00:00","breadcrumb":{"@id":"https:\/\/beautyequipment.shop\/toode\/12-drena\/#breadcrumb"},"inLanguage":"fi","potentialAction":[{"@type":"ReadAction","target":["https:\/\/beautyequipment.shop\/toode\/12-drena\/"]}]},{"@type":"ImageObject","inLanguage":"fi","@id":"https:\/\/beautyequipment.shop\/toode\/12-drena\/#primaryimage","url":"https:\/\/beautyequipment.shop\/wp-content\/uploads\/2023\/09\/render_Decottopia_IT_12-min-scaled.jpg","contentUrl":"https:\/\/beautyequipment.shop\/wp-content\/uploads\/2023\/09\/render_Decottopia_IT_12-min-scaled.jpg","width":2560,"height":2560,"caption":"gianluca mech drena toidulisand"},{"@type":"BreadcrumbList","@id":"https:\/\/beautyequipment.shop\/toode\/12-drena\/#breadcrumb","itemListElement":[{"@type":"ListItem","position":1,"name":"Home","item":"https:\/\/beautyequipment.shop\/fi\/kotisivu\/"},{"@type":"ListItem","position":2,"name":"Osta osoitteessa","item":"https:\/\/beautyequipment.shop\/fi\/shop\/"},{"@type":"ListItem","position":3,"name":"12 Drena"}]},{"@type":"WebSite","@id":"https:\/\/beautyequipment.shop\/#website","url":"https:\/\/beautyequipment.shop\/","name":"Beauty Equipment","description":"Toidulisandid ilu ja tervise heaks","publisher":{"@id":"https:\/\/beautyequipment.shop\/#organization"},"potentialAction":[{"@type":"SearchAction","target":{"@type":"EntryPoint","urlTemplate":"https:\/\/beautyequipment.shop\/?s={search_term_string}"},"query-input":{"@type":"PropertyValueSpecification","valueRequired":true,"valueName":"search_term_string"}}],"inLanguage":"fi"},{"@type":"Organization","@id":"https:\/\/beautyequipment.shop\/#organization","name":"Beauty Equipment","url":"https:\/\/beautyequipment.shop\/","logo":{"@type":"ImageObject","inLanguage":"fi","@id":"https:\/\/beautyequipment.shop\/#\/schema\/logo\/image\/","url":"https:\/\/beautyequipment.shop\/wp-content\/uploads\/2024\/09\/Beauty-Equipment-logo-300x109-1.webp","contentUrl":"https:\/\/beautyequipment.shop\/wp-content\/uploads\/2024\/09\/Beauty-Equipment-logo-300x109-1.webp","width":300,"height":109,"caption":"Beauty Equipment"},"image":{"@id":"https:\/\/beautyequipment.shop\/#\/schema\/logo\/image\/"},"sameAs":["https:\/\/facebook.com\/beautyequipment.ou","https:\/\/instagram.com\/tisanoreica.nord"]}]}},"_links":{"self":[{"href":"https:\/\/beautyequipment.shop\/fi\/wp-json\/wp\/v2\/product\/227","targetHints":{"allow":["GET"]}}],"collection":[{"href":"https:\/\/beautyequipment.shop\/fi\/wp-json\/wp\/v2\/product"}],"about":[{"href":"https:\/\/beautyequipment.shop\/fi\/wp-json\/wp\/v2\/types\/product"}],"wp:featuredmedia":[{"embeddable":true,"href":"https:\/\/beautyequipment.shop\/fi\/wp-json\/wp\/v2\/media\/184"}],"wp:attachment":[{"href":"https:\/\/beautyequipment.shop\/fi\/wp-json\/wp\/v2\/media?parent=227"}],"wp:term":[{"taxonomy":"product_brand","embeddable":true,"href":"https:\/\/beautyequipment.shop\/fi\/wp-json\/wp\/v2\/product_brand?post=227"},{"taxonomy":"product_cat","embeddable":true,"href":"https:\/\/beautyequipment.shop\/fi\/wp-json\/wp\/v2\/product_cat?post=227"},{"taxonomy":"product_tag","embeddable":true,"href":"https:\/\/beautyequipment.shop\/fi\/wp-json\/wp\/v2\/product_tag?post=227"}],"curies":[{"name":"wp","href":"https:\/\/api.w.org\/{rel}","templated":true}]}}