{"id":2207,"date":"2024-12-05T12:02:37","date_gmt":"2024-12-05T10:02:37","guid":{"rendered":"https:\/\/beautyequipment.shop\/?post_type=product&#038;p=2207"},"modified":"2024-12-13T21:03:09","modified_gmt":"2024-12-13T19:03:09","slug":"keto-frappe-cappuccino-maitsega","status":"publish","type":"product","link":"https:\/\/beautyequipment.shop\/fi\/toode\/keto-frappe-cappuccino-maitsega\/","title":{"rendered":"KETO FRAPP\u00c9 Cappuccino maitsega, 400 gr"},"content":{"rendered":"<p><u>P\u00f5hiomadused:<\/u><\/p>\n<ul>\n<li>Gluteenivaba, madala suhkrusisaldusega, k\u00f5rge valgusisaldusega (37 g) ja kiudaineterikas (31 g).<\/li>\n<li>Kalorid: 249 kcal 100 g kohta.<\/li>\n<\/ul>\n<p>KOOSTISOSAD: Pol\u00fcdekstroos, vadakuvalgu isolaat (sisaldab emulgaator: sojaletsitiin), kuiv l\u00f5ss, lahustuva kohvi graanulid 4%, l\u00f5hna- ja maitseaine, paksendaja: ksantaankummi; sool, paakumisvastane aine: r\u00e4nidioksiid; Magusaine: sukraloos.<\/p>\n<p>&nbsp;<\/p>\n<p><u>Eelised<\/u>:<\/p>\n<ul>\n<li>Sisaldab lahustuvat kohvi, pakkudes intensiivset maitset ja kerget energiaboosti.<\/li>\n<li>K\u00f5rge valgusisaldus energia s\u00e4ilitamiseks ja lihastoonuse hoidmiseks.<\/li>\n<\/ul>\n<p>&nbsp;<\/p>\n<p><u>Kasutussoovitused:<\/u><\/p>\n<ul>\n<li>Lisage kaks m\u00f5\u00f5telusikat\u00e4it (kokku 25 g) pulbrit 200\u2013250 ml veele ja segage, kuni see on t\u00e4ielikult lahustunud. Parema lahustuvuse tagamiseks on soovitatav kasutada sobivat loksutit.<\/li>\n<li>T\u00e4iuslik hommikuseks vahepalaks, et s\u00e4ilitada keskendumisv\u00f5ime.<\/li>\n<\/ul>\n<p>&nbsp;<\/p>\n<p>TOITUMISTEABE KESKMISED V\u00c4\u00c4RTUSED 100 g:<\/p>\n<p>Energeetiline v\u00e4\u00e4rtus 1042 kJ\/249 kcal;<\/p>\n<p>&#8211; Rasvad 0,5 g, millest k\u00fcllastunud rasvhapped 0,49 g;<\/p>\n<p>&#8211; S\u00fcsivesikud 8,6 g, millest suhkur 6,5 g;<\/p>\n<p>&#8211; Kiudained 31 g;<\/p>\n<p>&#8211; Valk 37 g;<\/p>\n<p>&#8211; sool 1,5 g.<\/p>\n<p>&nbsp;<\/p>\n<p>TOITUMISTEABE KESKMISED V\u00c4\u00c4RTUSED MAKSIMAALSE SOOVITATUD DOOSI KOHTA (25 g pulbrit):<\/p>\n<p>Energeetiline v\u00e4\u00e4rtus 261 kJ\/62 kcal;<\/p>\n<p>&#8211; Rasvad 0,13 g, millest k\u00fcllastunud rasvhapped 0,12 g;<\/p>\n<p>&#8211; S\u00fcsivesikud 2,1 g, millest suhkrud 1,6 g;<\/p>\n<p>&#8211; Kiudained 7,8 g;<\/p>\n<p>&#8211; Valk 9,3 g;<\/p>\n<p>&#8211; sool 0,38 g.<\/p>\n","protected":false},"excerpt":{"rendered":"<p><u>Kellele sobib:<\/u><\/p>\n<ul>\n<li>Sobib kohvis\u00f5pradele, kes otsivad tervislikku ja proteiinirikast alternatiivi.<\/li>\n<li>Sobib neile, kes otsivad kiudainete ja valkude kombinatsiooni rikkaliku maitsega.<\/li>\n<\/ul>\n<p>&nbsp;<\/p>\n<p><em>\u00dcldised soovitused:<\/em><\/p>\n<p><em>K\u00f5ik frapp\u00e9-d sobivad Stabiliseerimis- ja Style-faasi jaoks Tisanoreica meetodis ning neid saab integreerida isikup\u00e4rastatud toitumisplaani. Gluteenivabad ja sobilikud ka ts\u00f6liaakiaga inimestele.<\/em><\/p>\n","protected":false},"featured_media":2208,"template":"","meta":[],"product_brand":[],"product_cat":[36],"product_tag":[],"class_list":{"0":"post-2207","1":"product","2":"type-product","3":"status-publish","4":"has-post-thumbnail","6":"product_cat-tervislik-toit","8":"first","9":"instock","10":"taxable","11":"shipping-taxable","12":"purchasable","13":"product-type-simple"},"yoast_head":"<!-- This site is optimized with the Yoast SEO plugin v27.0 - https:\/\/yoast.com\/product\/yoast-seo-wordpress\/ -->\n<title>KETO FRAPP\u00c9 Cappuccino maitsega, 400 gr - Beauty Equipment<\/title>\n<meta name=\"robots\" content=\"index, follow, max-snippet:-1, max-image-preview:large, max-video-preview:-1\" \/>\n<link rel=\"canonical\" href=\"https:\/\/beautyequipment.shop\/toode\/keto-frappe-cappuccino-maitsega\/\" \/>\n<meta property=\"og:locale\" content=\"fi_FI\" \/>\n<meta property=\"og:type\" content=\"article\" \/>\n<meta property=\"og:title\" content=\"KETO FRAPP\u00c9 Cappuccino maitsega, 400 gr - Beauty Equipment\" \/>\n<meta property=\"og:description\" content=\"Kellele sobib:   Sobib kohvis\u00f5pradele, kes otsivad tervislikku ja proteiinirikast alternatiivi.  Sobib neile, kes otsivad kiudainete ja valkude kombinatsiooni rikkaliku maitsega.  &nbsp;  \u00dcldised soovitused:  K\u00f5ik frapp\u00e9-d sobivad Stabiliseerimis- ja Style-faasi jaoks Tisanoreica meetodis ning neid saab integreerida isikup\u00e4rastatud toitumisplaani. Gluteenivabad ja sobilikud ka ts\u00f6liaakiaga inimestele.\" \/>\n<meta property=\"og:url\" content=\"https:\/\/beautyequipment.shop\/toode\/keto-frappe-cappuccino-maitsega\/\" \/>\n<meta property=\"og:site_name\" content=\"Beauty Equipment\" \/>\n<meta property=\"article:publisher\" content=\"https:\/\/facebook.com\/beautyequipment.ou\" \/>\n<meta property=\"article:modified_time\" content=\"2024-12-13T19:03:09+00:00\" \/>\n<meta property=\"og:image\" content=\"https:\/\/beautyequipment.shop\/wp-content\/uploads\/2024\/12\/frappe-CAPPUCCINO.jpg\" \/>\n\t<meta property=\"og:image:width\" content=\"1000\" \/>\n\t<meta property=\"og:image:height\" content=\"1000\" \/>\n\t<meta property=\"og:image:type\" content=\"image\/jpeg\" \/>\n<meta name=\"twitter:card\" content=\"summary_large_image\" \/>\n<meta name=\"twitter:label1\" content=\"Est. reading time\" \/>\n\t<meta name=\"twitter:data1\" content=\"1 minuutti\" \/>\n<script type=\"application\/ld+json\" class=\"yoast-schema-graph\">{\"@context\":\"https:\/\/schema.org\",\"@graph\":[{\"@type\":\"WebPage\",\"@id\":\"https:\/\/beautyequipment.shop\/toode\/keto-frappe-cappuccino-maitsega\/\",\"url\":\"https:\/\/beautyequipment.shop\/toode\/keto-frappe-cappuccino-maitsega\/\",\"name\":\"KETO FRAPP\u00c9 Cappuccino maitsega, 400 gr - Beauty Equipment\",\"isPartOf\":{\"@id\":\"https:\/\/beautyequipment.shop\/#website\"},\"primaryImageOfPage\":{\"@id\":\"https:\/\/beautyequipment.shop\/toode\/keto-frappe-cappuccino-maitsega\/#primaryimage\"},\"image\":{\"@id\":\"https:\/\/beautyequipment.shop\/toode\/keto-frappe-cappuccino-maitsega\/#primaryimage\"},\"thumbnailUrl\":\"https:\/\/beautyequipment.shop\/wp-content\/uploads\/2024\/12\/frappe-CAPPUCCINO.jpg\",\"datePublished\":\"2024-12-05T10:02:37+00:00\",\"dateModified\":\"2024-12-13T19:03:09+00:00\",\"breadcrumb\":{\"@id\":\"https:\/\/beautyequipment.shop\/toode\/keto-frappe-cappuccino-maitsega\/#breadcrumb\"},\"inLanguage\":\"fi\",\"potentialAction\":[{\"@type\":\"ReadAction\",\"target\":[\"https:\/\/beautyequipment.shop\/toode\/keto-frappe-cappuccino-maitsega\/\"]}]},{\"@type\":\"ImageObject\",\"inLanguage\":\"fi\",\"@id\":\"https:\/\/beautyequipment.shop\/toode\/keto-frappe-cappuccino-maitsega\/#primaryimage\",\"url\":\"https:\/\/beautyequipment.shop\/wp-content\/uploads\/2024\/12\/frappe-CAPPUCCINO.jpg\",\"contentUrl\":\"https:\/\/beautyequipment.shop\/wp-content\/uploads\/2024\/12\/frappe-CAPPUCCINO.jpg\",\"width\":1000,\"height\":1000},{\"@type\":\"BreadcrumbList\",\"@id\":\"https:\/\/beautyequipment.shop\/toode\/keto-frappe-cappuccino-maitsega\/#breadcrumb\",\"itemListElement\":[{\"@type\":\"ListItem\",\"position\":1,\"name\":\"Home\",\"item\":\"https:\/\/beautyequipment.shop\/fi\/kotisivu\/\"},{\"@type\":\"ListItem\",\"position\":2,\"name\":\"Osta osoitteessa\",\"item\":\"https:\/\/beautyequipment.shop\/fi\/shop\/\"},{\"@type\":\"ListItem\",\"position\":3,\"name\":\"KETO FRAPP\u00c9 Cappuccino maitsega, 400 gr\"}]},{\"@type\":\"WebSite\",\"@id\":\"https:\/\/beautyequipment.shop\/#website\",\"url\":\"https:\/\/beautyequipment.shop\/\",\"name\":\"Beauty Equipment\",\"description\":\"Toidulisandid ilu ja tervise heaks\",\"publisher\":{\"@id\":\"https:\/\/beautyequipment.shop\/#organization\"},\"potentialAction\":[{\"@type\":\"SearchAction\",\"target\":{\"@type\":\"EntryPoint\",\"urlTemplate\":\"https:\/\/beautyequipment.shop\/?s={search_term_string}\"},\"query-input\":{\"@type\":\"PropertyValueSpecification\",\"valueRequired\":true,\"valueName\":\"search_term_string\"}}],\"inLanguage\":\"fi\"},{\"@type\":\"Organization\",\"@id\":\"https:\/\/beautyequipment.shop\/#organization\",\"name\":\"Beauty Equipment\",\"url\":\"https:\/\/beautyequipment.shop\/\",\"logo\":{\"@type\":\"ImageObject\",\"inLanguage\":\"fi\",\"@id\":\"https:\/\/beautyequipment.shop\/#\/schema\/logo\/image\/\",\"url\":\"https:\/\/beautyequipment.shop\/wp-content\/uploads\/2024\/09\/Beauty-Equipment-logo-300x109-1.webp\",\"contentUrl\":\"https:\/\/beautyequipment.shop\/wp-content\/uploads\/2024\/09\/Beauty-Equipment-logo-300x109-1.webp\",\"width\":300,\"height\":109,\"caption\":\"Beauty Equipment\"},\"image\":{\"@id\":\"https:\/\/beautyequipment.shop\/#\/schema\/logo\/image\/\"},\"sameAs\":[\"https:\/\/facebook.com\/beautyequipment.ou\",\"https:\/\/instagram.com\/tisanoreica.nord\"]}]}<\/script>\n<!-- \/ Yoast SEO plugin. -->","yoast_head_json":{"title":"KETO FRAPP\u00c9 Cappuccino maitsega, 400 gr - Beauty Equipment","robots":{"index":"index","follow":"follow","max-snippet":"max-snippet:-1","max-image-preview":"max-image-preview:large","max-video-preview":"max-video-preview:-1"},"canonical":"https:\/\/beautyequipment.shop\/toode\/keto-frappe-cappuccino-maitsega\/","og_locale":"fi_FI","og_type":"article","og_title":"KETO FRAPP\u00c9 Cappuccino maitsega, 400 gr - Beauty Equipment","og_description":"Kellele sobib:   Sobib kohvis\u00f5pradele, kes otsivad tervislikku ja proteiinirikast alternatiivi.  Sobib neile, kes otsivad kiudainete ja valkude kombinatsiooni rikkaliku maitsega.  &nbsp;  \u00dcldised soovitused:  K\u00f5ik frapp\u00e9-d sobivad Stabiliseerimis- ja Style-faasi jaoks Tisanoreica meetodis ning neid saab integreerida isikup\u00e4rastatud toitumisplaani. Gluteenivabad ja sobilikud ka ts\u00f6liaakiaga inimestele.","og_url":"https:\/\/beautyequipment.shop\/toode\/keto-frappe-cappuccino-maitsega\/","og_site_name":"Beauty Equipment","article_publisher":"https:\/\/facebook.com\/beautyequipment.ou","article_modified_time":"2024-12-13T19:03:09+00:00","og_image":[{"width":1000,"height":1000,"url":"https:\/\/beautyequipment.shop\/wp-content\/uploads\/2024\/12\/frappe-CAPPUCCINO.jpg","type":"image\/jpeg"}],"twitter_card":"summary_large_image","twitter_misc":{"Est. reading time":"1 minuutti"},"schema":{"@context":"https:\/\/schema.org","@graph":[{"@type":"WebPage","@id":"https:\/\/beautyequipment.shop\/toode\/keto-frappe-cappuccino-maitsega\/","url":"https:\/\/beautyequipment.shop\/toode\/keto-frappe-cappuccino-maitsega\/","name":"KETO FRAPP\u00c9 Cappuccino maitsega, 400 gr - Beauty Equipment","isPartOf":{"@id":"https:\/\/beautyequipment.shop\/#website"},"primaryImageOfPage":{"@id":"https:\/\/beautyequipment.shop\/toode\/keto-frappe-cappuccino-maitsega\/#primaryimage"},"image":{"@id":"https:\/\/beautyequipment.shop\/toode\/keto-frappe-cappuccino-maitsega\/#primaryimage"},"thumbnailUrl":"https:\/\/beautyequipment.shop\/wp-content\/uploads\/2024\/12\/frappe-CAPPUCCINO.jpg","datePublished":"2024-12-05T10:02:37+00:00","dateModified":"2024-12-13T19:03:09+00:00","breadcrumb":{"@id":"https:\/\/beautyequipment.shop\/toode\/keto-frappe-cappuccino-maitsega\/#breadcrumb"},"inLanguage":"fi","potentialAction":[{"@type":"ReadAction","target":["https:\/\/beautyequipment.shop\/toode\/keto-frappe-cappuccino-maitsega\/"]}]},{"@type":"ImageObject","inLanguage":"fi","@id":"https:\/\/beautyequipment.shop\/toode\/keto-frappe-cappuccino-maitsega\/#primaryimage","url":"https:\/\/beautyequipment.shop\/wp-content\/uploads\/2024\/12\/frappe-CAPPUCCINO.jpg","contentUrl":"https:\/\/beautyequipment.shop\/wp-content\/uploads\/2024\/12\/frappe-CAPPUCCINO.jpg","width":1000,"height":1000},{"@type":"BreadcrumbList","@id":"https:\/\/beautyequipment.shop\/toode\/keto-frappe-cappuccino-maitsega\/#breadcrumb","itemListElement":[{"@type":"ListItem","position":1,"name":"Home","item":"https:\/\/beautyequipment.shop\/fi\/kotisivu\/"},{"@type":"ListItem","position":2,"name":"Osta osoitteessa","item":"https:\/\/beautyequipment.shop\/fi\/shop\/"},{"@type":"ListItem","position":3,"name":"KETO FRAPP\u00c9 Cappuccino maitsega, 400 gr"}]},{"@type":"WebSite","@id":"https:\/\/beautyequipment.shop\/#website","url":"https:\/\/beautyequipment.shop\/","name":"Beauty Equipment","description":"Toidulisandid ilu ja tervise heaks","publisher":{"@id":"https:\/\/beautyequipment.shop\/#organization"},"potentialAction":[{"@type":"SearchAction","target":{"@type":"EntryPoint","urlTemplate":"https:\/\/beautyequipment.shop\/?s={search_term_string}"},"query-input":{"@type":"PropertyValueSpecification","valueRequired":true,"valueName":"search_term_string"}}],"inLanguage":"fi"},{"@type":"Organization","@id":"https:\/\/beautyequipment.shop\/#organization","name":"Beauty Equipment","url":"https:\/\/beautyequipment.shop\/","logo":{"@type":"ImageObject","inLanguage":"fi","@id":"https:\/\/beautyequipment.shop\/#\/schema\/logo\/image\/","url":"https:\/\/beautyequipment.shop\/wp-content\/uploads\/2024\/09\/Beauty-Equipment-logo-300x109-1.webp","contentUrl":"https:\/\/beautyequipment.shop\/wp-content\/uploads\/2024\/09\/Beauty-Equipment-logo-300x109-1.webp","width":300,"height":109,"caption":"Beauty Equipment"},"image":{"@id":"https:\/\/beautyequipment.shop\/#\/schema\/logo\/image\/"},"sameAs":["https:\/\/facebook.com\/beautyequipment.ou","https:\/\/instagram.com\/tisanoreica.nord"]}]}},"_links":{"self":[{"href":"https:\/\/beautyequipment.shop\/fi\/wp-json\/wp\/v2\/product\/2207","targetHints":{"allow":["GET"]}}],"collection":[{"href":"https:\/\/beautyequipment.shop\/fi\/wp-json\/wp\/v2\/product"}],"about":[{"href":"https:\/\/beautyequipment.shop\/fi\/wp-json\/wp\/v2\/types\/product"}],"wp:featuredmedia":[{"embeddable":true,"href":"https:\/\/beautyequipment.shop\/fi\/wp-json\/wp\/v2\/media\/2208"}],"wp:attachment":[{"href":"https:\/\/beautyequipment.shop\/fi\/wp-json\/wp\/v2\/media?parent=2207"}],"wp:term":[{"taxonomy":"product_brand","embeddable":true,"href":"https:\/\/beautyequipment.shop\/fi\/wp-json\/wp\/v2\/product_brand?post=2207"},{"taxonomy":"product_cat","embeddable":true,"href":"https:\/\/beautyequipment.shop\/fi\/wp-json\/wp\/v2\/product_cat?post=2207"},{"taxonomy":"product_tag","embeddable":true,"href":"https:\/\/beautyequipment.shop\/fi\/wp-json\/wp\/v2\/product_tag?post=2207"}],"curies":[{"name":"wp","href":"https:\/\/api.w.org\/{rel}","templated":true}]}}