{"id":2073,"date":"2024-07-12T11:17:35","date_gmt":"2024-07-12T08:17:35","guid":{"rendered":"https:\/\/beautyequipment.shop\/?post_type=product&#038;p=2073"},"modified":"2024-07-31T17:03:52","modified_gmt":"2024-07-31T14:03:52","slug":"cholesterin-plus","status":"publish","type":"product","link":"https:\/\/beautyequipment.shop\/fi\/toode\/cholesterin-plus\/","title":{"rendered":"CHOLESTERIN PLUS"},"content":{"rendered":"<p>KOLESTEROOLI JA TRIGL\u00dcTSERIIDIDE AINEVAHETUS, S\u00dcDAME-VERESKONNAS\u00dcSTEEMI REGULAARNE T\u00d6\u00d6, VERER\u00d5HU REGULAARSUS, SEEDIMISFUNKTSIOON.<\/p>\n<p>&nbsp;<\/p>\n<p>16 tk x 30 ml<\/p>\n","protected":false},"excerpt":{"rendered":"<p>Toidulisand, mis sobib neile, kes soovivad hoida oma vere kolesterooli ja trigl\u00fctseriidide taset kontrolli all. Kasulik s\u00fcdame-veresoonkonna s\u00fcsteemi normaalseks talitluseks ja kergete verer\u00f5hu muutuste korral.<\/p>\n<p>&nbsp;<\/p>\n<p>Kuidas kasutada:<\/p>\n<p>Pulk on soovitatav v\u00f5tta puhtal kujul v\u00f5i lahjendada seda vastavalt vajadusele p\u00e4rast p\u00f5his\u00f6\u00f6ki klaasis vees.<\/p>\n<p>&nbsp;<\/p>\n<p>&nbsp;<\/p>\n","protected":false},"featured_media":2080,"template":"","meta":[],"product_brand":[],"product_cat":[37],"product_tag":[],"class_list":{"0":"post-2073","1":"product","2":"type-product","3":"status-publish","4":"has-post-thumbnail","6":"product_cat-lisandid","8":"first","9":"instock","10":"taxable","11":"shipping-taxable","12":"purchasable","13":"product-type-simple"},"yoast_head":"<!-- This site is optimized with the Yoast SEO plugin v27.0 - https:\/\/yoast.com\/product\/yoast-seo-wordpress\/ -->\n<title>CHOLESTERIN PLUS - Beauty Equipment<\/title>\n<meta name=\"robots\" content=\"index, follow, max-snippet:-1, max-image-preview:large, max-video-preview:-1\" \/>\n<link rel=\"canonical\" href=\"https:\/\/beautyequipment.shop\/toode\/cholesterin-plus\/\" \/>\n<meta property=\"og:locale\" content=\"fi_FI\" \/>\n<meta property=\"og:type\" content=\"article\" \/>\n<meta property=\"og:title\" content=\"CHOLESTERIN PLUS - Beauty Equipment\" \/>\n<meta property=\"og:description\" content=\"Toidulisand, mis sobib neile, kes soovivad hoida oma vere kolesterooli ja trigl\u00fctseriidide taset kontrolli all. Kasulik s\u00fcdame-veresoonkonna s\u00fcsteemi normaalseks talitluseks ja kergete verer\u00f5hu muutuste korral.  &nbsp;  Kuidas kasutada:  Pulk on soovitatav v\u00f5tta puhtal kujul v\u00f5i lahjendada seda vastavalt vajadusele p\u00e4rast p\u00f5his\u00f6\u00f6ki klaasis vees.  &nbsp;  &nbsp;\" \/>\n<meta property=\"og:url\" content=\"https:\/\/beautyequipment.shop\/toode\/cholesterin-plus\/\" \/>\n<meta property=\"og:site_name\" content=\"Beauty Equipment\" \/>\n<meta property=\"article:publisher\" content=\"https:\/\/facebook.com\/beautyequipment.ou\" \/>\n<meta property=\"article:modified_time\" content=\"2024-07-31T14:03:52+00:00\" \/>\n<meta property=\"og:image\" content=\"https:\/\/beautyequipment.shop\/wp-content\/uploads\/2024\/07\/cholesterin-plus-1.jpg\" \/>\n\t<meta property=\"og:image:width\" content=\"900\" \/>\n\t<meta property=\"og:image:height\" content=\"1100\" \/>\n\t<meta property=\"og:image:type\" content=\"image\/jpeg\" \/>\n<meta name=\"twitter:card\" content=\"summary_large_image\" \/>\n<script type=\"application\/ld+json\" class=\"yoast-schema-graph\">{\"@context\":\"https:\/\/schema.org\",\"@graph\":[{\"@type\":\"WebPage\",\"@id\":\"https:\/\/beautyequipment.shop\/toode\/cholesterin-plus\/\",\"url\":\"https:\/\/beautyequipment.shop\/toode\/cholesterin-plus\/\",\"name\":\"CHOLESTERIN PLUS - Beauty Equipment\",\"isPartOf\":{\"@id\":\"https:\/\/beautyequipment.shop\/#website\"},\"primaryImageOfPage\":{\"@id\":\"https:\/\/beautyequipment.shop\/toode\/cholesterin-plus\/#primaryimage\"},\"image\":{\"@id\":\"https:\/\/beautyequipment.shop\/toode\/cholesterin-plus\/#primaryimage\"},\"thumbnailUrl\":\"https:\/\/beautyequipment.shop\/wp-content\/uploads\/2024\/07\/cholesterin-plus-1.jpg\",\"datePublished\":\"2024-07-12T08:17:35+00:00\",\"dateModified\":\"2024-07-31T14:03:52+00:00\",\"breadcrumb\":{\"@id\":\"https:\/\/beautyequipment.shop\/toode\/cholesterin-plus\/#breadcrumb\"},\"inLanguage\":\"fi\",\"potentialAction\":[{\"@type\":\"ReadAction\",\"target\":[\"https:\/\/beautyequipment.shop\/toode\/cholesterin-plus\/\"]}]},{\"@type\":\"ImageObject\",\"inLanguage\":\"fi\",\"@id\":\"https:\/\/beautyequipment.shop\/toode\/cholesterin-plus\/#primaryimage\",\"url\":\"https:\/\/beautyequipment.shop\/wp-content\/uploads\/2024\/07\/cholesterin-plus-1.jpg\",\"contentUrl\":\"https:\/\/beautyequipment.shop\/wp-content\/uploads\/2024\/07\/cholesterin-plus-1.jpg\",\"width\":900,\"height\":1100},{\"@type\":\"BreadcrumbList\",\"@id\":\"https:\/\/beautyequipment.shop\/toode\/cholesterin-plus\/#breadcrumb\",\"itemListElement\":[{\"@type\":\"ListItem\",\"position\":1,\"name\":\"Home\",\"item\":\"https:\/\/beautyequipment.shop\/fi\/kotisivu\/\"},{\"@type\":\"ListItem\",\"position\":2,\"name\":\"Osta osoitteessa\",\"item\":\"https:\/\/beautyequipment.shop\/fi\/shop\/\"},{\"@type\":\"ListItem\",\"position\":3,\"name\":\"CHOLESTERIN PLUS\"}]},{\"@type\":\"WebSite\",\"@id\":\"https:\/\/beautyequipment.shop\/#website\",\"url\":\"https:\/\/beautyequipment.shop\/\",\"name\":\"Beauty Equipment\",\"description\":\"Toidulisandid ilu ja tervise heaks\",\"publisher\":{\"@id\":\"https:\/\/beautyequipment.shop\/#organization\"},\"potentialAction\":[{\"@type\":\"SearchAction\",\"target\":{\"@type\":\"EntryPoint\",\"urlTemplate\":\"https:\/\/beautyequipment.shop\/?s={search_term_string}\"},\"query-input\":{\"@type\":\"PropertyValueSpecification\",\"valueRequired\":true,\"valueName\":\"search_term_string\"}}],\"inLanguage\":\"fi\"},{\"@type\":\"Organization\",\"@id\":\"https:\/\/beautyequipment.shop\/#organization\",\"name\":\"Beauty Equipment\",\"url\":\"https:\/\/beautyequipment.shop\/\",\"logo\":{\"@type\":\"ImageObject\",\"inLanguage\":\"fi\",\"@id\":\"https:\/\/beautyequipment.shop\/#\/schema\/logo\/image\/\",\"url\":\"https:\/\/beautyequipment.shop\/wp-content\/uploads\/2024\/09\/Beauty-Equipment-logo-300x109-1.webp\",\"contentUrl\":\"https:\/\/beautyequipment.shop\/wp-content\/uploads\/2024\/09\/Beauty-Equipment-logo-300x109-1.webp\",\"width\":300,\"height\":109,\"caption\":\"Beauty Equipment\"},\"image\":{\"@id\":\"https:\/\/beautyequipment.shop\/#\/schema\/logo\/image\/\"},\"sameAs\":[\"https:\/\/facebook.com\/beautyequipment.ou\",\"https:\/\/instagram.com\/tisanoreica.nord\"]}]}<\/script>\n<!-- \/ Yoast SEO plugin. -->","yoast_head_json":{"title":"CHOLESTERIN PLUS - Beauty Equipment","robots":{"index":"index","follow":"follow","max-snippet":"max-snippet:-1","max-image-preview":"max-image-preview:large","max-video-preview":"max-video-preview:-1"},"canonical":"https:\/\/beautyequipment.shop\/toode\/cholesterin-plus\/","og_locale":"fi_FI","og_type":"article","og_title":"CHOLESTERIN PLUS - Beauty Equipment","og_description":"Toidulisand, mis sobib neile, kes soovivad hoida oma vere kolesterooli ja trigl\u00fctseriidide taset kontrolli all. Kasulik s\u00fcdame-veresoonkonna s\u00fcsteemi normaalseks talitluseks ja kergete verer\u00f5hu muutuste korral.  &nbsp;  Kuidas kasutada:  Pulk on soovitatav v\u00f5tta puhtal kujul v\u00f5i lahjendada seda vastavalt vajadusele p\u00e4rast p\u00f5his\u00f6\u00f6ki klaasis vees.  &nbsp;  &nbsp;","og_url":"https:\/\/beautyequipment.shop\/toode\/cholesterin-plus\/","og_site_name":"Beauty Equipment","article_publisher":"https:\/\/facebook.com\/beautyequipment.ou","article_modified_time":"2024-07-31T14:03:52+00:00","og_image":[{"width":900,"height":1100,"url":"https:\/\/beautyequipment.shop\/wp-content\/uploads\/2024\/07\/cholesterin-plus-1.jpg","type":"image\/jpeg"}],"twitter_card":"summary_large_image","schema":{"@context":"https:\/\/schema.org","@graph":[{"@type":"WebPage","@id":"https:\/\/beautyequipment.shop\/toode\/cholesterin-plus\/","url":"https:\/\/beautyequipment.shop\/toode\/cholesterin-plus\/","name":"CHOLESTERIN PLUS - Beauty Equipment","isPartOf":{"@id":"https:\/\/beautyequipment.shop\/#website"},"primaryImageOfPage":{"@id":"https:\/\/beautyequipment.shop\/toode\/cholesterin-plus\/#primaryimage"},"image":{"@id":"https:\/\/beautyequipment.shop\/toode\/cholesterin-plus\/#primaryimage"},"thumbnailUrl":"https:\/\/beautyequipment.shop\/wp-content\/uploads\/2024\/07\/cholesterin-plus-1.jpg","datePublished":"2024-07-12T08:17:35+00:00","dateModified":"2024-07-31T14:03:52+00:00","breadcrumb":{"@id":"https:\/\/beautyequipment.shop\/toode\/cholesterin-plus\/#breadcrumb"},"inLanguage":"fi","potentialAction":[{"@type":"ReadAction","target":["https:\/\/beautyequipment.shop\/toode\/cholesterin-plus\/"]}]},{"@type":"ImageObject","inLanguage":"fi","@id":"https:\/\/beautyequipment.shop\/toode\/cholesterin-plus\/#primaryimage","url":"https:\/\/beautyequipment.shop\/wp-content\/uploads\/2024\/07\/cholesterin-plus-1.jpg","contentUrl":"https:\/\/beautyequipment.shop\/wp-content\/uploads\/2024\/07\/cholesterin-plus-1.jpg","width":900,"height":1100},{"@type":"BreadcrumbList","@id":"https:\/\/beautyequipment.shop\/toode\/cholesterin-plus\/#breadcrumb","itemListElement":[{"@type":"ListItem","position":1,"name":"Home","item":"https:\/\/beautyequipment.shop\/fi\/kotisivu\/"},{"@type":"ListItem","position":2,"name":"Osta osoitteessa","item":"https:\/\/beautyequipment.shop\/fi\/shop\/"},{"@type":"ListItem","position":3,"name":"CHOLESTERIN PLUS"}]},{"@type":"WebSite","@id":"https:\/\/beautyequipment.shop\/#website","url":"https:\/\/beautyequipment.shop\/","name":"Beauty Equipment","description":"Toidulisandid ilu ja tervise heaks","publisher":{"@id":"https:\/\/beautyequipment.shop\/#organization"},"potentialAction":[{"@type":"SearchAction","target":{"@type":"EntryPoint","urlTemplate":"https:\/\/beautyequipment.shop\/?s={search_term_string}"},"query-input":{"@type":"PropertyValueSpecification","valueRequired":true,"valueName":"search_term_string"}}],"inLanguage":"fi"},{"@type":"Organization","@id":"https:\/\/beautyequipment.shop\/#organization","name":"Beauty Equipment","url":"https:\/\/beautyequipment.shop\/","logo":{"@type":"ImageObject","inLanguage":"fi","@id":"https:\/\/beautyequipment.shop\/#\/schema\/logo\/image\/","url":"https:\/\/beautyequipment.shop\/wp-content\/uploads\/2024\/09\/Beauty-Equipment-logo-300x109-1.webp","contentUrl":"https:\/\/beautyequipment.shop\/wp-content\/uploads\/2024\/09\/Beauty-Equipment-logo-300x109-1.webp","width":300,"height":109,"caption":"Beauty Equipment"},"image":{"@id":"https:\/\/beautyequipment.shop\/#\/schema\/logo\/image\/"},"sameAs":["https:\/\/facebook.com\/beautyequipment.ou","https:\/\/instagram.com\/tisanoreica.nord"]}]}},"_links":{"self":[{"href":"https:\/\/beautyequipment.shop\/fi\/wp-json\/wp\/v2\/product\/2073","targetHints":{"allow":["GET"]}}],"collection":[{"href":"https:\/\/beautyequipment.shop\/fi\/wp-json\/wp\/v2\/product"}],"about":[{"href":"https:\/\/beautyequipment.shop\/fi\/wp-json\/wp\/v2\/types\/product"}],"wp:featuredmedia":[{"embeddable":true,"href":"https:\/\/beautyequipment.shop\/fi\/wp-json\/wp\/v2\/media\/2080"}],"wp:attachment":[{"href":"https:\/\/beautyequipment.shop\/fi\/wp-json\/wp\/v2\/media?parent=2073"}],"wp:term":[{"taxonomy":"product_brand","embeddable":true,"href":"https:\/\/beautyequipment.shop\/fi\/wp-json\/wp\/v2\/product_brand?post=2073"},{"taxonomy":"product_cat","embeddable":true,"href":"https:\/\/beautyequipment.shop\/fi\/wp-json\/wp\/v2\/product_cat?post=2073"},{"taxonomy":"product_tag","embeddable":true,"href":"https:\/\/beautyequipment.shop\/fi\/wp-json\/wp\/v2\/product_tag?post=2073"}],"curies":[{"name":"wp","href":"https:\/\/api.w.org\/{rel}","templated":true}]}}