{"id":2067,"date":"2024-07-12T11:11:55","date_gmt":"2024-07-12T08:11:55","guid":{"rendered":"https:\/\/beautyequipment.shop\/?post_type=product&#038;p=2067"},"modified":"2025-01-19T22:39:21","modified_gmt":"2025-01-19T20:39:21","slug":"condroitina-glucosamina-msm","status":"publish","type":"product","link":"https:\/\/beautyequipment.shop\/fi\/toode\/condroitina-glucosamina-msm\/","title":{"rendered":"CONDROITINA GLUCOSAMINA MSM"},"content":{"rendered":"<p>SOODUSTAB KOLLAGEENI NORMAALSET TEKKIST<\/p>\n<p>K\u00d5HREDE REGULAARSEKS T\u00d6\u00d6TAMISEKS<\/p>\n<p>&nbsp;<\/p>\n<p>30 tk.<\/p>\n","protected":false},"excerpt":{"rendered":"<p>Toidulisand, mis p\u00f5hineb gl\u00fckoosamiinsulfaadil ja kondroitiinsulfaadil, mis on liigesek\u00f5hre koostisosad, ja MSM-il, v\u00e4\u00e4vlirikkal orgaanilisel \u00fchendil. Valem on t\u00e4iendatud kollageeni s\u00fcnteesiks vajalike kurkumi ja C-vitamiiniga.<\/p>\n<p>Sobib neile, kes soovivad s\u00e4ilitada normaalset k\u00f5hre funktsiooni ja otsivad tuge liigesevalu leevendamiseks.<\/p>\n<p>&nbsp;<\/p>\n<p>Kuidas kasutada:<\/p>\n<p>2 tabletti p\u00e4evas koos klaasi veega.<\/p>\n<p>&nbsp;<\/p>\n<p>&nbsp;<\/p>\n","protected":false},"featured_media":2068,"template":"","meta":[],"product_brand":[],"product_cat":[37],"product_tag":[],"class_list":{"0":"post-2067","1":"product","2":"type-product","3":"status-publish","4":"has-post-thumbnail","6":"product_cat-lisandid","8":"first","9":"instock","10":"taxable","11":"shipping-taxable","12":"purchasable","13":"product-type-simple"},"yoast_head":"<!-- This site is optimized with the Yoast SEO plugin v27.0 - https:\/\/yoast.com\/product\/yoast-seo-wordpress\/ -->\n<title>CONDROITINA GLUCOSAMINA MSM - Beauty Equipment<\/title>\n<meta name=\"robots\" content=\"index, follow, max-snippet:-1, max-image-preview:large, max-video-preview:-1\" \/>\n<link rel=\"canonical\" href=\"https:\/\/beautyequipment.shop\/toode\/condroitina-glucosamina-msm\/\" \/>\n<meta property=\"og:locale\" content=\"fi_FI\" \/>\n<meta property=\"og:type\" content=\"article\" \/>\n<meta property=\"og:title\" content=\"CONDROITINA GLUCOSAMINA MSM - Beauty Equipment\" \/>\n<meta property=\"og:description\" content=\"Toidulisand, mis p\u00f5hineb gl\u00fckoosamiinsulfaadil ja kondroitiinsulfaadil, mis on liigesek\u00f5hre koostisosad, ja MSM-il, v\u00e4\u00e4vlirikkal orgaanilisel \u00fchendil. Valem on t\u00e4iendatud kollageeni s\u00fcnteesiks vajalike kurkumi ja C-vitamiiniga.  Sobib neile, kes soovivad s\u00e4ilitada normaalset k\u00f5hre funktsiooni ja otsivad tuge liigesevalu leevendamiseks.  &nbsp;  Kuidas kasutada:  2 tabletti p\u00e4evas koos klaasi veega.  &nbsp;  &nbsp;\" \/>\n<meta property=\"og:url\" content=\"https:\/\/beautyequipment.shop\/toode\/condroitina-glucosamina-msm\/\" \/>\n<meta property=\"og:site_name\" content=\"Beauty Equipment\" \/>\n<meta property=\"article:publisher\" content=\"https:\/\/facebook.com\/beautyequipment.ou\" \/>\n<meta property=\"article:modified_time\" content=\"2025-01-19T20:39:21+00:00\" \/>\n<meta property=\"og:image\" content=\"https:\/\/beautyequipment.shop\/wp-content\/uploads\/2024\/07\/Condroitina-glucosamina-2.jpg\" \/>\n\t<meta property=\"og:image:width\" content=\"697\" \/>\n\t<meta property=\"og:image:height\" content=\"800\" \/>\n\t<meta property=\"og:image:type\" content=\"image\/jpeg\" \/>\n<meta name=\"twitter:card\" content=\"summary_large_image\" \/>\n<script type=\"application\/ld+json\" class=\"yoast-schema-graph\">{\"@context\":\"https:\/\/schema.org\",\"@graph\":[{\"@type\":\"WebPage\",\"@id\":\"https:\/\/beautyequipment.shop\/toode\/condroitina-glucosamina-msm\/\",\"url\":\"https:\/\/beautyequipment.shop\/toode\/condroitina-glucosamina-msm\/\",\"name\":\"CONDROITINA GLUCOSAMINA MSM - Beauty Equipment\",\"isPartOf\":{\"@id\":\"https:\/\/beautyequipment.shop\/#website\"},\"primaryImageOfPage\":{\"@id\":\"https:\/\/beautyequipment.shop\/toode\/condroitina-glucosamina-msm\/#primaryimage\"},\"image\":{\"@id\":\"https:\/\/beautyequipment.shop\/toode\/condroitina-glucosamina-msm\/#primaryimage\"},\"thumbnailUrl\":\"https:\/\/beautyequipment.shop\/wp-content\/uploads\/2024\/07\/Condroitina-glucosamina-2.jpg\",\"datePublished\":\"2024-07-12T08:11:55+00:00\",\"dateModified\":\"2025-01-19T20:39:21+00:00\",\"breadcrumb\":{\"@id\":\"https:\/\/beautyequipment.shop\/toode\/condroitina-glucosamina-msm\/#breadcrumb\"},\"inLanguage\":\"fi\",\"potentialAction\":[{\"@type\":\"ReadAction\",\"target\":[\"https:\/\/beautyequipment.shop\/toode\/condroitina-glucosamina-msm\/\"]}]},{\"@type\":\"ImageObject\",\"inLanguage\":\"fi\",\"@id\":\"https:\/\/beautyequipment.shop\/toode\/condroitina-glucosamina-msm\/#primaryimage\",\"url\":\"https:\/\/beautyequipment.shop\/wp-content\/uploads\/2024\/07\/Condroitina-glucosamina-2.jpg\",\"contentUrl\":\"https:\/\/beautyequipment.shop\/wp-content\/uploads\/2024\/07\/Condroitina-glucosamina-2.jpg\",\"width\":697,\"height\":800},{\"@type\":\"BreadcrumbList\",\"@id\":\"https:\/\/beautyequipment.shop\/toode\/condroitina-glucosamina-msm\/#breadcrumb\",\"itemListElement\":[{\"@type\":\"ListItem\",\"position\":1,\"name\":\"Home\",\"item\":\"https:\/\/beautyequipment.shop\/fi\/kotisivu\/\"},{\"@type\":\"ListItem\",\"position\":2,\"name\":\"Osta osoitteessa\",\"item\":\"https:\/\/beautyequipment.shop\/fi\/shop\/\"},{\"@type\":\"ListItem\",\"position\":3,\"name\":\"CONDROITINA GLUCOSAMINA MSM\"}]},{\"@type\":\"WebSite\",\"@id\":\"https:\/\/beautyequipment.shop\/#website\",\"url\":\"https:\/\/beautyequipment.shop\/\",\"name\":\"Beauty Equipment\",\"description\":\"Toidulisandid ilu ja tervise heaks\",\"publisher\":{\"@id\":\"https:\/\/beautyequipment.shop\/#organization\"},\"potentialAction\":[{\"@type\":\"SearchAction\",\"target\":{\"@type\":\"EntryPoint\",\"urlTemplate\":\"https:\/\/beautyequipment.shop\/?s={search_term_string}\"},\"query-input\":{\"@type\":\"PropertyValueSpecification\",\"valueRequired\":true,\"valueName\":\"search_term_string\"}}],\"inLanguage\":\"fi\"},{\"@type\":\"Organization\",\"@id\":\"https:\/\/beautyequipment.shop\/#organization\",\"name\":\"Beauty Equipment\",\"url\":\"https:\/\/beautyequipment.shop\/\",\"logo\":{\"@type\":\"ImageObject\",\"inLanguage\":\"fi\",\"@id\":\"https:\/\/beautyequipment.shop\/#\/schema\/logo\/image\/\",\"url\":\"https:\/\/beautyequipment.shop\/wp-content\/uploads\/2024\/09\/Beauty-Equipment-logo-300x109-1.webp\",\"contentUrl\":\"https:\/\/beautyequipment.shop\/wp-content\/uploads\/2024\/09\/Beauty-Equipment-logo-300x109-1.webp\",\"width\":300,\"height\":109,\"caption\":\"Beauty Equipment\"},\"image\":{\"@id\":\"https:\/\/beautyequipment.shop\/#\/schema\/logo\/image\/\"},\"sameAs\":[\"https:\/\/facebook.com\/beautyequipment.ou\",\"https:\/\/instagram.com\/tisanoreica.nord\"]}]}<\/script>\n<!-- \/ Yoast SEO plugin. -->","yoast_head_json":{"title":"CONDROITINA GLUCOSAMINA MSM - Beauty Equipment","robots":{"index":"index","follow":"follow","max-snippet":"max-snippet:-1","max-image-preview":"max-image-preview:large","max-video-preview":"max-video-preview:-1"},"canonical":"https:\/\/beautyequipment.shop\/toode\/condroitina-glucosamina-msm\/","og_locale":"fi_FI","og_type":"article","og_title":"CONDROITINA GLUCOSAMINA MSM - Beauty Equipment","og_description":"Toidulisand, mis p\u00f5hineb gl\u00fckoosamiinsulfaadil ja kondroitiinsulfaadil, mis on liigesek\u00f5hre koostisosad, ja MSM-il, v\u00e4\u00e4vlirikkal orgaanilisel \u00fchendil. Valem on t\u00e4iendatud kollageeni s\u00fcnteesiks vajalike kurkumi ja C-vitamiiniga.  Sobib neile, kes soovivad s\u00e4ilitada normaalset k\u00f5hre funktsiooni ja otsivad tuge liigesevalu leevendamiseks.  &nbsp;  Kuidas kasutada:  2 tabletti p\u00e4evas koos klaasi veega.  &nbsp;  &nbsp;","og_url":"https:\/\/beautyequipment.shop\/toode\/condroitina-glucosamina-msm\/","og_site_name":"Beauty Equipment","article_publisher":"https:\/\/facebook.com\/beautyequipment.ou","article_modified_time":"2025-01-19T20:39:21+00:00","og_image":[{"width":697,"height":800,"url":"https:\/\/beautyequipment.shop\/wp-content\/uploads\/2024\/07\/Condroitina-glucosamina-2.jpg","type":"image\/jpeg"}],"twitter_card":"summary_large_image","schema":{"@context":"https:\/\/schema.org","@graph":[{"@type":"WebPage","@id":"https:\/\/beautyequipment.shop\/toode\/condroitina-glucosamina-msm\/","url":"https:\/\/beautyequipment.shop\/toode\/condroitina-glucosamina-msm\/","name":"CONDROITINA GLUCOSAMINA MSM - Beauty Equipment","isPartOf":{"@id":"https:\/\/beautyequipment.shop\/#website"},"primaryImageOfPage":{"@id":"https:\/\/beautyequipment.shop\/toode\/condroitina-glucosamina-msm\/#primaryimage"},"image":{"@id":"https:\/\/beautyequipment.shop\/toode\/condroitina-glucosamina-msm\/#primaryimage"},"thumbnailUrl":"https:\/\/beautyequipment.shop\/wp-content\/uploads\/2024\/07\/Condroitina-glucosamina-2.jpg","datePublished":"2024-07-12T08:11:55+00:00","dateModified":"2025-01-19T20:39:21+00:00","breadcrumb":{"@id":"https:\/\/beautyequipment.shop\/toode\/condroitina-glucosamina-msm\/#breadcrumb"},"inLanguage":"fi","potentialAction":[{"@type":"ReadAction","target":["https:\/\/beautyequipment.shop\/toode\/condroitina-glucosamina-msm\/"]}]},{"@type":"ImageObject","inLanguage":"fi","@id":"https:\/\/beautyequipment.shop\/toode\/condroitina-glucosamina-msm\/#primaryimage","url":"https:\/\/beautyequipment.shop\/wp-content\/uploads\/2024\/07\/Condroitina-glucosamina-2.jpg","contentUrl":"https:\/\/beautyequipment.shop\/wp-content\/uploads\/2024\/07\/Condroitina-glucosamina-2.jpg","width":697,"height":800},{"@type":"BreadcrumbList","@id":"https:\/\/beautyequipment.shop\/toode\/condroitina-glucosamina-msm\/#breadcrumb","itemListElement":[{"@type":"ListItem","position":1,"name":"Home","item":"https:\/\/beautyequipment.shop\/fi\/kotisivu\/"},{"@type":"ListItem","position":2,"name":"Osta osoitteessa","item":"https:\/\/beautyequipment.shop\/fi\/shop\/"},{"@type":"ListItem","position":3,"name":"CONDROITINA GLUCOSAMINA MSM"}]},{"@type":"WebSite","@id":"https:\/\/beautyequipment.shop\/#website","url":"https:\/\/beautyequipment.shop\/","name":"Beauty Equipment","description":"Toidulisandid ilu ja tervise heaks","publisher":{"@id":"https:\/\/beautyequipment.shop\/#organization"},"potentialAction":[{"@type":"SearchAction","target":{"@type":"EntryPoint","urlTemplate":"https:\/\/beautyequipment.shop\/?s={search_term_string}"},"query-input":{"@type":"PropertyValueSpecification","valueRequired":true,"valueName":"search_term_string"}}],"inLanguage":"fi"},{"@type":"Organization","@id":"https:\/\/beautyequipment.shop\/#organization","name":"Beauty Equipment","url":"https:\/\/beautyequipment.shop\/","logo":{"@type":"ImageObject","inLanguage":"fi","@id":"https:\/\/beautyequipment.shop\/#\/schema\/logo\/image\/","url":"https:\/\/beautyequipment.shop\/wp-content\/uploads\/2024\/09\/Beauty-Equipment-logo-300x109-1.webp","contentUrl":"https:\/\/beautyequipment.shop\/wp-content\/uploads\/2024\/09\/Beauty-Equipment-logo-300x109-1.webp","width":300,"height":109,"caption":"Beauty Equipment"},"image":{"@id":"https:\/\/beautyequipment.shop\/#\/schema\/logo\/image\/"},"sameAs":["https:\/\/facebook.com\/beautyequipment.ou","https:\/\/instagram.com\/tisanoreica.nord"]}]}},"_links":{"self":[{"href":"https:\/\/beautyequipment.shop\/fi\/wp-json\/wp\/v2\/product\/2067","targetHints":{"allow":["GET"]}}],"collection":[{"href":"https:\/\/beautyequipment.shop\/fi\/wp-json\/wp\/v2\/product"}],"about":[{"href":"https:\/\/beautyequipment.shop\/fi\/wp-json\/wp\/v2\/types\/product"}],"wp:featuredmedia":[{"embeddable":true,"href":"https:\/\/beautyequipment.shop\/fi\/wp-json\/wp\/v2\/media\/2068"}],"wp:attachment":[{"href":"https:\/\/beautyequipment.shop\/fi\/wp-json\/wp\/v2\/media?parent=2067"}],"wp:term":[{"taxonomy":"product_brand","embeddable":true,"href":"https:\/\/beautyequipment.shop\/fi\/wp-json\/wp\/v2\/product_brand?post=2067"},{"taxonomy":"product_cat","embeddable":true,"href":"https:\/\/beautyequipment.shop\/fi\/wp-json\/wp\/v2\/product_cat?post=2067"},{"taxonomy":"product_tag","embeddable":true,"href":"https:\/\/beautyequipment.shop\/fi\/wp-json\/wp\/v2\/product_tag?post=2067"}],"curies":[{"name":"wp","href":"https:\/\/api.w.org\/{rel}","templated":true}]}}