{"id":191,"date":"2023-09-27T14:16:19","date_gmt":"2023-09-27T11:16:19","guid":{"rendered":"https:\/\/beautyequipment.shop\/?post_type=product&#038;p=191"},"modified":"2024-05-07T13:05:58","modified_gmt":"2024-05-07T10:05:58","slug":"02-depurativo","status":"publish","type":"product","link":"https:\/\/beautyequipment.shop\/fi\/toode\/02-depurativo\/","title":{"rendered":"Extract 02 Depurativo"},"content":{"rendered":"<p><span style=\"color: var(--ska-color-site); font-family: var(--ska-theme-font, var(--ska-font-sans)); font-size: var(--ska-theme-font-size, 16px); background-color: var(--ska-color-site-background, #fff);\">KOOSTIS. M\u00f5rkjate \u00fcrtide vesiekstrakt 70%: aniis (Pimpinella anisum L.) vili, <\/span><span lang=\"ET\" style=\"color: var(--ska-color-site); font-family: var(--ska-theme-font, var(--ska-font-sans)); font-size: var(--ska-theme-font-size, 16px);\">Suur takjas<\/span><span style=\"color: var(--ska-color-site); font-family: var(--ska-theme-font, var(--ska-font-sans)); font-size: var(--ska-theme-font-size, 16px); background-color: var(--ska-color-site-background, #fff);\">(Arctium lappa L.) juur, arti\u0161ok<\/span><span lang=\"ET\" style=\"color: var(--ska-color-site); font-family: var(--ska-theme-font, var(--ska-font-sans)); font-size: var(--ska-theme-font-size, 16px);\">i<\/span><span style=\"color: var(--ska-color-site); font-family: var(--ska-theme-font, var(--ska-font-sans)); font-size: var(--ska-theme-font-size, 16px); background-color: var(--ska-color-site-background, #fff);\"> (Cynara scolymus L.) leht, <\/span><span lang=\"ET\" style=\"color: var(--ska-color-site); font-family: var(--ska-theme-font, var(--ska-font-sans)); font-size: var(--ska-theme-font-size, 16px);\">Harilik jaanikaunapuu<\/span><span style=\"color: var(--ska-color-site); font-family: var(--ska-theme-font, var(--ska-font-sans)); font-size: var(--ska-theme-font-size, 16px); background-color: var(--ska-color-site-background, #fff);\"> (Ceratonia siliqua L.) vili, harilik<\/span><span lang=\"ET\" style=\"color: var(--ska-color-site); font-family: var(--ska-theme-font, var(--ska-font-sans)); font-size: var(--ska-theme-font-size, 16px);\">u <\/span><span style=\"color: var(--ska-color-site); font-family: var(--ska-theme-font, var(--ska-font-sans)); font-size: var(--ska-theme-font-size, 16px); background-color: var(--ska-color-site-background, #fff);\">p\u00f5drakanep<\/span><span lang=\"ET\" style=\"color: var(--ska-color-site); font-family: var(--ska-theme-font, var(--ska-font-sans)); font-size: var(--ska-theme-font-size, 16px);\">i<\/span><span style=\"color: var(--ska-color-site); font-family: var(--ska-theme-font, var(--ska-font-sans)); font-size: var(--ska-theme-font-size, 16px); background-color: var(--ska-color-site-background, #fff);\">(Centaurium erythraea Rafn) pealsed \u00f5itega, <\/span><span lang=\"ET\" style=\"color: var(--ska-color-site); font-family: var(--ska-theme-font, var(--ska-font-sans)); font-size: var(--ska-theme-font-size, 16px);\">Kiinapuu<\/span><span style=\"color: var(--ska-color-site); font-family: var(--ska-theme-font, var(--ska-font-sans)); font-size: var(--ska-theme-font-size, 16px); background-color: var(--ska-color-site-background, #fff);\"> (Cinchona pubescens Vahl) koor, harilik vesikress (Nasturtium officinale R. Brown) pealsed, spirulina (Spirulina platensis (Gomont) Geitler) thallus, kadaka (Juniperus communis L.) k\u00e4bid, harilik <\/span><span lang=\"ET\" style=\"color: var(--ska-color-site); font-family: var(--ska-theme-font, var(--ska-font-sans)); font-size: var(--ska-theme-font-size, 16px);\">orashein<\/span><span style=\"color: var(--ska-color-site); font-family: var(--ska-theme-font, var(--ska-font-sans)); font-size: var(--ska-theme-font-size, 16px); background-color: var(--ska-color-site-background, #fff);\"> (Agropyron repens (L.) P.Beauv.) risoom, lagrits<\/span><span lang=\"ET\" style=\"color: var(--ska-color-site); font-family: var(--ska-theme-font, var(--ska-font-sans)); font-size: var(--ska-theme-font-size, 16px);\">a<\/span><span style=\"color: var(--ska-color-site); font-family: var(--ska-theme-font, var(--ska-font-sans)); font-size: var(--ska-theme-font-size, 16px); background-color: var(--ska-color-site-background, #fff);\"> (Glycyrrhiza glabra L.) juur, marrub<\/span><span lang=\"ET\" style=\"color: var(--ska-color-site); font-family: var(--ska-theme-font, var(--ska-font-sans)); font-size: var(--ska-theme-font-size, 16px);\"> ehk \u00dcrt-penim\u00fcrt<\/span><span style=\"color: var(--ska-color-site); font-family: var(--ska-theme-font, var(--ska-font-sans)); font-size: var(--ska-theme-font-size, 16px); background-color: var(--ska-color-site-background, #fff);\"> (Marrubium vulgare L.) pealsed \u00f5itega, sidrunmeliss<\/span><span lang=\"ET\" style=\"color: var(--ska-color-site); font-family: var(--ska-theme-font, var(--ska-font-sans)); font-size: var(--ska-theme-font-size, 16px);\">i<\/span><span style=\"color: var(--ska-color-site); font-family: var(--ska-theme-font, var(--ska-font-sans)); font-size: var(--ska-theme-font-size, 16px); background-color: var(--ska-color-site-background, #fff);\"> (Melissa officinalis L.) leht, piparm\u00fcnt (Mentha x piperita L.) leht, <\/span><span lang=\"ET\" style=\"color: var(--ska-color-site); font-family: var(--ska-theme-font, var(--ska-font-sans)); font-size: var(--ska-theme-font-size, 16px);\">K\u00e4mmalrabarber <\/span><span style=\"color: var(--ska-color-site); font-family: var(--ska-theme-font, var(--ska-font-sans)); font-size: var(--ska-theme-font-size, 16px); background-color: var(--ska-color-site-background, #fff);\">(Rheum palmatum L.) risoom, must<\/span><span lang=\"ET\" style=\"color: var(--ska-color-site); font-family: var(--ska-theme-font, var(--ska-font-sans)); font-size: var(--ska-theme-font-size, 16px);\">a<\/span><span style=\"color: var(--ska-color-site); font-family: var(--ska-theme-font, var(--ska-font-sans)); font-size: var(--ska-theme-font-size, 16px); background-color: var(--ska-color-site-background, #fff);\">redis<\/span><span lang=\"ET\" style=\"color: var(--ska-color-site); font-family: var(--ska-theme-font, var(--ska-font-sans)); font-size: var(--ska-theme-font-size, 16px);\">e<\/span><span style=\"color: var(--ska-color-site); font-family: var(--ska-theme-font, var(--ska-font-sans)); font-size: var(--ska-theme-font-size, 16px); background-color: var(--ska-color-site-background, #fff);\"> (Raphanus sativus var. niger (Mill.) J.Kern.) juur, <\/span><span lang=\"ET\" style=\"color: var(--ska-color-site); font-family: var(--ska-theme-font, var(--ska-font-sans)); font-size: var(--ska-theme-font-size, 16px);\">K\u00e4rnoblikas<\/span><span style=\"color: var(--ska-color-site); font-family: var(--ska-theme-font, var(--ska-font-sans)); font-size: var(--ska-theme-font-size, 16px); background-color: var(--ska-color-site-background, #fff);\"> (Rumex crispus L.) juur, <\/span><span lang=\"ET\" style=\"color: var(--ska-color-site); font-family: var(--ska-theme-font, var(--ska-font-sans)); font-size: var(--ska-theme-font-size, 16px);\">R<\/span><span style=\"color: var(--ska-color-site); font-family: var(--ska-theme-font, var(--ska-font-sans)); font-size: var(--ska-theme-font-size, 16px); background-color: var(--ska-color-site-background, #fff);\">osmariin<\/span><span lang=\"ET\" style=\"color: var(--ska-color-site); font-family: var(--ska-theme-font, var(--ska-font-sans)); font-size: var(--ska-theme-font-size, 16px);\">i<\/span><span style=\"color: var(--ska-color-site); font-family: var(--ska-theme-font, var(--ska-font-sans)); font-size: var(--ska-theme-font-size, 16px); background-color: var(--ska-color-site-background, #fff);\">(Rosmarinus officinalis L.) pealsed \u00f5itega, salvei (Salvia officinalis L.) leht, <\/span><span lang=\"ET\" style=\"color: var(--ska-color-site); font-family: var(--ska-theme-font, var(--ska-font-sans)); font-size: var(--ska-theme-font-size, 16px);\">Musta leedri<\/span><span style=\"color: var(--ska-color-site); font-family: var(--ska-theme-font, var(--ska-font-sans)); font-size: var(--ska-theme-font-size, 16px); background-color: var(--ska-color-site-background, #fff);\"> (Sambucus nigra L.) \u00f5is, <\/span><span lang=\"ET\" style=\"color: var(--ska-color-site); font-family: var(--ska-theme-font, var(--ska-font-sans)); font-size: var(--ska-theme-font-size, 16px);\">Harilik v\u00f5ilille<\/span><span style=\"color: var(--ska-color-site); font-family: var(--ska-theme-font, var(--ska-font-sans)); font-size: var(--ska-theme-font-size, 16px); background-color: var(--ska-color-site-background, #fff);\"> (Taraxacum officinale (L.) Weber ex F.H.Wigg.) juur, sidrunverbena (Lippia citriodora (Lam.) Kunth) leht, harilik m<\/span><span lang=\"ET\" style=\"color: var(--ska-color-site); font-family: var(--ska-theme-font, var(--ska-font-sans)); font-size: var(--ska-theme-font-size, 16px);\">ailane<\/span><span style=\"color: var(--ska-color-site); font-family: var(--ska-theme-font, var(--ska-font-sans)); font-size: var(--ska-theme-font-size, 16px); background-color: var(--ska-color-site-background, #fff);\"> (Veronica officinalis L.) pealsed \u00f5itega. Vesi, maitseained. <\/span><\/p>\n<p><span style=\"color: var(--ska-color-site); font-family: var(--ska-theme-font, var(--ska-font-sans)); font-size: var(--ska-theme-font-size, 16px); background-color: var(--ska-color-site-background, #fff);\">V\u00e4rvaine: tavaline karamell.<\/span><\/p>\n<p>Kerged erinevused v\u00e4rvuses, maitses ja v\u00f5imalik sademe teke on seotud taimep\u00e4ritolu koostisosade normaalse varieeruvusega ning ei n\u00e4ita toote kvaliteedis muutusi.<\/p>\n<p>Hoiatus: raputage enne kasutamist. Hoida jahedas kohas. Hoida lastele alla 3 aasta k\u00e4ttesaamatus kohas. \u00c4rge \u00fcletage soovitatavat p\u00e4evast annust. Toidulisandid ei asenda mitmek\u00fclgset, tasakaalustatud toitumist ja tervislikku elustiili. Ei ole soovitatav raseduse ja imetamise ajal. \u00c4rge kasutage neeruprobleemide korral. \u00c4rge manustage alla 12-aastastele lastele. Pikaajaliseks kasutamiseks ilma arstiga konsulteerimata ei ole soovitatav.<\/p>\n<p>Keskmine sisaldus soovitatud annuses (1 pulk p\u00e4evas): Aniis a.e. 1,20 g, Piimjuur a.e. 1,05 g, Arti\u0161okk a.e. 1,05 g, Karob a.e. 1,05 g, Tsentaaria.e. 0,90 g, Kinini a.e. 0,90 g, N\u00f5geste a.e. 0,90 g, Spirulina a.e. 0,90 g, Kadakas a.e. 0,90 g, N\u00f5mm-liivatee a.e. 0,90 g, Lagrits a.e. 0,90 g, Pajukas a.e. 0,90 g, Sidrunmeliss a.e. 0,90 g, Piparm\u00fcnt a.e. 0,90 g, Hiina rabarber a.e. 0,90 g, Must redis a.e. 0,90 g, Harilik takjas a.e. 0,90 g, Roosmariin a.e. 0,90 g, Salvei a.e. 0,90 g, Harilik p\u00f5drakanep a.e. 0,90 g, Harilik v\u00f5ilill a.e. 0,75 g, Sidrunverbena a.e. 0,75 g, Harilik mailane a.e. 0,75 g.<br \/>\nParim enne kuup\u00e4ev kehtib tootele, mis on avamata ja \u00f5igesti s\u00e4ilitatud. Partii ja parim enne kuup\u00e4ev: vt \u00fclemist k\u00fclge.<\/p>\n<p>Tootja, pakendaja ja levitaja: GIANLUCA MECH SPA Via Rodolfo Mech 80, 36020 Asigliano Veneto (VI), Itaalia<\/p>\n<p>16 pulka, iga\u00fcks 30 ml ALKOHOLIVABA \u2022 EI OLE LISATUD SUHKRUID* \u2022 S\u00c4ILITUSAINETEVABA \u2022 GLUTENVABA *SUHKRUD&lt;0,5g\/100ml<\/p>\n<p>&nbsp;<\/p>\n","protected":false},"excerpt":{"rendered":"<p>Toidulisand valmistatud ravimtaimede vesiekstraktidest.\u00a0F\u00fcsioloogiline toime.<\/p>\n<p>Puhastab keha toksiinidest, mida saame keskkonnast: mida me hingame, mida s\u00f6\u00f6me ja joome, aga ka nendest ainetest, mida meie keha toodab normaalse eluts\u00fckli jooksul.<\/p>\n<p>Millistel juhtudel ja milleks kasutada:<br \/>\n&#8211; Organismi puhastamine<br \/>\n&#8211; Enne ja p\u00e4rast dieeti<br \/>\n&#8211; K\u00f5rge kolesterooli ja trigl\u00fctseriidide tase<br \/>\n&#8211; Rasune, probleemne nahk, akne<br \/>\n&#8211; Aeglane seedimine, halb hinge\u00f5hk<br \/>\n&#8211; K\u00f5hukinnisus, ebaregulaarne roojamine<br \/>\n&#8211; K\u00f5rge stressiperioodid<\/p>\n<p>Aniis: seedimisfunktsioon, regulaarne seedetrakti liikuvus ja gaaside leevendamine; Arti\u0161okk: maksafunktsioon, keha puhastusfunktsioon, lipiidide metabolism.<\/p>\n<p><strong>Kasutamisjuhised:<\/strong> soovitame v\u00f5tta p\u00e4evas 30 ml, lahjendatuna 1,5 L vees hommikul t\u00fchja k\u00f5huga ja\/v\u00f5i peamiste s\u00f6\u00f6gikordade j\u00e4rel. Antioks\u00fcdant, kasutatakse k\u00f5ikide Tisanoreica kuuride algseks ehk esmaseks detoks kuuriks. Aitab leevendada pohmelli.<\/p>\n","protected":false},"featured_media":181,"template":"","meta":[],"product_brand":[],"product_cat":[37],"product_tag":[],"class_list":{"0":"post-191","1":"product","2":"type-product","3":"status-publish","4":"has-post-thumbnail","6":"product_cat-lisandid","8":"first","9":"instock","10":"taxable","11":"shipping-taxable","12":"purchasable","13":"product-type-simple"},"yoast_head":"<!-- This site is optimized with the Yoast SEO plugin v27.0 - https:\/\/yoast.com\/product\/yoast-seo-wordpress\/ -->\n<title>Extract 02 Depurativo - Beauty Equipment<\/title>\n<meta name=\"robots\" content=\"index, follow, max-snippet:-1, max-image-preview:large, max-video-preview:-1\" \/>\n<link rel=\"canonical\" href=\"https:\/\/beautyequipment.shop\/toode\/02-depurativo\/\" \/>\n<meta property=\"og:locale\" content=\"fi_FI\" \/>\n<meta property=\"og:type\" content=\"article\" \/>\n<meta property=\"og:title\" content=\"Extract 02 Depurativo - Beauty Equipment\" \/>\n<meta property=\"og:description\" content=\"Toidulisand valmistatud ravimtaimede vesiekstraktidest.\u00a0F\u00fcsioloogiline toime.  Puhastab keha toksiinidest, mida saame keskkonnast: mida me hingame, mida s\u00f6\u00f6me ja joome, aga ka nendest ainetest, mida meie keha toodab normaalse eluts\u00fckli jooksul.  Millistel juhtudel ja milleks kasutada: - Organismi puhastamine - Enne ja p\u00e4rast dieeti - K\u00f5rge kolesterooli ja trigl\u00fctseriidide tase - Rasune, probleemne nahk, akne - Aeglane seedimine, halb hinge\u00f5hk - K\u00f5hukinnisus, ebaregulaarne roojamine - K\u00f5rge stressiperioodid  Aniis: seedimisfunktsioon, regulaarne seedetrakti liikuvus ja gaaside leevendamine; Arti\u0161okk: maksafunktsioon, keha puhastusfunktsioon, lipiidide metabolism.  Kasutamisjuhised: soovitame v\u00f5tta p\u00e4evas 30 ml, lahjendatuna 1,5 L vees hommikul t\u00fchja k\u00f5huga ja\/v\u00f5i peamiste s\u00f6\u00f6gikordade j\u00e4rel. Antioks\u00fcdant, kasutatakse k\u00f5ikide Tisanoreica kuuride algseks ehk esmaseks detoks kuuriks. Aitab leevendada pohmelli.\" \/>\n<meta property=\"og:url\" content=\"https:\/\/beautyequipment.shop\/toode\/02-depurativo\/\" \/>\n<meta property=\"og:site_name\" content=\"Beauty Equipment\" \/>\n<meta property=\"article:publisher\" content=\"https:\/\/facebook.com\/beautyequipment.ou\" \/>\n<meta property=\"article:modified_time\" content=\"2024-05-07T10:05:58+00:00\" \/>\n<meta property=\"og:image\" content=\"https:\/\/beautyequipment.shop\/wp-content\/uploads\/2023\/09\/render_Decottopia_IT_02-min-scaled.jpg\" \/>\n\t<meta property=\"og:image:width\" content=\"2560\" \/>\n\t<meta property=\"og:image:height\" content=\"2560\" \/>\n\t<meta property=\"og:image:type\" content=\"image\/jpeg\" \/>\n<meta name=\"twitter:card\" content=\"summary_large_image\" \/>\n<meta name=\"twitter:label1\" content=\"Est. reading time\" \/>\n\t<meta name=\"twitter:data1\" content=\"2 minuuttia\" \/>\n<script type=\"application\/ld+json\" class=\"yoast-schema-graph\">{\"@context\":\"https:\/\/schema.org\",\"@graph\":[{\"@type\":\"WebPage\",\"@id\":\"https:\/\/beautyequipment.shop\/toode\/02-depurativo\/\",\"url\":\"https:\/\/beautyequipment.shop\/toode\/02-depurativo\/\",\"name\":\"Extract 02 Depurativo - Beauty Equipment\",\"isPartOf\":{\"@id\":\"https:\/\/beautyequipment.shop\/#website\"},\"primaryImageOfPage\":{\"@id\":\"https:\/\/beautyequipment.shop\/toode\/02-depurativo\/#primaryimage\"},\"image\":{\"@id\":\"https:\/\/beautyequipment.shop\/toode\/02-depurativo\/#primaryimage\"},\"thumbnailUrl\":\"https:\/\/beautyequipment.shop\/wp-content\/uploads\/2023\/09\/render_Decottopia_IT_02-min-scaled.jpg\",\"datePublished\":\"2023-09-27T11:16:19+00:00\",\"dateModified\":\"2024-05-07T10:05:58+00:00\",\"breadcrumb\":{\"@id\":\"https:\/\/beautyequipment.shop\/toode\/02-depurativo\/#breadcrumb\"},\"inLanguage\":\"fi\",\"potentialAction\":[{\"@type\":\"ReadAction\",\"target\":[\"https:\/\/beautyequipment.shop\/toode\/02-depurativo\/\"]}]},{\"@type\":\"ImageObject\",\"inLanguage\":\"fi\",\"@id\":\"https:\/\/beautyequipment.shop\/toode\/02-depurativo\/#primaryimage\",\"url\":\"https:\/\/beautyequipment.shop\/wp-content\/uploads\/2023\/09\/render_Decottopia_IT_02-min-scaled.jpg\",\"contentUrl\":\"https:\/\/beautyequipment.shop\/wp-content\/uploads\/2023\/09\/render_Decottopia_IT_02-min-scaled.jpg\",\"width\":2560,\"height\":2560,\"caption\":\"02\"},{\"@type\":\"BreadcrumbList\",\"@id\":\"https:\/\/beautyequipment.shop\/toode\/02-depurativo\/#breadcrumb\",\"itemListElement\":[{\"@type\":\"ListItem\",\"position\":1,\"name\":\"Home\",\"item\":\"https:\/\/beautyequipment.shop\/fi\/kotisivu\/\"},{\"@type\":\"ListItem\",\"position\":2,\"name\":\"Osta osoitteessa\",\"item\":\"https:\/\/beautyequipment.shop\/fi\/shop\/\"},{\"@type\":\"ListItem\",\"position\":3,\"name\":\"Extract 02 Depurativo\"}]},{\"@type\":\"WebSite\",\"@id\":\"https:\/\/beautyequipment.shop\/#website\",\"url\":\"https:\/\/beautyequipment.shop\/\",\"name\":\"Beauty Equipment\",\"description\":\"Toidulisandid ilu ja tervise heaks\",\"publisher\":{\"@id\":\"https:\/\/beautyequipment.shop\/#organization\"},\"potentialAction\":[{\"@type\":\"SearchAction\",\"target\":{\"@type\":\"EntryPoint\",\"urlTemplate\":\"https:\/\/beautyequipment.shop\/?s={search_term_string}\"},\"query-input\":{\"@type\":\"PropertyValueSpecification\",\"valueRequired\":true,\"valueName\":\"search_term_string\"}}],\"inLanguage\":\"fi\"},{\"@type\":\"Organization\",\"@id\":\"https:\/\/beautyequipment.shop\/#organization\",\"name\":\"Beauty Equipment\",\"url\":\"https:\/\/beautyequipment.shop\/\",\"logo\":{\"@type\":\"ImageObject\",\"inLanguage\":\"fi\",\"@id\":\"https:\/\/beautyequipment.shop\/#\/schema\/logo\/image\/\",\"url\":\"https:\/\/beautyequipment.shop\/wp-content\/uploads\/2024\/09\/Beauty-Equipment-logo-300x109-1.webp\",\"contentUrl\":\"https:\/\/beautyequipment.shop\/wp-content\/uploads\/2024\/09\/Beauty-Equipment-logo-300x109-1.webp\",\"width\":300,\"height\":109,\"caption\":\"Beauty Equipment\"},\"image\":{\"@id\":\"https:\/\/beautyequipment.shop\/#\/schema\/logo\/image\/\"},\"sameAs\":[\"https:\/\/facebook.com\/beautyequipment.ou\",\"https:\/\/instagram.com\/tisanoreica.nord\"]}]}<\/script>\n<!-- \/ Yoast SEO plugin. -->","yoast_head_json":{"title":"Extract 02 Depurativo - Beauty Equipment","robots":{"index":"index","follow":"follow","max-snippet":"max-snippet:-1","max-image-preview":"max-image-preview:large","max-video-preview":"max-video-preview:-1"},"canonical":"https:\/\/beautyequipment.shop\/toode\/02-depurativo\/","og_locale":"fi_FI","og_type":"article","og_title":"Extract 02 Depurativo - Beauty Equipment","og_description":"Toidulisand valmistatud ravimtaimede vesiekstraktidest.\u00a0F\u00fcsioloogiline toime.  Puhastab keha toksiinidest, mida saame keskkonnast: mida me hingame, mida s\u00f6\u00f6me ja joome, aga ka nendest ainetest, mida meie keha toodab normaalse eluts\u00fckli jooksul.  Millistel juhtudel ja milleks kasutada: - Organismi puhastamine - Enne ja p\u00e4rast dieeti - K\u00f5rge kolesterooli ja trigl\u00fctseriidide tase - Rasune, probleemne nahk, akne - Aeglane seedimine, halb hinge\u00f5hk - K\u00f5hukinnisus, ebaregulaarne roojamine - K\u00f5rge stressiperioodid  Aniis: seedimisfunktsioon, regulaarne seedetrakti liikuvus ja gaaside leevendamine; Arti\u0161okk: maksafunktsioon, keha puhastusfunktsioon, lipiidide metabolism.  Kasutamisjuhised: soovitame v\u00f5tta p\u00e4evas 30 ml, lahjendatuna 1,5 L vees hommikul t\u00fchja k\u00f5huga ja\/v\u00f5i peamiste s\u00f6\u00f6gikordade j\u00e4rel. Antioks\u00fcdant, kasutatakse k\u00f5ikide Tisanoreica kuuride algseks ehk esmaseks detoks kuuriks. Aitab leevendada pohmelli.","og_url":"https:\/\/beautyequipment.shop\/toode\/02-depurativo\/","og_site_name":"Beauty Equipment","article_publisher":"https:\/\/facebook.com\/beautyequipment.ou","article_modified_time":"2024-05-07T10:05:58+00:00","og_image":[{"width":2560,"height":2560,"url":"https:\/\/beautyequipment.shop\/wp-content\/uploads\/2023\/09\/render_Decottopia_IT_02-min-scaled.jpg","type":"image\/jpeg"}],"twitter_card":"summary_large_image","twitter_misc":{"Est. reading time":"2 minuuttia"},"schema":{"@context":"https:\/\/schema.org","@graph":[{"@type":"WebPage","@id":"https:\/\/beautyequipment.shop\/toode\/02-depurativo\/","url":"https:\/\/beautyequipment.shop\/toode\/02-depurativo\/","name":"Extract 02 Depurativo - Beauty Equipment","isPartOf":{"@id":"https:\/\/beautyequipment.shop\/#website"},"primaryImageOfPage":{"@id":"https:\/\/beautyequipment.shop\/toode\/02-depurativo\/#primaryimage"},"image":{"@id":"https:\/\/beautyequipment.shop\/toode\/02-depurativo\/#primaryimage"},"thumbnailUrl":"https:\/\/beautyequipment.shop\/wp-content\/uploads\/2023\/09\/render_Decottopia_IT_02-min-scaled.jpg","datePublished":"2023-09-27T11:16:19+00:00","dateModified":"2024-05-07T10:05:58+00:00","breadcrumb":{"@id":"https:\/\/beautyequipment.shop\/toode\/02-depurativo\/#breadcrumb"},"inLanguage":"fi","potentialAction":[{"@type":"ReadAction","target":["https:\/\/beautyequipment.shop\/toode\/02-depurativo\/"]}]},{"@type":"ImageObject","inLanguage":"fi","@id":"https:\/\/beautyequipment.shop\/toode\/02-depurativo\/#primaryimage","url":"https:\/\/beautyequipment.shop\/wp-content\/uploads\/2023\/09\/render_Decottopia_IT_02-min-scaled.jpg","contentUrl":"https:\/\/beautyequipment.shop\/wp-content\/uploads\/2023\/09\/render_Decottopia_IT_02-min-scaled.jpg","width":2560,"height":2560,"caption":"02"},{"@type":"BreadcrumbList","@id":"https:\/\/beautyequipment.shop\/toode\/02-depurativo\/#breadcrumb","itemListElement":[{"@type":"ListItem","position":1,"name":"Home","item":"https:\/\/beautyequipment.shop\/fi\/kotisivu\/"},{"@type":"ListItem","position":2,"name":"Osta osoitteessa","item":"https:\/\/beautyequipment.shop\/fi\/shop\/"},{"@type":"ListItem","position":3,"name":"Extract 02 Depurativo"}]},{"@type":"WebSite","@id":"https:\/\/beautyequipment.shop\/#website","url":"https:\/\/beautyequipment.shop\/","name":"Beauty Equipment","description":"Toidulisandid ilu ja tervise heaks","publisher":{"@id":"https:\/\/beautyequipment.shop\/#organization"},"potentialAction":[{"@type":"SearchAction","target":{"@type":"EntryPoint","urlTemplate":"https:\/\/beautyequipment.shop\/?s={search_term_string}"},"query-input":{"@type":"PropertyValueSpecification","valueRequired":true,"valueName":"search_term_string"}}],"inLanguage":"fi"},{"@type":"Organization","@id":"https:\/\/beautyequipment.shop\/#organization","name":"Beauty Equipment","url":"https:\/\/beautyequipment.shop\/","logo":{"@type":"ImageObject","inLanguage":"fi","@id":"https:\/\/beautyequipment.shop\/#\/schema\/logo\/image\/","url":"https:\/\/beautyequipment.shop\/wp-content\/uploads\/2024\/09\/Beauty-Equipment-logo-300x109-1.webp","contentUrl":"https:\/\/beautyequipment.shop\/wp-content\/uploads\/2024\/09\/Beauty-Equipment-logo-300x109-1.webp","width":300,"height":109,"caption":"Beauty Equipment"},"image":{"@id":"https:\/\/beautyequipment.shop\/#\/schema\/logo\/image\/"},"sameAs":["https:\/\/facebook.com\/beautyequipment.ou","https:\/\/instagram.com\/tisanoreica.nord"]}]}},"_links":{"self":[{"href":"https:\/\/beautyequipment.shop\/fi\/wp-json\/wp\/v2\/product\/191","targetHints":{"allow":["GET"]}}],"collection":[{"href":"https:\/\/beautyequipment.shop\/fi\/wp-json\/wp\/v2\/product"}],"about":[{"href":"https:\/\/beautyequipment.shop\/fi\/wp-json\/wp\/v2\/types\/product"}],"wp:featuredmedia":[{"embeddable":true,"href":"https:\/\/beautyequipment.shop\/fi\/wp-json\/wp\/v2\/media\/181"}],"wp:attachment":[{"href":"https:\/\/beautyequipment.shop\/fi\/wp-json\/wp\/v2\/media?parent=191"}],"wp:term":[{"taxonomy":"product_brand","embeddable":true,"href":"https:\/\/beautyequipment.shop\/fi\/wp-json\/wp\/v2\/product_brand?post=191"},{"taxonomy":"product_cat","embeddable":true,"href":"https:\/\/beautyequipment.shop\/fi\/wp-json\/wp\/v2\/product_cat?post=191"},{"taxonomy":"product_tag","embeddable":true,"href":"https:\/\/beautyequipment.shop\/fi\/wp-json\/wp\/v2\/product_tag?post=191"}],"curies":[{"name":"wp","href":"https:\/\/api.w.org\/{rel}","templated":true}]}}