{"id":1883,"date":"2024-03-28T21:15:30","date_gmt":"2024-03-28T19:15:30","guid":{"rendered":"https:\/\/beautyequipment.shop\/?post_type=product&#038;p=1883"},"modified":"2024-11-27T12:20:20","modified_gmt":"2024-11-27T10:20:20","slug":"iluaparaat-epilation-active-needle","status":"publish","type":"product","link":"https:\/\/beautyequipment.shop\/fi\/toode\/iluaparaat-epilation-active-needle\/","title":{"rendered":"Iluaparaat EPILATION ACTIVE NEEDLE"},"content":{"rendered":"<p>6 ERINEVAD N\u00d5ELD<\/p>\n<p>K\u00f5rgeima kvaliteediga roostevabast terasest valmistatud ja erineva suurusega n\u00f5elad v\u00f5imaldavad t\u00f6\u00f6tada igat t\u00fc\u00fcpi juustega, pakkudes pidevat energiavarustust kogu ravi v\u00e4ltel. Teemantmustriline ots tagab ideaalse sisestamise ja v\u00f5ll on maksimaalse ohutuse tagamiseks isoleeritud plastikkilega.<\/p>\n<p>TARKVARA<\/p>\n<p>S\u00fcsteemi juhib t\u00e4iustatud tarkvara, saate h\u00f5lpsalt reguleerida termol\u00fc\u00fcsi v\u00f5imsust ja kestust ning n\u00e4ha seda k\u00f5ike 7-tollisel ekraanil.<\/p>\n<p>&nbsp;<\/p>\n<p>Impulsi emissiooni aeg 0,125 kuni 2 sekundit.<\/p>\n<p>&nbsp;<\/p>\n<p>&nbsp;<\/p>\n","protected":false},"excerpt":{"rendered":"<p>Iluaparaat\u00a0 SMART.501-N<\/p>\n<p>EPILATION ACTIVE NEEDLE<\/p>\n<p>Flash progressiivne karvade eemaldamine.<\/p>\n<p>V\u00e4lkn\u00f5ela karvaeemalduss\u00fcsteem annab teile v\u00f5imaluse t\u00f6\u00f6tada soovimatute karvadega \u00f5rnalt, progresseeruvalt ja valutult, kuni need eemaldatakse. Termol\u00fc\u00fcsi tehnikat kasutades on naha alla sisestatud v\u00e4ike n\u00f5el suunatud juuksefolliikulisse, h\u00e4vitades selle elektri abil. Seda saab kasutada suurematel ja v\u00e4iksematel kehapiirkondadel ning see on efektiivne karvasuse vastu, seega sobib ideaalselt ka pealislakiks, kui soovimatud laseriga t\u00f6\u00f6deldud juuksed muutuvad \u00f5hemaks.<\/p>\n<p>&nbsp;<\/p>\n<p><strong>Hinna teadasaamiseks palun kirjutage &#8211;\u00a0<a href=\"https:\/\/wa.me\/+3725015876\">https:\/\/wa.me\/+3725015876<\/a><\/strong><\/p>\n","protected":false},"featured_media":1884,"template":"","meta":[],"product_brand":[],"product_cat":[55],"product_tag":[],"class_list":{"0":"post-1883","1":"product","2":"type-product","3":"status-publish","4":"has-post-thumbnail","6":"product_cat-maaramata","8":"first","9":"instock","10":"taxable","11":"shipping-taxable","12":"product-type-simple"},"yoast_head":"<!-- This site is optimized with the Yoast SEO plugin v27.0 - https:\/\/yoast.com\/product\/yoast-seo-wordpress\/ -->\n<title>Iluaparaat EPILATION ACTIVE NEEDLE - Beauty Equipment<\/title>\n<meta name=\"robots\" content=\"index, follow, max-snippet:-1, max-image-preview:large, max-video-preview:-1\" \/>\n<link rel=\"canonical\" href=\"https:\/\/beautyequipment.shop\/toode\/iluaparaat-epilation-active-needle\/\" \/>\n<meta property=\"og:locale\" content=\"fi_FI\" \/>\n<meta property=\"og:type\" content=\"article\" \/>\n<meta property=\"og:title\" content=\"Iluaparaat EPILATION ACTIVE NEEDLE - Beauty Equipment\" \/>\n<meta property=\"og:description\" content=\"Iluaparaat\u00a0 SMART.501-N  EPILATION ACTIVE NEEDLE  Flash progressiivne karvade eemaldamine.  V\u00e4lkn\u00f5ela karvaeemalduss\u00fcsteem annab teile v\u00f5imaluse t\u00f6\u00f6tada soovimatute karvadega \u00f5rnalt, progresseeruvalt ja valutult, kuni need eemaldatakse. Termol\u00fc\u00fcsi tehnikat kasutades on naha alla sisestatud v\u00e4ike n\u00f5el suunatud juuksefolliikulisse, h\u00e4vitades selle elektri abil. Seda saab kasutada suurematel ja v\u00e4iksematel kehapiirkondadel ning see on efektiivne karvasuse vastu, seega sobib ideaalselt ka pealislakiks, kui soovimatud laseriga t\u00f6\u00f6deldud juuksed muutuvad \u00f5hemaks.  &nbsp;  Hinna teadasaamiseks palun kirjutage -\u00a0https:\/\/wa.me\/+3725015876\" \/>\n<meta property=\"og:url\" content=\"https:\/\/beautyequipment.shop\/toode\/iluaparaat-epilation-active-needle\/\" \/>\n<meta property=\"og:site_name\" content=\"Beauty Equipment\" \/>\n<meta property=\"article:publisher\" content=\"https:\/\/facebook.com\/beautyequipment.ou\" \/>\n<meta property=\"article:modified_time\" content=\"2024-11-27T10:20:20+00:00\" \/>\n<meta property=\"og:image\" content=\"https:\/\/beautyequipment.shop\/wp-content\/uploads\/2024\/03\/Laser-Needle-1.jpeg\" \/>\n\t<meta property=\"og:image:width\" content=\"1153\" \/>\n\t<meta property=\"og:image:height\" content=\"1630\" \/>\n\t<meta property=\"og:image:type\" content=\"image\/jpeg\" \/>\n<meta name=\"twitter:card\" content=\"summary_large_image\" \/>\n<script type=\"application\/ld+json\" class=\"yoast-schema-graph\">{\"@context\":\"https:\/\/schema.org\",\"@graph\":[{\"@type\":\"WebPage\",\"@id\":\"https:\/\/beautyequipment.shop\/toode\/iluaparaat-epilation-active-needle\/\",\"url\":\"https:\/\/beautyequipment.shop\/toode\/iluaparaat-epilation-active-needle\/\",\"name\":\"Iluaparaat EPILATION ACTIVE NEEDLE - Beauty Equipment\",\"isPartOf\":{\"@id\":\"https:\/\/beautyequipment.shop\/#website\"},\"primaryImageOfPage\":{\"@id\":\"https:\/\/beautyequipment.shop\/toode\/iluaparaat-epilation-active-needle\/#primaryimage\"},\"image\":{\"@id\":\"https:\/\/beautyequipment.shop\/toode\/iluaparaat-epilation-active-needle\/#primaryimage\"},\"thumbnailUrl\":\"https:\/\/beautyequipment.shop\/wp-content\/uploads\/2024\/03\/Laser-Needle-1.jpeg\",\"datePublished\":\"2024-03-28T19:15:30+00:00\",\"dateModified\":\"2024-11-27T10:20:20+00:00\",\"breadcrumb\":{\"@id\":\"https:\/\/beautyequipment.shop\/toode\/iluaparaat-epilation-active-needle\/#breadcrumb\"},\"inLanguage\":\"fi\",\"potentialAction\":[{\"@type\":\"ReadAction\",\"target\":[\"https:\/\/beautyequipment.shop\/toode\/iluaparaat-epilation-active-needle\/\"]}]},{\"@type\":\"ImageObject\",\"inLanguage\":\"fi\",\"@id\":\"https:\/\/beautyequipment.shop\/toode\/iluaparaat-epilation-active-needle\/#primaryimage\",\"url\":\"https:\/\/beautyequipment.shop\/wp-content\/uploads\/2024\/03\/Laser-Needle-1.jpeg\",\"contentUrl\":\"https:\/\/beautyequipment.shop\/wp-content\/uploads\/2024\/03\/Laser-Needle-1.jpeg\",\"width\":1153,\"height\":1630},{\"@type\":\"BreadcrumbList\",\"@id\":\"https:\/\/beautyequipment.shop\/toode\/iluaparaat-epilation-active-needle\/#breadcrumb\",\"itemListElement\":[{\"@type\":\"ListItem\",\"position\":1,\"name\":\"Home\",\"item\":\"https:\/\/beautyequipment.shop\/fi\/kotisivu\/\"},{\"@type\":\"ListItem\",\"position\":2,\"name\":\"Osta osoitteessa\",\"item\":\"https:\/\/beautyequipment.shop\/fi\/shop\/\"},{\"@type\":\"ListItem\",\"position\":3,\"name\":\"Iluaparaat EPILATION ACTIVE NEEDLE\"}]},{\"@type\":\"WebSite\",\"@id\":\"https:\/\/beautyequipment.shop\/#website\",\"url\":\"https:\/\/beautyequipment.shop\/\",\"name\":\"Beauty Equipment\",\"description\":\"Toidulisandid ilu ja tervise heaks\",\"publisher\":{\"@id\":\"https:\/\/beautyequipment.shop\/#organization\"},\"potentialAction\":[{\"@type\":\"SearchAction\",\"target\":{\"@type\":\"EntryPoint\",\"urlTemplate\":\"https:\/\/beautyequipment.shop\/?s={search_term_string}\"},\"query-input\":{\"@type\":\"PropertyValueSpecification\",\"valueRequired\":true,\"valueName\":\"search_term_string\"}}],\"inLanguage\":\"fi\"},{\"@type\":\"Organization\",\"@id\":\"https:\/\/beautyequipment.shop\/#organization\",\"name\":\"Beauty Equipment\",\"url\":\"https:\/\/beautyequipment.shop\/\",\"logo\":{\"@type\":\"ImageObject\",\"inLanguage\":\"fi\",\"@id\":\"https:\/\/beautyequipment.shop\/#\/schema\/logo\/image\/\",\"url\":\"https:\/\/beautyequipment.shop\/wp-content\/uploads\/2024\/09\/Beauty-Equipment-logo-300x109-1.webp\",\"contentUrl\":\"https:\/\/beautyequipment.shop\/wp-content\/uploads\/2024\/09\/Beauty-Equipment-logo-300x109-1.webp\",\"width\":300,\"height\":109,\"caption\":\"Beauty Equipment\"},\"image\":{\"@id\":\"https:\/\/beautyequipment.shop\/#\/schema\/logo\/image\/\"},\"sameAs\":[\"https:\/\/facebook.com\/beautyequipment.ou\",\"https:\/\/instagram.com\/tisanoreica.nord\"]}]}<\/script>\n<!-- \/ Yoast SEO plugin. -->","yoast_head_json":{"title":"Iluaparaat EPILATION ACTIVE NEEDLE - Beauty Equipment","robots":{"index":"index","follow":"follow","max-snippet":"max-snippet:-1","max-image-preview":"max-image-preview:large","max-video-preview":"max-video-preview:-1"},"canonical":"https:\/\/beautyequipment.shop\/toode\/iluaparaat-epilation-active-needle\/","og_locale":"fi_FI","og_type":"article","og_title":"Iluaparaat EPILATION ACTIVE NEEDLE - Beauty Equipment","og_description":"Iluaparaat\u00a0 SMART.501-N  EPILATION ACTIVE NEEDLE  Flash progressiivne karvade eemaldamine.  V\u00e4lkn\u00f5ela karvaeemalduss\u00fcsteem annab teile v\u00f5imaluse t\u00f6\u00f6tada soovimatute karvadega \u00f5rnalt, progresseeruvalt ja valutult, kuni need eemaldatakse. Termol\u00fc\u00fcsi tehnikat kasutades on naha alla sisestatud v\u00e4ike n\u00f5el suunatud juuksefolliikulisse, h\u00e4vitades selle elektri abil. Seda saab kasutada suurematel ja v\u00e4iksematel kehapiirkondadel ning see on efektiivne karvasuse vastu, seega sobib ideaalselt ka pealislakiks, kui soovimatud laseriga t\u00f6\u00f6deldud juuksed muutuvad \u00f5hemaks.  &nbsp;  Hinna teadasaamiseks palun kirjutage -\u00a0https:\/\/wa.me\/+3725015876","og_url":"https:\/\/beautyequipment.shop\/toode\/iluaparaat-epilation-active-needle\/","og_site_name":"Beauty Equipment","article_publisher":"https:\/\/facebook.com\/beautyequipment.ou","article_modified_time":"2024-11-27T10:20:20+00:00","og_image":[{"width":1153,"height":1630,"url":"https:\/\/beautyequipment.shop\/wp-content\/uploads\/2024\/03\/Laser-Needle-1.jpeg","type":"image\/jpeg"}],"twitter_card":"summary_large_image","schema":{"@context":"https:\/\/schema.org","@graph":[{"@type":"WebPage","@id":"https:\/\/beautyequipment.shop\/toode\/iluaparaat-epilation-active-needle\/","url":"https:\/\/beautyequipment.shop\/toode\/iluaparaat-epilation-active-needle\/","name":"Iluaparaat EPILATION ACTIVE NEEDLE - Beauty Equipment","isPartOf":{"@id":"https:\/\/beautyequipment.shop\/#website"},"primaryImageOfPage":{"@id":"https:\/\/beautyequipment.shop\/toode\/iluaparaat-epilation-active-needle\/#primaryimage"},"image":{"@id":"https:\/\/beautyequipment.shop\/toode\/iluaparaat-epilation-active-needle\/#primaryimage"},"thumbnailUrl":"https:\/\/beautyequipment.shop\/wp-content\/uploads\/2024\/03\/Laser-Needle-1.jpeg","datePublished":"2024-03-28T19:15:30+00:00","dateModified":"2024-11-27T10:20:20+00:00","breadcrumb":{"@id":"https:\/\/beautyequipment.shop\/toode\/iluaparaat-epilation-active-needle\/#breadcrumb"},"inLanguage":"fi","potentialAction":[{"@type":"ReadAction","target":["https:\/\/beautyequipment.shop\/toode\/iluaparaat-epilation-active-needle\/"]}]},{"@type":"ImageObject","inLanguage":"fi","@id":"https:\/\/beautyequipment.shop\/toode\/iluaparaat-epilation-active-needle\/#primaryimage","url":"https:\/\/beautyequipment.shop\/wp-content\/uploads\/2024\/03\/Laser-Needle-1.jpeg","contentUrl":"https:\/\/beautyequipment.shop\/wp-content\/uploads\/2024\/03\/Laser-Needle-1.jpeg","width":1153,"height":1630},{"@type":"BreadcrumbList","@id":"https:\/\/beautyequipment.shop\/toode\/iluaparaat-epilation-active-needle\/#breadcrumb","itemListElement":[{"@type":"ListItem","position":1,"name":"Home","item":"https:\/\/beautyequipment.shop\/fi\/kotisivu\/"},{"@type":"ListItem","position":2,"name":"Osta osoitteessa","item":"https:\/\/beautyequipment.shop\/fi\/shop\/"},{"@type":"ListItem","position":3,"name":"Iluaparaat EPILATION ACTIVE NEEDLE"}]},{"@type":"WebSite","@id":"https:\/\/beautyequipment.shop\/#website","url":"https:\/\/beautyequipment.shop\/","name":"Beauty Equipment","description":"Toidulisandid ilu ja tervise heaks","publisher":{"@id":"https:\/\/beautyequipment.shop\/#organization"},"potentialAction":[{"@type":"SearchAction","target":{"@type":"EntryPoint","urlTemplate":"https:\/\/beautyequipment.shop\/?s={search_term_string}"},"query-input":{"@type":"PropertyValueSpecification","valueRequired":true,"valueName":"search_term_string"}}],"inLanguage":"fi"},{"@type":"Organization","@id":"https:\/\/beautyequipment.shop\/#organization","name":"Beauty Equipment","url":"https:\/\/beautyequipment.shop\/","logo":{"@type":"ImageObject","inLanguage":"fi","@id":"https:\/\/beautyequipment.shop\/#\/schema\/logo\/image\/","url":"https:\/\/beautyequipment.shop\/wp-content\/uploads\/2024\/09\/Beauty-Equipment-logo-300x109-1.webp","contentUrl":"https:\/\/beautyequipment.shop\/wp-content\/uploads\/2024\/09\/Beauty-Equipment-logo-300x109-1.webp","width":300,"height":109,"caption":"Beauty Equipment"},"image":{"@id":"https:\/\/beautyequipment.shop\/#\/schema\/logo\/image\/"},"sameAs":["https:\/\/facebook.com\/beautyequipment.ou","https:\/\/instagram.com\/tisanoreica.nord"]}]}},"_links":{"self":[{"href":"https:\/\/beautyequipment.shop\/fi\/wp-json\/wp\/v2\/product\/1883","targetHints":{"allow":["GET"]}}],"collection":[{"href":"https:\/\/beautyequipment.shop\/fi\/wp-json\/wp\/v2\/product"}],"about":[{"href":"https:\/\/beautyequipment.shop\/fi\/wp-json\/wp\/v2\/types\/product"}],"wp:featuredmedia":[{"embeddable":true,"href":"https:\/\/beautyequipment.shop\/fi\/wp-json\/wp\/v2\/media\/1884"}],"wp:attachment":[{"href":"https:\/\/beautyequipment.shop\/fi\/wp-json\/wp\/v2\/media?parent=1883"}],"wp:term":[{"taxonomy":"product_brand","embeddable":true,"href":"https:\/\/beautyequipment.shop\/fi\/wp-json\/wp\/v2\/product_brand?post=1883"},{"taxonomy":"product_cat","embeddable":true,"href":"https:\/\/beautyequipment.shop\/fi\/wp-json\/wp\/v2\/product_cat?post=1883"},{"taxonomy":"product_tag","embeddable":true,"href":"https:\/\/beautyequipment.shop\/fi\/wp-json\/wp\/v2\/product_tag?post=1883"}],"curies":[{"name":"wp","href":"https:\/\/api.w.org\/{rel}","templated":true}]}}